{"id":53039,"date":"2025-03-04T00:00:00","date_gmt":"2025-03-04T00:00:00","guid":{"rendered":"https:\/\/www.callandplay.com\/pioneer-dj-ddj-1000srt\/"},"modified":"2026-04-05T20:35:50","modified_gmt":"2026-04-05T20:35:50","slug":"pioneer-dj-ddj-1000srt","status":"publish","type":"product","link":"https:\/\/www.callandplay.com\/en\/pioneer-dj-ddj-1000srt\/","title":{"rendered":"PIONEER DJ DDJ-1000SRT"},"content":{"rendered":"<p>Controlador DJ de 4 canales para Serato DJ Pro. Tiene un dise\u00f1ado similar al de la configuraci\u00f3n est\u00e1ndar del club CDJ+DJM. Jog wheels de tama\u00f1o completo y baja latencia y MAGVEL FADER ajustado para un scratch preciso. El On Jog Display muestra informaci\u00f3n importante sobre la pista en el centro de cada jog, por lo que el usuario puede concentrarse en el p\u00fablico en lugar de en su ordenador port\u00e1til. 4 Sound Color FX y 14 Beat FX. M\u00faltiples entradas y salidas para mejorar la configuraci\u00f3n conectando equipos externos como CDJ, o giradiscos. <\/p>","protected":false},"excerpt":{"rendered":"<p>Controlador DJ de 4 canales para Serato DJ Pro. Tiene un dise\u00f1ado similar al de la configuraci\u00f3n est\u00e1ndar del club CDJ+DJM. Jog wheels de tama\u00f1o completo y baja latencia y MAGVEL FADER ajustado para un scratch preciso. El On Jog Display muestra informaci\u00f3n importante sobre la pista en el centro de cada jog, por lo que el usuario puede concentrarse en el p\u00fablico en lugar de en su ordenador port\u00e1til. 4 Sound Color FX y 14 Beat FX. M\u00faltiples entradas y salidas para mejorar la configuraci\u00f3n conectando equipos externos como CDJ, o giradiscos. <\/p>","protected":false},"featured_media":0,"comment_status":"closed","ping_status":"closed","template":"","meta":{"_acf_changed":false,"om_disable_all_campaigns":false,"_monsterinsights_skip_tracking":false,"_monsterinsights_sitenote_active":false,"_monsterinsights_sitenote_note":"","_monsterinsights_sitenote_category":0},"product_brand":[],"product_cat":[851],"product_tag":[],"class_list":{"0":"post-53039","1":"product","2":"type-product","3":"status-publish","5":"product_cat-controladores-dj-y-sistemas-todo-en-uno","7":"first","8":"instock","9":"shipping-taxable","10":"purchasable","11":"product-type-simple"},"acf":[],"yoast_head":"<!-- This site is optimized with the Yoast SEO plugin v27.3 - https:\/\/yoast.com\/product\/yoast-seo-wordpress\/ -->\n<title>PIONEER DJ DDJ-1000SRT - Call&amp;Play<\/title>\n<meta name=\"robots\" content=\"index, follow, max-snippet:-1, max-image-preview:large, max-video-preview:-1\" \/>\n<link rel=\"canonical\" href=\"https:\/\/www.callandplay.com\/en\/pioneer-dj-ddj-1000srt\/\" \/>\n<meta property=\"og:locale\" content=\"en_GB\" \/>\n<meta property=\"og:type\" content=\"article\" \/>\n<meta property=\"og:title\" content=\"PIONEER DJ DDJ-1000SRT - Call&amp;Play\" \/>\n<meta property=\"og:description\" content=\"Controlador DJ de 4 canales para Serato DJ Pro. Tiene un dise\u00f1ado similar al de la configuraci\u00f3n est\u00e1ndar del club CDJ+DJM. Jog wheels de tama\u00f1o completo y baja latencia y MAGVEL FADER ajustado para un scratch preciso. El On Jog Display muestra informaci\u00f3n importante sobre la pista en el centro de cada jog, por lo que el usuario puede concentrarse en el p\u00fablico en lugar de en su ordenador port\u00e1til. 4 Sound Color FX y 14 Beat FX. M\u00faltiples entradas y salidas para mejorar la configuraci\u00f3n conectando equipos externos como CDJ, o giradiscos.\" \/>\n<meta property=\"og:url\" content=\"https:\/\/www.callandplay.com\/en\/pioneer-dj-ddj-1000srt\/\" \/>\n<meta property=\"og:site_name\" content=\"Call&amp;Play\" \/>\n<meta property=\"article:publisher\" content=\"https:\/\/www.facebook.com\/callandplay\" \/>\n<meta property=\"article:modified_time\" content=\"2026-04-05T20:35:50+00:00\" \/>\n<meta name=\"twitter:card\" content=\"summary_large_image\" \/>\n<meta name=\"twitter:label1\" content=\"Estimated reading time\" \/>\n\t<meta name=\"twitter:data1\" content=\"1 minute\" \/>\n<script type=\"application\/ld+json\" class=\"yoast-schema-graph\">{\"@context\":\"https:\\\/\\\/schema.org\",\"@graph\":[{\"@type\":\"WebPage\",\"@id\":\"https:\\\/\\\/www.callandplay.com\\\/pioneer-dj-ddj-1000srt\\\/\",\"url\":\"https:\\\/\\\/www.callandplay.com\\\/pioneer-dj-ddj-1000srt\\\/\",\"name\":\"PIONEER DJ DDJ-1000SRT - Call&amp;Play\",\"isPartOf\":{\"@id\":\"https:\\\/\\\/www.callandplay.com\\\/#website\"},\"datePublished\":\"2025-03-04T00:00:00+00:00\",\"dateModified\":\"2026-04-05T20:35:50+00:00\",\"breadcrumb\":{\"@id\":\"https:\\\/\\\/www.callandplay.com\\\/pioneer-dj-ddj-1000srt\\\/#breadcrumb\"},\"inLanguage\":\"en-GB\",\"potentialAction\":[{\"@type\":\"ReadAction\",\"target\":[\"https:\\\/\\\/www.callandplay.com\\\/pioneer-dj-ddj-1000srt\\\/\"]}]},{\"@type\":\"BreadcrumbList\",\"@id\":\"https:\\\/\\\/www.callandplay.com\\\/pioneer-dj-ddj-1000srt\\\/#breadcrumb\",\"itemListElement\":[{\"@type\":\"ListItem\",\"position\":1,\"name\":\"Portada\",\"item\":\"https:\\\/\\\/www.callandplay.com\\\/\"},{\"@type\":\"ListItem\",\"position\":2,\"name\":\"Tienda\",\"item\":\"https:\\\/\\\/www.callandplay.com\\\/tienda\\\/\"},{\"@type\":\"ListItem\",\"position\":3,\"name\":\"PIONEER DJ DDJ-1000SRT\"}]},{\"@type\":\"WebSite\",\"@id\":\"https:\\\/\\\/www.callandplay.com\\\/#website\",\"url\":\"https:\\\/\\\/www.callandplay.com\\\/\",\"name\":\"Call&amp;Play\",\"description\":\"Alquiler de backline e instrumentos musicales\",\"publisher\":{\"@id\":\"https:\\\/\\\/www.callandplay.com\\\/#organization\"},\"potentialAction\":[{\"@type\":\"SearchAction\",\"target\":{\"@type\":\"EntryPoint\",\"urlTemplate\":\"https:\\\/\\\/www.callandplay.com\\\/?s={search_term_string}\"},\"query-input\":{\"@type\":\"PropertyValueSpecification\",\"valueRequired\":true,\"valueName\":\"search_term_string\"}}],\"inLanguage\":\"en-GB\"},{\"@type\":\"Organization\",\"@id\":\"https:\\\/\\\/www.callandplay.com\\\/#organization\",\"name\":\"Call&Play\",\"url\":\"https:\\\/\\\/www.callandplay.com\\\/\",\"logo\":{\"@type\":\"ImageObject\",\"inLanguage\":\"en-GB\",\"@id\":\"https:\\\/\\\/www.callandplay.com\\\/#\\\/schema\\\/logo\\\/image\\\/\",\"url\":\"https:\\\/\\\/www.callandplay.com\\\/wp-content\\\/uploads\\\/2021\\\/06\\\/cropped-cropped-logo-black_con_sombra.png\",\"contentUrl\":\"https:\\\/\\\/www.callandplay.com\\\/wp-content\\\/uploads\\\/2021\\\/06\\\/cropped-cropped-logo-black_con_sombra.png\",\"width\":512,\"height\":512,\"caption\":\"Call&Play\"},\"image\":{\"@id\":\"https:\\\/\\\/www.callandplay.com\\\/#\\\/schema\\\/logo\\\/image\\\/\"},\"sameAs\":[\"https:\\\/\\\/www.facebook.com\\\/callandplay\",\"https:\\\/\\\/www.instagram.com\\\/call_and_play\\\/\"]}]}<\/script>\n<!-- \/ Yoast SEO plugin. -->","yoast_head_json":{"title":"PIONEER DJ DDJ-1000SRT - Call&amp;Play","robots":{"index":"index","follow":"follow","max-snippet":"max-snippet:-1","max-image-preview":"max-image-preview:large","max-video-preview":"max-video-preview:-1"},"canonical":"https:\/\/www.callandplay.com\/en\/pioneer-dj-ddj-1000srt\/","og_locale":"en_GB","og_type":"article","og_title":"PIONEER DJ DDJ-1000SRT - Call&amp;Play","og_description":"Controlador DJ de 4 canales para Serato DJ Pro. Tiene un dise\u00f1ado similar al de la configuraci\u00f3n est\u00e1ndar del club CDJ+DJM. Jog wheels de tama\u00f1o completo y baja latencia y MAGVEL FADER ajustado para un scratch preciso. El On Jog Display muestra informaci\u00f3n importante sobre la pista en el centro de cada jog, por lo que el usuario puede concentrarse en el p\u00fablico en lugar de en su ordenador port\u00e1til. 4 Sound Color FX y 14 Beat FX. M\u00faltiples entradas y salidas para mejorar la configuraci\u00f3n conectando equipos externos como CDJ, o giradiscos.","og_url":"https:\/\/www.callandplay.com\/en\/pioneer-dj-ddj-1000srt\/","og_site_name":"Call&amp;Play","article_publisher":"https:\/\/www.facebook.com\/callandplay","article_modified_time":"2026-04-05T20:35:50+00:00","twitter_card":"summary_large_image","twitter_misc":{"Estimated reading time":"1 minute"},"schema":{"@context":"https:\/\/schema.org","@graph":[{"@type":"WebPage","@id":"https:\/\/www.callandplay.com\/pioneer-dj-ddj-1000srt\/","url":"https:\/\/www.callandplay.com\/pioneer-dj-ddj-1000srt\/","name":"PIONEER DJ DDJ-1000SRT - Call&amp;Play","isPartOf":{"@id":"https:\/\/www.callandplay.com\/#website"},"datePublished":"2025-03-04T00:00:00+00:00","dateModified":"2026-04-05T20:35:50+00:00","breadcrumb":{"@id":"https:\/\/www.callandplay.com\/pioneer-dj-ddj-1000srt\/#breadcrumb"},"inLanguage":"en-GB","potentialAction":[{"@type":"ReadAction","target":["https:\/\/www.callandplay.com\/pioneer-dj-ddj-1000srt\/"]}]},{"@type":"BreadcrumbList","@id":"https:\/\/www.callandplay.com\/pioneer-dj-ddj-1000srt\/#breadcrumb","itemListElement":[{"@type":"ListItem","position":1,"name":"Portada","item":"https:\/\/www.callandplay.com\/"},{"@type":"ListItem","position":2,"name":"Tienda","item":"https:\/\/www.callandplay.com\/tienda\/"},{"@type":"ListItem","position":3,"name":"PIONEER DJ DDJ-1000SRT"}]},{"@type":"WebSite","@id":"https:\/\/www.callandplay.com\/#website","url":"https:\/\/www.callandplay.com\/","name":"Call&amp;Play","description":"Alquiler de backline e instrumentos musicales","publisher":{"@id":"https:\/\/www.callandplay.com\/#organization"},"potentialAction":[{"@type":"SearchAction","target":{"@type":"EntryPoint","urlTemplate":"https:\/\/www.callandplay.com\/?s={search_term_string}"},"query-input":{"@type":"PropertyValueSpecification","valueRequired":true,"valueName":"search_term_string"}}],"inLanguage":"en-GB"},{"@type":"Organization","@id":"https:\/\/www.callandplay.com\/#organization","name":"Call&Play","url":"https:\/\/www.callandplay.com\/","logo":{"@type":"ImageObject","inLanguage":"en-GB","@id":"https:\/\/www.callandplay.com\/#\/schema\/logo\/image\/","url":"https:\/\/www.callandplay.com\/wp-content\/uploads\/2021\/06\/cropped-cropped-logo-black_con_sombra.png","contentUrl":"https:\/\/www.callandplay.com\/wp-content\/uploads\/2021\/06\/cropped-cropped-logo-black_con_sombra.png","width":512,"height":512,"caption":"Call&Play"},"image":{"@id":"https:\/\/www.callandplay.com\/#\/schema\/logo\/image\/"},"sameAs":["https:\/\/www.facebook.com\/callandplay","https:\/\/www.instagram.com\/call_and_play\/"]}]}},"_links":{"self":[{"href":"https:\/\/www.callandplay.com\/en\/wp-json\/wp\/v2\/product\/53039","targetHints":{"allow":["GET"]}}],"collection":[{"href":"https:\/\/www.callandplay.com\/en\/wp-json\/wp\/v2\/product"}],"about":[{"href":"https:\/\/www.callandplay.com\/en\/wp-json\/wp\/v2\/types\/product"}],"replies":[{"embeddable":true,"href":"https:\/\/www.callandplay.com\/en\/wp-json\/wp\/v2\/comments?post=53039"}],"version-history":[{"count":1,"href":"https:\/\/www.callandplay.com\/en\/wp-json\/wp\/v2\/product\/53039\/revisions"}],"predecessor-version":[{"id":55849,"href":"https:\/\/www.callandplay.com\/en\/wp-json\/wp\/v2\/product\/53039\/revisions\/55849"}],"wp:attachment":[{"href":"https:\/\/www.callandplay.com\/en\/wp-json\/wp\/v2\/media?parent=53039"}],"wp:term":[{"taxonomy":"product_brand","embeddable":true,"href":"https:\/\/www.callandplay.com\/en\/wp-json\/wp\/v2\/product_brand?post=53039"},{"taxonomy":"product_cat","embeddable":true,"href":"https:\/\/www.callandplay.com\/en\/wp-json\/wp\/v2\/product_cat?post=53039"},{"taxonomy":"product_tag","embeddable":true,"href":"https:\/\/www.callandplay.com\/en\/wp-json\/wp\/v2\/product_tag?post=53039"}],"curies":[{"name":"wp","href":"https:\/\/api.w.org\/{rel}","templated":true}]}}