{"id":53059,"date":"2025-06-10T00:00:00","date_gmt":"2025-06-10T00:00:00","guid":{"rendered":"https:\/\/www.callandplay.com\/korg-kronos-2-61\/"},"modified":"2026-04-03T20:35:28","modified_gmt":"2026-04-03T20:35:28","slug":"korg-kronos-2-61","status":"publish","type":"product","link":"https:\/\/www.callandplay.com\/en\/korg-kronos-2-61\/","title":{"rendered":"KORG KRONOS 2 61"},"content":{"rendered":"<p>61-teclas: Natural Touch, semi-contrapesado.Workstation Korg. Teclado 61 teclas de tacto natural semicontrapesado. Motor de s\u00edntesis SGX-2 Grand Piano. Selecci\u00f3n masiva de sonidos: sonidos Master Sound Design Team, Librer\u00edas de expansi\u00f3n KRONOS, librer\u00edas de artistas, sonidos de canciones famosas. Nueve motores de s\u00edntesis. Innovador modo Set List. Pantalla en color TouchView ahora con funcionalidad de toca-arrastra. Herramientas de composici\u00f3n Karma, Drum Track y Open Sampling System. Secuenciador con 16 pistas MIDI y 16 pistas audio. 16 procesadores de efectos. Puertos Host USB\/Midi compatibles con superficies de control (microKey, nanoPad2, etc.). Transici\u00f3n suave entre cambios de sonidos. Superf\u00edcie de control avanzada con joystick duales (X-Y; vector), controlador ribbon, 8 potenci\u00f3metros, 9 faders, 16 botones iluminados.<\/p>","protected":false},"excerpt":{"rendered":"<p>61-teclas: Natural Touch, semi-contrapesado.Workstation Korg. Teclado 61 teclas de tacto natural semicontrapesado. Motor de s\u00edntesis SGX-2 Grand Piano. Selecci\u00f3n masiva de sonidos: sonidos Master Sound Design Team, Librer\u00edas de expansi\u00f3n KRONOS, librer\u00edas de artistas, sonidos de canciones famosas. Nueve motores de s\u00edntesis. Innovador modo Set List. Pantalla en color TouchView ahora con funcionalidad de toca-arrastra. Herramientas de composici\u00f3n Karma, Drum Track y Open Sampling System. Secuenciador con 16 pistas MIDI y 16 pistas audio. 16 procesadores de efectos. Puertos Host USB\/Midi compatibles con superficies de control (microKey, nanoPad2, etc.). Transici\u00f3n suave entre cambios de sonidos. Superf\u00edcie de control avanzada con joystick duales (X-Y; vector), controlador ribbon, 8 potenci\u00f3metros, 9 faders, 16 botones iluminados.<\/p>","protected":false},"featured_media":0,"comment_status":"closed","ping_status":"closed","template":"","meta":{"_acf_changed":false,"om_disable_all_campaigns":false,"_monsterinsights_skip_tracking":false,"_monsterinsights_sitenote_active":false,"_monsterinsights_sitenote_note":"","_monsterinsights_sitenote_category":0},"product_brand":[],"product_cat":[1078],"product_tag":[],"class_list":{"0":"post-53059","1":"product","2":"type-product","3":"status-publish","5":"product_cat-sintetizadores-y-workstations","7":"first","8":"instock","9":"shipping-taxable","10":"purchasable","11":"product-type-simple"},"acf":[],"yoast_head":"<!-- This site is optimized with the Yoast SEO plugin v27.3 - https:\/\/yoast.com\/product\/yoast-seo-wordpress\/ -->\n<title>KORG KRONOS 2 61 - Call&amp;Play<\/title>\n<meta name=\"robots\" content=\"index, follow, max-snippet:-1, max-image-preview:large, max-video-preview:-1\" \/>\n<link rel=\"canonical\" href=\"https:\/\/www.callandplay.com\/en\/korg-kronos-2-61\/\" \/>\n<meta property=\"og:locale\" content=\"en_GB\" \/>\n<meta property=\"og:type\" content=\"article\" \/>\n<meta property=\"og:title\" content=\"KORG KRONOS 2 61 - Call&amp;Play\" \/>\n<meta property=\"og:description\" content=\"61-teclas: Natural Touch, semi-contrapesado.Workstation Korg. Teclado 61 teclas de tacto natural semicontrapesado. Motor de s\u00edntesis SGX-2 Grand Piano. Selecci\u00f3n masiva de sonidos: sonidos Master Sound Design Team, Librer\u00edas de expansi\u00f3n KRONOS, librer\u00edas de artistas, sonidos de canciones famosas. Nueve motores de s\u00edntesis. Innovador modo Set List. Pantalla en color TouchView ahora con funcionalidad de toca-arrastra. Herramientas de composici\u00f3n Karma, Drum Track y Open Sampling System. Secuenciador con 16 pistas MIDI y 16 pistas audio. 16 procesadores de efectos. Puertos Host USB\/Midi compatibles con superficies de control (microKey, nanoPad2, etc.). Transici\u00f3n suave entre cambios de sonidos. Superf\u00edcie de control avanzada con joystick duales (X-Y; vector), controlador ribbon, 8 potenci\u00f3metros, 9 faders, 16 botones iluminados.\" \/>\n<meta property=\"og:url\" content=\"https:\/\/www.callandplay.com\/en\/korg-kronos-2-61\/\" \/>\n<meta property=\"og:site_name\" content=\"Call&amp;Play\" \/>\n<meta property=\"article:publisher\" content=\"https:\/\/www.facebook.com\/callandplay\" \/>\n<meta property=\"article:modified_time\" content=\"2026-04-03T20:35:28+00:00\" \/>\n<meta name=\"twitter:card\" content=\"summary_large_image\" \/>\n<meta name=\"twitter:label1\" content=\"Estimated reading time\" \/>\n\t<meta name=\"twitter:data1\" content=\"1 minute\" \/>\n<script type=\"application\/ld+json\" class=\"yoast-schema-graph\">{\"@context\":\"https:\\\/\\\/schema.org\",\"@graph\":[{\"@type\":\"WebPage\",\"@id\":\"https:\\\/\\\/www.callandplay.com\\\/korg-kronos-2-61\\\/\",\"url\":\"https:\\\/\\\/www.callandplay.com\\\/korg-kronos-2-61\\\/\",\"name\":\"KORG KRONOS 2 61 - Call&amp;Play\",\"isPartOf\":{\"@id\":\"https:\\\/\\\/www.callandplay.com\\\/#website\"},\"datePublished\":\"2025-06-10T00:00:00+00:00\",\"dateModified\":\"2026-04-03T20:35:28+00:00\",\"breadcrumb\":{\"@id\":\"https:\\\/\\\/www.callandplay.com\\\/korg-kronos-2-61\\\/#breadcrumb\"},\"inLanguage\":\"en-GB\",\"potentialAction\":[{\"@type\":\"ReadAction\",\"target\":[\"https:\\\/\\\/www.callandplay.com\\\/korg-kronos-2-61\\\/\"]}]},{\"@type\":\"BreadcrumbList\",\"@id\":\"https:\\\/\\\/www.callandplay.com\\\/korg-kronos-2-61\\\/#breadcrumb\",\"itemListElement\":[{\"@type\":\"ListItem\",\"position\":1,\"name\":\"Portada\",\"item\":\"https:\\\/\\\/www.callandplay.com\\\/\"},{\"@type\":\"ListItem\",\"position\":2,\"name\":\"Tienda\",\"item\":\"https:\\\/\\\/www.callandplay.com\\\/tienda\\\/\"},{\"@type\":\"ListItem\",\"position\":3,\"name\":\"KORG KRONOS 2 61\"}]},{\"@type\":\"WebSite\",\"@id\":\"https:\\\/\\\/www.callandplay.com\\\/#website\",\"url\":\"https:\\\/\\\/www.callandplay.com\\\/\",\"name\":\"Call&amp;Play\",\"description\":\"Alquiler de backline e instrumentos musicales\",\"publisher\":{\"@id\":\"https:\\\/\\\/www.callandplay.com\\\/#organization\"},\"potentialAction\":[{\"@type\":\"SearchAction\",\"target\":{\"@type\":\"EntryPoint\",\"urlTemplate\":\"https:\\\/\\\/www.callandplay.com\\\/?s={search_term_string}\"},\"query-input\":{\"@type\":\"PropertyValueSpecification\",\"valueRequired\":true,\"valueName\":\"search_term_string\"}}],\"inLanguage\":\"en-GB\"},{\"@type\":\"Organization\",\"@id\":\"https:\\\/\\\/www.callandplay.com\\\/#organization\",\"name\":\"Call&Play\",\"url\":\"https:\\\/\\\/www.callandplay.com\\\/\",\"logo\":{\"@type\":\"ImageObject\",\"inLanguage\":\"en-GB\",\"@id\":\"https:\\\/\\\/www.callandplay.com\\\/#\\\/schema\\\/logo\\\/image\\\/\",\"url\":\"https:\\\/\\\/www.callandplay.com\\\/wp-content\\\/uploads\\\/2021\\\/06\\\/cropped-cropped-logo-black_con_sombra.png\",\"contentUrl\":\"https:\\\/\\\/www.callandplay.com\\\/wp-content\\\/uploads\\\/2021\\\/06\\\/cropped-cropped-logo-black_con_sombra.png\",\"width\":512,\"height\":512,\"caption\":\"Call&Play\"},\"image\":{\"@id\":\"https:\\\/\\\/www.callandplay.com\\\/#\\\/schema\\\/logo\\\/image\\\/\"},\"sameAs\":[\"https:\\\/\\\/www.facebook.com\\\/callandplay\",\"https:\\\/\\\/www.instagram.com\\\/call_and_play\\\/\"]}]}<\/script>\n<!-- \/ Yoast SEO plugin. -->","yoast_head_json":{"title":"KORG KRONOS 2 61 - Call&amp;Play","robots":{"index":"index","follow":"follow","max-snippet":"max-snippet:-1","max-image-preview":"max-image-preview:large","max-video-preview":"max-video-preview:-1"},"canonical":"https:\/\/www.callandplay.com\/en\/korg-kronos-2-61\/","og_locale":"en_GB","og_type":"article","og_title":"KORG KRONOS 2 61 - Call&amp;Play","og_description":"61-teclas: Natural Touch, semi-contrapesado.Workstation Korg. Teclado 61 teclas de tacto natural semicontrapesado. Motor de s\u00edntesis SGX-2 Grand Piano. Selecci\u00f3n masiva de sonidos: sonidos Master Sound Design Team, Librer\u00edas de expansi\u00f3n KRONOS, librer\u00edas de artistas, sonidos de canciones famosas. Nueve motores de s\u00edntesis. Innovador modo Set List. Pantalla en color TouchView ahora con funcionalidad de toca-arrastra. Herramientas de composici\u00f3n Karma, Drum Track y Open Sampling System. Secuenciador con 16 pistas MIDI y 16 pistas audio. 16 procesadores de efectos. Puertos Host USB\/Midi compatibles con superficies de control (microKey, nanoPad2, etc.). Transici\u00f3n suave entre cambios de sonidos. Superf\u00edcie de control avanzada con joystick duales (X-Y; vector), controlador ribbon, 8 potenci\u00f3metros, 9 faders, 16 botones iluminados.","og_url":"https:\/\/www.callandplay.com\/en\/korg-kronos-2-61\/","og_site_name":"Call&amp;Play","article_publisher":"https:\/\/www.facebook.com\/callandplay","article_modified_time":"2026-04-03T20:35:28+00:00","twitter_card":"summary_large_image","twitter_misc":{"Estimated reading time":"1 minute"},"schema":{"@context":"https:\/\/schema.org","@graph":[{"@type":"WebPage","@id":"https:\/\/www.callandplay.com\/korg-kronos-2-61\/","url":"https:\/\/www.callandplay.com\/korg-kronos-2-61\/","name":"KORG KRONOS 2 61 - Call&amp;Play","isPartOf":{"@id":"https:\/\/www.callandplay.com\/#website"},"datePublished":"2025-06-10T00:00:00+00:00","dateModified":"2026-04-03T20:35:28+00:00","breadcrumb":{"@id":"https:\/\/www.callandplay.com\/korg-kronos-2-61\/#breadcrumb"},"inLanguage":"en-GB","potentialAction":[{"@type":"ReadAction","target":["https:\/\/www.callandplay.com\/korg-kronos-2-61\/"]}]},{"@type":"BreadcrumbList","@id":"https:\/\/www.callandplay.com\/korg-kronos-2-61\/#breadcrumb","itemListElement":[{"@type":"ListItem","position":1,"name":"Portada","item":"https:\/\/www.callandplay.com\/"},{"@type":"ListItem","position":2,"name":"Tienda","item":"https:\/\/www.callandplay.com\/tienda\/"},{"@type":"ListItem","position":3,"name":"KORG KRONOS 2 61"}]},{"@type":"WebSite","@id":"https:\/\/www.callandplay.com\/#website","url":"https:\/\/www.callandplay.com\/","name":"Call&amp;Play","description":"Alquiler de backline e instrumentos musicales","publisher":{"@id":"https:\/\/www.callandplay.com\/#organization"},"potentialAction":[{"@type":"SearchAction","target":{"@type":"EntryPoint","urlTemplate":"https:\/\/www.callandplay.com\/?s={search_term_string}"},"query-input":{"@type":"PropertyValueSpecification","valueRequired":true,"valueName":"search_term_string"}}],"inLanguage":"en-GB"},{"@type":"Organization","@id":"https:\/\/www.callandplay.com\/#organization","name":"Call&Play","url":"https:\/\/www.callandplay.com\/","logo":{"@type":"ImageObject","inLanguage":"en-GB","@id":"https:\/\/www.callandplay.com\/#\/schema\/logo\/image\/","url":"https:\/\/www.callandplay.com\/wp-content\/uploads\/2021\/06\/cropped-cropped-logo-black_con_sombra.png","contentUrl":"https:\/\/www.callandplay.com\/wp-content\/uploads\/2021\/06\/cropped-cropped-logo-black_con_sombra.png","width":512,"height":512,"caption":"Call&Play"},"image":{"@id":"https:\/\/www.callandplay.com\/#\/schema\/logo\/image\/"},"sameAs":["https:\/\/www.facebook.com\/callandplay","https:\/\/www.instagram.com\/call_and_play\/"]}]}},"_links":{"self":[{"href":"https:\/\/www.callandplay.com\/en\/wp-json\/wp\/v2\/product\/53059","targetHints":{"allow":["GET"]}}],"collection":[{"href":"https:\/\/www.callandplay.com\/en\/wp-json\/wp\/v2\/product"}],"about":[{"href":"https:\/\/www.callandplay.com\/en\/wp-json\/wp\/v2\/types\/product"}],"replies":[{"embeddable":true,"href":"https:\/\/www.callandplay.com\/en\/wp-json\/wp\/v2\/comments?post=53059"}],"version-history":[{"count":1,"href":"https:\/\/www.callandplay.com\/en\/wp-json\/wp\/v2\/product\/53059\/revisions"}],"predecessor-version":[{"id":55869,"href":"https:\/\/www.callandplay.com\/en\/wp-json\/wp\/v2\/product\/53059\/revisions\/55869"}],"wp:attachment":[{"href":"https:\/\/www.callandplay.com\/en\/wp-json\/wp\/v2\/media?parent=53059"}],"wp:term":[{"taxonomy":"product_brand","embeddable":true,"href":"https:\/\/www.callandplay.com\/en\/wp-json\/wp\/v2\/product_brand?post=53059"},{"taxonomy":"product_cat","embeddable":true,"href":"https:\/\/www.callandplay.com\/en\/wp-json\/wp\/v2\/product_cat?post=53059"},{"taxonomy":"product_tag","embeddable":true,"href":"https:\/\/www.callandplay.com\/en\/wp-json\/wp\/v2\/product_tag?post=53059"}],"curies":[{"name":"wp","href":"https:\/\/api.w.org\/{rel}","templated":true}]}}