{"id":53123,"date":"2022-10-30T00:00:00","date_gmt":"2022-10-30T00:00:00","guid":{"rendered":"https:\/\/www.callandplay.com\/pearl-s-930s-sd-stand\/"},"modified":"2026-04-15T20:54:14","modified_gmt":"2026-04-15T20:54:14","slug":"pearl-s-930s-sd-stand","status":"publish","type":"product","link":"https:\/\/www.callandplay.com\/en\/pearl-s-930s-sd-stand\/","title":{"rendered":"PEARL S-930S SD STAND"},"content":{"rendered":"<p>Para cajas entre 10 y 14&#8243;. Patas con un solo refuerzo: el soporte de caja S-930S cuenta con un tr\u00edpode con dise\u00f1o de tridente que presenta fuertes patas de apoyo con un solo refuerzo para una base de montaje s\u00f3lida con menos peso. Cesta de suspensi\u00f3n neum\u00e1tica: (Patente de EE. UU. n.\u00ba 6710236) permite que las cajas y los timbales resuenen por completo con apoyo seguro, suave y sin engranajes. Totalmente ajustable: con un rango de altura de 420 &#8211; 610 mm (16,5&#8243; &#8211; 24&#8243;) y funciones avanzadas, el S-930D se puede personalizar para pr\u00e1cticamente cualquier configuraci\u00f3n de bater\u00eda.<\/p>","protected":false},"excerpt":{"rendered":"<p>Para cajas entre 10 y 14&#8243;. Patas con un solo refuerzo: el soporte de caja S-930S cuenta con un tr\u00edpode con dise\u00f1o de tridente que presenta fuertes patas de apoyo con un solo refuerzo para una base de montaje s\u00f3lida con menos peso. Cesta de suspensi\u00f3n neum\u00e1tica: (Patente de EE. UU. n.\u00ba 6710236) permite que las cajas y los timbales resuenen por completo con apoyo seguro, suave y sin engranajes. Totalmente ajustable: con un rango de altura de 420 &#8211; 610 mm (16,5&#8243; &#8211; 24&#8243;) y funciones avanzadas, el S-930D se puede personalizar para pr\u00e1cticamente cualquier configuraci\u00f3n de bater\u00eda.<\/p>","protected":false},"featured_media":0,"comment_status":"closed","ping_status":"closed","template":"","meta":{"_acf_changed":false,"om_disable_all_campaigns":false,"_monsterinsights_skip_tracking":false,"_monsterinsights_sitenote_active":false,"_monsterinsights_sitenote_note":"","_monsterinsights_sitenote_category":0},"product_brand":[],"product_cat":[894],"product_tag":[],"class_list":{"0":"post-53123","1":"product","2":"type-product","3":"status-publish","5":"product_cat-soportes-caja","7":"first","8":"instock","9":"shipping-taxable","10":"purchasable","11":"product-type-simple"},"acf":[],"yoast_head":"<!-- This site is optimized with the Yoast SEO plugin v27.4 - https:\/\/yoast.com\/product\/yoast-seo-wordpress\/ -->\n<title>PEARL S-930S SD STAND - Call&amp;Play<\/title>\n<meta name=\"robots\" content=\"index, follow, max-snippet:-1, max-image-preview:large, max-video-preview:-1\" \/>\n<link rel=\"canonical\" href=\"https:\/\/www.callandplay.com\/en\/pearl-s-930s-sd-stand\/\" \/>\n<meta property=\"og:locale\" content=\"en_GB\" \/>\n<meta property=\"og:type\" content=\"article\" \/>\n<meta property=\"og:title\" content=\"PEARL S-930S SD STAND - Call&amp;Play\" \/>\n<meta property=\"og:description\" content=\"Para cajas entre 10 y 14&quot;. Patas con un solo refuerzo: el soporte de caja S-930S cuenta con un tr\u00edpode con dise\u00f1o de tridente que presenta fuertes patas de apoyo con un solo refuerzo para una base de montaje s\u00f3lida con menos peso. Cesta de suspensi\u00f3n neum\u00e1tica: (Patente de EE. UU. n.\u00ba 6710236) permite que las cajas y los timbales resuenen por completo con apoyo seguro, suave y sin engranajes. Totalmente ajustable: con un rango de altura de 420 - 610 mm (16,5&quot; - 24&quot;) y funciones avanzadas, el S-930D se puede personalizar para pr\u00e1cticamente cualquier configuraci\u00f3n de bater\u00eda.\" \/>\n<meta property=\"og:url\" content=\"https:\/\/www.callandplay.com\/en\/pearl-s-930s-sd-stand\/\" \/>\n<meta property=\"og:site_name\" content=\"Call&amp;Play\" \/>\n<meta property=\"article:publisher\" content=\"https:\/\/www.facebook.com\/callandplay\" \/>\n<meta property=\"article:modified_time\" content=\"2026-04-15T20:54:14+00:00\" \/>\n<meta name=\"twitter:card\" content=\"summary_large_image\" \/>\n<meta name=\"twitter:label1\" content=\"Estimated reading time\" \/>\n\t<meta name=\"twitter:data1\" content=\"1 minute\" \/>\n<script type=\"application\/ld+json\" class=\"yoast-schema-graph\">{\"@context\":\"https:\\\/\\\/schema.org\",\"@graph\":[{\"@type\":\"WebPage\",\"@id\":\"https:\\\/\\\/www.callandplay.com\\\/pearl-s-930s-sd-stand\\\/\",\"url\":\"https:\\\/\\\/www.callandplay.com\\\/pearl-s-930s-sd-stand\\\/\",\"name\":\"PEARL S-930S SD STAND - Call&amp;Play\",\"isPartOf\":{\"@id\":\"https:\\\/\\\/www.callandplay.com\\\/#website\"},\"datePublished\":\"2022-10-30T00:00:00+00:00\",\"dateModified\":\"2026-04-15T20:54:14+00:00\",\"breadcrumb\":{\"@id\":\"https:\\\/\\\/www.callandplay.com\\\/pearl-s-930s-sd-stand\\\/#breadcrumb\"},\"inLanguage\":\"en-GB\",\"potentialAction\":[{\"@type\":\"ReadAction\",\"target\":[\"https:\\\/\\\/www.callandplay.com\\\/pearl-s-930s-sd-stand\\\/\"]}]},{\"@type\":\"BreadcrumbList\",\"@id\":\"https:\\\/\\\/www.callandplay.com\\\/pearl-s-930s-sd-stand\\\/#breadcrumb\",\"itemListElement\":[{\"@type\":\"ListItem\",\"position\":1,\"name\":\"Portada\",\"item\":\"https:\\\/\\\/www.callandplay.com\\\/\"},{\"@type\":\"ListItem\",\"position\":2,\"name\":\"Tienda\",\"item\":\"https:\\\/\\\/www.callandplay.com\\\/tienda\\\/\"},{\"@type\":\"ListItem\",\"position\":3,\"name\":\"PEARL S-930S SD STAND\"}]},{\"@type\":\"WebSite\",\"@id\":\"https:\\\/\\\/www.callandplay.com\\\/#website\",\"url\":\"https:\\\/\\\/www.callandplay.com\\\/\",\"name\":\"Call&amp;Play\",\"description\":\"Alquiler de backline e instrumentos musicales\",\"publisher\":{\"@id\":\"https:\\\/\\\/www.callandplay.com\\\/#organization\"},\"potentialAction\":[{\"@type\":\"SearchAction\",\"target\":{\"@type\":\"EntryPoint\",\"urlTemplate\":\"https:\\\/\\\/www.callandplay.com\\\/?s={search_term_string}\"},\"query-input\":{\"@type\":\"PropertyValueSpecification\",\"valueRequired\":true,\"valueName\":\"search_term_string\"}}],\"inLanguage\":\"en-GB\"},{\"@type\":\"Organization\",\"@id\":\"https:\\\/\\\/www.callandplay.com\\\/#organization\",\"name\":\"Call&Play\",\"url\":\"https:\\\/\\\/www.callandplay.com\\\/\",\"logo\":{\"@type\":\"ImageObject\",\"inLanguage\":\"en-GB\",\"@id\":\"https:\\\/\\\/www.callandplay.com\\\/#\\\/schema\\\/logo\\\/image\\\/\",\"url\":\"https:\\\/\\\/www.callandplay.com\\\/wp-content\\\/uploads\\\/2021\\\/06\\\/cropped-cropped-logo-black_con_sombra.png\",\"contentUrl\":\"https:\\\/\\\/www.callandplay.com\\\/wp-content\\\/uploads\\\/2021\\\/06\\\/cropped-cropped-logo-black_con_sombra.png\",\"width\":512,\"height\":512,\"caption\":\"Call&Play\"},\"image\":{\"@id\":\"https:\\\/\\\/www.callandplay.com\\\/#\\\/schema\\\/logo\\\/image\\\/\"},\"sameAs\":[\"https:\\\/\\\/www.facebook.com\\\/callandplay\",\"https:\\\/\\\/www.instagram.com\\\/call_and_play\\\/\"]}]}<\/script>\n<!-- \/ Yoast SEO plugin. -->","yoast_head_json":{"title":"PEARL S-930S SD STAND - Call&amp;Play","robots":{"index":"index","follow":"follow","max-snippet":"max-snippet:-1","max-image-preview":"max-image-preview:large","max-video-preview":"max-video-preview:-1"},"canonical":"https:\/\/www.callandplay.com\/en\/pearl-s-930s-sd-stand\/","og_locale":"en_GB","og_type":"article","og_title":"PEARL S-930S SD STAND - Call&amp;Play","og_description":"Para cajas entre 10 y 14\". Patas con un solo refuerzo: el soporte de caja S-930S cuenta con un tr\u00edpode con dise\u00f1o de tridente que presenta fuertes patas de apoyo con un solo refuerzo para una base de montaje s\u00f3lida con menos peso. Cesta de suspensi\u00f3n neum\u00e1tica: (Patente de EE. UU. n.\u00ba 6710236) permite que las cajas y los timbales resuenen por completo con apoyo seguro, suave y sin engranajes. Totalmente ajustable: con un rango de altura de 420 - 610 mm (16,5\" - 24\") y funciones avanzadas, el S-930D se puede personalizar para pr\u00e1cticamente cualquier configuraci\u00f3n de bater\u00eda.","og_url":"https:\/\/www.callandplay.com\/en\/pearl-s-930s-sd-stand\/","og_site_name":"Call&amp;Play","article_publisher":"https:\/\/www.facebook.com\/callandplay","article_modified_time":"2026-04-15T20:54:14+00:00","twitter_card":"summary_large_image","twitter_misc":{"Estimated reading time":"1 minute"},"schema":{"@context":"https:\/\/schema.org","@graph":[{"@type":"WebPage","@id":"https:\/\/www.callandplay.com\/pearl-s-930s-sd-stand\/","url":"https:\/\/www.callandplay.com\/pearl-s-930s-sd-stand\/","name":"PEARL S-930S SD STAND - Call&amp;Play","isPartOf":{"@id":"https:\/\/www.callandplay.com\/#website"},"datePublished":"2022-10-30T00:00:00+00:00","dateModified":"2026-04-15T20:54:14+00:00","breadcrumb":{"@id":"https:\/\/www.callandplay.com\/pearl-s-930s-sd-stand\/#breadcrumb"},"inLanguage":"en-GB","potentialAction":[{"@type":"ReadAction","target":["https:\/\/www.callandplay.com\/pearl-s-930s-sd-stand\/"]}]},{"@type":"BreadcrumbList","@id":"https:\/\/www.callandplay.com\/pearl-s-930s-sd-stand\/#breadcrumb","itemListElement":[{"@type":"ListItem","position":1,"name":"Portada","item":"https:\/\/www.callandplay.com\/"},{"@type":"ListItem","position":2,"name":"Tienda","item":"https:\/\/www.callandplay.com\/tienda\/"},{"@type":"ListItem","position":3,"name":"PEARL S-930S SD STAND"}]},{"@type":"WebSite","@id":"https:\/\/www.callandplay.com\/#website","url":"https:\/\/www.callandplay.com\/","name":"Call&amp;Play","description":"Alquiler de backline e instrumentos musicales","publisher":{"@id":"https:\/\/www.callandplay.com\/#organization"},"potentialAction":[{"@type":"SearchAction","target":{"@type":"EntryPoint","urlTemplate":"https:\/\/www.callandplay.com\/?s={search_term_string}"},"query-input":{"@type":"PropertyValueSpecification","valueRequired":true,"valueName":"search_term_string"}}],"inLanguage":"en-GB"},{"@type":"Organization","@id":"https:\/\/www.callandplay.com\/#organization","name":"Call&Play","url":"https:\/\/www.callandplay.com\/","logo":{"@type":"ImageObject","inLanguage":"en-GB","@id":"https:\/\/www.callandplay.com\/#\/schema\/logo\/image\/","url":"https:\/\/www.callandplay.com\/wp-content\/uploads\/2021\/06\/cropped-cropped-logo-black_con_sombra.png","contentUrl":"https:\/\/www.callandplay.com\/wp-content\/uploads\/2021\/06\/cropped-cropped-logo-black_con_sombra.png","width":512,"height":512,"caption":"Call&Play"},"image":{"@id":"https:\/\/www.callandplay.com\/#\/schema\/logo\/image\/"},"sameAs":["https:\/\/www.facebook.com\/callandplay","https:\/\/www.instagram.com\/call_and_play\/"]}]}},"_links":{"self":[{"href":"https:\/\/www.callandplay.com\/en\/wp-json\/wp\/v2\/product\/53123","targetHints":{"allow":["GET"]}}],"collection":[{"href":"https:\/\/www.callandplay.com\/en\/wp-json\/wp\/v2\/product"}],"about":[{"href":"https:\/\/www.callandplay.com\/en\/wp-json\/wp\/v2\/types\/product"}],"replies":[{"embeddable":true,"href":"https:\/\/www.callandplay.com\/en\/wp-json\/wp\/v2\/comments?post=53123"}],"version-history":[{"count":1,"href":"https:\/\/www.callandplay.com\/en\/wp-json\/wp\/v2\/product\/53123\/revisions"}],"predecessor-version":[{"id":55933,"href":"https:\/\/www.callandplay.com\/en\/wp-json\/wp\/v2\/product\/53123\/revisions\/55933"}],"wp:attachment":[{"href":"https:\/\/www.callandplay.com\/en\/wp-json\/wp\/v2\/media?parent=53123"}],"wp:term":[{"taxonomy":"product_brand","embeddable":true,"href":"https:\/\/www.callandplay.com\/en\/wp-json\/wp\/v2\/product_brand?post=53123"},{"taxonomy":"product_cat","embeddable":true,"href":"https:\/\/www.callandplay.com\/en\/wp-json\/wp\/v2\/product_cat?post=53123"},{"taxonomy":"product_tag","embeddable":true,"href":"https:\/\/www.callandplay.com\/en\/wp-json\/wp\/v2\/product_tag?post=53123"}],"curies":[{"name":"wp","href":"https:\/\/api.w.org\/{rel}","templated":true}]}}