{"id":53146,"date":"2025-11-27T00:00:00","date_gmt":"2025-11-27T00:00:00","guid":{"rendered":"https:\/\/www.callandplay.com\/fender-pd-220e-dread-acoustic-natural\/"},"modified":"2026-04-15T20:54:15","modified_gmt":"2026-04-15T20:54:15","slug":"fender-pd-220e-dread-acoustic-natural","status":"publish","type":"product","link":"https:\/\/www.callandplay.com\/en\/fender-pd-220e-dread-acoustic-natural\/","title":{"rendered":"FENDER PD-220E DREAD ACOUSTIC NATURAL"},"content":{"rendered":"<p>La Paramount PD-220E combina artesan\u00eda de vanguardia con detalles de inspiraci\u00f3n vintage, ofreciendo lo mejor de ambos mundos. Construida con la elecci\u00f3n de una tapa de abeto macizo o caoba maciza combinada con aros y fondo de caoba maciza, la PD -220E cuenta con un patr\u00f3n de refuerzo de varillas internas compensado en X que ha sido cuidadosamente refinado para optimizar la resonancia y el tono. Una nueva pastilla Sonitone Plus dise\u00f1ada por Fender y Fishman amplifica el tono completo y equilibrado de la forma del cuerpo Dreadnought de la PD-220E, mientras que los controles montados en la boca conservan la est\u00e9tica vintage. Debajo de la tapa harm\u00f3nica, una pastilla sensible mejora las vibraciones de la caja de resonancia que se puede combinar con la pastilla Sonicore debajo del puente. <\/p>","protected":false},"excerpt":{"rendered":"<p>La Paramount PD-220E combina artesan\u00eda de vanguardia con detalles de inspiraci\u00f3n vintage, ofreciendo lo mejor de ambos mundos. Construida con la elecci\u00f3n de una tapa de abeto macizo o caoba maciza combinada con aros y fondo de caoba maciza, la PD -220E cuenta con un patr\u00f3n de refuerzo de varillas internas compensado en X que ha sido cuidadosamente refinado para optimizar la resonancia y el tono. Una nueva pastilla Sonitone Plus dise\u00f1ada por Fender y Fishman amplifica el tono completo y equilibrado de la forma del cuerpo Dreadnought de la PD-220E, mientras que los controles montados en la boca conservan la est\u00e9tica vintage. Debajo de la tapa harm\u00f3nica, una pastilla sensible mejora las vibraciones de la caja de resonancia que se puede combinar con la pastilla Sonicore debajo del puente. <\/p>","protected":false},"featured_media":0,"comment_status":"closed","ping_status":"closed","template":"","meta":{"_acf_changed":false,"om_disable_all_campaigns":false,"_monsterinsights_skip_tracking":false,"_monsterinsights_sitenote_active":false,"_monsterinsights_sitenote_note":"","_monsterinsights_sitenote_category":0},"product_brand":[],"product_cat":[901],"product_tag":[],"class_list":{"0":"post-53146","1":"product","2":"type-product","3":"status-publish","5":"product_cat-guitarras-acusticas","7":"first","8":"instock","9":"shipping-taxable","10":"purchasable","11":"product-type-simple"},"acf":[],"yoast_head":"<!-- This site is optimized with the Yoast SEO plugin v27.4 - https:\/\/yoast.com\/product\/yoast-seo-wordpress\/ -->\n<title>FENDER PD-220E DREAD ACOUSTIC NATURAL - Call&amp;Play<\/title>\n<meta name=\"robots\" content=\"index, follow, max-snippet:-1, max-image-preview:large, max-video-preview:-1\" \/>\n<link rel=\"canonical\" href=\"https:\/\/www.callandplay.com\/en\/fender-pd-220e-dread-acoustic-natural\/\" \/>\n<meta property=\"og:locale\" content=\"en_GB\" \/>\n<meta property=\"og:type\" content=\"article\" \/>\n<meta property=\"og:title\" content=\"FENDER PD-220E DREAD ACOUSTIC NATURAL - Call&amp;Play\" \/>\n<meta property=\"og:description\" content=\"La Paramount PD-220E combina artesan\u00eda de vanguardia con detalles de inspiraci\u00f3n vintage, ofreciendo lo mejor de ambos mundos. Construida con la elecci\u00f3n de una tapa de abeto macizo o caoba maciza combinada con aros y fondo de caoba maciza, la PD -220E cuenta con un patr\u00f3n de refuerzo de varillas internas compensado en X que ha sido cuidadosamente refinado para optimizar la resonancia y el tono. Una nueva pastilla Sonitone Plus dise\u00f1ada por Fender y Fishman amplifica el tono completo y equilibrado de la forma del cuerpo Dreadnought de la PD-220E, mientras que los controles montados en la boca conservan la est\u00e9tica vintage. Debajo de la tapa harm\u00f3nica, una pastilla sensible mejora las vibraciones de la caja de resonancia que se puede combinar con la pastilla Sonicore debajo del puente.\" \/>\n<meta property=\"og:url\" content=\"https:\/\/www.callandplay.com\/en\/fender-pd-220e-dread-acoustic-natural\/\" \/>\n<meta property=\"og:site_name\" content=\"Call&amp;Play\" \/>\n<meta property=\"article:publisher\" content=\"https:\/\/www.facebook.com\/callandplay\" \/>\n<meta property=\"article:modified_time\" content=\"2026-04-15T20:54:15+00:00\" \/>\n<meta name=\"twitter:card\" content=\"summary_large_image\" \/>\n<meta name=\"twitter:label1\" content=\"Estimated reading time\" \/>\n\t<meta name=\"twitter:data1\" content=\"1 minute\" \/>\n<script type=\"application\/ld+json\" class=\"yoast-schema-graph\">{\"@context\":\"https:\\\/\\\/schema.org\",\"@graph\":[{\"@type\":\"WebPage\",\"@id\":\"https:\\\/\\\/www.callandplay.com\\\/fender-pd-220e-dread-acoustic-natural\\\/\",\"url\":\"https:\\\/\\\/www.callandplay.com\\\/fender-pd-220e-dread-acoustic-natural\\\/\",\"name\":\"FENDER PD-220E DREAD ACOUSTIC NATURAL - Call&amp;Play\",\"isPartOf\":{\"@id\":\"https:\\\/\\\/www.callandplay.com\\\/#website\"},\"datePublished\":\"2025-11-27T00:00:00+00:00\",\"dateModified\":\"2026-04-15T20:54:15+00:00\",\"breadcrumb\":{\"@id\":\"https:\\\/\\\/www.callandplay.com\\\/fender-pd-220e-dread-acoustic-natural\\\/#breadcrumb\"},\"inLanguage\":\"en-GB\",\"potentialAction\":[{\"@type\":\"ReadAction\",\"target\":[\"https:\\\/\\\/www.callandplay.com\\\/fender-pd-220e-dread-acoustic-natural\\\/\"]}]},{\"@type\":\"BreadcrumbList\",\"@id\":\"https:\\\/\\\/www.callandplay.com\\\/fender-pd-220e-dread-acoustic-natural\\\/#breadcrumb\",\"itemListElement\":[{\"@type\":\"ListItem\",\"position\":1,\"name\":\"Portada\",\"item\":\"https:\\\/\\\/www.callandplay.com\\\/\"},{\"@type\":\"ListItem\",\"position\":2,\"name\":\"Tienda\",\"item\":\"https:\\\/\\\/www.callandplay.com\\\/tienda\\\/\"},{\"@type\":\"ListItem\",\"position\":3,\"name\":\"FENDER PD-220E DREAD ACOUSTIC NATURAL\"}]},{\"@type\":\"WebSite\",\"@id\":\"https:\\\/\\\/www.callandplay.com\\\/#website\",\"url\":\"https:\\\/\\\/www.callandplay.com\\\/\",\"name\":\"Call&amp;Play\",\"description\":\"Alquiler de backline e instrumentos musicales\",\"publisher\":{\"@id\":\"https:\\\/\\\/www.callandplay.com\\\/#organization\"},\"potentialAction\":[{\"@type\":\"SearchAction\",\"target\":{\"@type\":\"EntryPoint\",\"urlTemplate\":\"https:\\\/\\\/www.callandplay.com\\\/?s={search_term_string}\"},\"query-input\":{\"@type\":\"PropertyValueSpecification\",\"valueRequired\":true,\"valueName\":\"search_term_string\"}}],\"inLanguage\":\"en-GB\"},{\"@type\":\"Organization\",\"@id\":\"https:\\\/\\\/www.callandplay.com\\\/#organization\",\"name\":\"Call&Play\",\"url\":\"https:\\\/\\\/www.callandplay.com\\\/\",\"logo\":{\"@type\":\"ImageObject\",\"inLanguage\":\"en-GB\",\"@id\":\"https:\\\/\\\/www.callandplay.com\\\/#\\\/schema\\\/logo\\\/image\\\/\",\"url\":\"https:\\\/\\\/www.callandplay.com\\\/wp-content\\\/uploads\\\/2021\\\/06\\\/cropped-cropped-logo-black_con_sombra.png\",\"contentUrl\":\"https:\\\/\\\/www.callandplay.com\\\/wp-content\\\/uploads\\\/2021\\\/06\\\/cropped-cropped-logo-black_con_sombra.png\",\"width\":512,\"height\":512,\"caption\":\"Call&Play\"},\"image\":{\"@id\":\"https:\\\/\\\/www.callandplay.com\\\/#\\\/schema\\\/logo\\\/image\\\/\"},\"sameAs\":[\"https:\\\/\\\/www.facebook.com\\\/callandplay\",\"https:\\\/\\\/www.instagram.com\\\/call_and_play\\\/\"]}]}<\/script>\n<!-- \/ Yoast SEO plugin. -->","yoast_head_json":{"title":"FENDER PD-220E DREAD ACOUSTIC NATURAL - Call&amp;Play","robots":{"index":"index","follow":"follow","max-snippet":"max-snippet:-1","max-image-preview":"max-image-preview:large","max-video-preview":"max-video-preview:-1"},"canonical":"https:\/\/www.callandplay.com\/en\/fender-pd-220e-dread-acoustic-natural\/","og_locale":"en_GB","og_type":"article","og_title":"FENDER PD-220E DREAD ACOUSTIC NATURAL - Call&amp;Play","og_description":"La Paramount PD-220E combina artesan\u00eda de vanguardia con detalles de inspiraci\u00f3n vintage, ofreciendo lo mejor de ambos mundos. Construida con la elecci\u00f3n de una tapa de abeto macizo o caoba maciza combinada con aros y fondo de caoba maciza, la PD -220E cuenta con un patr\u00f3n de refuerzo de varillas internas compensado en X que ha sido cuidadosamente refinado para optimizar la resonancia y el tono. Una nueva pastilla Sonitone Plus dise\u00f1ada por Fender y Fishman amplifica el tono completo y equilibrado de la forma del cuerpo Dreadnought de la PD-220E, mientras que los controles montados en la boca conservan la est\u00e9tica vintage. Debajo de la tapa harm\u00f3nica, una pastilla sensible mejora las vibraciones de la caja de resonancia que se puede combinar con la pastilla Sonicore debajo del puente.","og_url":"https:\/\/www.callandplay.com\/en\/fender-pd-220e-dread-acoustic-natural\/","og_site_name":"Call&amp;Play","article_publisher":"https:\/\/www.facebook.com\/callandplay","article_modified_time":"2026-04-15T20:54:15+00:00","twitter_card":"summary_large_image","twitter_misc":{"Estimated reading time":"1 minute"},"schema":{"@context":"https:\/\/schema.org","@graph":[{"@type":"WebPage","@id":"https:\/\/www.callandplay.com\/fender-pd-220e-dread-acoustic-natural\/","url":"https:\/\/www.callandplay.com\/fender-pd-220e-dread-acoustic-natural\/","name":"FENDER PD-220E DREAD ACOUSTIC NATURAL - Call&amp;Play","isPartOf":{"@id":"https:\/\/www.callandplay.com\/#website"},"datePublished":"2025-11-27T00:00:00+00:00","dateModified":"2026-04-15T20:54:15+00:00","breadcrumb":{"@id":"https:\/\/www.callandplay.com\/fender-pd-220e-dread-acoustic-natural\/#breadcrumb"},"inLanguage":"en-GB","potentialAction":[{"@type":"ReadAction","target":["https:\/\/www.callandplay.com\/fender-pd-220e-dread-acoustic-natural\/"]}]},{"@type":"BreadcrumbList","@id":"https:\/\/www.callandplay.com\/fender-pd-220e-dread-acoustic-natural\/#breadcrumb","itemListElement":[{"@type":"ListItem","position":1,"name":"Portada","item":"https:\/\/www.callandplay.com\/"},{"@type":"ListItem","position":2,"name":"Tienda","item":"https:\/\/www.callandplay.com\/tienda\/"},{"@type":"ListItem","position":3,"name":"FENDER PD-220E DREAD ACOUSTIC NATURAL"}]},{"@type":"WebSite","@id":"https:\/\/www.callandplay.com\/#website","url":"https:\/\/www.callandplay.com\/","name":"Call&amp;Play","description":"Alquiler de backline e instrumentos musicales","publisher":{"@id":"https:\/\/www.callandplay.com\/#organization"},"potentialAction":[{"@type":"SearchAction","target":{"@type":"EntryPoint","urlTemplate":"https:\/\/www.callandplay.com\/?s={search_term_string}"},"query-input":{"@type":"PropertyValueSpecification","valueRequired":true,"valueName":"search_term_string"}}],"inLanguage":"en-GB"},{"@type":"Organization","@id":"https:\/\/www.callandplay.com\/#organization","name":"Call&Play","url":"https:\/\/www.callandplay.com\/","logo":{"@type":"ImageObject","inLanguage":"en-GB","@id":"https:\/\/www.callandplay.com\/#\/schema\/logo\/image\/","url":"https:\/\/www.callandplay.com\/wp-content\/uploads\/2021\/06\/cropped-cropped-logo-black_con_sombra.png","contentUrl":"https:\/\/www.callandplay.com\/wp-content\/uploads\/2021\/06\/cropped-cropped-logo-black_con_sombra.png","width":512,"height":512,"caption":"Call&Play"},"image":{"@id":"https:\/\/www.callandplay.com\/#\/schema\/logo\/image\/"},"sameAs":["https:\/\/www.facebook.com\/callandplay","https:\/\/www.instagram.com\/call_and_play\/"]}]}},"_links":{"self":[{"href":"https:\/\/www.callandplay.com\/en\/wp-json\/wp\/v2\/product\/53146","targetHints":{"allow":["GET"]}}],"collection":[{"href":"https:\/\/www.callandplay.com\/en\/wp-json\/wp\/v2\/product"}],"about":[{"href":"https:\/\/www.callandplay.com\/en\/wp-json\/wp\/v2\/types\/product"}],"replies":[{"embeddable":true,"href":"https:\/\/www.callandplay.com\/en\/wp-json\/wp\/v2\/comments?post=53146"}],"version-history":[{"count":1,"href":"https:\/\/www.callandplay.com\/en\/wp-json\/wp\/v2\/product\/53146\/revisions"}],"predecessor-version":[{"id":55956,"href":"https:\/\/www.callandplay.com\/en\/wp-json\/wp\/v2\/product\/53146\/revisions\/55956"}],"wp:attachment":[{"href":"https:\/\/www.callandplay.com\/en\/wp-json\/wp\/v2\/media?parent=53146"}],"wp:term":[{"taxonomy":"product_brand","embeddable":true,"href":"https:\/\/www.callandplay.com\/en\/wp-json\/wp\/v2\/product_brand?post=53146"},{"taxonomy":"product_cat","embeddable":true,"href":"https:\/\/www.callandplay.com\/en\/wp-json\/wp\/v2\/product_cat?post=53146"},{"taxonomy":"product_tag","embeddable":true,"href":"https:\/\/www.callandplay.com\/en\/wp-json\/wp\/v2\/product_tag?post=53146"}],"curies":[{"name":"wp","href":"https:\/\/api.w.org\/{rel}","templated":true}]}}