{"id":53150,"date":"2024-03-01T00:00:00","date_gmt":"2024-03-01T00:00:00","guid":{"rendered":"https:\/\/www.callandplay.com\/fender-rumble-500-v3-210\/"},"modified":"2026-04-15T20:54:15","modified_gmt":"2026-04-15T20:54:15","slug":"fender-rumble-500-v3-210","status":"publish","type":"product","link":"https:\/\/www.callandplay.com\/en\/fender-rumble-500-v3-210\/","title":{"rendered":"FENDER RUMBLE 500 V3 210"},"content":{"rendered":"<p>Los combos de bajo Rumble han sido redise\u00f1ados para ser sorprendentemente compactos, port\u00e1tiles y ligeros, ofrecer un sonido de bajo Fender de potencia s\u00edsmica y dignos de los escenarios. A primera vista no da la impresi\u00f3n de que el peque\u00f1o Rumble 500 pueda ofrecer 500 vatios de potencia y refinamiento sonoro, pero es capaz de hacer exactamente esto. M\u00e1s ligero y potente que nunca, est\u00e1 construido con grandes caracter\u00edsticas incluyendo un estilo cl\u00e1sico Fender, dos altavoces Eminence\u00ae de 10&#8243;, altavoz tipo bocina con transductor ac\u00fastico, circuito de saturaci\u00f3n overdrive, ajuste de sonido voicing con tres botones de ajuste, entre otros. Un combo ideal para el bajista de concierto.<\/p>","protected":false},"excerpt":{"rendered":"<p>Los combos de bajo Rumble han sido redise\u00f1ados para ser sorprendentemente compactos, port\u00e1tiles y ligeros, ofrecer un sonido de bajo Fender de potencia s\u00edsmica y dignos de los escenarios. A primera vista no da la impresi\u00f3n de que el peque\u00f1o Rumble 500 pueda ofrecer 500 vatios de potencia y refinamiento sonoro, pero es capaz de hacer exactamente esto. M\u00e1s ligero y potente que nunca, est\u00e1 construido con grandes caracter\u00edsticas incluyendo un estilo cl\u00e1sico Fender, dos altavoces Eminence\u00ae de 10&#8243;, altavoz tipo bocina con transductor ac\u00fastico, circuito de saturaci\u00f3n overdrive, ajuste de sonido voicing con tres botones de ajuste, entre otros. Un combo ideal para el bajista de concierto.<\/p>","protected":false},"featured_media":0,"comment_status":"closed","ping_status":"closed","template":"","meta":{"_acf_changed":false,"om_disable_all_campaigns":false,"_monsterinsights_skip_tracking":false,"_monsterinsights_sitenote_active":false,"_monsterinsights_sitenote_note":"","_monsterinsights_sitenote_category":0},"product_brand":[],"product_cat":[1053],"product_tag":[],"class_list":{"0":"post-53150","1":"product","2":"type-product","3":"status-publish","5":"product_cat-combos-bajo","7":"first","8":"instock","9":"shipping-taxable","10":"purchasable","11":"product-type-simple"},"acf":[],"yoast_head":"<!-- This site is optimized with the Yoast SEO plugin v27.4 - https:\/\/yoast.com\/product\/yoast-seo-wordpress\/ -->\n<title>FENDER RUMBLE 500 V3 210 - Call&amp;Play<\/title>\n<meta name=\"robots\" content=\"index, follow, max-snippet:-1, max-image-preview:large, max-video-preview:-1\" \/>\n<link rel=\"canonical\" href=\"https:\/\/www.callandplay.com\/en\/fender-rumble-500-v3-210\/\" \/>\n<meta property=\"og:locale\" content=\"en_GB\" \/>\n<meta property=\"og:type\" content=\"article\" \/>\n<meta property=\"og:title\" content=\"FENDER RUMBLE 500 V3 210 - Call&amp;Play\" \/>\n<meta property=\"og:description\" content=\"Los combos de bajo Rumble han sido redise\u00f1ados para ser sorprendentemente compactos, port\u00e1tiles y ligeros, ofrecer un sonido de bajo Fender de potencia s\u00edsmica y dignos de los escenarios. A primera vista no da la impresi\u00f3n de que el peque\u00f1o Rumble 500 pueda ofrecer 500 vatios de potencia y refinamiento sonoro, pero es capaz de hacer exactamente esto. M\u00e1s ligero y potente que nunca, est\u00e1 construido con grandes caracter\u00edsticas incluyendo un estilo cl\u00e1sico Fender, dos altavoces Eminence\u00ae de 10&quot;, altavoz tipo bocina con transductor ac\u00fastico, circuito de saturaci\u00f3n overdrive, ajuste de sonido voicing con tres botones de ajuste, entre otros. Un combo ideal para el bajista de concierto.\" \/>\n<meta property=\"og:url\" content=\"https:\/\/www.callandplay.com\/en\/fender-rumble-500-v3-210\/\" \/>\n<meta property=\"og:site_name\" content=\"Call&amp;Play\" \/>\n<meta property=\"article:publisher\" content=\"https:\/\/www.facebook.com\/callandplay\" \/>\n<meta property=\"article:modified_time\" content=\"2026-04-15T20:54:15+00:00\" \/>\n<meta name=\"twitter:card\" content=\"summary_large_image\" \/>\n<meta name=\"twitter:label1\" content=\"Estimated reading time\" \/>\n\t<meta name=\"twitter:data1\" content=\"1 minute\" \/>\n<script type=\"application\/ld+json\" class=\"yoast-schema-graph\">{\"@context\":\"https:\\\/\\\/schema.org\",\"@graph\":[{\"@type\":\"WebPage\",\"@id\":\"https:\\\/\\\/www.callandplay.com\\\/fender-rumble-500-v3-210\\\/\",\"url\":\"https:\\\/\\\/www.callandplay.com\\\/fender-rumble-500-v3-210\\\/\",\"name\":\"FENDER RUMBLE 500 V3 210 - Call&amp;Play\",\"isPartOf\":{\"@id\":\"https:\\\/\\\/www.callandplay.com\\\/#website\"},\"datePublished\":\"2024-03-01T00:00:00+00:00\",\"dateModified\":\"2026-04-15T20:54:15+00:00\",\"breadcrumb\":{\"@id\":\"https:\\\/\\\/www.callandplay.com\\\/fender-rumble-500-v3-210\\\/#breadcrumb\"},\"inLanguage\":\"en-GB\",\"potentialAction\":[{\"@type\":\"ReadAction\",\"target\":[\"https:\\\/\\\/www.callandplay.com\\\/fender-rumble-500-v3-210\\\/\"]}]},{\"@type\":\"BreadcrumbList\",\"@id\":\"https:\\\/\\\/www.callandplay.com\\\/fender-rumble-500-v3-210\\\/#breadcrumb\",\"itemListElement\":[{\"@type\":\"ListItem\",\"position\":1,\"name\":\"Portada\",\"item\":\"https:\\\/\\\/www.callandplay.com\\\/\"},{\"@type\":\"ListItem\",\"position\":2,\"name\":\"Tienda\",\"item\":\"https:\\\/\\\/www.callandplay.com\\\/tienda\\\/\"},{\"@type\":\"ListItem\",\"position\":3,\"name\":\"FENDER RUMBLE 500 V3 210\"}]},{\"@type\":\"WebSite\",\"@id\":\"https:\\\/\\\/www.callandplay.com\\\/#website\",\"url\":\"https:\\\/\\\/www.callandplay.com\\\/\",\"name\":\"Call&amp;Play\",\"description\":\"Alquiler de backline e instrumentos musicales\",\"publisher\":{\"@id\":\"https:\\\/\\\/www.callandplay.com\\\/#organization\"},\"potentialAction\":[{\"@type\":\"SearchAction\",\"target\":{\"@type\":\"EntryPoint\",\"urlTemplate\":\"https:\\\/\\\/www.callandplay.com\\\/?s={search_term_string}\"},\"query-input\":{\"@type\":\"PropertyValueSpecification\",\"valueRequired\":true,\"valueName\":\"search_term_string\"}}],\"inLanguage\":\"en-GB\"},{\"@type\":\"Organization\",\"@id\":\"https:\\\/\\\/www.callandplay.com\\\/#organization\",\"name\":\"Call&Play\",\"url\":\"https:\\\/\\\/www.callandplay.com\\\/\",\"logo\":{\"@type\":\"ImageObject\",\"inLanguage\":\"en-GB\",\"@id\":\"https:\\\/\\\/www.callandplay.com\\\/#\\\/schema\\\/logo\\\/image\\\/\",\"url\":\"https:\\\/\\\/www.callandplay.com\\\/wp-content\\\/uploads\\\/2021\\\/06\\\/cropped-cropped-logo-black_con_sombra.png\",\"contentUrl\":\"https:\\\/\\\/www.callandplay.com\\\/wp-content\\\/uploads\\\/2021\\\/06\\\/cropped-cropped-logo-black_con_sombra.png\",\"width\":512,\"height\":512,\"caption\":\"Call&Play\"},\"image\":{\"@id\":\"https:\\\/\\\/www.callandplay.com\\\/#\\\/schema\\\/logo\\\/image\\\/\"},\"sameAs\":[\"https:\\\/\\\/www.facebook.com\\\/callandplay\",\"https:\\\/\\\/www.instagram.com\\\/call_and_play\\\/\"]}]}<\/script>\n<!-- \/ Yoast SEO plugin. -->","yoast_head_json":{"title":"FENDER RUMBLE 500 V3 210 - Call&amp;Play","robots":{"index":"index","follow":"follow","max-snippet":"max-snippet:-1","max-image-preview":"max-image-preview:large","max-video-preview":"max-video-preview:-1"},"canonical":"https:\/\/www.callandplay.com\/en\/fender-rumble-500-v3-210\/","og_locale":"en_GB","og_type":"article","og_title":"FENDER RUMBLE 500 V3 210 - Call&amp;Play","og_description":"Los combos de bajo Rumble han sido redise\u00f1ados para ser sorprendentemente compactos, port\u00e1tiles y ligeros, ofrecer un sonido de bajo Fender de potencia s\u00edsmica y dignos de los escenarios. A primera vista no da la impresi\u00f3n de que el peque\u00f1o Rumble 500 pueda ofrecer 500 vatios de potencia y refinamiento sonoro, pero es capaz de hacer exactamente esto. M\u00e1s ligero y potente que nunca, est\u00e1 construido con grandes caracter\u00edsticas incluyendo un estilo cl\u00e1sico Fender, dos altavoces Eminence\u00ae de 10\", altavoz tipo bocina con transductor ac\u00fastico, circuito de saturaci\u00f3n overdrive, ajuste de sonido voicing con tres botones de ajuste, entre otros. Un combo ideal para el bajista de concierto.","og_url":"https:\/\/www.callandplay.com\/en\/fender-rumble-500-v3-210\/","og_site_name":"Call&amp;Play","article_publisher":"https:\/\/www.facebook.com\/callandplay","article_modified_time":"2026-04-15T20:54:15+00:00","twitter_card":"summary_large_image","twitter_misc":{"Estimated reading time":"1 minute"},"schema":{"@context":"https:\/\/schema.org","@graph":[{"@type":"WebPage","@id":"https:\/\/www.callandplay.com\/fender-rumble-500-v3-210\/","url":"https:\/\/www.callandplay.com\/fender-rumble-500-v3-210\/","name":"FENDER RUMBLE 500 V3 210 - Call&amp;Play","isPartOf":{"@id":"https:\/\/www.callandplay.com\/#website"},"datePublished":"2024-03-01T00:00:00+00:00","dateModified":"2026-04-15T20:54:15+00:00","breadcrumb":{"@id":"https:\/\/www.callandplay.com\/fender-rumble-500-v3-210\/#breadcrumb"},"inLanguage":"en-GB","potentialAction":[{"@type":"ReadAction","target":["https:\/\/www.callandplay.com\/fender-rumble-500-v3-210\/"]}]},{"@type":"BreadcrumbList","@id":"https:\/\/www.callandplay.com\/fender-rumble-500-v3-210\/#breadcrumb","itemListElement":[{"@type":"ListItem","position":1,"name":"Portada","item":"https:\/\/www.callandplay.com\/"},{"@type":"ListItem","position":2,"name":"Tienda","item":"https:\/\/www.callandplay.com\/tienda\/"},{"@type":"ListItem","position":3,"name":"FENDER RUMBLE 500 V3 210"}]},{"@type":"WebSite","@id":"https:\/\/www.callandplay.com\/#website","url":"https:\/\/www.callandplay.com\/","name":"Call&amp;Play","description":"Alquiler de backline e instrumentos musicales","publisher":{"@id":"https:\/\/www.callandplay.com\/#organization"},"potentialAction":[{"@type":"SearchAction","target":{"@type":"EntryPoint","urlTemplate":"https:\/\/www.callandplay.com\/?s={search_term_string}"},"query-input":{"@type":"PropertyValueSpecification","valueRequired":true,"valueName":"search_term_string"}}],"inLanguage":"en-GB"},{"@type":"Organization","@id":"https:\/\/www.callandplay.com\/#organization","name":"Call&Play","url":"https:\/\/www.callandplay.com\/","logo":{"@type":"ImageObject","inLanguage":"en-GB","@id":"https:\/\/www.callandplay.com\/#\/schema\/logo\/image\/","url":"https:\/\/www.callandplay.com\/wp-content\/uploads\/2021\/06\/cropped-cropped-logo-black_con_sombra.png","contentUrl":"https:\/\/www.callandplay.com\/wp-content\/uploads\/2021\/06\/cropped-cropped-logo-black_con_sombra.png","width":512,"height":512,"caption":"Call&Play"},"image":{"@id":"https:\/\/www.callandplay.com\/#\/schema\/logo\/image\/"},"sameAs":["https:\/\/www.facebook.com\/callandplay","https:\/\/www.instagram.com\/call_and_play\/"]}]}},"_links":{"self":[{"href":"https:\/\/www.callandplay.com\/en\/wp-json\/wp\/v2\/product\/53150","targetHints":{"allow":["GET"]}}],"collection":[{"href":"https:\/\/www.callandplay.com\/en\/wp-json\/wp\/v2\/product"}],"about":[{"href":"https:\/\/www.callandplay.com\/en\/wp-json\/wp\/v2\/types\/product"}],"replies":[{"embeddable":true,"href":"https:\/\/www.callandplay.com\/en\/wp-json\/wp\/v2\/comments?post=53150"}],"version-history":[{"count":1,"href":"https:\/\/www.callandplay.com\/en\/wp-json\/wp\/v2\/product\/53150\/revisions"}],"predecessor-version":[{"id":55960,"href":"https:\/\/www.callandplay.com\/en\/wp-json\/wp\/v2\/product\/53150\/revisions\/55960"}],"wp:attachment":[{"href":"https:\/\/www.callandplay.com\/en\/wp-json\/wp\/v2\/media?parent=53150"}],"wp:term":[{"taxonomy":"product_brand","embeddable":true,"href":"https:\/\/www.callandplay.com\/en\/wp-json\/wp\/v2\/product_brand?post=53150"},{"taxonomy":"product_cat","embeddable":true,"href":"https:\/\/www.callandplay.com\/en\/wp-json\/wp\/v2\/product_cat?post=53150"},{"taxonomy":"product_tag","embeddable":true,"href":"https:\/\/www.callandplay.com\/en\/wp-json\/wp\/v2\/product_tag?post=53150"}],"curies":[{"name":"wp","href":"https:\/\/api.w.org\/{rel}","templated":true}]}}