{"id":53354,"date":"2025-07-26T00:00:00","date_gmt":"2025-07-26T00:00:00","guid":{"rendered":"https:\/\/www.callandplay.com\/drum-baffle-30\/"},"modified":"2026-04-15T20:54:21","modified_gmt":"2026-04-15T20:54:21","slug":"drum-baffle-30","status":"publish","type":"product","link":"https:\/\/www.callandplay.com\/en\/drum-baffle-30\/","title":{"rendered":"DRUM BAFFLE 30&#8243;"},"content":{"rendered":"<p>Deflector de tambor de 30&#8243; de di\u00e1metro. Arandela de goma con orificio central de 7\/16&#8243;: se adapta a todos los soportes de platillos. Fabricado en vidrio acr\u00edlico de 1\/4&#8243; de espesor. Bordes pulidos con l\u00e1ser. Dise\u00f1ado para brindar la m\u00e1xima protecci\u00f3n para sus micr\u00f3fonos vocales durante presentaciones en vivo. Estos deflectores de tambor tambi\u00e9n est\u00e1n dise\u00f1ados para brindar la mayor reflexi\u00f3n de platillos posible, lo que garantiza que pueda disfrutar de la gama completa de sus platillos sin ninguna interferencia no deseada. El tama\u00f1o de 30 pulgadas es el m\u00e1s grande de su colecci\u00f3n, lo que brinda m\u00e1xima cobertura y reducci\u00f3n de sonido.<\/p>","protected":false},"excerpt":{"rendered":"<p>Deflector de tambor de 30&#8243; de di\u00e1metro. Arandela de goma con orificio central de 7\/16&#8243;: se adapta a todos los soportes de platillos. Fabricado en vidrio acr\u00edlico de 1\/4&#8243; de espesor. Bordes pulidos con l\u00e1ser. Dise\u00f1ado para brindar la m\u00e1xima protecci\u00f3n para sus micr\u00f3fonos vocales durante presentaciones en vivo. Estos deflectores de tambor tambi\u00e9n est\u00e1n dise\u00f1ados para brindar la mayor reflexi\u00f3n de platillos posible, lo que garantiza que pueda disfrutar de la gama completa de sus platillos sin ninguna interferencia no deseada. El tama\u00f1o de 30 pulgadas es el m\u00e1s grande de su colecci\u00f3n, lo que brinda m\u00e1xima cobertura y reducci\u00f3n de sonido.<\/p>","protected":false},"featured_media":0,"comment_status":"closed","ping_status":"closed","template":"","meta":{"_acf_changed":false,"om_disable_all_campaigns":false,"_monsterinsights_skip_tracking":false,"_monsterinsights_sitenote_active":false,"_monsterinsights_sitenote_note":"","_monsterinsights_sitenote_category":0},"product_brand":[],"product_cat":[1012],"product_tag":[],"class_list":{"0":"post-53354","1":"product","2":"type-product","3":"status-publish","5":"product_cat-metacrilatos","7":"first","8":"instock","9":"shipping-taxable","10":"purchasable","11":"product-type-simple"},"acf":[],"yoast_head":"<!-- This site is optimized with the Yoast SEO plugin v27.4 - https:\/\/yoast.com\/product\/yoast-seo-wordpress\/ -->\n<title>DRUM BAFFLE 30&quot; - Call&amp;Play<\/title>\n<meta name=\"robots\" content=\"index, follow, max-snippet:-1, max-image-preview:large, max-video-preview:-1\" \/>\n<link rel=\"canonical\" href=\"https:\/\/www.callandplay.com\/en\/drum-baffle-30\/\" \/>\n<meta property=\"og:locale\" content=\"en_GB\" \/>\n<meta property=\"og:type\" content=\"article\" \/>\n<meta property=\"og:title\" content=\"DRUM BAFFLE 30&quot; - Call&amp;Play\" \/>\n<meta property=\"og:description\" content=\"Deflector de tambor de 30&quot; de di\u00e1metro. Arandela de goma con orificio central de 7\/16&quot;: se adapta a todos los soportes de platillos. Fabricado en vidrio acr\u00edlico de 1\/4&quot; de espesor. Bordes pulidos con l\u00e1ser. Dise\u00f1ado para brindar la m\u00e1xima protecci\u00f3n para sus micr\u00f3fonos vocales durante presentaciones en vivo. Estos deflectores de tambor tambi\u00e9n est\u00e1n dise\u00f1ados para brindar la mayor reflexi\u00f3n de platillos posible, lo que garantiza que pueda disfrutar de la gama completa de sus platillos sin ninguna interferencia no deseada. El tama\u00f1o de 30 pulgadas es el m\u00e1s grande de su colecci\u00f3n, lo que brinda m\u00e1xima cobertura y reducci\u00f3n de sonido.\" \/>\n<meta property=\"og:url\" content=\"https:\/\/www.callandplay.com\/en\/drum-baffle-30\/\" \/>\n<meta property=\"og:site_name\" content=\"Call&amp;Play\" \/>\n<meta property=\"article:publisher\" content=\"https:\/\/www.facebook.com\/callandplay\" \/>\n<meta property=\"article:modified_time\" content=\"2026-04-15T20:54:21+00:00\" \/>\n<meta name=\"twitter:card\" content=\"summary_large_image\" \/>\n<meta name=\"twitter:label1\" content=\"Estimated reading time\" \/>\n\t<meta name=\"twitter:data1\" content=\"1 minute\" \/>\n<script type=\"application\/ld+json\" class=\"yoast-schema-graph\">{\"@context\":\"https:\\\/\\\/schema.org\",\"@graph\":[{\"@type\":\"WebPage\",\"@id\":\"https:\\\/\\\/www.callandplay.com\\\/drum-baffle-30\\\/\",\"url\":\"https:\\\/\\\/www.callandplay.com\\\/drum-baffle-30\\\/\",\"name\":\"DRUM BAFFLE 30\\\" - Call&amp;Play\",\"isPartOf\":{\"@id\":\"https:\\\/\\\/www.callandplay.com\\\/#website\"},\"datePublished\":\"2025-07-26T00:00:00+00:00\",\"dateModified\":\"2026-04-15T20:54:21+00:00\",\"breadcrumb\":{\"@id\":\"https:\\\/\\\/www.callandplay.com\\\/drum-baffle-30\\\/#breadcrumb\"},\"inLanguage\":\"en-GB\",\"potentialAction\":[{\"@type\":\"ReadAction\",\"target\":[\"https:\\\/\\\/www.callandplay.com\\\/drum-baffle-30\\\/\"]}]},{\"@type\":\"BreadcrumbList\",\"@id\":\"https:\\\/\\\/www.callandplay.com\\\/drum-baffle-30\\\/#breadcrumb\",\"itemListElement\":[{\"@type\":\"ListItem\",\"position\":1,\"name\":\"Portada\",\"item\":\"https:\\\/\\\/www.callandplay.com\\\/\"},{\"@type\":\"ListItem\",\"position\":2,\"name\":\"Tienda\",\"item\":\"https:\\\/\\\/www.callandplay.com\\\/tienda\\\/\"},{\"@type\":\"ListItem\",\"position\":3,\"name\":\"DRUM BAFFLE 30&#8243;\"}]},{\"@type\":\"WebSite\",\"@id\":\"https:\\\/\\\/www.callandplay.com\\\/#website\",\"url\":\"https:\\\/\\\/www.callandplay.com\\\/\",\"name\":\"Call&amp;Play\",\"description\":\"Alquiler de backline e instrumentos musicales\",\"publisher\":{\"@id\":\"https:\\\/\\\/www.callandplay.com\\\/#organization\"},\"potentialAction\":[{\"@type\":\"SearchAction\",\"target\":{\"@type\":\"EntryPoint\",\"urlTemplate\":\"https:\\\/\\\/www.callandplay.com\\\/?s={search_term_string}\"},\"query-input\":{\"@type\":\"PropertyValueSpecification\",\"valueRequired\":true,\"valueName\":\"search_term_string\"}}],\"inLanguage\":\"en-GB\"},{\"@type\":\"Organization\",\"@id\":\"https:\\\/\\\/www.callandplay.com\\\/#organization\",\"name\":\"Call&Play\",\"url\":\"https:\\\/\\\/www.callandplay.com\\\/\",\"logo\":{\"@type\":\"ImageObject\",\"inLanguage\":\"en-GB\",\"@id\":\"https:\\\/\\\/www.callandplay.com\\\/#\\\/schema\\\/logo\\\/image\\\/\",\"url\":\"https:\\\/\\\/www.callandplay.com\\\/wp-content\\\/uploads\\\/2021\\\/06\\\/cropped-cropped-logo-black_con_sombra.png\",\"contentUrl\":\"https:\\\/\\\/www.callandplay.com\\\/wp-content\\\/uploads\\\/2021\\\/06\\\/cropped-cropped-logo-black_con_sombra.png\",\"width\":512,\"height\":512,\"caption\":\"Call&Play\"},\"image\":{\"@id\":\"https:\\\/\\\/www.callandplay.com\\\/#\\\/schema\\\/logo\\\/image\\\/\"},\"sameAs\":[\"https:\\\/\\\/www.facebook.com\\\/callandplay\",\"https:\\\/\\\/www.instagram.com\\\/call_and_play\\\/\"]}]}<\/script>\n<!-- \/ Yoast SEO plugin. -->","yoast_head_json":{"title":"DRUM BAFFLE 30\" - Call&amp;Play","robots":{"index":"index","follow":"follow","max-snippet":"max-snippet:-1","max-image-preview":"max-image-preview:large","max-video-preview":"max-video-preview:-1"},"canonical":"https:\/\/www.callandplay.com\/en\/drum-baffle-30\/","og_locale":"en_GB","og_type":"article","og_title":"DRUM BAFFLE 30\" - Call&amp;Play","og_description":"Deflector de tambor de 30\" de di\u00e1metro. Arandela de goma con orificio central de 7\/16\": se adapta a todos los soportes de platillos. Fabricado en vidrio acr\u00edlico de 1\/4\" de espesor. Bordes pulidos con l\u00e1ser. Dise\u00f1ado para brindar la m\u00e1xima protecci\u00f3n para sus micr\u00f3fonos vocales durante presentaciones en vivo. Estos deflectores de tambor tambi\u00e9n est\u00e1n dise\u00f1ados para brindar la mayor reflexi\u00f3n de platillos posible, lo que garantiza que pueda disfrutar de la gama completa de sus platillos sin ninguna interferencia no deseada. El tama\u00f1o de 30 pulgadas es el m\u00e1s grande de su colecci\u00f3n, lo que brinda m\u00e1xima cobertura y reducci\u00f3n de sonido.","og_url":"https:\/\/www.callandplay.com\/en\/drum-baffle-30\/","og_site_name":"Call&amp;Play","article_publisher":"https:\/\/www.facebook.com\/callandplay","article_modified_time":"2026-04-15T20:54:21+00:00","twitter_card":"summary_large_image","twitter_misc":{"Estimated reading time":"1 minute"},"schema":{"@context":"https:\/\/schema.org","@graph":[{"@type":"WebPage","@id":"https:\/\/www.callandplay.com\/drum-baffle-30\/","url":"https:\/\/www.callandplay.com\/drum-baffle-30\/","name":"DRUM BAFFLE 30\" - Call&amp;Play","isPartOf":{"@id":"https:\/\/www.callandplay.com\/#website"},"datePublished":"2025-07-26T00:00:00+00:00","dateModified":"2026-04-15T20:54:21+00:00","breadcrumb":{"@id":"https:\/\/www.callandplay.com\/drum-baffle-30\/#breadcrumb"},"inLanguage":"en-GB","potentialAction":[{"@type":"ReadAction","target":["https:\/\/www.callandplay.com\/drum-baffle-30\/"]}]},{"@type":"BreadcrumbList","@id":"https:\/\/www.callandplay.com\/drum-baffle-30\/#breadcrumb","itemListElement":[{"@type":"ListItem","position":1,"name":"Portada","item":"https:\/\/www.callandplay.com\/"},{"@type":"ListItem","position":2,"name":"Tienda","item":"https:\/\/www.callandplay.com\/tienda\/"},{"@type":"ListItem","position":3,"name":"DRUM BAFFLE 30&#8243;"}]},{"@type":"WebSite","@id":"https:\/\/www.callandplay.com\/#website","url":"https:\/\/www.callandplay.com\/","name":"Call&amp;Play","description":"Alquiler de backline e instrumentos musicales","publisher":{"@id":"https:\/\/www.callandplay.com\/#organization"},"potentialAction":[{"@type":"SearchAction","target":{"@type":"EntryPoint","urlTemplate":"https:\/\/www.callandplay.com\/?s={search_term_string}"},"query-input":{"@type":"PropertyValueSpecification","valueRequired":true,"valueName":"search_term_string"}}],"inLanguage":"en-GB"},{"@type":"Organization","@id":"https:\/\/www.callandplay.com\/#organization","name":"Call&Play","url":"https:\/\/www.callandplay.com\/","logo":{"@type":"ImageObject","inLanguage":"en-GB","@id":"https:\/\/www.callandplay.com\/#\/schema\/logo\/image\/","url":"https:\/\/www.callandplay.com\/wp-content\/uploads\/2021\/06\/cropped-cropped-logo-black_con_sombra.png","contentUrl":"https:\/\/www.callandplay.com\/wp-content\/uploads\/2021\/06\/cropped-cropped-logo-black_con_sombra.png","width":512,"height":512,"caption":"Call&Play"},"image":{"@id":"https:\/\/www.callandplay.com\/#\/schema\/logo\/image\/"},"sameAs":["https:\/\/www.facebook.com\/callandplay","https:\/\/www.instagram.com\/call_and_play\/"]}]}},"_links":{"self":[{"href":"https:\/\/www.callandplay.com\/en\/wp-json\/wp\/v2\/product\/53354","targetHints":{"allow":["GET"]}}],"collection":[{"href":"https:\/\/www.callandplay.com\/en\/wp-json\/wp\/v2\/product"}],"about":[{"href":"https:\/\/www.callandplay.com\/en\/wp-json\/wp\/v2\/types\/product"}],"replies":[{"embeddable":true,"href":"https:\/\/www.callandplay.com\/en\/wp-json\/wp\/v2\/comments?post=53354"}],"version-history":[{"count":1,"href":"https:\/\/www.callandplay.com\/en\/wp-json\/wp\/v2\/product\/53354\/revisions"}],"predecessor-version":[{"id":56164,"href":"https:\/\/www.callandplay.com\/en\/wp-json\/wp\/v2\/product\/53354\/revisions\/56164"}],"wp:attachment":[{"href":"https:\/\/www.callandplay.com\/en\/wp-json\/wp\/v2\/media?parent=53354"}],"wp:term":[{"taxonomy":"product_brand","embeddable":true,"href":"https:\/\/www.callandplay.com\/en\/wp-json\/wp\/v2\/product_brand?post=53354"},{"taxonomy":"product_cat","embeddable":true,"href":"https:\/\/www.callandplay.com\/en\/wp-json\/wp\/v2\/product_cat?post=53354"},{"taxonomy":"product_tag","embeddable":true,"href":"https:\/\/www.callandplay.com\/en\/wp-json\/wp\/v2\/product_tag?post=53354"}],"curies":[{"name":"wp","href":"https:\/\/api.w.org\/{rel}","templated":true}]}}