{"id":53369,"date":"2025-07-31T00:00:00","date_gmt":"2025-07-31T00:00:00","guid":{"rendered":"https:\/\/www.callandplay.com\/guil-fl-01-flute-trumpet-clarinet-stand\/"},"modified":"2026-04-15T20:54:22","modified_gmt":"2026-04-15T20:54:22","slug":"guil-fl-01-flute-trumpet-clarinet-stand","status":"publish","type":"product","link":"https:\/\/www.callandplay.com\/en\/guil-fl-01-flute-trumpet-clarinet-stand\/","title":{"rendered":"GUIL FL-01 FLUTE\/TRUMPET\/CLARINET STAND"},"content":{"rendered":"<p>Soporte para flauta, trompeta, clarinete o saxof\u00f3n soprano con robustas patas plegables tipo tr\u00edpode para mayor durabilidad y f\u00e1cil manejo. Especialmente indicado para presentaciones en escenario. Cuenta con una clavija de madera maciza (\u00d8 19 mm) recubierta de terciopelo negro para proteger el instrumento. El soporte est\u00e1 fabricado en acero y acabado con un recubrimiento en polvo negro texturizado antirayaduras. Sus patas cuentan con tacos antideslizantes para un mejor agarre al suelo. Altura m\u00e1xima: 39 cm. Peso neto: 0,42 kg. Di\u00e1metro de la base: 32 cm. Dimensiones plegado: 35 x 7 x 7 cm.<\/p>","protected":false},"excerpt":{"rendered":"<p>Soporte para flauta, trompeta, clarinete o saxof\u00f3n soprano con robustas patas plegables tipo tr\u00edpode para mayor durabilidad y f\u00e1cil manejo. Especialmente indicado para presentaciones en escenario. Cuenta con una clavija de madera maciza (\u00d8 19 mm) recubierta de terciopelo negro para proteger el instrumento. El soporte est\u00e1 fabricado en acero y acabado con un recubrimiento en polvo negro texturizado antirayaduras. Sus patas cuentan con tacos antideslizantes para un mejor agarre al suelo. Altura m\u00e1xima: 39 cm. Peso neto: 0,42 kg. Di\u00e1metro de la base: 32 cm. Dimensiones plegado: 35 x 7 x 7 cm.<\/p>","protected":false},"featured_media":0,"comment_status":"closed","ping_status":"closed","template":"","meta":{"_acf_changed":false,"om_disable_all_campaigns":false,"_monsterinsights_skip_tracking":false,"_monsterinsights_sitenote_active":false,"_monsterinsights_sitenote_note":"","_monsterinsights_sitenote_category":0},"product_brand":[],"product_cat":[1188],"product_tag":[],"class_list":{"0":"post-53369","1":"product","2":"type-product","3":"status-publish","5":"product_cat-soportes-multiples-soportes-viento","7":"first","8":"instock","9":"shipping-taxable","10":"purchasable","11":"product-type-simple"},"acf":[],"yoast_head":"<!-- This site is optimized with the Yoast SEO plugin v27.4 - https:\/\/yoast.com\/product\/yoast-seo-wordpress\/ -->\n<title>GUIL FL-01 FLUTE\/TRUMPET\/CLARINET STAND - Call&amp;Play<\/title>\n<meta name=\"robots\" content=\"index, follow, max-snippet:-1, max-image-preview:large, max-video-preview:-1\" \/>\n<link rel=\"canonical\" href=\"https:\/\/www.callandplay.com\/en\/guil-fl-01-flute-trumpet-clarinet-stand\/\" \/>\n<meta property=\"og:locale\" content=\"en_GB\" \/>\n<meta property=\"og:type\" content=\"article\" \/>\n<meta property=\"og:title\" content=\"GUIL FL-01 FLUTE\/TRUMPET\/CLARINET STAND - Call&amp;Play\" \/>\n<meta property=\"og:description\" content=\"Soporte para flauta, trompeta, clarinete o saxof\u00f3n soprano con robustas patas plegables tipo tr\u00edpode para mayor durabilidad y f\u00e1cil manejo. Especialmente indicado para presentaciones en escenario. Cuenta con una clavija de madera maciza (\u00d8 19 mm) recubierta de terciopelo negro para proteger el instrumento. El soporte est\u00e1 fabricado en acero y acabado con un recubrimiento en polvo negro texturizado antirayaduras. Sus patas cuentan con tacos antideslizantes para un mejor agarre al suelo. Altura m\u00e1xima: 39 cm. Peso neto: 0,42 kg. Di\u00e1metro de la base: 32 cm. Dimensiones plegado: 35 x 7 x 7 cm.\" \/>\n<meta property=\"og:url\" content=\"https:\/\/www.callandplay.com\/en\/guil-fl-01-flute-trumpet-clarinet-stand\/\" \/>\n<meta property=\"og:site_name\" content=\"Call&amp;Play\" \/>\n<meta property=\"article:publisher\" content=\"https:\/\/www.facebook.com\/callandplay\" \/>\n<meta property=\"article:modified_time\" content=\"2026-04-15T20:54:22+00:00\" \/>\n<meta name=\"twitter:card\" content=\"summary_large_image\" \/>\n<script type=\"application\/ld+json\" class=\"yoast-schema-graph\">{\"@context\":\"https:\\\/\\\/schema.org\",\"@graph\":[{\"@type\":\"WebPage\",\"@id\":\"https:\\\/\\\/www.callandplay.com\\\/guil-fl-01-flute-trumpet-clarinet-stand\\\/\",\"url\":\"https:\\\/\\\/www.callandplay.com\\\/guil-fl-01-flute-trumpet-clarinet-stand\\\/\",\"name\":\"GUIL FL-01 FLUTE\\\/TRUMPET\\\/CLARINET STAND - Call&amp;Play\",\"isPartOf\":{\"@id\":\"https:\\\/\\\/www.callandplay.com\\\/#website\"},\"datePublished\":\"2025-07-31T00:00:00+00:00\",\"dateModified\":\"2026-04-15T20:54:22+00:00\",\"breadcrumb\":{\"@id\":\"https:\\\/\\\/www.callandplay.com\\\/guil-fl-01-flute-trumpet-clarinet-stand\\\/#breadcrumb\"},\"inLanguage\":\"en-GB\",\"potentialAction\":[{\"@type\":\"ReadAction\",\"target\":[\"https:\\\/\\\/www.callandplay.com\\\/guil-fl-01-flute-trumpet-clarinet-stand\\\/\"]}]},{\"@type\":\"BreadcrumbList\",\"@id\":\"https:\\\/\\\/www.callandplay.com\\\/guil-fl-01-flute-trumpet-clarinet-stand\\\/#breadcrumb\",\"itemListElement\":[{\"@type\":\"ListItem\",\"position\":1,\"name\":\"Portada\",\"item\":\"https:\\\/\\\/www.callandplay.com\\\/\"},{\"@type\":\"ListItem\",\"position\":2,\"name\":\"Tienda\",\"item\":\"https:\\\/\\\/www.callandplay.com\\\/tienda\\\/\"},{\"@type\":\"ListItem\",\"position\":3,\"name\":\"GUIL FL-01 FLUTE\\\/TRUMPET\\\/CLARINET STAND\"}]},{\"@type\":\"WebSite\",\"@id\":\"https:\\\/\\\/www.callandplay.com\\\/#website\",\"url\":\"https:\\\/\\\/www.callandplay.com\\\/\",\"name\":\"Call&amp;Play\",\"description\":\"Alquiler de backline e instrumentos musicales\",\"publisher\":{\"@id\":\"https:\\\/\\\/www.callandplay.com\\\/#organization\"},\"potentialAction\":[{\"@type\":\"SearchAction\",\"target\":{\"@type\":\"EntryPoint\",\"urlTemplate\":\"https:\\\/\\\/www.callandplay.com\\\/?s={search_term_string}\"},\"query-input\":{\"@type\":\"PropertyValueSpecification\",\"valueRequired\":true,\"valueName\":\"search_term_string\"}}],\"inLanguage\":\"en-GB\"},{\"@type\":\"Organization\",\"@id\":\"https:\\\/\\\/www.callandplay.com\\\/#organization\",\"name\":\"Call&Play\",\"url\":\"https:\\\/\\\/www.callandplay.com\\\/\",\"logo\":{\"@type\":\"ImageObject\",\"inLanguage\":\"en-GB\",\"@id\":\"https:\\\/\\\/www.callandplay.com\\\/#\\\/schema\\\/logo\\\/image\\\/\",\"url\":\"https:\\\/\\\/www.callandplay.com\\\/wp-content\\\/uploads\\\/2021\\\/06\\\/cropped-cropped-logo-black_con_sombra.png\",\"contentUrl\":\"https:\\\/\\\/www.callandplay.com\\\/wp-content\\\/uploads\\\/2021\\\/06\\\/cropped-cropped-logo-black_con_sombra.png\",\"width\":512,\"height\":512,\"caption\":\"Call&Play\"},\"image\":{\"@id\":\"https:\\\/\\\/www.callandplay.com\\\/#\\\/schema\\\/logo\\\/image\\\/\"},\"sameAs\":[\"https:\\\/\\\/www.facebook.com\\\/callandplay\",\"https:\\\/\\\/www.instagram.com\\\/call_and_play\\\/\"]}]}<\/script>\n<!-- \/ Yoast SEO plugin. -->","yoast_head_json":{"title":"GUIL FL-01 FLUTE\/TRUMPET\/CLARINET STAND - Call&amp;Play","robots":{"index":"index","follow":"follow","max-snippet":"max-snippet:-1","max-image-preview":"max-image-preview:large","max-video-preview":"max-video-preview:-1"},"canonical":"https:\/\/www.callandplay.com\/en\/guil-fl-01-flute-trumpet-clarinet-stand\/","og_locale":"en_GB","og_type":"article","og_title":"GUIL FL-01 FLUTE\/TRUMPET\/CLARINET STAND - Call&amp;Play","og_description":"Soporte para flauta, trompeta, clarinete o saxof\u00f3n soprano con robustas patas plegables tipo tr\u00edpode para mayor durabilidad y f\u00e1cil manejo. Especialmente indicado para presentaciones en escenario. Cuenta con una clavija de madera maciza (\u00d8 19 mm) recubierta de terciopelo negro para proteger el instrumento. El soporte est\u00e1 fabricado en acero y acabado con un recubrimiento en polvo negro texturizado antirayaduras. Sus patas cuentan con tacos antideslizantes para un mejor agarre al suelo. Altura m\u00e1xima: 39 cm. Peso neto: 0,42 kg. Di\u00e1metro de la base: 32 cm. Dimensiones plegado: 35 x 7 x 7 cm.","og_url":"https:\/\/www.callandplay.com\/en\/guil-fl-01-flute-trumpet-clarinet-stand\/","og_site_name":"Call&amp;Play","article_publisher":"https:\/\/www.facebook.com\/callandplay","article_modified_time":"2026-04-15T20:54:22+00:00","twitter_card":"summary_large_image","schema":{"@context":"https:\/\/schema.org","@graph":[{"@type":"WebPage","@id":"https:\/\/www.callandplay.com\/guil-fl-01-flute-trumpet-clarinet-stand\/","url":"https:\/\/www.callandplay.com\/guil-fl-01-flute-trumpet-clarinet-stand\/","name":"GUIL FL-01 FLUTE\/TRUMPET\/CLARINET STAND - Call&amp;Play","isPartOf":{"@id":"https:\/\/www.callandplay.com\/#website"},"datePublished":"2025-07-31T00:00:00+00:00","dateModified":"2026-04-15T20:54:22+00:00","breadcrumb":{"@id":"https:\/\/www.callandplay.com\/guil-fl-01-flute-trumpet-clarinet-stand\/#breadcrumb"},"inLanguage":"en-GB","potentialAction":[{"@type":"ReadAction","target":["https:\/\/www.callandplay.com\/guil-fl-01-flute-trumpet-clarinet-stand\/"]}]},{"@type":"BreadcrumbList","@id":"https:\/\/www.callandplay.com\/guil-fl-01-flute-trumpet-clarinet-stand\/#breadcrumb","itemListElement":[{"@type":"ListItem","position":1,"name":"Portada","item":"https:\/\/www.callandplay.com\/"},{"@type":"ListItem","position":2,"name":"Tienda","item":"https:\/\/www.callandplay.com\/tienda\/"},{"@type":"ListItem","position":3,"name":"GUIL FL-01 FLUTE\/TRUMPET\/CLARINET STAND"}]},{"@type":"WebSite","@id":"https:\/\/www.callandplay.com\/#website","url":"https:\/\/www.callandplay.com\/","name":"Call&amp;Play","description":"Alquiler de backline e instrumentos musicales","publisher":{"@id":"https:\/\/www.callandplay.com\/#organization"},"potentialAction":[{"@type":"SearchAction","target":{"@type":"EntryPoint","urlTemplate":"https:\/\/www.callandplay.com\/?s={search_term_string}"},"query-input":{"@type":"PropertyValueSpecification","valueRequired":true,"valueName":"search_term_string"}}],"inLanguage":"en-GB"},{"@type":"Organization","@id":"https:\/\/www.callandplay.com\/#organization","name":"Call&Play","url":"https:\/\/www.callandplay.com\/","logo":{"@type":"ImageObject","inLanguage":"en-GB","@id":"https:\/\/www.callandplay.com\/#\/schema\/logo\/image\/","url":"https:\/\/www.callandplay.com\/wp-content\/uploads\/2021\/06\/cropped-cropped-logo-black_con_sombra.png","contentUrl":"https:\/\/www.callandplay.com\/wp-content\/uploads\/2021\/06\/cropped-cropped-logo-black_con_sombra.png","width":512,"height":512,"caption":"Call&Play"},"image":{"@id":"https:\/\/www.callandplay.com\/#\/schema\/logo\/image\/"},"sameAs":["https:\/\/www.facebook.com\/callandplay","https:\/\/www.instagram.com\/call_and_play\/"]}]}},"_links":{"self":[{"href":"https:\/\/www.callandplay.com\/en\/wp-json\/wp\/v2\/product\/53369","targetHints":{"allow":["GET"]}}],"collection":[{"href":"https:\/\/www.callandplay.com\/en\/wp-json\/wp\/v2\/product"}],"about":[{"href":"https:\/\/www.callandplay.com\/en\/wp-json\/wp\/v2\/types\/product"}],"replies":[{"embeddable":true,"href":"https:\/\/www.callandplay.com\/en\/wp-json\/wp\/v2\/comments?post=53369"}],"version-history":[{"count":1,"href":"https:\/\/www.callandplay.com\/en\/wp-json\/wp\/v2\/product\/53369\/revisions"}],"predecessor-version":[{"id":56179,"href":"https:\/\/www.callandplay.com\/en\/wp-json\/wp\/v2\/product\/53369\/revisions\/56179"}],"wp:attachment":[{"href":"https:\/\/www.callandplay.com\/en\/wp-json\/wp\/v2\/media?parent=53369"}],"wp:term":[{"taxonomy":"product_brand","embeddable":true,"href":"https:\/\/www.callandplay.com\/en\/wp-json\/wp\/v2\/product_brand?post=53369"},{"taxonomy":"product_cat","embeddable":true,"href":"https:\/\/www.callandplay.com\/en\/wp-json\/wp\/v2\/product_cat?post=53369"},{"taxonomy":"product_tag","embeddable":true,"href":"https:\/\/www.callandplay.com\/en\/wp-json\/wp\/v2\/product_tag?post=53369"}],"curies":[{"name":"wp","href":"https:\/\/api.w.org\/{rel}","templated":true}]}}