{"id":53544,"date":"2025-09-13T00:00:00","date_gmt":"2025-09-13T00:00:00","guid":{"rendered":"https:\/\/www.callandplay.com\/arturia-minifreak\/"},"modified":"2026-04-13T20:36:04","modified_gmt":"2026-04-13T20:36:04","slug":"arturia-minifreak","status":"publish","type":"product","link":"https:\/\/www.callandplay.com\/en\/arturia-minifreak\/","title":{"rendered":"ARTURIA MINIFREAK"},"content":{"rendered":"<p>Sintetizador h\u00edbrido polif\u00f3nico de 6 voces. Teclado sensible a la velocidad de 37 notas con aftertouch. 2 motores de sonido con 22 modos de oscilador en total. Configuraci\u00f3n polif\u00f3nica de 6 voces, paraf\u00f3nica de 12 voces, un\u00edsono o mono. 3 ranuras de efectos digitales en modo de inserci\u00f3n o env\u00edo, con 10 efectos para elegir. Curvas de LFO personalizables por el usuario. Mod Matrix con 7 fuentes y 13 destinos potenciales. Pantalla OLED para retroalimentaci\u00f3n visual en tiempo real. Secuenciador intuitivo de 64 pasos (4 p\u00e1ginas de 16 pasos). 4 carriles de modulaci\u00f3n automatizada. Controles de arpegiador de rendimiento que incluyen Ratchet, Octave Randomize y m\u00e1s. Entrada\/salida\/a trav\u00e9s de MIDI. Conectividad USB. Sustain, entrada de audio y conectividad de entrada\/salida de reloj. Salidas est\u00e9reo.<\/p>","protected":false},"excerpt":{"rendered":"<p>Sintetizador h\u00edbrido polif\u00f3nico de 6 voces. Teclado sensible a la velocidad de 37 notas con aftertouch. 2 motores de sonido con 22 modos de oscilador en total. Configuraci\u00f3n polif\u00f3nica de 6 voces, paraf\u00f3nica de 12 voces, un\u00edsono o mono. 3 ranuras de efectos digitales en modo de inserci\u00f3n o env\u00edo, con 10 efectos para elegir. Curvas de LFO personalizables por el usuario. Mod Matrix con 7 fuentes y 13 destinos potenciales. Pantalla OLED para retroalimentaci\u00f3n visual en tiempo real. Secuenciador intuitivo de 64 pasos (4 p\u00e1ginas de 16 pasos). 4 carriles de modulaci\u00f3n automatizada. Controles de arpegiador de rendimiento que incluyen Ratchet, Octave Randomize y m\u00e1s. Entrada\/salida\/a trav\u00e9s de MIDI. Conectividad USB. Sustain, entrada de audio y conectividad de entrada\/salida de reloj. Salidas est\u00e9reo.<\/p>","protected":false},"featured_media":0,"comment_status":"closed","ping_status":"closed","template":"","meta":{"_acf_changed":false,"om_disable_all_campaigns":false,"_monsterinsights_skip_tracking":false,"_monsterinsights_sitenote_active":false,"_monsterinsights_sitenote_note":"","_monsterinsights_sitenote_category":0},"product_brand":[],"product_cat":[1080],"product_tag":[],"class_list":{"0":"post-53544","1":"product","2":"type-product","3":"status-publish","5":"product_cat-teclados-controladores","7":"first","8":"instock","9":"shipping-taxable","10":"purchasable","11":"product-type-simple"},"acf":[],"yoast_head":"<!-- This site is optimized with the Yoast SEO plugin v27.3 - https:\/\/yoast.com\/product\/yoast-seo-wordpress\/ -->\n<title>ARTURIA MINIFREAK - Call&amp;Play<\/title>\n<meta name=\"robots\" content=\"index, follow, max-snippet:-1, max-image-preview:large, max-video-preview:-1\" \/>\n<link rel=\"canonical\" href=\"https:\/\/www.callandplay.com\/en\/arturia-minifreak\/\" \/>\n<meta property=\"og:locale\" content=\"en_GB\" \/>\n<meta property=\"og:type\" content=\"article\" \/>\n<meta property=\"og:title\" content=\"ARTURIA MINIFREAK - Call&amp;Play\" \/>\n<meta property=\"og:description\" content=\"Sintetizador h\u00edbrido polif\u00f3nico de 6 voces. Teclado sensible a la velocidad de 37 notas con aftertouch. 2 motores de sonido con 22 modos de oscilador en total. Configuraci\u00f3n polif\u00f3nica de 6 voces, paraf\u00f3nica de 12 voces, un\u00edsono o mono. 3 ranuras de efectos digitales en modo de inserci\u00f3n o env\u00edo, con 10 efectos para elegir. Curvas de LFO personalizables por el usuario. Mod Matrix con 7 fuentes y 13 destinos potenciales. Pantalla OLED para retroalimentaci\u00f3n visual en tiempo real. Secuenciador intuitivo de 64 pasos (4 p\u00e1ginas de 16 pasos). 4 carriles de modulaci\u00f3n automatizada. Controles de arpegiador de rendimiento que incluyen Ratchet, Octave Randomize y m\u00e1s. Entrada\/salida\/a trav\u00e9s de MIDI. Conectividad USB. Sustain, entrada de audio y conectividad de entrada\/salida de reloj. Salidas est\u00e9reo.\" \/>\n<meta property=\"og:url\" content=\"https:\/\/www.callandplay.com\/en\/arturia-minifreak\/\" \/>\n<meta property=\"og:site_name\" content=\"Call&amp;Play\" \/>\n<meta property=\"article:publisher\" content=\"https:\/\/www.facebook.com\/callandplay\" \/>\n<meta property=\"article:modified_time\" content=\"2026-04-13T20:36:04+00:00\" \/>\n<meta name=\"twitter:card\" content=\"summary_large_image\" \/>\n<meta name=\"twitter:label1\" content=\"Estimated reading time\" \/>\n\t<meta name=\"twitter:data1\" content=\"1 minute\" \/>\n<script type=\"application\/ld+json\" class=\"yoast-schema-graph\">{\"@context\":\"https:\\\/\\\/schema.org\",\"@graph\":[{\"@type\":\"WebPage\",\"@id\":\"https:\\\/\\\/www.callandplay.com\\\/arturia-minifreak\\\/\",\"url\":\"https:\\\/\\\/www.callandplay.com\\\/arturia-minifreak\\\/\",\"name\":\"ARTURIA MINIFREAK - Call&amp;Play\",\"isPartOf\":{\"@id\":\"https:\\\/\\\/www.callandplay.com\\\/#website\"},\"datePublished\":\"2025-09-13T00:00:00+00:00\",\"dateModified\":\"2026-04-13T20:36:04+00:00\",\"breadcrumb\":{\"@id\":\"https:\\\/\\\/www.callandplay.com\\\/arturia-minifreak\\\/#breadcrumb\"},\"inLanguage\":\"en-GB\",\"potentialAction\":[{\"@type\":\"ReadAction\",\"target\":[\"https:\\\/\\\/www.callandplay.com\\\/arturia-minifreak\\\/\"]}]},{\"@type\":\"BreadcrumbList\",\"@id\":\"https:\\\/\\\/www.callandplay.com\\\/arturia-minifreak\\\/#breadcrumb\",\"itemListElement\":[{\"@type\":\"ListItem\",\"position\":1,\"name\":\"Portada\",\"item\":\"https:\\\/\\\/www.callandplay.com\\\/\"},{\"@type\":\"ListItem\",\"position\":2,\"name\":\"Tienda\",\"item\":\"https:\\\/\\\/www.callandplay.com\\\/tienda\\\/\"},{\"@type\":\"ListItem\",\"position\":3,\"name\":\"ARTURIA MINIFREAK\"}]},{\"@type\":\"WebSite\",\"@id\":\"https:\\\/\\\/www.callandplay.com\\\/#website\",\"url\":\"https:\\\/\\\/www.callandplay.com\\\/\",\"name\":\"Call&amp;Play\",\"description\":\"Alquiler de backline e instrumentos musicales\",\"publisher\":{\"@id\":\"https:\\\/\\\/www.callandplay.com\\\/#organization\"},\"potentialAction\":[{\"@type\":\"SearchAction\",\"target\":{\"@type\":\"EntryPoint\",\"urlTemplate\":\"https:\\\/\\\/www.callandplay.com\\\/?s={search_term_string}\"},\"query-input\":{\"@type\":\"PropertyValueSpecification\",\"valueRequired\":true,\"valueName\":\"search_term_string\"}}],\"inLanguage\":\"en-GB\"},{\"@type\":\"Organization\",\"@id\":\"https:\\\/\\\/www.callandplay.com\\\/#organization\",\"name\":\"Call&Play\",\"url\":\"https:\\\/\\\/www.callandplay.com\\\/\",\"logo\":{\"@type\":\"ImageObject\",\"inLanguage\":\"en-GB\",\"@id\":\"https:\\\/\\\/www.callandplay.com\\\/#\\\/schema\\\/logo\\\/image\\\/\",\"url\":\"https:\\\/\\\/www.callandplay.com\\\/wp-content\\\/uploads\\\/2021\\\/06\\\/cropped-cropped-logo-black_con_sombra.png\",\"contentUrl\":\"https:\\\/\\\/www.callandplay.com\\\/wp-content\\\/uploads\\\/2021\\\/06\\\/cropped-cropped-logo-black_con_sombra.png\",\"width\":512,\"height\":512,\"caption\":\"Call&Play\"},\"image\":{\"@id\":\"https:\\\/\\\/www.callandplay.com\\\/#\\\/schema\\\/logo\\\/image\\\/\"},\"sameAs\":[\"https:\\\/\\\/www.facebook.com\\\/callandplay\",\"https:\\\/\\\/www.instagram.com\\\/call_and_play\\\/\"]}]}<\/script>\n<!-- \/ Yoast SEO plugin. -->","yoast_head_json":{"title":"ARTURIA MINIFREAK - Call&amp;Play","robots":{"index":"index","follow":"follow","max-snippet":"max-snippet:-1","max-image-preview":"max-image-preview:large","max-video-preview":"max-video-preview:-1"},"canonical":"https:\/\/www.callandplay.com\/en\/arturia-minifreak\/","og_locale":"en_GB","og_type":"article","og_title":"ARTURIA MINIFREAK - Call&amp;Play","og_description":"Sintetizador h\u00edbrido polif\u00f3nico de 6 voces. Teclado sensible a la velocidad de 37 notas con aftertouch. 2 motores de sonido con 22 modos de oscilador en total. Configuraci\u00f3n polif\u00f3nica de 6 voces, paraf\u00f3nica de 12 voces, un\u00edsono o mono. 3 ranuras de efectos digitales en modo de inserci\u00f3n o env\u00edo, con 10 efectos para elegir. Curvas de LFO personalizables por el usuario. Mod Matrix con 7 fuentes y 13 destinos potenciales. Pantalla OLED para retroalimentaci\u00f3n visual en tiempo real. Secuenciador intuitivo de 64 pasos (4 p\u00e1ginas de 16 pasos). 4 carriles de modulaci\u00f3n automatizada. Controles de arpegiador de rendimiento que incluyen Ratchet, Octave Randomize y m\u00e1s. Entrada\/salida\/a trav\u00e9s de MIDI. Conectividad USB. Sustain, entrada de audio y conectividad de entrada\/salida de reloj. Salidas est\u00e9reo.","og_url":"https:\/\/www.callandplay.com\/en\/arturia-minifreak\/","og_site_name":"Call&amp;Play","article_publisher":"https:\/\/www.facebook.com\/callandplay","article_modified_time":"2026-04-13T20:36:04+00:00","twitter_card":"summary_large_image","twitter_misc":{"Estimated reading time":"1 minute"},"schema":{"@context":"https:\/\/schema.org","@graph":[{"@type":"WebPage","@id":"https:\/\/www.callandplay.com\/arturia-minifreak\/","url":"https:\/\/www.callandplay.com\/arturia-minifreak\/","name":"ARTURIA MINIFREAK - Call&amp;Play","isPartOf":{"@id":"https:\/\/www.callandplay.com\/#website"},"datePublished":"2025-09-13T00:00:00+00:00","dateModified":"2026-04-13T20:36:04+00:00","breadcrumb":{"@id":"https:\/\/www.callandplay.com\/arturia-minifreak\/#breadcrumb"},"inLanguage":"en-GB","potentialAction":[{"@type":"ReadAction","target":["https:\/\/www.callandplay.com\/arturia-minifreak\/"]}]},{"@type":"BreadcrumbList","@id":"https:\/\/www.callandplay.com\/arturia-minifreak\/#breadcrumb","itemListElement":[{"@type":"ListItem","position":1,"name":"Portada","item":"https:\/\/www.callandplay.com\/"},{"@type":"ListItem","position":2,"name":"Tienda","item":"https:\/\/www.callandplay.com\/tienda\/"},{"@type":"ListItem","position":3,"name":"ARTURIA MINIFREAK"}]},{"@type":"WebSite","@id":"https:\/\/www.callandplay.com\/#website","url":"https:\/\/www.callandplay.com\/","name":"Call&amp;Play","description":"Alquiler de backline e instrumentos musicales","publisher":{"@id":"https:\/\/www.callandplay.com\/#organization"},"potentialAction":[{"@type":"SearchAction","target":{"@type":"EntryPoint","urlTemplate":"https:\/\/www.callandplay.com\/?s={search_term_string}"},"query-input":{"@type":"PropertyValueSpecification","valueRequired":true,"valueName":"search_term_string"}}],"inLanguage":"en-GB"},{"@type":"Organization","@id":"https:\/\/www.callandplay.com\/#organization","name":"Call&Play","url":"https:\/\/www.callandplay.com\/","logo":{"@type":"ImageObject","inLanguage":"en-GB","@id":"https:\/\/www.callandplay.com\/#\/schema\/logo\/image\/","url":"https:\/\/www.callandplay.com\/wp-content\/uploads\/2021\/06\/cropped-cropped-logo-black_con_sombra.png","contentUrl":"https:\/\/www.callandplay.com\/wp-content\/uploads\/2021\/06\/cropped-cropped-logo-black_con_sombra.png","width":512,"height":512,"caption":"Call&Play"},"image":{"@id":"https:\/\/www.callandplay.com\/#\/schema\/logo\/image\/"},"sameAs":["https:\/\/www.facebook.com\/callandplay","https:\/\/www.instagram.com\/call_and_play\/"]}]}},"_links":{"self":[{"href":"https:\/\/www.callandplay.com\/en\/wp-json\/wp\/v2\/product\/53544","targetHints":{"allow":["GET"]}}],"collection":[{"href":"https:\/\/www.callandplay.com\/en\/wp-json\/wp\/v2\/product"}],"about":[{"href":"https:\/\/www.callandplay.com\/en\/wp-json\/wp\/v2\/types\/product"}],"replies":[{"embeddable":true,"href":"https:\/\/www.callandplay.com\/en\/wp-json\/wp\/v2\/comments?post=53544"}],"version-history":[{"count":1,"href":"https:\/\/www.callandplay.com\/en\/wp-json\/wp\/v2\/product\/53544\/revisions"}],"predecessor-version":[{"id":56354,"href":"https:\/\/www.callandplay.com\/en\/wp-json\/wp\/v2\/product\/53544\/revisions\/56354"}],"wp:attachment":[{"href":"https:\/\/www.callandplay.com\/en\/wp-json\/wp\/v2\/media?parent=53544"}],"wp:term":[{"taxonomy":"product_brand","embeddable":true,"href":"https:\/\/www.callandplay.com\/en\/wp-json\/wp\/v2\/product_brand?post=53544"},{"taxonomy":"product_cat","embeddable":true,"href":"https:\/\/www.callandplay.com\/en\/wp-json\/wp\/v2\/product_cat?post=53544"},{"taxonomy":"product_tag","embeddable":true,"href":"https:\/\/www.callandplay.com\/en\/wp-json\/wp\/v2\/product_tag?post=53544"}],"curies":[{"name":"wp","href":"https:\/\/api.w.org\/{rel}","templated":true}]}}