{"id":53566,"date":"2025-09-12T00:00:00","date_gmt":"2025-09-12T00:00:00","guid":{"rendered":"https:\/\/www.callandplay.com\/yamaha-rio-3224-d3\/"},"modified":"2026-04-15T20:54:28","modified_gmt":"2026-04-15T20:54:28","slug":"yamaha-rio-3224-d3","status":"publish","type":"product","link":"https:\/\/www.callandplay.com\/en\/yamaha-rio-3224-d3\/","title":{"rendered":"YAMAHA RIO 3224-D3"},"content":{"rendered":"<p>La tercera generaci\u00f3n Rio3224-D3 y Rio1608-D3 son racks de E\/S de primera calidad compatibles con Dante que ofrecen un rendimiento general mejorado y vienen equipados con una nueva toma de auriculares, retardo de salida y una funci\u00f3n de fase, ampliando a\u00fan m\u00e1s una gama ya impresionante de aplicaciones potenciales. Ambos modelos son compatibles con una amplia gama de consolas Yamaha, desde los mezcladores digitales de gama alta de las series RIVAGE PM y DM7, hasta las consolas est\u00e1ndar de las series CL y QL, desempe\u00f1ando un papel crucial en la configuraci\u00f3n de nuevos sistemas o a\u00f1adiendo flexibilidad y profundidad a una soluci\u00f3n de refuerzo de sonido existente.<\/p>","protected":false},"excerpt":{"rendered":"<p>La tercera generaci\u00f3n Rio3224-D3 y Rio1608-D3 son racks de E\/S de primera calidad compatibles con Dante que ofrecen un rendimiento general mejorado y vienen equipados con una nueva toma de auriculares, retardo de salida y una funci\u00f3n de fase, ampliando a\u00fan m\u00e1s una gama ya impresionante de aplicaciones potenciales. Ambos modelos son compatibles con una amplia gama de consolas Yamaha, desde los mezcladores digitales de gama alta de las series RIVAGE PM y DM7, hasta las consolas est\u00e1ndar de las series CL y QL, desempe\u00f1ando un papel crucial en la configuraci\u00f3n de nuevos sistemas o a\u00f1adiendo flexibilidad y profundidad a una soluci\u00f3n de refuerzo de sonido existente.<\/p>","protected":false},"featured_media":0,"comment_status":"closed","ping_status":"closed","template":"","meta":{"_acf_changed":false,"om_disable_all_campaigns":false,"_monsterinsights_skip_tracking":false,"_monsterinsights_sitenote_active":false,"_monsterinsights_sitenote_note":"","_monsterinsights_sitenote_category":0},"product_brand":[],"product_cat":[972],"product_tag":[],"class_list":{"0":"post-53566","1":"product","2":"type-product","3":"status-publish","5":"product_cat-mesas-mezcla-digitales","7":"first","8":"instock","9":"shipping-taxable","10":"purchasable","11":"product-type-simple"},"acf":[],"yoast_head":"<!-- This site is optimized with the Yoast SEO plugin v27.4 - https:\/\/yoast.com\/product\/yoast-seo-wordpress\/ -->\n<title>YAMAHA RIO 3224-D3 - Call&amp;Play<\/title>\n<meta name=\"robots\" content=\"index, follow, max-snippet:-1, max-image-preview:large, max-video-preview:-1\" \/>\n<link rel=\"canonical\" href=\"https:\/\/www.callandplay.com\/en\/yamaha-rio-3224-d3\/\" \/>\n<meta property=\"og:locale\" content=\"en_GB\" \/>\n<meta property=\"og:type\" content=\"article\" \/>\n<meta property=\"og:title\" content=\"YAMAHA RIO 3224-D3 - Call&amp;Play\" \/>\n<meta property=\"og:description\" content=\"La tercera generaci\u00f3n Rio3224-D3 y Rio1608-D3 son racks de E\/S de primera calidad compatibles con Dante que ofrecen un rendimiento general mejorado y vienen equipados con una nueva toma de auriculares, retardo de salida y una funci\u00f3n de fase, ampliando a\u00fan m\u00e1s una gama ya impresionante de aplicaciones potenciales. Ambos modelos son compatibles con una amplia gama de consolas Yamaha, desde los mezcladores digitales de gama alta de las series RIVAGE PM y DM7, hasta las consolas est\u00e1ndar de las series CL y QL, desempe\u00f1ando un papel crucial en la configuraci\u00f3n de nuevos sistemas o a\u00f1adiendo flexibilidad y profundidad a una soluci\u00f3n de refuerzo de sonido existente.\" \/>\n<meta property=\"og:url\" content=\"https:\/\/www.callandplay.com\/en\/yamaha-rio-3224-d3\/\" \/>\n<meta property=\"og:site_name\" content=\"Call&amp;Play\" \/>\n<meta property=\"article:publisher\" content=\"https:\/\/www.facebook.com\/callandplay\" \/>\n<meta property=\"article:modified_time\" content=\"2026-04-15T20:54:28+00:00\" \/>\n<meta name=\"twitter:card\" content=\"summary_large_image\" \/>\n<meta name=\"twitter:label1\" content=\"Estimated reading time\" \/>\n\t<meta name=\"twitter:data1\" content=\"1 minute\" \/>\n<script type=\"application\/ld+json\" class=\"yoast-schema-graph\">{\"@context\":\"https:\\\/\\\/schema.org\",\"@graph\":[{\"@type\":\"WebPage\",\"@id\":\"https:\\\/\\\/www.callandplay.com\\\/yamaha-rio-3224-d3\\\/\",\"url\":\"https:\\\/\\\/www.callandplay.com\\\/yamaha-rio-3224-d3\\\/\",\"name\":\"YAMAHA RIO 3224-D3 - Call&amp;Play\",\"isPartOf\":{\"@id\":\"https:\\\/\\\/www.callandplay.com\\\/#website\"},\"datePublished\":\"2025-09-12T00:00:00+00:00\",\"dateModified\":\"2026-04-15T20:54:28+00:00\",\"breadcrumb\":{\"@id\":\"https:\\\/\\\/www.callandplay.com\\\/yamaha-rio-3224-d3\\\/#breadcrumb\"},\"inLanguage\":\"en-GB\",\"potentialAction\":[{\"@type\":\"ReadAction\",\"target\":[\"https:\\\/\\\/www.callandplay.com\\\/yamaha-rio-3224-d3\\\/\"]}]},{\"@type\":\"BreadcrumbList\",\"@id\":\"https:\\\/\\\/www.callandplay.com\\\/yamaha-rio-3224-d3\\\/#breadcrumb\",\"itemListElement\":[{\"@type\":\"ListItem\",\"position\":1,\"name\":\"Portada\",\"item\":\"https:\\\/\\\/www.callandplay.com\\\/\"},{\"@type\":\"ListItem\",\"position\":2,\"name\":\"Tienda\",\"item\":\"https:\\\/\\\/www.callandplay.com\\\/tienda\\\/\"},{\"@type\":\"ListItem\",\"position\":3,\"name\":\"YAMAHA RIO 3224-D3\"}]},{\"@type\":\"WebSite\",\"@id\":\"https:\\\/\\\/www.callandplay.com\\\/#website\",\"url\":\"https:\\\/\\\/www.callandplay.com\\\/\",\"name\":\"Call&amp;Play\",\"description\":\"Alquiler de backline e instrumentos musicales\",\"publisher\":{\"@id\":\"https:\\\/\\\/www.callandplay.com\\\/#organization\"},\"potentialAction\":[{\"@type\":\"SearchAction\",\"target\":{\"@type\":\"EntryPoint\",\"urlTemplate\":\"https:\\\/\\\/www.callandplay.com\\\/?s={search_term_string}\"},\"query-input\":{\"@type\":\"PropertyValueSpecification\",\"valueRequired\":true,\"valueName\":\"search_term_string\"}}],\"inLanguage\":\"en-GB\"},{\"@type\":\"Organization\",\"@id\":\"https:\\\/\\\/www.callandplay.com\\\/#organization\",\"name\":\"Call&Play\",\"url\":\"https:\\\/\\\/www.callandplay.com\\\/\",\"logo\":{\"@type\":\"ImageObject\",\"inLanguage\":\"en-GB\",\"@id\":\"https:\\\/\\\/www.callandplay.com\\\/#\\\/schema\\\/logo\\\/image\\\/\",\"url\":\"https:\\\/\\\/www.callandplay.com\\\/wp-content\\\/uploads\\\/2021\\\/06\\\/cropped-cropped-logo-black_con_sombra.png\",\"contentUrl\":\"https:\\\/\\\/www.callandplay.com\\\/wp-content\\\/uploads\\\/2021\\\/06\\\/cropped-cropped-logo-black_con_sombra.png\",\"width\":512,\"height\":512,\"caption\":\"Call&Play\"},\"image\":{\"@id\":\"https:\\\/\\\/www.callandplay.com\\\/#\\\/schema\\\/logo\\\/image\\\/\"},\"sameAs\":[\"https:\\\/\\\/www.facebook.com\\\/callandplay\",\"https:\\\/\\\/www.instagram.com\\\/call_and_play\\\/\"]}]}<\/script>\n<!-- \/ Yoast SEO plugin. -->","yoast_head_json":{"title":"YAMAHA RIO 3224-D3 - Call&amp;Play","robots":{"index":"index","follow":"follow","max-snippet":"max-snippet:-1","max-image-preview":"max-image-preview:large","max-video-preview":"max-video-preview:-1"},"canonical":"https:\/\/www.callandplay.com\/en\/yamaha-rio-3224-d3\/","og_locale":"en_GB","og_type":"article","og_title":"YAMAHA RIO 3224-D3 - Call&amp;Play","og_description":"La tercera generaci\u00f3n Rio3224-D3 y Rio1608-D3 son racks de E\/S de primera calidad compatibles con Dante que ofrecen un rendimiento general mejorado y vienen equipados con una nueva toma de auriculares, retardo de salida y una funci\u00f3n de fase, ampliando a\u00fan m\u00e1s una gama ya impresionante de aplicaciones potenciales. Ambos modelos son compatibles con una amplia gama de consolas Yamaha, desde los mezcladores digitales de gama alta de las series RIVAGE PM y DM7, hasta las consolas est\u00e1ndar de las series CL y QL, desempe\u00f1ando un papel crucial en la configuraci\u00f3n de nuevos sistemas o a\u00f1adiendo flexibilidad y profundidad a una soluci\u00f3n de refuerzo de sonido existente.","og_url":"https:\/\/www.callandplay.com\/en\/yamaha-rio-3224-d3\/","og_site_name":"Call&amp;Play","article_publisher":"https:\/\/www.facebook.com\/callandplay","article_modified_time":"2026-04-15T20:54:28+00:00","twitter_card":"summary_large_image","twitter_misc":{"Estimated reading time":"1 minute"},"schema":{"@context":"https:\/\/schema.org","@graph":[{"@type":"WebPage","@id":"https:\/\/www.callandplay.com\/yamaha-rio-3224-d3\/","url":"https:\/\/www.callandplay.com\/yamaha-rio-3224-d3\/","name":"YAMAHA RIO 3224-D3 - Call&amp;Play","isPartOf":{"@id":"https:\/\/www.callandplay.com\/#website"},"datePublished":"2025-09-12T00:00:00+00:00","dateModified":"2026-04-15T20:54:28+00:00","breadcrumb":{"@id":"https:\/\/www.callandplay.com\/yamaha-rio-3224-d3\/#breadcrumb"},"inLanguage":"en-GB","potentialAction":[{"@type":"ReadAction","target":["https:\/\/www.callandplay.com\/yamaha-rio-3224-d3\/"]}]},{"@type":"BreadcrumbList","@id":"https:\/\/www.callandplay.com\/yamaha-rio-3224-d3\/#breadcrumb","itemListElement":[{"@type":"ListItem","position":1,"name":"Portada","item":"https:\/\/www.callandplay.com\/"},{"@type":"ListItem","position":2,"name":"Tienda","item":"https:\/\/www.callandplay.com\/tienda\/"},{"@type":"ListItem","position":3,"name":"YAMAHA RIO 3224-D3"}]},{"@type":"WebSite","@id":"https:\/\/www.callandplay.com\/#website","url":"https:\/\/www.callandplay.com\/","name":"Call&amp;Play","description":"Alquiler de backline e instrumentos musicales","publisher":{"@id":"https:\/\/www.callandplay.com\/#organization"},"potentialAction":[{"@type":"SearchAction","target":{"@type":"EntryPoint","urlTemplate":"https:\/\/www.callandplay.com\/?s={search_term_string}"},"query-input":{"@type":"PropertyValueSpecification","valueRequired":true,"valueName":"search_term_string"}}],"inLanguage":"en-GB"},{"@type":"Organization","@id":"https:\/\/www.callandplay.com\/#organization","name":"Call&Play","url":"https:\/\/www.callandplay.com\/","logo":{"@type":"ImageObject","inLanguage":"en-GB","@id":"https:\/\/www.callandplay.com\/#\/schema\/logo\/image\/","url":"https:\/\/www.callandplay.com\/wp-content\/uploads\/2021\/06\/cropped-cropped-logo-black_con_sombra.png","contentUrl":"https:\/\/www.callandplay.com\/wp-content\/uploads\/2021\/06\/cropped-cropped-logo-black_con_sombra.png","width":512,"height":512,"caption":"Call&Play"},"image":{"@id":"https:\/\/www.callandplay.com\/#\/schema\/logo\/image\/"},"sameAs":["https:\/\/www.facebook.com\/callandplay","https:\/\/www.instagram.com\/call_and_play\/"]}]}},"_links":{"self":[{"href":"https:\/\/www.callandplay.com\/en\/wp-json\/wp\/v2\/product\/53566","targetHints":{"allow":["GET"]}}],"collection":[{"href":"https:\/\/www.callandplay.com\/en\/wp-json\/wp\/v2\/product"}],"about":[{"href":"https:\/\/www.callandplay.com\/en\/wp-json\/wp\/v2\/types\/product"}],"replies":[{"embeddable":true,"href":"https:\/\/www.callandplay.com\/en\/wp-json\/wp\/v2\/comments?post=53566"}],"version-history":[{"count":1,"href":"https:\/\/www.callandplay.com\/en\/wp-json\/wp\/v2\/product\/53566\/revisions"}],"predecessor-version":[{"id":56376,"href":"https:\/\/www.callandplay.com\/en\/wp-json\/wp\/v2\/product\/53566\/revisions\/56376"}],"wp:attachment":[{"href":"https:\/\/www.callandplay.com\/en\/wp-json\/wp\/v2\/media?parent=53566"}],"wp:term":[{"taxonomy":"product_brand","embeddable":true,"href":"https:\/\/www.callandplay.com\/en\/wp-json\/wp\/v2\/product_brand?post=53566"},{"taxonomy":"product_cat","embeddable":true,"href":"https:\/\/www.callandplay.com\/en\/wp-json\/wp\/v2\/product_cat?post=53566"},{"taxonomy":"product_tag","embeddable":true,"href":"https:\/\/www.callandplay.com\/en\/wp-json\/wp\/v2\/product_tag?post=53566"}],"curies":[{"name":"wp","href":"https:\/\/api.w.org\/{rel}","templated":true}]}}