{"id":53632,"date":"2025-10-29T00:00:00","date_gmt":"2025-10-29T00:00:00","guid":{"rendered":"https:\/\/www.callandplay.com\/yamaha-u1-upright\/"},"modified":"2026-04-04T20:33:58","modified_gmt":"2026-04-04T20:33:58","slug":"yamaha-u1-upright","status":"publish","type":"product","link":"https:\/\/www.callandplay.com\/en\/yamaha-u1-upright\/","title":{"rendered":"YAMAHA U1 UPRIGHT"},"content":{"rendered":"<p>Los refinamientos en todos los elementos de la producci\u00f3n de sonido le dan a la Serie U sonidos m\u00e1s ricos, con mayor resonancia y con timbres m\u00e1s equilibrados en toda la tesitura del teclado. La especial configuraci\u00f3n de las costillas refuerzan la tabla arm\u00f3nica mientras que el barraje y otras avances mejoran la rigidez, resonancia y estabilidad estructural. Para lograr una excelente generaci\u00f3n de sonidos y respuesta, adem\u00e1s de gran durabilidad, los macillos de la Serie U est\u00e1n fabricados con materiales espec\u00edficamente seleccionados para cada modelo. Un mecanismo de amortiguaci\u00f3n utilizado hasta ahora s\u00f3lo en pianos de cola, impide en estos modelos que la tapa del teclado caiga bruscamente sobre el teclado. Ancho:121 cm. Alto:153 cm. Fondo: 61 cm. Peso:228 kg. El precio incluye transporte local y una afinaci\u00f3n. Precio orientativo: depende del horario y los accesos.<\/p>","protected":false},"excerpt":{"rendered":"<p>Los refinamientos en todos los elementos de la producci\u00f3n de sonido le dan a la Serie U sonidos m\u00e1s ricos, con mayor resonancia y con timbres m\u00e1s equilibrados en toda la tesitura del teclado. La especial configuraci\u00f3n de las costillas refuerzan la tabla arm\u00f3nica mientras que el barraje y otras avances mejoran la rigidez, resonancia y estabilidad estructural. Para lograr una excelente generaci\u00f3n de sonidos y respuesta, adem\u00e1s de gran durabilidad, los macillos de la Serie U est\u00e1n fabricados con materiales espec\u00edficamente seleccionados para cada modelo. Un mecanismo de amortiguaci\u00f3n utilizado hasta ahora s\u00f3lo en pianos de cola, impide en estos modelos que la tapa del teclado caiga bruscamente sobre el teclado. Ancho:121 cm. Alto:153 cm. Fondo: 61 cm. Peso:228 kg. El precio incluye transporte local y una afinaci\u00f3n. Precio orientativo: depende del horario y los accesos.<\/p>","protected":false},"featured_media":0,"comment_status":"closed","ping_status":"closed","template":"","meta":{"_acf_changed":false,"om_disable_all_campaigns":false,"_monsterinsights_skip_tracking":false,"_monsterinsights_sitenote_active":false,"_monsterinsights_sitenote_note":"","_monsterinsights_sitenote_category":0},"product_brand":[],"product_cat":[835,857],"product_tag":[],"class_list":{"0":"post-53632","1":"product","2":"type-product","3":"status-publish","5":"product_cat-novedades","6":"product_cat-pianos-acusticos","8":"first","9":"instock","10":"shipping-taxable","11":"purchasable","12":"product-type-simple"},"acf":[],"yoast_head":"<!-- This site is optimized with the Yoast SEO plugin v27.3 - https:\/\/yoast.com\/product\/yoast-seo-wordpress\/ -->\n<title>YAMAHA U1 UPRIGHT - Call&amp;Play<\/title>\n<meta name=\"robots\" content=\"index, follow, max-snippet:-1, max-image-preview:large, max-video-preview:-1\" \/>\n<link rel=\"canonical\" href=\"https:\/\/www.callandplay.com\/en\/yamaha-u1-upright\/\" \/>\n<meta property=\"og:locale\" content=\"en_GB\" \/>\n<meta property=\"og:type\" content=\"article\" \/>\n<meta property=\"og:title\" content=\"YAMAHA U1 UPRIGHT - Call&amp;Play\" \/>\n<meta property=\"og:description\" content=\"Los refinamientos en todos los elementos de la producci\u00f3n de sonido le dan a la Serie U sonidos m\u00e1s ricos, con mayor resonancia y con timbres m\u00e1s equilibrados en toda la tesitura del teclado. La especial configuraci\u00f3n de las costillas refuerzan la tabla arm\u00f3nica mientras que el barraje y otras avances mejoran la rigidez, resonancia y estabilidad estructural. Para lograr una excelente generaci\u00f3n de sonidos y respuesta, adem\u00e1s de gran durabilidad, los macillos de la Serie U est\u00e1n fabricados con materiales espec\u00edficamente seleccionados para cada modelo. Un mecanismo de amortiguaci\u00f3n utilizado hasta ahora s\u00f3lo en pianos de cola, impide en estos modelos que la tapa del teclado caiga bruscamente sobre el teclado. Ancho:121 cm. Alto:153 cm. Fondo: 61 cm. Peso:228 kg. El precio incluye transporte local y una afinaci\u00f3n. Precio orientativo: depende del horario y los accesos.\" \/>\n<meta property=\"og:url\" content=\"https:\/\/www.callandplay.com\/en\/yamaha-u1-upright\/\" \/>\n<meta property=\"og:site_name\" content=\"Call&amp;Play\" \/>\n<meta property=\"article:publisher\" content=\"https:\/\/www.facebook.com\/callandplay\" \/>\n<meta property=\"article:modified_time\" content=\"2026-04-04T20:33:58+00:00\" \/>\n<meta name=\"twitter:card\" content=\"summary_large_image\" \/>\n<meta name=\"twitter:label1\" content=\"Estimated reading time\" \/>\n\t<meta name=\"twitter:data1\" content=\"1 minute\" \/>\n<script type=\"application\/ld+json\" class=\"yoast-schema-graph\">{\"@context\":\"https:\\\/\\\/schema.org\",\"@graph\":[{\"@type\":\"WebPage\",\"@id\":\"https:\\\/\\\/www.callandplay.com\\\/yamaha-u1-upright\\\/\",\"url\":\"https:\\\/\\\/www.callandplay.com\\\/yamaha-u1-upright\\\/\",\"name\":\"YAMAHA U1 UPRIGHT - Call&amp;Play\",\"isPartOf\":{\"@id\":\"https:\\\/\\\/www.callandplay.com\\\/#website\"},\"datePublished\":\"2025-10-29T00:00:00+00:00\",\"dateModified\":\"2026-04-04T20:33:58+00:00\",\"breadcrumb\":{\"@id\":\"https:\\\/\\\/www.callandplay.com\\\/yamaha-u1-upright\\\/#breadcrumb\"},\"inLanguage\":\"en-GB\",\"potentialAction\":[{\"@type\":\"ReadAction\",\"target\":[\"https:\\\/\\\/www.callandplay.com\\\/yamaha-u1-upright\\\/\"]}]},{\"@type\":\"BreadcrumbList\",\"@id\":\"https:\\\/\\\/www.callandplay.com\\\/yamaha-u1-upright\\\/#breadcrumb\",\"itemListElement\":[{\"@type\":\"ListItem\",\"position\":1,\"name\":\"Portada\",\"item\":\"https:\\\/\\\/www.callandplay.com\\\/\"},{\"@type\":\"ListItem\",\"position\":2,\"name\":\"Tienda\",\"item\":\"https:\\\/\\\/www.callandplay.com\\\/tienda\\\/\"},{\"@type\":\"ListItem\",\"position\":3,\"name\":\"YAMAHA U1 UPRIGHT\"}]},{\"@type\":\"WebSite\",\"@id\":\"https:\\\/\\\/www.callandplay.com\\\/#website\",\"url\":\"https:\\\/\\\/www.callandplay.com\\\/\",\"name\":\"Call&amp;Play\",\"description\":\"Alquiler de backline e instrumentos musicales\",\"publisher\":{\"@id\":\"https:\\\/\\\/www.callandplay.com\\\/#organization\"},\"potentialAction\":[{\"@type\":\"SearchAction\",\"target\":{\"@type\":\"EntryPoint\",\"urlTemplate\":\"https:\\\/\\\/www.callandplay.com\\\/?s={search_term_string}\"},\"query-input\":{\"@type\":\"PropertyValueSpecification\",\"valueRequired\":true,\"valueName\":\"search_term_string\"}}],\"inLanguage\":\"en-GB\"},{\"@type\":\"Organization\",\"@id\":\"https:\\\/\\\/www.callandplay.com\\\/#organization\",\"name\":\"Call&Play\",\"url\":\"https:\\\/\\\/www.callandplay.com\\\/\",\"logo\":{\"@type\":\"ImageObject\",\"inLanguage\":\"en-GB\",\"@id\":\"https:\\\/\\\/www.callandplay.com\\\/#\\\/schema\\\/logo\\\/image\\\/\",\"url\":\"https:\\\/\\\/www.callandplay.com\\\/wp-content\\\/uploads\\\/2021\\\/06\\\/cropped-cropped-logo-black_con_sombra.png\",\"contentUrl\":\"https:\\\/\\\/www.callandplay.com\\\/wp-content\\\/uploads\\\/2021\\\/06\\\/cropped-cropped-logo-black_con_sombra.png\",\"width\":512,\"height\":512,\"caption\":\"Call&Play\"},\"image\":{\"@id\":\"https:\\\/\\\/www.callandplay.com\\\/#\\\/schema\\\/logo\\\/image\\\/\"},\"sameAs\":[\"https:\\\/\\\/www.facebook.com\\\/callandplay\",\"https:\\\/\\\/www.instagram.com\\\/call_and_play\\\/\"]}]}<\/script>\n<!-- \/ Yoast SEO plugin. -->","yoast_head_json":{"title":"YAMAHA U1 UPRIGHT - Call&amp;Play","robots":{"index":"index","follow":"follow","max-snippet":"max-snippet:-1","max-image-preview":"max-image-preview:large","max-video-preview":"max-video-preview:-1"},"canonical":"https:\/\/www.callandplay.com\/en\/yamaha-u1-upright\/","og_locale":"en_GB","og_type":"article","og_title":"YAMAHA U1 UPRIGHT - Call&amp;Play","og_description":"Los refinamientos en todos los elementos de la producci\u00f3n de sonido le dan a la Serie U sonidos m\u00e1s ricos, con mayor resonancia y con timbres m\u00e1s equilibrados en toda la tesitura del teclado. La especial configuraci\u00f3n de las costillas refuerzan la tabla arm\u00f3nica mientras que el barraje y otras avances mejoran la rigidez, resonancia y estabilidad estructural. Para lograr una excelente generaci\u00f3n de sonidos y respuesta, adem\u00e1s de gran durabilidad, los macillos de la Serie U est\u00e1n fabricados con materiales espec\u00edficamente seleccionados para cada modelo. Un mecanismo de amortiguaci\u00f3n utilizado hasta ahora s\u00f3lo en pianos de cola, impide en estos modelos que la tapa del teclado caiga bruscamente sobre el teclado. Ancho:121 cm. Alto:153 cm. Fondo: 61 cm. Peso:228 kg. El precio incluye transporte local y una afinaci\u00f3n. Precio orientativo: depende del horario y los accesos.","og_url":"https:\/\/www.callandplay.com\/en\/yamaha-u1-upright\/","og_site_name":"Call&amp;Play","article_publisher":"https:\/\/www.facebook.com\/callandplay","article_modified_time":"2026-04-04T20:33:58+00:00","twitter_card":"summary_large_image","twitter_misc":{"Estimated reading time":"1 minute"},"schema":{"@context":"https:\/\/schema.org","@graph":[{"@type":"WebPage","@id":"https:\/\/www.callandplay.com\/yamaha-u1-upright\/","url":"https:\/\/www.callandplay.com\/yamaha-u1-upright\/","name":"YAMAHA U1 UPRIGHT - Call&amp;Play","isPartOf":{"@id":"https:\/\/www.callandplay.com\/#website"},"datePublished":"2025-10-29T00:00:00+00:00","dateModified":"2026-04-04T20:33:58+00:00","breadcrumb":{"@id":"https:\/\/www.callandplay.com\/yamaha-u1-upright\/#breadcrumb"},"inLanguage":"en-GB","potentialAction":[{"@type":"ReadAction","target":["https:\/\/www.callandplay.com\/yamaha-u1-upright\/"]}]},{"@type":"BreadcrumbList","@id":"https:\/\/www.callandplay.com\/yamaha-u1-upright\/#breadcrumb","itemListElement":[{"@type":"ListItem","position":1,"name":"Portada","item":"https:\/\/www.callandplay.com\/"},{"@type":"ListItem","position":2,"name":"Tienda","item":"https:\/\/www.callandplay.com\/tienda\/"},{"@type":"ListItem","position":3,"name":"YAMAHA U1 UPRIGHT"}]},{"@type":"WebSite","@id":"https:\/\/www.callandplay.com\/#website","url":"https:\/\/www.callandplay.com\/","name":"Call&amp;Play","description":"Alquiler de backline e instrumentos musicales","publisher":{"@id":"https:\/\/www.callandplay.com\/#organization"},"potentialAction":[{"@type":"SearchAction","target":{"@type":"EntryPoint","urlTemplate":"https:\/\/www.callandplay.com\/?s={search_term_string}"},"query-input":{"@type":"PropertyValueSpecification","valueRequired":true,"valueName":"search_term_string"}}],"inLanguage":"en-GB"},{"@type":"Organization","@id":"https:\/\/www.callandplay.com\/#organization","name":"Call&Play","url":"https:\/\/www.callandplay.com\/","logo":{"@type":"ImageObject","inLanguage":"en-GB","@id":"https:\/\/www.callandplay.com\/#\/schema\/logo\/image\/","url":"https:\/\/www.callandplay.com\/wp-content\/uploads\/2021\/06\/cropped-cropped-logo-black_con_sombra.png","contentUrl":"https:\/\/www.callandplay.com\/wp-content\/uploads\/2021\/06\/cropped-cropped-logo-black_con_sombra.png","width":512,"height":512,"caption":"Call&Play"},"image":{"@id":"https:\/\/www.callandplay.com\/#\/schema\/logo\/image\/"},"sameAs":["https:\/\/www.facebook.com\/callandplay","https:\/\/www.instagram.com\/call_and_play\/"]}]}},"_links":{"self":[{"href":"https:\/\/www.callandplay.com\/en\/wp-json\/wp\/v2\/product\/53632","targetHints":{"allow":["GET"]}}],"collection":[{"href":"https:\/\/www.callandplay.com\/en\/wp-json\/wp\/v2\/product"}],"about":[{"href":"https:\/\/www.callandplay.com\/en\/wp-json\/wp\/v2\/types\/product"}],"replies":[{"embeddable":true,"href":"https:\/\/www.callandplay.com\/en\/wp-json\/wp\/v2\/comments?post=53632"}],"version-history":[{"count":1,"href":"https:\/\/www.callandplay.com\/en\/wp-json\/wp\/v2\/product\/53632\/revisions"}],"predecessor-version":[{"id":56442,"href":"https:\/\/www.callandplay.com\/en\/wp-json\/wp\/v2\/product\/53632\/revisions\/56442"}],"wp:attachment":[{"href":"https:\/\/www.callandplay.com\/en\/wp-json\/wp\/v2\/media?parent=53632"}],"wp:term":[{"taxonomy":"product_brand","embeddable":true,"href":"https:\/\/www.callandplay.com\/en\/wp-json\/wp\/v2\/product_brand?post=53632"},{"taxonomy":"product_cat","embeddable":true,"href":"https:\/\/www.callandplay.com\/en\/wp-json\/wp\/v2\/product_cat?post=53632"},{"taxonomy":"product_tag","embeddable":true,"href":"https:\/\/www.callandplay.com\/en\/wp-json\/wp\/v2\/product_tag?post=53632"}],"curies":[{"name":"wp","href":"https:\/\/api.w.org\/{rel}","templated":true}]}}