{"id":1473,"date":"2021-06-07T11:06:44","date_gmt":"2021-06-07T11:06:44","guid":{"rendered":"https:\/\/www.callandplay.com\/?page_id=1473"},"modified":"2021-09-21T12:43:54","modified_gmt":"2021-09-21T12:43:54","slug":"politica-de-privacidad","status":"publish","type":"page","link":"https:\/\/www.callandplay.com\/fr\/politica-de-privacidad\/","title":{"rendered":"Politique de confidentialit\u00e9"},"content":{"rendered":"<div data-elementor-type=\"wp-page\" data-elementor-id=\"1473\" class=\"elementor elementor-1473\" data-elementor-post-type=\"page\">\n\t\t\t\t\t\t<section class=\"elementor-section elementor-top-section elementor-element elementor-element-8b87af9 elementor-section-boxed elementor-section-height-default elementor-section-height-default\" data-id=\"8b87af9\" data-element_type=\"section\" data-e-type=\"section\">\n\t\t\t\t\t\t<div class=\"elementor-container elementor-column-gap-default\">\n\t\t\t\t\t<div class=\"elementor-column elementor-col-100 elementor-top-column elementor-element elementor-element-892de15\" data-id=\"892de15\" data-element_type=\"column\" data-e-type=\"column\">\n\t\t\t<div class=\"elementor-widget-wrap elementor-element-populated\">\n\t\t\t\t\t\t<div class=\"elementor-element elementor-element-e8c85e4 elementor-widget elementor-widget-heading\" data-id=\"e8c85e4\" data-element_type=\"widget\" data-e-type=\"widget\" data-widget_type=\"heading.default\">\n\t\t\t\t<div class=\"elementor-widget-container\">\n\t\t\t\t\t<h2 class=\"elementor-heading-title elementor-size-default\">Politique de confidentialit\u00e9<\/h2>\t\t\t\t<\/div>\n\t\t\t\t<\/div>\n\t\t\t\t<div class=\"elementor-element elementor-element-1ca0e12 elementor-widget elementor-widget-text-editor\" data-id=\"1ca0e12\" data-element_type=\"widget\" data-e-type=\"widget\" data-widget_type=\"text-editor.default\">\n\t\t\t\t<div class=\"elementor-widget-container\">\n\t\t\t\t\t\t\t\t\t<p class=\"translation-block\">Call &amp; Play SL, en tant que responsable de ce site Web, et conform\u00e9ment aux dispositions de la loi organique sur la protection des donn\u00e9es personnelles (LO 15\/1999, du 13 d\u00e9cembre) et de la loi sur la soci\u00e9t\u00e9 de l'information et le commerce \u00e9lectronique (LSSI-CE 34\/2002, du 11 juin) garantit la confidentialit\u00e9 des donn\u00e9es personnelles des utilisateurs. Les utilisateurs du site Internet peuvent : s\u2019informer, se renseigner ou s'inscrire \u00e0 une newsletter. La simple navigation sur le Web ne n\u00e9cessite pas d'enregistrement pr\u00e9alable de la part des utilisateurs.<\/p><p>\u00a0<\/p><p><b>Formulaires Web:<br \/><\/b>Les donn\u00e9es personnelles collect\u00e9es via le formulaire de contact ou tout autre formulaire Web, ou parce que vous nous envoyez un e-mail, seront trait\u00e9es par la soci\u00e9t\u00e9 qui en est propri\u00e9taire, en tant que responsable du traitement, afin de g\u00e9rer et de r\u00e9pondre \u00e0 votre demande ou demande d'information, des doutes, des plaintes, etc. ou dans le but sp\u00e9cifique indiqu\u00e9 dans le formulaire Web.<\/p><p>\u00a0<\/p><p><b>Gestion des programmes:<\/b><br \/>Nous pouvons \u00e9galement traiter vos donn\u00e9es pour prendre en compte votre candidature \u00e0 d'\u00e9ventuels postes vacants ou emplois pouvant survenir dans l'un des si\u00e8ges sociaux ou sections de l'entreprise qui correspond \u00e0 votre profil et \u00e0 votre exp\u00e9rience. Votre candidature et votre curriculum peuvent nous parvenir via le formulaire de candidature sp\u00e9cifique ou par e-mail. La l\u00e9galit\u00e9 du traitement est bas\u00e9e sur l'article 6.1.a) du RGPD : l'int\u00e9ress\u00e9 a donn\u00e9 son consentement pour le traitement de ses donn\u00e9es personnelles pour une ou plusieurs finalit\u00e9s sp\u00e9cifiques.<\/p><p>Le Curriculum Vitae sera conserv\u00e9 pour une dur\u00e9e maximale d'un an, tant que le candidat n'aura pas r\u00e9voqu\u00e9 le consentement accord\u00e9.<\/p><p>\u00a0<\/p><p><b>Bulletin:<\/b><br \/>De plus, dans le cas o\u00f9 nous activons l'envoi de la newsletter et que vous nous demandez express\u00e9ment de la recevoir, nous vous tiendrons inform\u00e9s des nouveaut\u00e9s concernant les produits et services de notre soci\u00e9t\u00e9. Vous pouvez vous d\u00e9sinscrire \u00e0 tout moment si vous ne souhaitez plus continuer \u00e0 recevoir de telles informations. Vous trouverez un lien \u00e0 cet effet au bas de chaque newsletter. Vous pouvez \u00e9galement vous d\u00e9sinscrire \u00e0 tout moment ou communiquer votre demande via les options de contact pr\u00e9cis\u00e9es \u00e0 la fin de ce document.<\/p><p>Les utilisateurs peuvent exercer leurs droits d'acc\u00e8s, de rectification, d'annulation et d'opposition concernant leurs donn\u00e9es personnelles \u00e0 tout moment en contactant info@callandplay.eu. <a href=\"mailto:info@callandplay.eu\">info@callandplay.eu<\/a>.<\/p>\t\t\t\t\t\t\t\t<\/div>\n\t\t\t\t<\/div>\n\t\t\t\t\t<\/div>\n\t\t<\/div>\n\t\t\t\t\t<\/div>\n\t\t<\/section>\n\t\t\t\t<\/div>","protected":false},"excerpt":{"rendered":"<p>Pol\u00edtica de privacidad Call &amp; Play S.L., como responsable de la presente web, y de conformidad con lo dispuesto por la Ley Org\u00e1nica de Protecci\u00f3n de Datos de Car\u00e1cter Personal (L.O. 15\/1999, de 13 de diciembre) y la Ley de la Sociedad de Informaci\u00f3n y de Comercio Electr\u00f3nico (LSSI-CE 34\/2002, de 11 de junio) garantiza [&hellip;]<\/p>\n","protected":false},"author":3,"featured_media":0,"parent":0,"menu_order":0,"comment_status":"closed","ping_status":"closed","template":"","meta":{"_acf_changed":false,"om_disable_all_campaigns":false,"_monsterinsights_skip_tracking":false,"_monsterinsights_sitenote_active":false,"_monsterinsights_sitenote_note":"","_monsterinsights_sitenote_category":0,"footnotes":""},"class_list":["post-1473","page","type-page","status-publish","hentry"],"acf":[],"yoast_head":"<!-- This site is optimized with the Yoast SEO plugin v27.4 - https:\/\/yoast.com\/product\/yoast-seo-wordpress\/ -->\n<title>Pol\u00edtica de privacidad - Call&amp;Play<\/title>\n<meta name=\"robots\" content=\"index, follow, max-snippet:-1, max-image-preview:large, max-video-preview:-1\" \/>\n<link rel=\"canonical\" href=\"https:\/\/www.callandplay.com\/fr\/politica-de-privacidad\/\" \/>\n<meta property=\"og:locale\" content=\"fr_FR\" \/>\n<meta property=\"og:type\" content=\"article\" \/>\n<meta property=\"og:title\" content=\"Pol\u00edtica de privacidad - Call&amp;Play\" \/>\n<meta property=\"og:description\" content=\"Pol\u00edtica de privacidad Call &amp; Play S.L., como responsable de la presente web, y de conformidad con lo dispuesto por la Ley Org\u00e1nica de Protecci\u00f3n de Datos de Car\u00e1cter Personal (L.O. 15\/1999, de 13 de diciembre) y la Ley de la Sociedad de Informaci\u00f3n y de Comercio Electr\u00f3nico (LSSI-CE 34\/2002, de 11 de junio) garantiza [&hellip;]\" \/>\n<meta property=\"og:url\" content=\"https:\/\/www.callandplay.com\/fr\/politica-de-privacidad\/\" \/>\n<meta property=\"og:site_name\" content=\"Call&amp;Play\" \/>\n<meta property=\"article:publisher\" content=\"https:\/\/www.facebook.com\/callandplay\" \/>\n<meta property=\"article:modified_time\" content=\"2021-09-21T12:43:54+00:00\" \/>\n<meta name=\"twitter:card\" content=\"summary_large_image\" \/>\n<meta name=\"twitter:label1\" content=\"Dur\u00e9e de lecture estim\u00e9e\" \/>\n\t<meta name=\"twitter:data1\" content=\"2 minutes\" \/>\n<script type=\"application\/ld+json\" class=\"yoast-schema-graph\">{\"@context\":\"https:\\\/\\\/schema.org\",\"@graph\":[{\"@type\":\"WebPage\",\"@id\":\"https:\\\/\\\/www.callandplay.com\\\/politica-de-privacidad\\\/\",\"url\":\"https:\\\/\\\/www.callandplay.com\\\/politica-de-privacidad\\\/\",\"name\":\"Pol\u00edtica de privacidad - Call&amp;Play\",\"isPartOf\":{\"@id\":\"https:\\\/\\\/www.callandplay.com\\\/#website\"},\"datePublished\":\"2021-06-07T11:06:44+00:00\",\"dateModified\":\"2021-09-21T12:43:54+00:00\",\"breadcrumb\":{\"@id\":\"https:\\\/\\\/www.callandplay.com\\\/politica-de-privacidad\\\/#breadcrumb\"},\"inLanguage\":\"fr-FR\",\"potentialAction\":[{\"@type\":\"ReadAction\",\"target\":[\"https:\\\/\\\/www.callandplay.com\\\/politica-de-privacidad\\\/\"]}]},{\"@type\":\"BreadcrumbList\",\"@id\":\"https:\\\/\\\/www.callandplay.com\\\/politica-de-privacidad\\\/#breadcrumb\",\"itemListElement\":[{\"@type\":\"ListItem\",\"position\":1,\"name\":\"Portada\",\"item\":\"https:\\\/\\\/www.callandplay.com\\\/\"},{\"@type\":\"ListItem\",\"position\":2,\"name\":\"Pol\u00edtica de privacidad\"}]},{\"@type\":\"WebSite\",\"@id\":\"https:\\\/\\\/www.callandplay.com\\\/#website\",\"url\":\"https:\\\/\\\/www.callandplay.com\\\/\",\"name\":\"Call&amp;Play\",\"description\":\"Alquiler de backline e instrumentos musicales\",\"publisher\":{\"@id\":\"https:\\\/\\\/www.callandplay.com\\\/#organization\"},\"potentialAction\":[{\"@type\":\"SearchAction\",\"target\":{\"@type\":\"EntryPoint\",\"urlTemplate\":\"https:\\\/\\\/www.callandplay.com\\\/?s={search_term_string}\"},\"query-input\":{\"@type\":\"PropertyValueSpecification\",\"valueRequired\":true,\"valueName\":\"search_term_string\"}}],\"inLanguage\":\"fr-FR\"},{\"@type\":\"Organization\",\"@id\":\"https:\\\/\\\/www.callandplay.com\\\/#organization\",\"name\":\"Call&Play\",\"url\":\"https:\\\/\\\/www.callandplay.com\\\/\",\"logo\":{\"@type\":\"ImageObject\",\"inLanguage\":\"fr-FR\",\"@id\":\"https:\\\/\\\/www.callandplay.com\\\/#\\\/schema\\\/logo\\\/image\\\/\",\"url\":\"https:\\\/\\\/www.callandplay.com\\\/wp-content\\\/uploads\\\/2021\\\/06\\\/cropped-cropped-logo-black_con_sombra.png\",\"contentUrl\":\"https:\\\/\\\/www.callandplay.com\\\/wp-content\\\/uploads\\\/2021\\\/06\\\/cropped-cropped-logo-black_con_sombra.png\",\"width\":512,\"height\":512,\"caption\":\"Call&Play\"},\"image\":{\"@id\":\"https:\\\/\\\/www.callandplay.com\\\/#\\\/schema\\\/logo\\\/image\\\/\"},\"sameAs\":[\"https:\\\/\\\/www.facebook.com\\\/callandplay\",\"https:\\\/\\\/www.instagram.com\\\/call_and_play\\\/\"]}]}<\/script>\n<!-- \/ Yoast SEO plugin. -->","yoast_head_json":{"title":"Pol\u00edtica de privacidad - Call&amp;Play","robots":{"index":"index","follow":"follow","max-snippet":"max-snippet:-1","max-image-preview":"max-image-preview:large","max-video-preview":"max-video-preview:-1"},"canonical":"https:\/\/www.callandplay.com\/fr\/politica-de-privacidad\/","og_locale":"fr_FR","og_type":"article","og_title":"Pol\u00edtica de privacidad - Call&amp;Play","og_description":"Pol\u00edtica de privacidad Call &amp; Play S.L., como responsable de la presente web, y de conformidad con lo dispuesto por la Ley Org\u00e1nica de Protecci\u00f3n de Datos de Car\u00e1cter Personal (L.O. 15\/1999, de 13 de diciembre) y la Ley de la Sociedad de Informaci\u00f3n y de Comercio Electr\u00f3nico (LSSI-CE 34\/2002, de 11 de junio) garantiza [&hellip;]","og_url":"https:\/\/www.callandplay.com\/fr\/politica-de-privacidad\/","og_site_name":"Call&amp;Play","article_publisher":"https:\/\/www.facebook.com\/callandplay","article_modified_time":"2021-09-21T12:43:54+00:00","twitter_card":"summary_large_image","twitter_misc":{"Dur\u00e9e de lecture estim\u00e9e":"2 minutes"},"schema":{"@context":"https:\/\/schema.org","@graph":[{"@type":"WebPage","@id":"https:\/\/www.callandplay.com\/politica-de-privacidad\/","url":"https:\/\/www.callandplay.com\/politica-de-privacidad\/","name":"Pol\u00edtica de privacidad - Call&amp;Play","isPartOf":{"@id":"https:\/\/www.callandplay.com\/#website"},"datePublished":"2021-06-07T11:06:44+00:00","dateModified":"2021-09-21T12:43:54+00:00","breadcrumb":{"@id":"https:\/\/www.callandplay.com\/politica-de-privacidad\/#breadcrumb"},"inLanguage":"fr-FR","potentialAction":[{"@type":"ReadAction","target":["https:\/\/www.callandplay.com\/politica-de-privacidad\/"]}]},{"@type":"BreadcrumbList","@id":"https:\/\/www.callandplay.com\/politica-de-privacidad\/#breadcrumb","itemListElement":[{"@type":"ListItem","position":1,"name":"Portada","item":"https:\/\/www.callandplay.com\/"},{"@type":"ListItem","position":2,"name":"Pol\u00edtica de privacidad"}]},{"@type":"WebSite","@id":"https:\/\/www.callandplay.com\/#website","url":"https:\/\/www.callandplay.com\/","name":"Call&amp;Play","description":"Alquiler de backline e instrumentos musicales","publisher":{"@id":"https:\/\/www.callandplay.com\/#organization"},"potentialAction":[{"@type":"SearchAction","target":{"@type":"EntryPoint","urlTemplate":"https:\/\/www.callandplay.com\/?s={search_term_string}"},"query-input":{"@type":"PropertyValueSpecification","valueRequired":true,"valueName":"search_term_string"}}],"inLanguage":"fr-FR"},{"@type":"Organization","@id":"https:\/\/www.callandplay.com\/#organization","name":"Call&Play","url":"https:\/\/www.callandplay.com\/","logo":{"@type":"ImageObject","inLanguage":"fr-FR","@id":"https:\/\/www.callandplay.com\/#\/schema\/logo\/image\/","url":"https:\/\/www.callandplay.com\/wp-content\/uploads\/2021\/06\/cropped-cropped-logo-black_con_sombra.png","contentUrl":"https:\/\/www.callandplay.com\/wp-content\/uploads\/2021\/06\/cropped-cropped-logo-black_con_sombra.png","width":512,"height":512,"caption":"Call&Play"},"image":{"@id":"https:\/\/www.callandplay.com\/#\/schema\/logo\/image\/"},"sameAs":["https:\/\/www.facebook.com\/callandplay","https:\/\/www.instagram.com\/call_and_play\/"]}]}},"_links":{"self":[{"href":"https:\/\/www.callandplay.com\/fr\/wp-json\/wp\/v2\/pages\/1473","targetHints":{"allow":["GET"]}}],"collection":[{"href":"https:\/\/www.callandplay.com\/fr\/wp-json\/wp\/v2\/pages"}],"about":[{"href":"https:\/\/www.callandplay.com\/fr\/wp-json\/wp\/v2\/types\/page"}],"author":[{"embeddable":true,"href":"https:\/\/www.callandplay.com\/fr\/wp-json\/wp\/v2\/users\/3"}],"replies":[{"embeddable":true,"href":"https:\/\/www.callandplay.com\/fr\/wp-json\/wp\/v2\/comments?post=1473"}],"version-history":[{"count":7,"href":"https:\/\/www.callandplay.com\/fr\/wp-json\/wp\/v2\/pages\/1473\/revisions"}],"predecessor-version":[{"id":14006,"href":"https:\/\/www.callandplay.com\/fr\/wp-json\/wp\/v2\/pages\/1473\/revisions\/14006"}],"wp:attachment":[{"href":"https:\/\/www.callandplay.com\/fr\/wp-json\/wp\/v2\/media?parent=1473"}],"curies":[{"name":"wp","href":"https:\/\/api.w.org\/{rel}","templated":true}]}}