{"id":51131,"date":"2024-05-17T00:00:00","date_gmt":"2024-05-17T00:00:00","guid":{"rendered":"https:\/\/www.callandplay.com\/fender-telecaster-vintage-series-62-custom-rw-sunburst\/"},"modified":"2026-04-03T20:35:01","modified_gmt":"2026-04-03T20:35:01","slug":"fender-telecaster-vintage-series-62-custom-rw-sunburst","status":"publish","type":"product","link":"https:\/\/www.callandplay.com\/fr\/fender-telecaster-vintage-series-62-custom-rw-sunburst\/","title":{"rendered":"FENDER TELECASTER VINTAGE SERIES &#8217;62 CUSTOM RW SUNBURST"},"content":{"rendered":"<p>Material del cuerpo: Aliso. Material del m\u00e1stil: Arce. Perfil del m\u00e1stil: forma de C. Diapas\u00f3n: Palisandro, radio de 7,25&#8243;. Trastes: 21, Vintage. Longitud de escala: 25,5&#8243;. Pastillas: American Vintage &#8217;62 Custom Single-Coil Tele. Tipo de puente: 3 monturas de barril de acero roscadas. Clavijeros: Estilo Vintage. Tipo de Acabado: Nitrocelulosa Brillante. Color: 3T Sunburst.<\/p>","protected":false},"excerpt":{"rendered":"<p>Material del cuerpo: Aliso. Material del m\u00e1stil: Arce. Perfil del m\u00e1stil: forma de C. Diapas\u00f3n: Palisandro, radio de 7,25&#8243;. Trastes: 21, Vintage. Longitud de escala: 25,5&#8243;. Pastillas: American Vintage &#8217;62 Custom Single-Coil Tele. Tipo de puente: 3 monturas de barril de acero roscadas. Clavijeros: Estilo Vintage. Tipo de Acabado: Nitrocelulosa Brillante. Color: 3T Sunburst.<\/p>","protected":false},"featured_media":0,"comment_status":"closed","ping_status":"closed","template":"","meta":{"_acf_changed":false,"om_disable_all_campaigns":false,"_monsterinsights_skip_tracking":false,"_monsterinsights_sitenote_active":false,"_monsterinsights_sitenote_note":"","_monsterinsights_sitenote_category":0},"product_brand":[],"product_cat":[1055],"product_tag":[],"class_list":{"0":"post-51131","1":"product","2":"type-product","3":"status-publish","5":"product_cat-guitarras-electricas-cuerpo-solido","7":"first","8":"instock","9":"shipping-taxable","10":"purchasable","11":"product-type-simple"},"acf":[],"yoast_head":"<!-- This site is optimized with the Yoast SEO plugin v27.3 - https:\/\/yoast.com\/product\/yoast-seo-wordpress\/ -->\n<title>FENDER TELECASTER VINTAGE SERIES &#039;62 CUSTOM RW SUNBURST - Call&amp;Play<\/title>\n<meta name=\"robots\" content=\"index, follow, max-snippet:-1, max-image-preview:large, max-video-preview:-1\" \/>\n<link rel=\"canonical\" href=\"https:\/\/www.callandplay.com\/fr\/fender-telecaster-vintage-series-62-custom-rw-sunburst\/\" \/>\n<meta property=\"og:locale\" content=\"fr_FR\" \/>\n<meta property=\"og:type\" content=\"article\" \/>\n<meta property=\"og:title\" content=\"FENDER TELECASTER VINTAGE SERIES &#039;62 CUSTOM RW SUNBURST - Call&amp;Play\" \/>\n<meta property=\"og:description\" content=\"Material del cuerpo: Aliso. Material del m\u00e1stil: Arce. Perfil del m\u00e1stil: forma de C. Diapas\u00f3n: Palisandro, radio de 7,25&quot;. Trastes: 21, Vintage. Longitud de escala: 25,5&quot;. Pastillas: American Vintage &#039;62 Custom Single-Coil Tele. Tipo de puente: 3 monturas de barril de acero roscadas. Clavijeros: Estilo Vintage. Tipo de Acabado: Nitrocelulosa Brillante. Color: 3T Sunburst.\" \/>\n<meta property=\"og:url\" content=\"https:\/\/www.callandplay.com\/fr\/fender-telecaster-vintage-series-62-custom-rw-sunburst\/\" \/>\n<meta property=\"og:site_name\" content=\"Call&amp;Play\" \/>\n<meta property=\"article:publisher\" content=\"https:\/\/www.facebook.com\/callandplay\" \/>\n<meta property=\"article:modified_time\" content=\"2026-04-03T20:35:01+00:00\" \/>\n<meta name=\"twitter:card\" content=\"summary_large_image\" \/>\n<script type=\"application\/ld+json\" class=\"yoast-schema-graph\">{\"@context\":\"https:\\\/\\\/schema.org\",\"@graph\":[{\"@type\":\"WebPage\",\"@id\":\"https:\\\/\\\/www.callandplay.com\\\/fender-telecaster-vintage-series-62-custom-rw-sunburst\\\/\",\"url\":\"https:\\\/\\\/www.callandplay.com\\\/fender-telecaster-vintage-series-62-custom-rw-sunburst\\\/\",\"name\":\"FENDER TELECASTER VINTAGE SERIES '62 CUSTOM RW SUNBURST - Call&amp;Play\",\"isPartOf\":{\"@id\":\"https:\\\/\\\/www.callandplay.com\\\/#website\"},\"datePublished\":\"2024-05-17T00:00:00+00:00\",\"dateModified\":\"2026-04-03T20:35:01+00:00\",\"breadcrumb\":{\"@id\":\"https:\\\/\\\/www.callandplay.com\\\/fender-telecaster-vintage-series-62-custom-rw-sunburst\\\/#breadcrumb\"},\"inLanguage\":\"fr-FR\",\"potentialAction\":[{\"@type\":\"ReadAction\",\"target\":[\"https:\\\/\\\/www.callandplay.com\\\/fender-telecaster-vintage-series-62-custom-rw-sunburst\\\/\"]}]},{\"@type\":\"BreadcrumbList\",\"@id\":\"https:\\\/\\\/www.callandplay.com\\\/fender-telecaster-vintage-series-62-custom-rw-sunburst\\\/#breadcrumb\",\"itemListElement\":[{\"@type\":\"ListItem\",\"position\":1,\"name\":\"Portada\",\"item\":\"https:\\\/\\\/www.callandplay.com\\\/\"},{\"@type\":\"ListItem\",\"position\":2,\"name\":\"Tienda\",\"item\":\"https:\\\/\\\/www.callandplay.com\\\/tienda\\\/\"},{\"@type\":\"ListItem\",\"position\":3,\"name\":\"FENDER TELECASTER VINTAGE SERIES &#8217;62 CUSTOM RW SUNBURST\"}]},{\"@type\":\"WebSite\",\"@id\":\"https:\\\/\\\/www.callandplay.com\\\/#website\",\"url\":\"https:\\\/\\\/www.callandplay.com\\\/\",\"name\":\"Call&amp;Play\",\"description\":\"Alquiler de backline e instrumentos musicales\",\"publisher\":{\"@id\":\"https:\\\/\\\/www.callandplay.com\\\/#organization\"},\"potentialAction\":[{\"@type\":\"SearchAction\",\"target\":{\"@type\":\"EntryPoint\",\"urlTemplate\":\"https:\\\/\\\/www.callandplay.com\\\/?s={search_term_string}\"},\"query-input\":{\"@type\":\"PropertyValueSpecification\",\"valueRequired\":true,\"valueName\":\"search_term_string\"}}],\"inLanguage\":\"fr-FR\"},{\"@type\":\"Organization\",\"@id\":\"https:\\\/\\\/www.callandplay.com\\\/#organization\",\"name\":\"Call&Play\",\"url\":\"https:\\\/\\\/www.callandplay.com\\\/\",\"logo\":{\"@type\":\"ImageObject\",\"inLanguage\":\"fr-FR\",\"@id\":\"https:\\\/\\\/www.callandplay.com\\\/#\\\/schema\\\/logo\\\/image\\\/\",\"url\":\"https:\\\/\\\/www.callandplay.com\\\/wp-content\\\/uploads\\\/2021\\\/06\\\/cropped-cropped-logo-black_con_sombra.png\",\"contentUrl\":\"https:\\\/\\\/www.callandplay.com\\\/wp-content\\\/uploads\\\/2021\\\/06\\\/cropped-cropped-logo-black_con_sombra.png\",\"width\":512,\"height\":512,\"caption\":\"Call&Play\"},\"image\":{\"@id\":\"https:\\\/\\\/www.callandplay.com\\\/#\\\/schema\\\/logo\\\/image\\\/\"},\"sameAs\":[\"https:\\\/\\\/www.facebook.com\\\/callandplay\",\"https:\\\/\\\/www.instagram.com\\\/call_and_play\\\/\"]}]}<\/script>\n<!-- \/ Yoast SEO plugin. -->","yoast_head_json":{"title":"FENDER TELECASTER VINTAGE SERIES '62 CUSTOM RW SUNBURST - Call&amp;Play","robots":{"index":"index","follow":"follow","max-snippet":"max-snippet:-1","max-image-preview":"max-image-preview:large","max-video-preview":"max-video-preview:-1"},"canonical":"https:\/\/www.callandplay.com\/fr\/fender-telecaster-vintage-series-62-custom-rw-sunburst\/","og_locale":"fr_FR","og_type":"article","og_title":"FENDER TELECASTER VINTAGE SERIES '62 CUSTOM RW SUNBURST - Call&amp;Play","og_description":"Material del cuerpo: Aliso. Material del m\u00e1stil: Arce. Perfil del m\u00e1stil: forma de C. Diapas\u00f3n: Palisandro, radio de 7,25\". Trastes: 21, Vintage. Longitud de escala: 25,5\". Pastillas: American Vintage '62 Custom Single-Coil Tele. Tipo de puente: 3 monturas de barril de acero roscadas. Clavijeros: Estilo Vintage. Tipo de Acabado: Nitrocelulosa Brillante. Color: 3T Sunburst.","og_url":"https:\/\/www.callandplay.com\/fr\/fender-telecaster-vintage-series-62-custom-rw-sunburst\/","og_site_name":"Call&amp;Play","article_publisher":"https:\/\/www.facebook.com\/callandplay","article_modified_time":"2026-04-03T20:35:01+00:00","twitter_card":"summary_large_image","schema":{"@context":"https:\/\/schema.org","@graph":[{"@type":"WebPage","@id":"https:\/\/www.callandplay.com\/fender-telecaster-vintage-series-62-custom-rw-sunburst\/","url":"https:\/\/www.callandplay.com\/fender-telecaster-vintage-series-62-custom-rw-sunburst\/","name":"FENDER TELECASTER VINTAGE SERIES '62 CUSTOM RW SUNBURST - Call&amp;Play","isPartOf":{"@id":"https:\/\/www.callandplay.com\/#website"},"datePublished":"2024-05-17T00:00:00+00:00","dateModified":"2026-04-03T20:35:01+00:00","breadcrumb":{"@id":"https:\/\/www.callandplay.com\/fender-telecaster-vintage-series-62-custom-rw-sunburst\/#breadcrumb"},"inLanguage":"fr-FR","potentialAction":[{"@type":"ReadAction","target":["https:\/\/www.callandplay.com\/fender-telecaster-vintage-series-62-custom-rw-sunburst\/"]}]},{"@type":"BreadcrumbList","@id":"https:\/\/www.callandplay.com\/fender-telecaster-vintage-series-62-custom-rw-sunburst\/#breadcrumb","itemListElement":[{"@type":"ListItem","position":1,"name":"Portada","item":"https:\/\/www.callandplay.com\/"},{"@type":"ListItem","position":2,"name":"Tienda","item":"https:\/\/www.callandplay.com\/tienda\/"},{"@type":"ListItem","position":3,"name":"FENDER TELECASTER VINTAGE SERIES &#8217;62 CUSTOM RW SUNBURST"}]},{"@type":"WebSite","@id":"https:\/\/www.callandplay.com\/#website","url":"https:\/\/www.callandplay.com\/","name":"Call&amp;Play","description":"Alquiler de backline e instrumentos musicales","publisher":{"@id":"https:\/\/www.callandplay.com\/#organization"},"potentialAction":[{"@type":"SearchAction","target":{"@type":"EntryPoint","urlTemplate":"https:\/\/www.callandplay.com\/?s={search_term_string}"},"query-input":{"@type":"PropertyValueSpecification","valueRequired":true,"valueName":"search_term_string"}}],"inLanguage":"fr-FR"},{"@type":"Organization","@id":"https:\/\/www.callandplay.com\/#organization","name":"Call&Play","url":"https:\/\/www.callandplay.com\/","logo":{"@type":"ImageObject","inLanguage":"fr-FR","@id":"https:\/\/www.callandplay.com\/#\/schema\/logo\/image\/","url":"https:\/\/www.callandplay.com\/wp-content\/uploads\/2021\/06\/cropped-cropped-logo-black_con_sombra.png","contentUrl":"https:\/\/www.callandplay.com\/wp-content\/uploads\/2021\/06\/cropped-cropped-logo-black_con_sombra.png","width":512,"height":512,"caption":"Call&Play"},"image":{"@id":"https:\/\/www.callandplay.com\/#\/schema\/logo\/image\/"},"sameAs":["https:\/\/www.facebook.com\/callandplay","https:\/\/www.instagram.com\/call_and_play\/"]}]}},"_links":{"self":[{"href":"https:\/\/www.callandplay.com\/fr\/wp-json\/wp\/v2\/product\/51131","targetHints":{"allow":["GET"]}}],"collection":[{"href":"https:\/\/www.callandplay.com\/fr\/wp-json\/wp\/v2\/product"}],"about":[{"href":"https:\/\/www.callandplay.com\/fr\/wp-json\/wp\/v2\/types\/product"}],"replies":[{"embeddable":true,"href":"https:\/\/www.callandplay.com\/fr\/wp-json\/wp\/v2\/comments?post=51131"}],"version-history":[{"count":1,"href":"https:\/\/www.callandplay.com\/fr\/wp-json\/wp\/v2\/product\/51131\/revisions"}],"predecessor-version":[{"id":53941,"href":"https:\/\/www.callandplay.com\/fr\/wp-json\/wp\/v2\/product\/51131\/revisions\/53941"}],"wp:attachment":[{"href":"https:\/\/www.callandplay.com\/fr\/wp-json\/wp\/v2\/media?parent=51131"}],"wp:term":[{"taxonomy":"product_brand","embeddable":true,"href":"https:\/\/www.callandplay.com\/fr\/wp-json\/wp\/v2\/product_brand?post=51131"},{"taxonomy":"product_cat","embeddable":true,"href":"https:\/\/www.callandplay.com\/fr\/wp-json\/wp\/v2\/product_cat?post=51131"},{"taxonomy":"product_tag","embeddable":true,"href":"https:\/\/www.callandplay.com\/fr\/wp-json\/wp\/v2\/product_tag?post=51131"}],"curies":[{"name":"wp","href":"https:\/\/api.w.org\/{rel}","templated":true}]}}