{"id":51236,"date":"2014-03-28T00:00:00","date_gmt":"2014-03-28T00:00:00","guid":{"rendered":"https:\/\/www.callandplay.com\/shure-beta-58a\/"},"modified":"2026-04-15T20:53:17","modified_gmt":"2026-04-15T20:53:17","slug":"shure-beta-58a","status":"publish","type":"product","link":"https:\/\/www.callandplay.com\/fr\/shure-beta-58a\/","title":{"rendered":"SHURE BETA 58A"},"content":{"rendered":"<p>El micr\u00f3fono BETA\u00ae58A es un micr\u00f3fono vocal din\u00e1mico supercardioide de salida alta, dise\u00f1ado para refuerzo de sonido profesional y proyectos de grabaci\u00f3n de estudio. Mantiene un verdadero patr\u00f3n supercardioide en todo su rango de frecuencia. Esto asegura una ganancia alta antes de retroalimentaci\u00f3n, m\u00e1ximo aislamiento de otras fuentes de sonido, y una coloraci\u00f3n fuera del eje principal m\u00ednima. El modelo Beta 58A tiene una respuesta de frecuencia adaptada, ideal para voces muy pr\u00f3ximas al micr\u00f3fono. El manejo con movimientos bruscos no afecta el desempe\u00f1o extraordinario de este micr\u00f3fono, debido a su dise\u00f1o reforzado, su sistema de montura anti-vibratoria de calidad comprobada y su rejilla de malla de acero reforzado.<\/p>","protected":false},"excerpt":{"rendered":"<p>El micr\u00f3fono BETA\u00ae58A es un micr\u00f3fono vocal din\u00e1mico supercardioide de salida alta, dise\u00f1ado para refuerzo de sonido profesional y proyectos de grabaci\u00f3n de estudio. Mantiene un verdadero patr\u00f3n supercardioide en todo su rango de frecuencia. Esto asegura una ganancia alta antes de retroalimentaci\u00f3n, m\u00e1ximo aislamiento de otras fuentes de sonido, y una coloraci\u00f3n fuera del eje principal m\u00ednima. El modelo Beta 58A tiene una respuesta de frecuencia adaptada, ideal para voces muy pr\u00f3ximas al micr\u00f3fono. El manejo con movimientos bruscos no afecta el desempe\u00f1o extraordinario de este micr\u00f3fono, debido a su dise\u00f1o reforzado, su sistema de montura anti-vibratoria de calidad comprobada y su rejilla de malla de acero reforzado.<\/p>","protected":false},"featured_media":0,"comment_status":"closed","ping_status":"closed","template":"","meta":{"_acf_changed":false,"om_disable_all_campaigns":false,"_monsterinsights_skip_tracking":false,"_monsterinsights_sitenote_active":false,"_monsterinsights_sitenote_note":"","_monsterinsights_sitenote_category":0},"product_brand":[],"product_cat":[965],"product_tag":[],"class_list":{"0":"post-51236","1":"product","2":"type-product","3":"status-publish","5":"product_cat-microfonos-dinamicos","7":"first","8":"instock","9":"shipping-taxable","10":"purchasable","11":"product-type-simple"},"acf":[],"yoast_head":"<!-- This site is optimized with the Yoast SEO plugin v27.4 - https:\/\/yoast.com\/product\/yoast-seo-wordpress\/ -->\n<title>SHURE BETA 58A - Call&amp;Play<\/title>\n<meta name=\"robots\" content=\"index, follow, max-snippet:-1, max-image-preview:large, max-video-preview:-1\" \/>\n<link rel=\"canonical\" href=\"https:\/\/www.callandplay.com\/fr\/shure-beta-58a\/\" \/>\n<meta property=\"og:locale\" content=\"fr_FR\" \/>\n<meta property=\"og:type\" content=\"article\" \/>\n<meta property=\"og:title\" content=\"SHURE BETA 58A - Call&amp;Play\" \/>\n<meta property=\"og:description\" content=\"El micr\u00f3fono BETA\u00ae58A es un micr\u00f3fono vocal din\u00e1mico supercardioide de salida alta, dise\u00f1ado para refuerzo de sonido profesional y proyectos de grabaci\u00f3n de estudio. Mantiene un verdadero patr\u00f3n supercardioide en todo su rango de frecuencia. Esto asegura una ganancia alta antes de retroalimentaci\u00f3n, m\u00e1ximo aislamiento de otras fuentes de sonido, y una coloraci\u00f3n fuera del eje principal m\u00ednima. El modelo Beta 58A tiene una respuesta de frecuencia adaptada, ideal para voces muy pr\u00f3ximas al micr\u00f3fono. El manejo con movimientos bruscos no afecta el desempe\u00f1o extraordinario de este micr\u00f3fono, debido a su dise\u00f1o reforzado, su sistema de montura anti-vibratoria de calidad comprobada y su rejilla de malla de acero reforzado.\" \/>\n<meta property=\"og:url\" content=\"https:\/\/www.callandplay.com\/fr\/shure-beta-58a\/\" \/>\n<meta property=\"og:site_name\" content=\"Call&amp;Play\" \/>\n<meta property=\"article:publisher\" content=\"https:\/\/www.facebook.com\/callandplay\" \/>\n<meta property=\"article:modified_time\" content=\"2026-04-15T20:53:17+00:00\" \/>\n<meta name=\"twitter:card\" content=\"summary_large_image\" \/>\n<meta name=\"twitter:label1\" content=\"Dur\u00e9e de lecture estim\u00e9e\" \/>\n\t<meta name=\"twitter:data1\" content=\"1 minute\" \/>\n<script type=\"application\/ld+json\" class=\"yoast-schema-graph\">{\"@context\":\"https:\\\/\\\/schema.org\",\"@graph\":[{\"@type\":\"WebPage\",\"@id\":\"https:\\\/\\\/www.callandplay.com\\\/shure-beta-58a\\\/\",\"url\":\"https:\\\/\\\/www.callandplay.com\\\/shure-beta-58a\\\/\",\"name\":\"SHURE BETA 58A - Call&amp;Play\",\"isPartOf\":{\"@id\":\"https:\\\/\\\/www.callandplay.com\\\/#website\"},\"datePublished\":\"2014-03-28T00:00:00+00:00\",\"dateModified\":\"2026-04-15T20:53:17+00:00\",\"breadcrumb\":{\"@id\":\"https:\\\/\\\/www.callandplay.com\\\/shure-beta-58a\\\/#breadcrumb\"},\"inLanguage\":\"fr-FR\",\"potentialAction\":[{\"@type\":\"ReadAction\",\"target\":[\"https:\\\/\\\/www.callandplay.com\\\/shure-beta-58a\\\/\"]}]},{\"@type\":\"BreadcrumbList\",\"@id\":\"https:\\\/\\\/www.callandplay.com\\\/shure-beta-58a\\\/#breadcrumb\",\"itemListElement\":[{\"@type\":\"ListItem\",\"position\":1,\"name\":\"Portada\",\"item\":\"https:\\\/\\\/www.callandplay.com\\\/\"},{\"@type\":\"ListItem\",\"position\":2,\"name\":\"Tienda\",\"item\":\"https:\\\/\\\/www.callandplay.com\\\/tienda\\\/\"},{\"@type\":\"ListItem\",\"position\":3,\"name\":\"SHURE BETA 58A\"}]},{\"@type\":\"WebSite\",\"@id\":\"https:\\\/\\\/www.callandplay.com\\\/#website\",\"url\":\"https:\\\/\\\/www.callandplay.com\\\/\",\"name\":\"Call&amp;Play\",\"description\":\"Alquiler de backline e instrumentos musicales\",\"publisher\":{\"@id\":\"https:\\\/\\\/www.callandplay.com\\\/#organization\"},\"potentialAction\":[{\"@type\":\"SearchAction\",\"target\":{\"@type\":\"EntryPoint\",\"urlTemplate\":\"https:\\\/\\\/www.callandplay.com\\\/?s={search_term_string}\"},\"query-input\":{\"@type\":\"PropertyValueSpecification\",\"valueRequired\":true,\"valueName\":\"search_term_string\"}}],\"inLanguage\":\"fr-FR\"},{\"@type\":\"Organization\",\"@id\":\"https:\\\/\\\/www.callandplay.com\\\/#organization\",\"name\":\"Call&Play\",\"url\":\"https:\\\/\\\/www.callandplay.com\\\/\",\"logo\":{\"@type\":\"ImageObject\",\"inLanguage\":\"fr-FR\",\"@id\":\"https:\\\/\\\/www.callandplay.com\\\/#\\\/schema\\\/logo\\\/image\\\/\",\"url\":\"https:\\\/\\\/www.callandplay.com\\\/wp-content\\\/uploads\\\/2021\\\/06\\\/cropped-cropped-logo-black_con_sombra.png\",\"contentUrl\":\"https:\\\/\\\/www.callandplay.com\\\/wp-content\\\/uploads\\\/2021\\\/06\\\/cropped-cropped-logo-black_con_sombra.png\",\"width\":512,\"height\":512,\"caption\":\"Call&Play\"},\"image\":{\"@id\":\"https:\\\/\\\/www.callandplay.com\\\/#\\\/schema\\\/logo\\\/image\\\/\"},\"sameAs\":[\"https:\\\/\\\/www.facebook.com\\\/callandplay\",\"https:\\\/\\\/www.instagram.com\\\/call_and_play\\\/\"]}]}<\/script>\n<!-- \/ Yoast SEO plugin. -->","yoast_head_json":{"title":"SHURE BETA 58A - Call&amp;Play","robots":{"index":"index","follow":"follow","max-snippet":"max-snippet:-1","max-image-preview":"max-image-preview:large","max-video-preview":"max-video-preview:-1"},"canonical":"https:\/\/www.callandplay.com\/fr\/shure-beta-58a\/","og_locale":"fr_FR","og_type":"article","og_title":"SHURE BETA 58A - Call&amp;Play","og_description":"El micr\u00f3fono BETA\u00ae58A es un micr\u00f3fono vocal din\u00e1mico supercardioide de salida alta, dise\u00f1ado para refuerzo de sonido profesional y proyectos de grabaci\u00f3n de estudio. Mantiene un verdadero patr\u00f3n supercardioide en todo su rango de frecuencia. Esto asegura una ganancia alta antes de retroalimentaci\u00f3n, m\u00e1ximo aislamiento de otras fuentes de sonido, y una coloraci\u00f3n fuera del eje principal m\u00ednima. El modelo Beta 58A tiene una respuesta de frecuencia adaptada, ideal para voces muy pr\u00f3ximas al micr\u00f3fono. El manejo con movimientos bruscos no afecta el desempe\u00f1o extraordinario de este micr\u00f3fono, debido a su dise\u00f1o reforzado, su sistema de montura anti-vibratoria de calidad comprobada y su rejilla de malla de acero reforzado.","og_url":"https:\/\/www.callandplay.com\/fr\/shure-beta-58a\/","og_site_name":"Call&amp;Play","article_publisher":"https:\/\/www.facebook.com\/callandplay","article_modified_time":"2026-04-15T20:53:17+00:00","twitter_card":"summary_large_image","twitter_misc":{"Dur\u00e9e de lecture estim\u00e9e":"1 minute"},"schema":{"@context":"https:\/\/schema.org","@graph":[{"@type":"WebPage","@id":"https:\/\/www.callandplay.com\/shure-beta-58a\/","url":"https:\/\/www.callandplay.com\/shure-beta-58a\/","name":"SHURE BETA 58A - Call&amp;Play","isPartOf":{"@id":"https:\/\/www.callandplay.com\/#website"},"datePublished":"2014-03-28T00:00:00+00:00","dateModified":"2026-04-15T20:53:17+00:00","breadcrumb":{"@id":"https:\/\/www.callandplay.com\/shure-beta-58a\/#breadcrumb"},"inLanguage":"fr-FR","potentialAction":[{"@type":"ReadAction","target":["https:\/\/www.callandplay.com\/shure-beta-58a\/"]}]},{"@type":"BreadcrumbList","@id":"https:\/\/www.callandplay.com\/shure-beta-58a\/#breadcrumb","itemListElement":[{"@type":"ListItem","position":1,"name":"Portada","item":"https:\/\/www.callandplay.com\/"},{"@type":"ListItem","position":2,"name":"Tienda","item":"https:\/\/www.callandplay.com\/tienda\/"},{"@type":"ListItem","position":3,"name":"SHURE BETA 58A"}]},{"@type":"WebSite","@id":"https:\/\/www.callandplay.com\/#website","url":"https:\/\/www.callandplay.com\/","name":"Call&amp;Play","description":"Alquiler de backline e instrumentos musicales","publisher":{"@id":"https:\/\/www.callandplay.com\/#organization"},"potentialAction":[{"@type":"SearchAction","target":{"@type":"EntryPoint","urlTemplate":"https:\/\/www.callandplay.com\/?s={search_term_string}"},"query-input":{"@type":"PropertyValueSpecification","valueRequired":true,"valueName":"search_term_string"}}],"inLanguage":"fr-FR"},{"@type":"Organization","@id":"https:\/\/www.callandplay.com\/#organization","name":"Call&Play","url":"https:\/\/www.callandplay.com\/","logo":{"@type":"ImageObject","inLanguage":"fr-FR","@id":"https:\/\/www.callandplay.com\/#\/schema\/logo\/image\/","url":"https:\/\/www.callandplay.com\/wp-content\/uploads\/2021\/06\/cropped-cropped-logo-black_con_sombra.png","contentUrl":"https:\/\/www.callandplay.com\/wp-content\/uploads\/2021\/06\/cropped-cropped-logo-black_con_sombra.png","width":512,"height":512,"caption":"Call&Play"},"image":{"@id":"https:\/\/www.callandplay.com\/#\/schema\/logo\/image\/"},"sameAs":["https:\/\/www.facebook.com\/callandplay","https:\/\/www.instagram.com\/call_and_play\/"]}]}},"_links":{"self":[{"href":"https:\/\/www.callandplay.com\/fr\/wp-json\/wp\/v2\/product\/51236","targetHints":{"allow":["GET"]}}],"collection":[{"href":"https:\/\/www.callandplay.com\/fr\/wp-json\/wp\/v2\/product"}],"about":[{"href":"https:\/\/www.callandplay.com\/fr\/wp-json\/wp\/v2\/types\/product"}],"replies":[{"embeddable":true,"href":"https:\/\/www.callandplay.com\/fr\/wp-json\/wp\/v2\/comments?post=51236"}],"version-history":[{"count":1,"href":"https:\/\/www.callandplay.com\/fr\/wp-json\/wp\/v2\/product\/51236\/revisions"}],"predecessor-version":[{"id":54046,"href":"https:\/\/www.callandplay.com\/fr\/wp-json\/wp\/v2\/product\/51236\/revisions\/54046"}],"wp:attachment":[{"href":"https:\/\/www.callandplay.com\/fr\/wp-json\/wp\/v2\/media?parent=51236"}],"wp:term":[{"taxonomy":"product_brand","embeddable":true,"href":"https:\/\/www.callandplay.com\/fr\/wp-json\/wp\/v2\/product_brand?post=51236"},{"taxonomy":"product_cat","embeddable":true,"href":"https:\/\/www.callandplay.com\/fr\/wp-json\/wp\/v2\/product_cat?post=51236"},{"taxonomy":"product_tag","embeddable":true,"href":"https:\/\/www.callandplay.com\/fr\/wp-json\/wp\/v2\/product_tag?post=51236"}],"curies":[{"name":"wp","href":"https:\/\/api.w.org\/{rel}","templated":true}]}}