{"id":51325,"date":"2025-06-21T00:00:00","date_gmt":"2025-06-21T00:00:00","guid":{"rendered":"https:\/\/www.callandplay.com\/lp-483-pro-shekere\/"},"modified":"2026-04-15T20:53:20","modified_gmt":"2026-04-15T20:53:20","slug":"lp-483-pro-shekere","status":"publish","type":"product","link":"https:\/\/www.callandplay.com\/fr\/lp-483-pro-shekere\/","title":{"rendered":"LP 483 PRO SHEKERE"},"content":{"rendered":"<p>La historia del sh\u00e9kere comienza en \u00c1frica, donde este instrumento \u00fanico funciona como shaker, una sonaja y un tambor. Tradicionalmente hecho de calabazas huecas envueltas en una celos\u00eda de piedras, el instrumento se toca agit\u00e1ndolo o torci\u00e9ndolo para obtener sonidos de shaker y de sonaja o golpeando la parte inferior del cuerpo con la palma de la mano para obtener notas como de bombo. Basado en la forma de calabaza de los modelos naturales. El cuerpo, de resistente fibra de vidrio blanca, est\u00e1 envuelto con una celos\u00eda de cuentas Jenigor de pl\u00e1stico.<\/p>","protected":false},"excerpt":{"rendered":"<p>La historia del sh\u00e9kere comienza en \u00c1frica, donde este instrumento \u00fanico funciona como shaker, una sonaja y un tambor. Tradicionalmente hecho de calabazas huecas envueltas en una celos\u00eda de piedras, el instrumento se toca agit\u00e1ndolo o torci\u00e9ndolo para obtener sonidos de shaker y de sonaja o golpeando la parte inferior del cuerpo con la palma de la mano para obtener notas como de bombo. Basado en la forma de calabaza de los modelos naturales. El cuerpo, de resistente fibra de vidrio blanca, est\u00e1 envuelto con una celos\u00eda de cuentas Jenigor de pl\u00e1stico.<\/p>","protected":false},"featured_media":0,"comment_status":"closed","ping_status":"closed","template":"","meta":{"_acf_changed":false,"om_disable_all_campaigns":false,"_monsterinsights_skip_tracking":false,"_monsterinsights_sitenote_active":false,"_monsterinsights_sitenote_note":"","_monsterinsights_sitenote_category":0},"product_brand":[],"product_cat":[1115],"product_tag":[],"class_list":{"0":"post-51325","1":"product","2":"type-product","3":"status-publish","5":"product_cat-shekeres","7":"first","8":"instock","9":"shipping-taxable","10":"purchasable","11":"product-type-simple"},"acf":[],"yoast_head":"<!-- This site is optimized with the Yoast SEO plugin v27.4 - https:\/\/yoast.com\/product\/yoast-seo-wordpress\/ -->\n<title>LP 483 PRO SHEKERE - Call&amp;Play<\/title>\n<meta name=\"robots\" content=\"index, follow, max-snippet:-1, max-image-preview:large, max-video-preview:-1\" \/>\n<link rel=\"canonical\" href=\"https:\/\/www.callandplay.com\/fr\/lp-483-pro-shekere\/\" \/>\n<meta property=\"og:locale\" content=\"fr_FR\" \/>\n<meta property=\"og:type\" content=\"article\" \/>\n<meta property=\"og:title\" content=\"LP 483 PRO SHEKERE - Call&amp;Play\" \/>\n<meta property=\"og:description\" content=\"La historia del sh\u00e9kere comienza en \u00c1frica, donde este instrumento \u00fanico funciona como shaker, una sonaja y un tambor. Tradicionalmente hecho de calabazas huecas envueltas en una celos\u00eda de piedras, el instrumento se toca agit\u00e1ndolo o torci\u00e9ndolo para obtener sonidos de shaker y de sonaja o golpeando la parte inferior del cuerpo con la palma de la mano para obtener notas como de bombo. Basado en la forma de calabaza de los modelos naturales. El cuerpo, de resistente fibra de vidrio blanca, est\u00e1 envuelto con una celos\u00eda de cuentas Jenigor de pl\u00e1stico.\" \/>\n<meta property=\"og:url\" content=\"https:\/\/www.callandplay.com\/fr\/lp-483-pro-shekere\/\" \/>\n<meta property=\"og:site_name\" content=\"Call&amp;Play\" \/>\n<meta property=\"article:publisher\" content=\"https:\/\/www.facebook.com\/callandplay\" \/>\n<meta property=\"article:modified_time\" content=\"2026-04-15T20:53:20+00:00\" \/>\n<meta name=\"twitter:card\" content=\"summary_large_image\" \/>\n<script type=\"application\/ld+json\" class=\"yoast-schema-graph\">{\"@context\":\"https:\\\/\\\/schema.org\",\"@graph\":[{\"@type\":\"WebPage\",\"@id\":\"https:\\\/\\\/www.callandplay.com\\\/lp-483-pro-shekere\\\/\",\"url\":\"https:\\\/\\\/www.callandplay.com\\\/lp-483-pro-shekere\\\/\",\"name\":\"LP 483 PRO SHEKERE - Call&amp;Play\",\"isPartOf\":{\"@id\":\"https:\\\/\\\/www.callandplay.com\\\/#website\"},\"datePublished\":\"2025-06-21T00:00:00+00:00\",\"dateModified\":\"2026-04-15T20:53:20+00:00\",\"breadcrumb\":{\"@id\":\"https:\\\/\\\/www.callandplay.com\\\/lp-483-pro-shekere\\\/#breadcrumb\"},\"inLanguage\":\"fr-FR\",\"potentialAction\":[{\"@type\":\"ReadAction\",\"target\":[\"https:\\\/\\\/www.callandplay.com\\\/lp-483-pro-shekere\\\/\"]}]},{\"@type\":\"BreadcrumbList\",\"@id\":\"https:\\\/\\\/www.callandplay.com\\\/lp-483-pro-shekere\\\/#breadcrumb\",\"itemListElement\":[{\"@type\":\"ListItem\",\"position\":1,\"name\":\"Portada\",\"item\":\"https:\\\/\\\/www.callandplay.com\\\/\"},{\"@type\":\"ListItem\",\"position\":2,\"name\":\"Tienda\",\"item\":\"https:\\\/\\\/www.callandplay.com\\\/tienda\\\/\"},{\"@type\":\"ListItem\",\"position\":3,\"name\":\"LP 483 PRO SHEKERE\"}]},{\"@type\":\"WebSite\",\"@id\":\"https:\\\/\\\/www.callandplay.com\\\/#website\",\"url\":\"https:\\\/\\\/www.callandplay.com\\\/\",\"name\":\"Call&amp;Play\",\"description\":\"Alquiler de backline e instrumentos musicales\",\"publisher\":{\"@id\":\"https:\\\/\\\/www.callandplay.com\\\/#organization\"},\"potentialAction\":[{\"@type\":\"SearchAction\",\"target\":{\"@type\":\"EntryPoint\",\"urlTemplate\":\"https:\\\/\\\/www.callandplay.com\\\/?s={search_term_string}\"},\"query-input\":{\"@type\":\"PropertyValueSpecification\",\"valueRequired\":true,\"valueName\":\"search_term_string\"}}],\"inLanguage\":\"fr-FR\"},{\"@type\":\"Organization\",\"@id\":\"https:\\\/\\\/www.callandplay.com\\\/#organization\",\"name\":\"Call&Play\",\"url\":\"https:\\\/\\\/www.callandplay.com\\\/\",\"logo\":{\"@type\":\"ImageObject\",\"inLanguage\":\"fr-FR\",\"@id\":\"https:\\\/\\\/www.callandplay.com\\\/#\\\/schema\\\/logo\\\/image\\\/\",\"url\":\"https:\\\/\\\/www.callandplay.com\\\/wp-content\\\/uploads\\\/2021\\\/06\\\/cropped-cropped-logo-black_con_sombra.png\",\"contentUrl\":\"https:\\\/\\\/www.callandplay.com\\\/wp-content\\\/uploads\\\/2021\\\/06\\\/cropped-cropped-logo-black_con_sombra.png\",\"width\":512,\"height\":512,\"caption\":\"Call&Play\"},\"image\":{\"@id\":\"https:\\\/\\\/www.callandplay.com\\\/#\\\/schema\\\/logo\\\/image\\\/\"},\"sameAs\":[\"https:\\\/\\\/www.facebook.com\\\/callandplay\",\"https:\\\/\\\/www.instagram.com\\\/call_and_play\\\/\"]}]}<\/script>\n<!-- \/ Yoast SEO plugin. -->","yoast_head_json":{"title":"LP 483 PRO SHEKERE - Call&amp;Play","robots":{"index":"index","follow":"follow","max-snippet":"max-snippet:-1","max-image-preview":"max-image-preview:large","max-video-preview":"max-video-preview:-1"},"canonical":"https:\/\/www.callandplay.com\/fr\/lp-483-pro-shekere\/","og_locale":"fr_FR","og_type":"article","og_title":"LP 483 PRO SHEKERE - Call&amp;Play","og_description":"La historia del sh\u00e9kere comienza en \u00c1frica, donde este instrumento \u00fanico funciona como shaker, una sonaja y un tambor. Tradicionalmente hecho de calabazas huecas envueltas en una celos\u00eda de piedras, el instrumento se toca agit\u00e1ndolo o torci\u00e9ndolo para obtener sonidos de shaker y de sonaja o golpeando la parte inferior del cuerpo con la palma de la mano para obtener notas como de bombo. Basado en la forma de calabaza de los modelos naturales. El cuerpo, de resistente fibra de vidrio blanca, est\u00e1 envuelto con una celos\u00eda de cuentas Jenigor de pl\u00e1stico.","og_url":"https:\/\/www.callandplay.com\/fr\/lp-483-pro-shekere\/","og_site_name":"Call&amp;Play","article_publisher":"https:\/\/www.facebook.com\/callandplay","article_modified_time":"2026-04-15T20:53:20+00:00","twitter_card":"summary_large_image","schema":{"@context":"https:\/\/schema.org","@graph":[{"@type":"WebPage","@id":"https:\/\/www.callandplay.com\/lp-483-pro-shekere\/","url":"https:\/\/www.callandplay.com\/lp-483-pro-shekere\/","name":"LP 483 PRO SHEKERE - Call&amp;Play","isPartOf":{"@id":"https:\/\/www.callandplay.com\/#website"},"datePublished":"2025-06-21T00:00:00+00:00","dateModified":"2026-04-15T20:53:20+00:00","breadcrumb":{"@id":"https:\/\/www.callandplay.com\/lp-483-pro-shekere\/#breadcrumb"},"inLanguage":"fr-FR","potentialAction":[{"@type":"ReadAction","target":["https:\/\/www.callandplay.com\/lp-483-pro-shekere\/"]}]},{"@type":"BreadcrumbList","@id":"https:\/\/www.callandplay.com\/lp-483-pro-shekere\/#breadcrumb","itemListElement":[{"@type":"ListItem","position":1,"name":"Portada","item":"https:\/\/www.callandplay.com\/"},{"@type":"ListItem","position":2,"name":"Tienda","item":"https:\/\/www.callandplay.com\/tienda\/"},{"@type":"ListItem","position":3,"name":"LP 483 PRO SHEKERE"}]},{"@type":"WebSite","@id":"https:\/\/www.callandplay.com\/#website","url":"https:\/\/www.callandplay.com\/","name":"Call&amp;Play","description":"Alquiler de backline e instrumentos musicales","publisher":{"@id":"https:\/\/www.callandplay.com\/#organization"},"potentialAction":[{"@type":"SearchAction","target":{"@type":"EntryPoint","urlTemplate":"https:\/\/www.callandplay.com\/?s={search_term_string}"},"query-input":{"@type":"PropertyValueSpecification","valueRequired":true,"valueName":"search_term_string"}}],"inLanguage":"fr-FR"},{"@type":"Organization","@id":"https:\/\/www.callandplay.com\/#organization","name":"Call&Play","url":"https:\/\/www.callandplay.com\/","logo":{"@type":"ImageObject","inLanguage":"fr-FR","@id":"https:\/\/www.callandplay.com\/#\/schema\/logo\/image\/","url":"https:\/\/www.callandplay.com\/wp-content\/uploads\/2021\/06\/cropped-cropped-logo-black_con_sombra.png","contentUrl":"https:\/\/www.callandplay.com\/wp-content\/uploads\/2021\/06\/cropped-cropped-logo-black_con_sombra.png","width":512,"height":512,"caption":"Call&Play"},"image":{"@id":"https:\/\/www.callandplay.com\/#\/schema\/logo\/image\/"},"sameAs":["https:\/\/www.facebook.com\/callandplay","https:\/\/www.instagram.com\/call_and_play\/"]}]}},"_links":{"self":[{"href":"https:\/\/www.callandplay.com\/fr\/wp-json\/wp\/v2\/product\/51325","targetHints":{"allow":["GET"]}}],"collection":[{"href":"https:\/\/www.callandplay.com\/fr\/wp-json\/wp\/v2\/product"}],"about":[{"href":"https:\/\/www.callandplay.com\/fr\/wp-json\/wp\/v2\/types\/product"}],"replies":[{"embeddable":true,"href":"https:\/\/www.callandplay.com\/fr\/wp-json\/wp\/v2\/comments?post=51325"}],"version-history":[{"count":1,"href":"https:\/\/www.callandplay.com\/fr\/wp-json\/wp\/v2\/product\/51325\/revisions"}],"predecessor-version":[{"id":54135,"href":"https:\/\/www.callandplay.com\/fr\/wp-json\/wp\/v2\/product\/51325\/revisions\/54135"}],"wp:attachment":[{"href":"https:\/\/www.callandplay.com\/fr\/wp-json\/wp\/v2\/media?parent=51325"}],"wp:term":[{"taxonomy":"product_brand","embeddable":true,"href":"https:\/\/www.callandplay.com\/fr\/wp-json\/wp\/v2\/product_brand?post=51325"},{"taxonomy":"product_cat","embeddable":true,"href":"https:\/\/www.callandplay.com\/fr\/wp-json\/wp\/v2\/product_cat?post=51325"},{"taxonomy":"product_tag","embeddable":true,"href":"https:\/\/www.callandplay.com\/fr\/wp-json\/wp\/v2\/product_tag?post=51325"}],"curies":[{"name":"wp","href":"https:\/\/api.w.org\/{rel}","templated":true}]}}