{"id":51411,"date":"2026-03-09T00:00:00","date_gmt":"2026-03-09T00:00:00","guid":{"rendered":"https:\/\/www.callandplay.com\/pioneer-dj-cdj-1000-mk3\/"},"modified":"2026-04-15T20:53:22","modified_gmt":"2026-04-15T20:53:22","slug":"pioneer-dj-cdj-1000-mk3","status":"publish","type":"product","link":"https:\/\/www.callandplay.com\/fr\/pioneer-dj-cdj-1000-mk3\/","title":{"rendered":"PIONEER DJ CDJ-1000 MK3"},"content":{"rendered":"<p>Compatibilidad con MP3, b\u00fasqueda a gran velocidad entre carpetas (Folder Search), mejorada presentaci\u00f3n de los datos de pista\/Onda (track\/wave) y un Jog Wheel mejorado con tracci\u00f3n ajustable. Los MK3 est\u00e1n dise\u00f1ados para ofrecer las m\u00e1s ventajosas experiencias al DJ digital. Con posibilidades creativas para la edici\u00f3n en vivo f\u00e1cilmente accesibles con el nuevo \u201cHot Loop\u201d y con los conectores RCA dorados que ponen a su m\u00e1ximo nivel el sonido de alta fidelidad, el CDJ-1000MK3 tiene en cuenta ante todo el trabajo del DJ.<\/p>","protected":false},"excerpt":{"rendered":"<p>Compatibilidad con MP3, b\u00fasqueda a gran velocidad entre carpetas (Folder Search), mejorada presentaci\u00f3n de los datos de pista\/Onda (track\/wave) y un Jog Wheel mejorado con tracci\u00f3n ajustable. Los MK3 est\u00e1n dise\u00f1ados para ofrecer las m\u00e1s ventajosas experiencias al DJ digital. Con posibilidades creativas para la edici\u00f3n en vivo f\u00e1cilmente accesibles con el nuevo \u201cHot Loop\u201d y con los conectores RCA dorados que ponen a su m\u00e1ximo nivel el sonido de alta fidelidad, el CDJ-1000MK3 tiene en cuenta ante todo el trabajo del DJ.<\/p>","protected":false},"featured_media":0,"comment_status":"closed","ping_status":"closed","template":"","meta":{"_acf_changed":false,"om_disable_all_campaigns":false,"_monsterinsights_skip_tracking":false,"_monsterinsights_sitenote_active":false,"_monsterinsights_sitenote_note":"","_monsterinsights_sitenote_category":0},"product_brand":[],"product_cat":[848],"product_tag":[],"class_list":{"0":"post-51411","1":"product","2":"type-product","3":"status-publish","5":"product_cat-reproductores-dj","7":"first","8":"instock","9":"shipping-taxable","10":"purchasable","11":"product-type-simple"},"acf":[],"yoast_head":"<!-- This site is optimized with the Yoast SEO plugin v27.3 - https:\/\/yoast.com\/product\/yoast-seo-wordpress\/ -->\n<title>PIONEER DJ CDJ-1000 MK3 - Call&amp;Play<\/title>\n<meta name=\"robots\" content=\"index, follow, max-snippet:-1, max-image-preview:large, max-video-preview:-1\" \/>\n<link rel=\"canonical\" href=\"https:\/\/www.callandplay.com\/fr\/pioneer-dj-cdj-1000-mk3\/\" \/>\n<meta property=\"og:locale\" content=\"fr_FR\" \/>\n<meta property=\"og:type\" content=\"article\" \/>\n<meta property=\"og:title\" content=\"PIONEER DJ CDJ-1000 MK3 - Call&amp;Play\" \/>\n<meta property=\"og:description\" content=\"Compatibilidad con MP3, b\u00fasqueda a gran velocidad entre carpetas (Folder Search), mejorada presentaci\u00f3n de los datos de pista\/Onda (track\/wave) y un Jog Wheel mejorado con tracci\u00f3n ajustable. Los MK3 est\u00e1n dise\u00f1ados para ofrecer las m\u00e1s ventajosas experiencias al DJ digital. Con posibilidades creativas para la edici\u00f3n en vivo f\u00e1cilmente accesibles con el nuevo \u201cHot Loop\u201d y con los conectores RCA dorados que ponen a su m\u00e1ximo nivel el sonido de alta fidelidad, el CDJ-1000MK3 tiene en cuenta ante todo el trabajo del DJ.\" \/>\n<meta property=\"og:url\" content=\"https:\/\/www.callandplay.com\/fr\/pioneer-dj-cdj-1000-mk3\/\" \/>\n<meta property=\"og:site_name\" content=\"Call&amp;Play\" \/>\n<meta property=\"article:publisher\" content=\"https:\/\/www.facebook.com\/callandplay\" \/>\n<meta property=\"article:modified_time\" content=\"2026-04-15T20:53:22+00:00\" \/>\n<meta name=\"twitter:card\" content=\"summary_large_image\" \/>\n<script type=\"application\/ld+json\" class=\"yoast-schema-graph\">{\"@context\":\"https:\\\/\\\/schema.org\",\"@graph\":[{\"@type\":\"WebPage\",\"@id\":\"https:\\\/\\\/www.callandplay.com\\\/pioneer-dj-cdj-1000-mk3\\\/\",\"url\":\"https:\\\/\\\/www.callandplay.com\\\/pioneer-dj-cdj-1000-mk3\\\/\",\"name\":\"PIONEER DJ CDJ-1000 MK3 - Call&amp;Play\",\"isPartOf\":{\"@id\":\"https:\\\/\\\/www.callandplay.com\\\/#website\"},\"datePublished\":\"2026-03-09T00:00:00+00:00\",\"dateModified\":\"2026-04-15T20:53:22+00:00\",\"breadcrumb\":{\"@id\":\"https:\\\/\\\/www.callandplay.com\\\/pioneer-dj-cdj-1000-mk3\\\/#breadcrumb\"},\"inLanguage\":\"fr-FR\",\"potentialAction\":[{\"@type\":\"ReadAction\",\"target\":[\"https:\\\/\\\/www.callandplay.com\\\/pioneer-dj-cdj-1000-mk3\\\/\"]}]},{\"@type\":\"BreadcrumbList\",\"@id\":\"https:\\\/\\\/www.callandplay.com\\\/pioneer-dj-cdj-1000-mk3\\\/#breadcrumb\",\"itemListElement\":[{\"@type\":\"ListItem\",\"position\":1,\"name\":\"Portada\",\"item\":\"https:\\\/\\\/www.callandplay.com\\\/\"},{\"@type\":\"ListItem\",\"position\":2,\"name\":\"Tienda\",\"item\":\"https:\\\/\\\/www.callandplay.com\\\/tienda\\\/\"},{\"@type\":\"ListItem\",\"position\":3,\"name\":\"PIONEER DJ CDJ-1000 MK3\"}]},{\"@type\":\"WebSite\",\"@id\":\"https:\\\/\\\/www.callandplay.com\\\/#website\",\"url\":\"https:\\\/\\\/www.callandplay.com\\\/\",\"name\":\"Call&amp;Play\",\"description\":\"Alquiler de backline e instrumentos musicales\",\"publisher\":{\"@id\":\"https:\\\/\\\/www.callandplay.com\\\/#organization\"},\"potentialAction\":[{\"@type\":\"SearchAction\",\"target\":{\"@type\":\"EntryPoint\",\"urlTemplate\":\"https:\\\/\\\/www.callandplay.com\\\/?s={search_term_string}\"},\"query-input\":{\"@type\":\"PropertyValueSpecification\",\"valueRequired\":true,\"valueName\":\"search_term_string\"}}],\"inLanguage\":\"fr-FR\"},{\"@type\":\"Organization\",\"@id\":\"https:\\\/\\\/www.callandplay.com\\\/#organization\",\"name\":\"Call&Play\",\"url\":\"https:\\\/\\\/www.callandplay.com\\\/\",\"logo\":{\"@type\":\"ImageObject\",\"inLanguage\":\"fr-FR\",\"@id\":\"https:\\\/\\\/www.callandplay.com\\\/#\\\/schema\\\/logo\\\/image\\\/\",\"url\":\"https:\\\/\\\/www.callandplay.com\\\/wp-content\\\/uploads\\\/2021\\\/06\\\/cropped-cropped-logo-black_con_sombra.png\",\"contentUrl\":\"https:\\\/\\\/www.callandplay.com\\\/wp-content\\\/uploads\\\/2021\\\/06\\\/cropped-cropped-logo-black_con_sombra.png\",\"width\":512,\"height\":512,\"caption\":\"Call&Play\"},\"image\":{\"@id\":\"https:\\\/\\\/www.callandplay.com\\\/#\\\/schema\\\/logo\\\/image\\\/\"},\"sameAs\":[\"https:\\\/\\\/www.facebook.com\\\/callandplay\",\"https:\\\/\\\/www.instagram.com\\\/call_and_play\\\/\"]}]}<\/script>\n<!-- \/ Yoast SEO plugin. -->","yoast_head_json":{"title":"PIONEER DJ CDJ-1000 MK3 - Call&amp;Play","robots":{"index":"index","follow":"follow","max-snippet":"max-snippet:-1","max-image-preview":"max-image-preview:large","max-video-preview":"max-video-preview:-1"},"canonical":"https:\/\/www.callandplay.com\/fr\/pioneer-dj-cdj-1000-mk3\/","og_locale":"fr_FR","og_type":"article","og_title":"PIONEER DJ CDJ-1000 MK3 - Call&amp;Play","og_description":"Compatibilidad con MP3, b\u00fasqueda a gran velocidad entre carpetas (Folder Search), mejorada presentaci\u00f3n de los datos de pista\/Onda (track\/wave) y un Jog Wheel mejorado con tracci\u00f3n ajustable. Los MK3 est\u00e1n dise\u00f1ados para ofrecer las m\u00e1s ventajosas experiencias al DJ digital. Con posibilidades creativas para la edici\u00f3n en vivo f\u00e1cilmente accesibles con el nuevo \u201cHot Loop\u201d y con los conectores RCA dorados que ponen a su m\u00e1ximo nivel el sonido de alta fidelidad, el CDJ-1000MK3 tiene en cuenta ante todo el trabajo del DJ.","og_url":"https:\/\/www.callandplay.com\/fr\/pioneer-dj-cdj-1000-mk3\/","og_site_name":"Call&amp;Play","article_publisher":"https:\/\/www.facebook.com\/callandplay","article_modified_time":"2026-04-15T20:53:22+00:00","twitter_card":"summary_large_image","schema":{"@context":"https:\/\/schema.org","@graph":[{"@type":"WebPage","@id":"https:\/\/www.callandplay.com\/pioneer-dj-cdj-1000-mk3\/","url":"https:\/\/www.callandplay.com\/pioneer-dj-cdj-1000-mk3\/","name":"PIONEER DJ CDJ-1000 MK3 - Call&amp;Play","isPartOf":{"@id":"https:\/\/www.callandplay.com\/#website"},"datePublished":"2026-03-09T00:00:00+00:00","dateModified":"2026-04-15T20:53:22+00:00","breadcrumb":{"@id":"https:\/\/www.callandplay.com\/pioneer-dj-cdj-1000-mk3\/#breadcrumb"},"inLanguage":"fr-FR","potentialAction":[{"@type":"ReadAction","target":["https:\/\/www.callandplay.com\/pioneer-dj-cdj-1000-mk3\/"]}]},{"@type":"BreadcrumbList","@id":"https:\/\/www.callandplay.com\/pioneer-dj-cdj-1000-mk3\/#breadcrumb","itemListElement":[{"@type":"ListItem","position":1,"name":"Portada","item":"https:\/\/www.callandplay.com\/"},{"@type":"ListItem","position":2,"name":"Tienda","item":"https:\/\/www.callandplay.com\/tienda\/"},{"@type":"ListItem","position":3,"name":"PIONEER DJ CDJ-1000 MK3"}]},{"@type":"WebSite","@id":"https:\/\/www.callandplay.com\/#website","url":"https:\/\/www.callandplay.com\/","name":"Call&amp;Play","description":"Alquiler de backline e instrumentos musicales","publisher":{"@id":"https:\/\/www.callandplay.com\/#organization"},"potentialAction":[{"@type":"SearchAction","target":{"@type":"EntryPoint","urlTemplate":"https:\/\/www.callandplay.com\/?s={search_term_string}"},"query-input":{"@type":"PropertyValueSpecification","valueRequired":true,"valueName":"search_term_string"}}],"inLanguage":"fr-FR"},{"@type":"Organization","@id":"https:\/\/www.callandplay.com\/#organization","name":"Call&Play","url":"https:\/\/www.callandplay.com\/","logo":{"@type":"ImageObject","inLanguage":"fr-FR","@id":"https:\/\/www.callandplay.com\/#\/schema\/logo\/image\/","url":"https:\/\/www.callandplay.com\/wp-content\/uploads\/2021\/06\/cropped-cropped-logo-black_con_sombra.png","contentUrl":"https:\/\/www.callandplay.com\/wp-content\/uploads\/2021\/06\/cropped-cropped-logo-black_con_sombra.png","width":512,"height":512,"caption":"Call&Play"},"image":{"@id":"https:\/\/www.callandplay.com\/#\/schema\/logo\/image\/"},"sameAs":["https:\/\/www.facebook.com\/callandplay","https:\/\/www.instagram.com\/call_and_play\/"]}]}},"_links":{"self":[{"href":"https:\/\/www.callandplay.com\/fr\/wp-json\/wp\/v2\/product\/51411","targetHints":{"allow":["GET"]}}],"collection":[{"href":"https:\/\/www.callandplay.com\/fr\/wp-json\/wp\/v2\/product"}],"about":[{"href":"https:\/\/www.callandplay.com\/fr\/wp-json\/wp\/v2\/types\/product"}],"replies":[{"embeddable":true,"href":"https:\/\/www.callandplay.com\/fr\/wp-json\/wp\/v2\/comments?post=51411"}],"version-history":[{"count":1,"href":"https:\/\/www.callandplay.com\/fr\/wp-json\/wp\/v2\/product\/51411\/revisions"}],"predecessor-version":[{"id":54221,"href":"https:\/\/www.callandplay.com\/fr\/wp-json\/wp\/v2\/product\/51411\/revisions\/54221"}],"wp:attachment":[{"href":"https:\/\/www.callandplay.com\/fr\/wp-json\/wp\/v2\/media?parent=51411"}],"wp:term":[{"taxonomy":"product_brand","embeddable":true,"href":"https:\/\/www.callandplay.com\/fr\/wp-json\/wp\/v2\/product_brand?post=51411"},{"taxonomy":"product_cat","embeddable":true,"href":"https:\/\/www.callandplay.com\/fr\/wp-json\/wp\/v2\/product_cat?post=51411"},{"taxonomy":"product_tag","embeddable":true,"href":"https:\/\/www.callandplay.com\/fr\/wp-json\/wp\/v2\/product_tag?post=51411"}],"curies":[{"name":"wp","href":"https:\/\/api.w.org\/{rel}","templated":true}]}}