{"id":51946,"date":"2024-05-17T00:00:00","date_gmt":"2024-05-17T00:00:00","guid":{"rendered":"https:\/\/www.callandplay.com\/gibson-j-185-rw\/"},"modified":"2026-04-15T20:53:38","modified_gmt":"2026-04-15T20:53:38","slug":"gibson-j-185-rw","status":"publish","type":"product","link":"https:\/\/www.callandplay.com\/fr\/gibson-j-185-rw\/","title":{"rendered":"GIBSON J-185 RW"},"content":{"rendered":"<p>La primera J-185 Gibson fue introducida en 1951, ofreciendo a los m\u00fasicos una gama m\u00e1s amplia de guitarras ac\u00fasticas de tapa plana. R\u00e1pidamente se convirti\u00f3 en un \u00e9xito. Con un cuerpo ligeramente m\u00e1s peque\u00f1o que los legendarios S\u00faper Jumbo de Gibson, el J-185 ofrece una excelente alternativa para los guitarristas que buscan un estilo de cuerpo m\u00e1s peque\u00f1o sin sacrificar la potencia ac\u00fastica y la proyecci\u00f3n. La J-185 t\u00e9 una longitud corporal de 20 1\/4 pulgadas, una amplitud de 16 pulgadas, y una profundidad del cuerpo de 4 7\/8 pulgadas, produciendo un gran sonido con una ac\u00fastica clara, que igual puede dar un rasgueo poderoso como un punteo delicado.<\/p>","protected":false},"excerpt":{"rendered":"<p>La primera J-185 Gibson fue introducida en 1951, ofreciendo a los m\u00fasicos una gama m\u00e1s amplia de guitarras ac\u00fasticas de tapa plana. R\u00e1pidamente se convirti\u00f3 en un \u00e9xito. Con un cuerpo ligeramente m\u00e1s peque\u00f1o que los legendarios S\u00faper Jumbo de Gibson, el J-185 ofrece una excelente alternativa para los guitarristas que buscan un estilo de cuerpo m\u00e1s peque\u00f1o sin sacrificar la potencia ac\u00fastica y la proyecci\u00f3n. La J-185 t\u00e9 una longitud corporal de 20 1\/4 pulgadas, una amplitud de 16 pulgadas, y una profundidad del cuerpo de 4 7\/8 pulgadas, produciendo un gran sonido con una ac\u00fastica clara, que igual puede dar un rasgueo poderoso como un punteo delicado.<\/p>","protected":false},"featured_media":0,"comment_status":"closed","ping_status":"closed","template":"","meta":{"_acf_changed":false,"om_disable_all_campaigns":false,"_monsterinsights_skip_tracking":false,"_monsterinsights_sitenote_active":false,"_monsterinsights_sitenote_note":"","_monsterinsights_sitenote_category":0},"product_brand":[],"product_cat":[1059],"product_tag":[],"class_list":{"0":"post-51946","1":"product","2":"type-product","3":"status-publish","5":"product_cat-guitarras-electroacusticas","7":"first","8":"instock","9":"shipping-taxable","10":"purchasable","11":"product-type-simple"},"acf":[],"yoast_head":"<!-- This site is optimized with the Yoast SEO plugin v27.4 - https:\/\/yoast.com\/product\/yoast-seo-wordpress\/ -->\n<title>GIBSON J-185 RW - Call&amp;Play<\/title>\n<meta name=\"robots\" content=\"index, follow, max-snippet:-1, max-image-preview:large, max-video-preview:-1\" \/>\n<link rel=\"canonical\" href=\"https:\/\/www.callandplay.com\/fr\/gibson-j-185-rw\/\" \/>\n<meta property=\"og:locale\" content=\"fr_FR\" \/>\n<meta property=\"og:type\" content=\"article\" \/>\n<meta property=\"og:title\" content=\"GIBSON J-185 RW - Call&amp;Play\" \/>\n<meta property=\"og:description\" content=\"La primera J-185 Gibson fue introducida en 1951, ofreciendo a los m\u00fasicos una gama m\u00e1s amplia de guitarras ac\u00fasticas de tapa plana. R\u00e1pidamente se convirti\u00f3 en un \u00e9xito. Con un cuerpo ligeramente m\u00e1s peque\u00f1o que los legendarios S\u00faper Jumbo de Gibson, el J-185 ofrece una excelente alternativa para los guitarristas que buscan un estilo de cuerpo m\u00e1s peque\u00f1o sin sacrificar la potencia ac\u00fastica y la proyecci\u00f3n. La J-185 t\u00e9 una longitud corporal de 20 1\/4 pulgadas, una amplitud de 16 pulgadas, y una profundidad del cuerpo de 4 7\/8 pulgadas, produciendo un gran sonido con una ac\u00fastica clara, que igual puede dar un rasgueo poderoso como un punteo delicado.\" \/>\n<meta property=\"og:url\" content=\"https:\/\/www.callandplay.com\/fr\/gibson-j-185-rw\/\" \/>\n<meta property=\"og:site_name\" content=\"Call&amp;Play\" \/>\n<meta property=\"article:publisher\" content=\"https:\/\/www.facebook.com\/callandplay\" \/>\n<meta property=\"article:modified_time\" content=\"2026-04-15T20:53:38+00:00\" \/>\n<meta name=\"twitter:card\" content=\"summary_large_image\" \/>\n<meta name=\"twitter:label1\" content=\"Dur\u00e9e de lecture estim\u00e9e\" \/>\n\t<meta name=\"twitter:data1\" content=\"1 minute\" \/>\n<script type=\"application\/ld+json\" class=\"yoast-schema-graph\">{\"@context\":\"https:\\\/\\\/schema.org\",\"@graph\":[{\"@type\":\"WebPage\",\"@id\":\"https:\\\/\\\/www.callandplay.com\\\/gibson-j-185-rw\\\/\",\"url\":\"https:\\\/\\\/www.callandplay.com\\\/gibson-j-185-rw\\\/\",\"name\":\"GIBSON J-185 RW - Call&amp;Play\",\"isPartOf\":{\"@id\":\"https:\\\/\\\/www.callandplay.com\\\/#website\"},\"datePublished\":\"2024-05-17T00:00:00+00:00\",\"dateModified\":\"2026-04-15T20:53:38+00:00\",\"breadcrumb\":{\"@id\":\"https:\\\/\\\/www.callandplay.com\\\/gibson-j-185-rw\\\/#breadcrumb\"},\"inLanguage\":\"fr-FR\",\"potentialAction\":[{\"@type\":\"ReadAction\",\"target\":[\"https:\\\/\\\/www.callandplay.com\\\/gibson-j-185-rw\\\/\"]}]},{\"@type\":\"BreadcrumbList\",\"@id\":\"https:\\\/\\\/www.callandplay.com\\\/gibson-j-185-rw\\\/#breadcrumb\",\"itemListElement\":[{\"@type\":\"ListItem\",\"position\":1,\"name\":\"Portada\",\"item\":\"https:\\\/\\\/www.callandplay.com\\\/\"},{\"@type\":\"ListItem\",\"position\":2,\"name\":\"Tienda\",\"item\":\"https:\\\/\\\/www.callandplay.com\\\/tienda\\\/\"},{\"@type\":\"ListItem\",\"position\":3,\"name\":\"GIBSON J-185 RW\"}]},{\"@type\":\"WebSite\",\"@id\":\"https:\\\/\\\/www.callandplay.com\\\/#website\",\"url\":\"https:\\\/\\\/www.callandplay.com\\\/\",\"name\":\"Call&amp;Play\",\"description\":\"Alquiler de backline e instrumentos musicales\",\"publisher\":{\"@id\":\"https:\\\/\\\/www.callandplay.com\\\/#organization\"},\"potentialAction\":[{\"@type\":\"SearchAction\",\"target\":{\"@type\":\"EntryPoint\",\"urlTemplate\":\"https:\\\/\\\/www.callandplay.com\\\/?s={search_term_string}\"},\"query-input\":{\"@type\":\"PropertyValueSpecification\",\"valueRequired\":true,\"valueName\":\"search_term_string\"}}],\"inLanguage\":\"fr-FR\"},{\"@type\":\"Organization\",\"@id\":\"https:\\\/\\\/www.callandplay.com\\\/#organization\",\"name\":\"Call&Play\",\"url\":\"https:\\\/\\\/www.callandplay.com\\\/\",\"logo\":{\"@type\":\"ImageObject\",\"inLanguage\":\"fr-FR\",\"@id\":\"https:\\\/\\\/www.callandplay.com\\\/#\\\/schema\\\/logo\\\/image\\\/\",\"url\":\"https:\\\/\\\/www.callandplay.com\\\/wp-content\\\/uploads\\\/2021\\\/06\\\/cropped-cropped-logo-black_con_sombra.png\",\"contentUrl\":\"https:\\\/\\\/www.callandplay.com\\\/wp-content\\\/uploads\\\/2021\\\/06\\\/cropped-cropped-logo-black_con_sombra.png\",\"width\":512,\"height\":512,\"caption\":\"Call&Play\"},\"image\":{\"@id\":\"https:\\\/\\\/www.callandplay.com\\\/#\\\/schema\\\/logo\\\/image\\\/\"},\"sameAs\":[\"https:\\\/\\\/www.facebook.com\\\/callandplay\",\"https:\\\/\\\/www.instagram.com\\\/call_and_play\\\/\"]}]}<\/script>\n<!-- \/ Yoast SEO plugin. -->","yoast_head_json":{"title":"GIBSON J-185 RW - Call&amp;Play","robots":{"index":"index","follow":"follow","max-snippet":"max-snippet:-1","max-image-preview":"max-image-preview:large","max-video-preview":"max-video-preview:-1"},"canonical":"https:\/\/www.callandplay.com\/fr\/gibson-j-185-rw\/","og_locale":"fr_FR","og_type":"article","og_title":"GIBSON J-185 RW - Call&amp;Play","og_description":"La primera J-185 Gibson fue introducida en 1951, ofreciendo a los m\u00fasicos una gama m\u00e1s amplia de guitarras ac\u00fasticas de tapa plana. R\u00e1pidamente se convirti\u00f3 en un \u00e9xito. Con un cuerpo ligeramente m\u00e1s peque\u00f1o que los legendarios S\u00faper Jumbo de Gibson, el J-185 ofrece una excelente alternativa para los guitarristas que buscan un estilo de cuerpo m\u00e1s peque\u00f1o sin sacrificar la potencia ac\u00fastica y la proyecci\u00f3n. La J-185 t\u00e9 una longitud corporal de 20 1\/4 pulgadas, una amplitud de 16 pulgadas, y una profundidad del cuerpo de 4 7\/8 pulgadas, produciendo un gran sonido con una ac\u00fastica clara, que igual puede dar un rasgueo poderoso como un punteo delicado.","og_url":"https:\/\/www.callandplay.com\/fr\/gibson-j-185-rw\/","og_site_name":"Call&amp;Play","article_publisher":"https:\/\/www.facebook.com\/callandplay","article_modified_time":"2026-04-15T20:53:38+00:00","twitter_card":"summary_large_image","twitter_misc":{"Dur\u00e9e de lecture estim\u00e9e":"1 minute"},"schema":{"@context":"https:\/\/schema.org","@graph":[{"@type":"WebPage","@id":"https:\/\/www.callandplay.com\/gibson-j-185-rw\/","url":"https:\/\/www.callandplay.com\/gibson-j-185-rw\/","name":"GIBSON J-185 RW - Call&amp;Play","isPartOf":{"@id":"https:\/\/www.callandplay.com\/#website"},"datePublished":"2024-05-17T00:00:00+00:00","dateModified":"2026-04-15T20:53:38+00:00","breadcrumb":{"@id":"https:\/\/www.callandplay.com\/gibson-j-185-rw\/#breadcrumb"},"inLanguage":"fr-FR","potentialAction":[{"@type":"ReadAction","target":["https:\/\/www.callandplay.com\/gibson-j-185-rw\/"]}]},{"@type":"BreadcrumbList","@id":"https:\/\/www.callandplay.com\/gibson-j-185-rw\/#breadcrumb","itemListElement":[{"@type":"ListItem","position":1,"name":"Portada","item":"https:\/\/www.callandplay.com\/"},{"@type":"ListItem","position":2,"name":"Tienda","item":"https:\/\/www.callandplay.com\/tienda\/"},{"@type":"ListItem","position":3,"name":"GIBSON J-185 RW"}]},{"@type":"WebSite","@id":"https:\/\/www.callandplay.com\/#website","url":"https:\/\/www.callandplay.com\/","name":"Call&amp;Play","description":"Alquiler de backline e instrumentos musicales","publisher":{"@id":"https:\/\/www.callandplay.com\/#organization"},"potentialAction":[{"@type":"SearchAction","target":{"@type":"EntryPoint","urlTemplate":"https:\/\/www.callandplay.com\/?s={search_term_string}"},"query-input":{"@type":"PropertyValueSpecification","valueRequired":true,"valueName":"search_term_string"}}],"inLanguage":"fr-FR"},{"@type":"Organization","@id":"https:\/\/www.callandplay.com\/#organization","name":"Call&Play","url":"https:\/\/www.callandplay.com\/","logo":{"@type":"ImageObject","inLanguage":"fr-FR","@id":"https:\/\/www.callandplay.com\/#\/schema\/logo\/image\/","url":"https:\/\/www.callandplay.com\/wp-content\/uploads\/2021\/06\/cropped-cropped-logo-black_con_sombra.png","contentUrl":"https:\/\/www.callandplay.com\/wp-content\/uploads\/2021\/06\/cropped-cropped-logo-black_con_sombra.png","width":512,"height":512,"caption":"Call&Play"},"image":{"@id":"https:\/\/www.callandplay.com\/#\/schema\/logo\/image\/"},"sameAs":["https:\/\/www.facebook.com\/callandplay","https:\/\/www.instagram.com\/call_and_play\/"]}]}},"_links":{"self":[{"href":"https:\/\/www.callandplay.com\/fr\/wp-json\/wp\/v2\/product\/51946","targetHints":{"allow":["GET"]}}],"collection":[{"href":"https:\/\/www.callandplay.com\/fr\/wp-json\/wp\/v2\/product"}],"about":[{"href":"https:\/\/www.callandplay.com\/fr\/wp-json\/wp\/v2\/types\/product"}],"replies":[{"embeddable":true,"href":"https:\/\/www.callandplay.com\/fr\/wp-json\/wp\/v2\/comments?post=51946"}],"version-history":[{"count":1,"href":"https:\/\/www.callandplay.com\/fr\/wp-json\/wp\/v2\/product\/51946\/revisions"}],"predecessor-version":[{"id":54756,"href":"https:\/\/www.callandplay.com\/fr\/wp-json\/wp\/v2\/product\/51946\/revisions\/54756"}],"wp:attachment":[{"href":"https:\/\/www.callandplay.com\/fr\/wp-json\/wp\/v2\/media?parent=51946"}],"wp:term":[{"taxonomy":"product_brand","embeddable":true,"href":"https:\/\/www.callandplay.com\/fr\/wp-json\/wp\/v2\/product_brand?post=51946"},{"taxonomy":"product_cat","embeddable":true,"href":"https:\/\/www.callandplay.com\/fr\/wp-json\/wp\/v2\/product_cat?post=51946"},{"taxonomy":"product_tag","embeddable":true,"href":"https:\/\/www.callandplay.com\/fr\/wp-json\/wp\/v2\/product_tag?post=51946"}],"curies":[{"name":"wp","href":"https:\/\/api.w.org\/{rel}","templated":true}]}}