{"id":51959,"date":"2016-03-07T00:00:00","date_gmt":"2016-03-07T00:00:00","guid":{"rendered":"https:\/\/www.callandplay.com\/lp-451-multiguiro-2\/"},"modified":"2026-04-15T20:53:38","modified_gmt":"2026-04-15T20:53:38","slug":"lp-451-multiguiro-2","status":"publish","type":"product","link":"https:\/\/www.callandplay.com\/fr\/lp-451-multiguiro-2\/","title":{"rendered":"LP 451 MULTIG\u00dcIRO 2"},"content":{"rendered":"<p>M\u00e1s grande que el Multi-G\u00fciro original. Combina la ejecuci\u00f3n estilo g\u00fciro con capacidades de shaker. Las superficies de rascado de acero inoxidable del Multi-G\u00fciro 2 son diferentes: una superficie est\u00e1 finamente texturizada para un sonido suave, mientras que la otra es m\u00e1s tosca para un sonido rasposo<br \/>\nEl sonido de shaker puede ajustarse con s\u00f3lo cambiar la cantidad de material de relleno a trav\u00e9s de la singular tapa de rellenado.<\/p>","protected":false},"excerpt":{"rendered":"<p>M\u00e1s grande que el Multi-G\u00fciro original. Combina la ejecuci\u00f3n estilo g\u00fciro con capacidades de shaker. Las superficies de rascado de acero inoxidable del Multi-G\u00fciro 2 son diferentes: una superficie est\u00e1 finamente texturizada para un sonido suave, mientras que la otra es m\u00e1s tosca para un sonido rasposo<br \/>\nEl sonido de shaker puede ajustarse con s\u00f3lo cambiar la cantidad de material de relleno a trav\u00e9s de la singular tapa de rellenado.<\/p>","protected":false},"featured_media":0,"comment_status":"closed","ping_status":"closed","template":"","meta":{"_acf_changed":false,"om_disable_all_campaigns":false,"_monsterinsights_skip_tracking":false,"_monsterinsights_sitenote_active":false,"_monsterinsights_sitenote_note":"","_monsterinsights_sitenote_category":0},"product_brand":[],"product_cat":[1134],"product_tag":[],"class_list":{"0":"post-51959","1":"product","2":"type-product","3":"status-publish","5":"product_cat-guiros","7":"first","8":"instock","9":"shipping-taxable","10":"purchasable","11":"product-type-simple"},"acf":[],"yoast_head":"<!-- This site is optimized with the Yoast SEO plugin v27.4 - https:\/\/yoast.com\/product\/yoast-seo-wordpress\/ -->\n<title>LP 451 MULTIG\u00dcIRO 2 - Call&amp;Play<\/title>\n<meta name=\"robots\" content=\"index, follow, max-snippet:-1, max-image-preview:large, max-video-preview:-1\" \/>\n<link rel=\"canonical\" href=\"https:\/\/www.callandplay.com\/fr\/lp-451-multiguiro-2\/\" \/>\n<meta property=\"og:locale\" content=\"fr_FR\" \/>\n<meta property=\"og:type\" content=\"article\" \/>\n<meta property=\"og:title\" content=\"LP 451 MULTIG\u00dcIRO 2 - Call&amp;Play\" \/>\n<meta property=\"og:description\" content=\"M\u00e1s grande que el Multi-G\u00fciro original. Combina la ejecuci\u00f3n estilo g\u00fciro con capacidades de shaker. Las superficies de rascado de acero inoxidable del Multi-G\u00fciro 2 son diferentes: una superficie est\u00e1 finamente texturizada para un sonido suave, mientras que la otra es m\u00e1s tosca para un sonido rasposo El sonido de shaker puede ajustarse con s\u00f3lo cambiar la cantidad de material de relleno a trav\u00e9s de la singular tapa de rellenado.\" \/>\n<meta property=\"og:url\" content=\"https:\/\/www.callandplay.com\/fr\/lp-451-multiguiro-2\/\" \/>\n<meta property=\"og:site_name\" content=\"Call&amp;Play\" \/>\n<meta property=\"article:publisher\" content=\"https:\/\/www.facebook.com\/callandplay\" \/>\n<meta property=\"article:modified_time\" content=\"2026-04-15T20:53:38+00:00\" \/>\n<meta name=\"twitter:card\" content=\"summary_large_image\" \/>\n<script type=\"application\/ld+json\" class=\"yoast-schema-graph\">{\"@context\":\"https:\\\/\\\/schema.org\",\"@graph\":[{\"@type\":\"WebPage\",\"@id\":\"https:\\\/\\\/www.callandplay.com\\\/lp-451-multiguiro-2\\\/\",\"url\":\"https:\\\/\\\/www.callandplay.com\\\/lp-451-multiguiro-2\\\/\",\"name\":\"LP 451 MULTIG\u00dcIRO 2 - Call&amp;Play\",\"isPartOf\":{\"@id\":\"https:\\\/\\\/www.callandplay.com\\\/#website\"},\"datePublished\":\"2016-03-07T00:00:00+00:00\",\"dateModified\":\"2026-04-15T20:53:38+00:00\",\"breadcrumb\":{\"@id\":\"https:\\\/\\\/www.callandplay.com\\\/lp-451-multiguiro-2\\\/#breadcrumb\"},\"inLanguage\":\"fr-FR\",\"potentialAction\":[{\"@type\":\"ReadAction\",\"target\":[\"https:\\\/\\\/www.callandplay.com\\\/lp-451-multiguiro-2\\\/\"]}]},{\"@type\":\"BreadcrumbList\",\"@id\":\"https:\\\/\\\/www.callandplay.com\\\/lp-451-multiguiro-2\\\/#breadcrumb\",\"itemListElement\":[{\"@type\":\"ListItem\",\"position\":1,\"name\":\"Portada\",\"item\":\"https:\\\/\\\/www.callandplay.com\\\/\"},{\"@type\":\"ListItem\",\"position\":2,\"name\":\"Tienda\",\"item\":\"https:\\\/\\\/www.callandplay.com\\\/tienda\\\/\"},{\"@type\":\"ListItem\",\"position\":3,\"name\":\"LP 451 MULTIG\u00dcIRO 2\"}]},{\"@type\":\"WebSite\",\"@id\":\"https:\\\/\\\/www.callandplay.com\\\/#website\",\"url\":\"https:\\\/\\\/www.callandplay.com\\\/\",\"name\":\"Call&amp;Play\",\"description\":\"Alquiler de backline e instrumentos musicales\",\"publisher\":{\"@id\":\"https:\\\/\\\/www.callandplay.com\\\/#organization\"},\"potentialAction\":[{\"@type\":\"SearchAction\",\"target\":{\"@type\":\"EntryPoint\",\"urlTemplate\":\"https:\\\/\\\/www.callandplay.com\\\/?s={search_term_string}\"},\"query-input\":{\"@type\":\"PropertyValueSpecification\",\"valueRequired\":true,\"valueName\":\"search_term_string\"}}],\"inLanguage\":\"fr-FR\"},{\"@type\":\"Organization\",\"@id\":\"https:\\\/\\\/www.callandplay.com\\\/#organization\",\"name\":\"Call&Play\",\"url\":\"https:\\\/\\\/www.callandplay.com\\\/\",\"logo\":{\"@type\":\"ImageObject\",\"inLanguage\":\"fr-FR\",\"@id\":\"https:\\\/\\\/www.callandplay.com\\\/#\\\/schema\\\/logo\\\/image\\\/\",\"url\":\"https:\\\/\\\/www.callandplay.com\\\/wp-content\\\/uploads\\\/2021\\\/06\\\/cropped-cropped-logo-black_con_sombra.png\",\"contentUrl\":\"https:\\\/\\\/www.callandplay.com\\\/wp-content\\\/uploads\\\/2021\\\/06\\\/cropped-cropped-logo-black_con_sombra.png\",\"width\":512,\"height\":512,\"caption\":\"Call&Play\"},\"image\":{\"@id\":\"https:\\\/\\\/www.callandplay.com\\\/#\\\/schema\\\/logo\\\/image\\\/\"},\"sameAs\":[\"https:\\\/\\\/www.facebook.com\\\/callandplay\",\"https:\\\/\\\/www.instagram.com\\\/call_and_play\\\/\"]}]}<\/script>\n<!-- \/ Yoast SEO plugin. -->","yoast_head_json":{"title":"LP 451 MULTIG\u00dcIRO 2 - Call&amp;Play","robots":{"index":"index","follow":"follow","max-snippet":"max-snippet:-1","max-image-preview":"max-image-preview:large","max-video-preview":"max-video-preview:-1"},"canonical":"https:\/\/www.callandplay.com\/fr\/lp-451-multiguiro-2\/","og_locale":"fr_FR","og_type":"article","og_title":"LP 451 MULTIG\u00dcIRO 2 - Call&amp;Play","og_description":"M\u00e1s grande que el Multi-G\u00fciro original. Combina la ejecuci\u00f3n estilo g\u00fciro con capacidades de shaker. Las superficies de rascado de acero inoxidable del Multi-G\u00fciro 2 son diferentes: una superficie est\u00e1 finamente texturizada para un sonido suave, mientras que la otra es m\u00e1s tosca para un sonido rasposo El sonido de shaker puede ajustarse con s\u00f3lo cambiar la cantidad de material de relleno a trav\u00e9s de la singular tapa de rellenado.","og_url":"https:\/\/www.callandplay.com\/fr\/lp-451-multiguiro-2\/","og_site_name":"Call&amp;Play","article_publisher":"https:\/\/www.facebook.com\/callandplay","article_modified_time":"2026-04-15T20:53:38+00:00","twitter_card":"summary_large_image","schema":{"@context":"https:\/\/schema.org","@graph":[{"@type":"WebPage","@id":"https:\/\/www.callandplay.com\/lp-451-multiguiro-2\/","url":"https:\/\/www.callandplay.com\/lp-451-multiguiro-2\/","name":"LP 451 MULTIG\u00dcIRO 2 - Call&amp;Play","isPartOf":{"@id":"https:\/\/www.callandplay.com\/#website"},"datePublished":"2016-03-07T00:00:00+00:00","dateModified":"2026-04-15T20:53:38+00:00","breadcrumb":{"@id":"https:\/\/www.callandplay.com\/lp-451-multiguiro-2\/#breadcrumb"},"inLanguage":"fr-FR","potentialAction":[{"@type":"ReadAction","target":["https:\/\/www.callandplay.com\/lp-451-multiguiro-2\/"]}]},{"@type":"BreadcrumbList","@id":"https:\/\/www.callandplay.com\/lp-451-multiguiro-2\/#breadcrumb","itemListElement":[{"@type":"ListItem","position":1,"name":"Portada","item":"https:\/\/www.callandplay.com\/"},{"@type":"ListItem","position":2,"name":"Tienda","item":"https:\/\/www.callandplay.com\/tienda\/"},{"@type":"ListItem","position":3,"name":"LP 451 MULTIG\u00dcIRO 2"}]},{"@type":"WebSite","@id":"https:\/\/www.callandplay.com\/#website","url":"https:\/\/www.callandplay.com\/","name":"Call&amp;Play","description":"Alquiler de backline e instrumentos musicales","publisher":{"@id":"https:\/\/www.callandplay.com\/#organization"},"potentialAction":[{"@type":"SearchAction","target":{"@type":"EntryPoint","urlTemplate":"https:\/\/www.callandplay.com\/?s={search_term_string}"},"query-input":{"@type":"PropertyValueSpecification","valueRequired":true,"valueName":"search_term_string"}}],"inLanguage":"fr-FR"},{"@type":"Organization","@id":"https:\/\/www.callandplay.com\/#organization","name":"Call&Play","url":"https:\/\/www.callandplay.com\/","logo":{"@type":"ImageObject","inLanguage":"fr-FR","@id":"https:\/\/www.callandplay.com\/#\/schema\/logo\/image\/","url":"https:\/\/www.callandplay.com\/wp-content\/uploads\/2021\/06\/cropped-cropped-logo-black_con_sombra.png","contentUrl":"https:\/\/www.callandplay.com\/wp-content\/uploads\/2021\/06\/cropped-cropped-logo-black_con_sombra.png","width":512,"height":512,"caption":"Call&Play"},"image":{"@id":"https:\/\/www.callandplay.com\/#\/schema\/logo\/image\/"},"sameAs":["https:\/\/www.facebook.com\/callandplay","https:\/\/www.instagram.com\/call_and_play\/"]}]}},"_links":{"self":[{"href":"https:\/\/www.callandplay.com\/fr\/wp-json\/wp\/v2\/product\/51959","targetHints":{"allow":["GET"]}}],"collection":[{"href":"https:\/\/www.callandplay.com\/fr\/wp-json\/wp\/v2\/product"}],"about":[{"href":"https:\/\/www.callandplay.com\/fr\/wp-json\/wp\/v2\/types\/product"}],"replies":[{"embeddable":true,"href":"https:\/\/www.callandplay.com\/fr\/wp-json\/wp\/v2\/comments?post=51959"}],"version-history":[{"count":1,"href":"https:\/\/www.callandplay.com\/fr\/wp-json\/wp\/v2\/product\/51959\/revisions"}],"predecessor-version":[{"id":54769,"href":"https:\/\/www.callandplay.com\/fr\/wp-json\/wp\/v2\/product\/51959\/revisions\/54769"}],"wp:attachment":[{"href":"https:\/\/www.callandplay.com\/fr\/wp-json\/wp\/v2\/media?parent=51959"}],"wp:term":[{"taxonomy":"product_brand","embeddable":true,"href":"https:\/\/www.callandplay.com\/fr\/wp-json\/wp\/v2\/product_brand?post=51959"},{"taxonomy":"product_cat","embeddable":true,"href":"https:\/\/www.callandplay.com\/fr\/wp-json\/wp\/v2\/product_cat?post=51959"},{"taxonomy":"product_tag","embeddable":true,"href":"https:\/\/www.callandplay.com\/fr\/wp-json\/wp\/v2\/product_tag?post=51959"}],"curies":[{"name":"wp","href":"https:\/\/api.w.org\/{rel}","templated":true}]}}