{"id":52016,"date":"2025-09-11T00:00:00","date_gmt":"2025-09-11T00:00:00","guid":{"rendered":"https:\/\/www.callandplay.com\/tama-stewart-copeland-sd-14x5-brass-sc145\/"},"modified":"2026-04-15T20:53:40","modified_gmt":"2026-04-15T20:53:40","slug":"tama-stewart-copeland-sd-14x5-brass-sc145","status":"publish","type":"product","link":"https:\/\/www.callandplay.com\/fr\/tama-stewart-copeland-sd-14x5-brass-sc145\/","title":{"rendered":"TAMA STEWART COPELAND SD 14&#8243;x5&#8243; BRASS SC145"},"content":{"rendered":"<p>El modelo signature \u00abStewart Copeland\u00bb es una reproducci\u00f3n fiel de la caja de \u00abmisterioso origen\u00bb que usaba con Police durante ese periodo. El casco de lat\u00f3n \u00e9s 0,5mm m\u00e1s grueso que el est\u00e1ndar de 1mm, y la combinaci\u00f3n de aros die-cast en la parte superior con un aro con triple reborde en la parte de abajo produce un sonido penetrante. <\/p>","protected":false},"excerpt":{"rendered":"<p>El modelo signature \u00abStewart Copeland\u00bb es una reproducci\u00f3n fiel de la caja de \u00abmisterioso origen\u00bb que usaba con Police durante ese periodo. El casco de lat\u00f3n \u00e9s 0,5mm m\u00e1s grueso que el est\u00e1ndar de 1mm, y la combinaci\u00f3n de aros die-cast en la parte superior con un aro con triple reborde en la parte de abajo produce un sonido penetrante. <\/p>","protected":false},"featured_media":0,"comment_status":"closed","ping_status":"closed","template":"","meta":{"_acf_changed":false,"om_disable_all_campaigns":false,"_monsterinsights_skip_tracking":false,"_monsterinsights_sitenote_active":false,"_monsterinsights_sitenote_note":"","_monsterinsights_sitenote_category":0},"product_brand":[],"product_cat":[1022],"product_tag":[],"class_list":{"0":"post-52016","1":"product","2":"type-product","3":"status-publish","5":"product_cat-cajas-laton","7":"first","8":"instock","9":"shipping-taxable","10":"purchasable","11":"product-type-simple"},"acf":[],"yoast_head":"<!-- This site is optimized with the Yoast SEO plugin v27.4 - https:\/\/yoast.com\/product\/yoast-seo-wordpress\/ -->\n<title>TAMA STEWART COPELAND SD 14&quot;x5&quot; BRASS SC145 - Call&amp;Play<\/title>\n<meta name=\"robots\" content=\"index, follow, max-snippet:-1, max-image-preview:large, max-video-preview:-1\" \/>\n<link rel=\"canonical\" href=\"https:\/\/www.callandplay.com\/fr\/tama-stewart-copeland-sd-14x5-brass-sc145\/\" \/>\n<meta property=\"og:locale\" content=\"fr_FR\" \/>\n<meta property=\"og:type\" content=\"article\" \/>\n<meta property=\"og:title\" content=\"TAMA STEWART COPELAND SD 14&quot;x5&quot; BRASS SC145 - Call&amp;Play\" \/>\n<meta property=\"og:description\" content=\"El modelo signature &quot;Stewart Copeland&quot; es una reproducci\u00f3n fiel de la caja de &quot;misterioso origen&quot; que usaba con Police durante ese periodo. El casco de lat\u00f3n \u00e9s 0,5mm m\u00e1s grueso que el est\u00e1ndar de 1mm, y la combinaci\u00f3n de aros die-cast en la parte superior con un aro con triple reborde en la parte de abajo produce un sonido penetrante.\" \/>\n<meta property=\"og:url\" content=\"https:\/\/www.callandplay.com\/fr\/tama-stewart-copeland-sd-14x5-brass-sc145\/\" \/>\n<meta property=\"og:site_name\" content=\"Call&amp;Play\" \/>\n<meta property=\"article:publisher\" content=\"https:\/\/www.facebook.com\/callandplay\" \/>\n<meta property=\"article:modified_time\" content=\"2026-04-15T20:53:40+00:00\" \/>\n<meta name=\"twitter:card\" content=\"summary_large_image\" \/>\n<script type=\"application\/ld+json\" class=\"yoast-schema-graph\">{\"@context\":\"https:\\\/\\\/schema.org\",\"@graph\":[{\"@type\":\"WebPage\",\"@id\":\"https:\\\/\\\/www.callandplay.com\\\/tama-stewart-copeland-sd-14x5-brass-sc145\\\/\",\"url\":\"https:\\\/\\\/www.callandplay.com\\\/tama-stewart-copeland-sd-14x5-brass-sc145\\\/\",\"name\":\"TAMA STEWART COPELAND SD 14\\\"x5\\\" BRASS SC145 - Call&amp;Play\",\"isPartOf\":{\"@id\":\"https:\\\/\\\/www.callandplay.com\\\/#website\"},\"datePublished\":\"2025-09-11T00:00:00+00:00\",\"dateModified\":\"2026-04-15T20:53:40+00:00\",\"breadcrumb\":{\"@id\":\"https:\\\/\\\/www.callandplay.com\\\/tama-stewart-copeland-sd-14x5-brass-sc145\\\/#breadcrumb\"},\"inLanguage\":\"fr-FR\",\"potentialAction\":[{\"@type\":\"ReadAction\",\"target\":[\"https:\\\/\\\/www.callandplay.com\\\/tama-stewart-copeland-sd-14x5-brass-sc145\\\/\"]}]},{\"@type\":\"BreadcrumbList\",\"@id\":\"https:\\\/\\\/www.callandplay.com\\\/tama-stewart-copeland-sd-14x5-brass-sc145\\\/#breadcrumb\",\"itemListElement\":[{\"@type\":\"ListItem\",\"position\":1,\"name\":\"Portada\",\"item\":\"https:\\\/\\\/www.callandplay.com\\\/\"},{\"@type\":\"ListItem\",\"position\":2,\"name\":\"Tienda\",\"item\":\"https:\\\/\\\/www.callandplay.com\\\/tienda\\\/\"},{\"@type\":\"ListItem\",\"position\":3,\"name\":\"TAMA STEWART COPELAND SD 14&#8243;x5&#8243; BRASS SC145\"}]},{\"@type\":\"WebSite\",\"@id\":\"https:\\\/\\\/www.callandplay.com\\\/#website\",\"url\":\"https:\\\/\\\/www.callandplay.com\\\/\",\"name\":\"Call&amp;Play\",\"description\":\"Alquiler de backline e instrumentos musicales\",\"publisher\":{\"@id\":\"https:\\\/\\\/www.callandplay.com\\\/#organization\"},\"potentialAction\":[{\"@type\":\"SearchAction\",\"target\":{\"@type\":\"EntryPoint\",\"urlTemplate\":\"https:\\\/\\\/www.callandplay.com\\\/?s={search_term_string}\"},\"query-input\":{\"@type\":\"PropertyValueSpecification\",\"valueRequired\":true,\"valueName\":\"search_term_string\"}}],\"inLanguage\":\"fr-FR\"},{\"@type\":\"Organization\",\"@id\":\"https:\\\/\\\/www.callandplay.com\\\/#organization\",\"name\":\"Call&Play\",\"url\":\"https:\\\/\\\/www.callandplay.com\\\/\",\"logo\":{\"@type\":\"ImageObject\",\"inLanguage\":\"fr-FR\",\"@id\":\"https:\\\/\\\/www.callandplay.com\\\/#\\\/schema\\\/logo\\\/image\\\/\",\"url\":\"https:\\\/\\\/www.callandplay.com\\\/wp-content\\\/uploads\\\/2021\\\/06\\\/cropped-cropped-logo-black_con_sombra.png\",\"contentUrl\":\"https:\\\/\\\/www.callandplay.com\\\/wp-content\\\/uploads\\\/2021\\\/06\\\/cropped-cropped-logo-black_con_sombra.png\",\"width\":512,\"height\":512,\"caption\":\"Call&Play\"},\"image\":{\"@id\":\"https:\\\/\\\/www.callandplay.com\\\/#\\\/schema\\\/logo\\\/image\\\/\"},\"sameAs\":[\"https:\\\/\\\/www.facebook.com\\\/callandplay\",\"https:\\\/\\\/www.instagram.com\\\/call_and_play\\\/\"]}]}<\/script>\n<!-- \/ Yoast SEO plugin. -->","yoast_head_json":{"title":"TAMA STEWART COPELAND SD 14\"x5\" BRASS SC145 - Call&amp;Play","robots":{"index":"index","follow":"follow","max-snippet":"max-snippet:-1","max-image-preview":"max-image-preview:large","max-video-preview":"max-video-preview:-1"},"canonical":"https:\/\/www.callandplay.com\/fr\/tama-stewart-copeland-sd-14x5-brass-sc145\/","og_locale":"fr_FR","og_type":"article","og_title":"TAMA STEWART COPELAND SD 14\"x5\" BRASS SC145 - Call&amp;Play","og_description":"El modelo signature \"Stewart Copeland\" es una reproducci\u00f3n fiel de la caja de \"misterioso origen\" que usaba con Police durante ese periodo. El casco de lat\u00f3n \u00e9s 0,5mm m\u00e1s grueso que el est\u00e1ndar de 1mm, y la combinaci\u00f3n de aros die-cast en la parte superior con un aro con triple reborde en la parte de abajo produce un sonido penetrante.","og_url":"https:\/\/www.callandplay.com\/fr\/tama-stewart-copeland-sd-14x5-brass-sc145\/","og_site_name":"Call&amp;Play","article_publisher":"https:\/\/www.facebook.com\/callandplay","article_modified_time":"2026-04-15T20:53:40+00:00","twitter_card":"summary_large_image","schema":{"@context":"https:\/\/schema.org","@graph":[{"@type":"WebPage","@id":"https:\/\/www.callandplay.com\/tama-stewart-copeland-sd-14x5-brass-sc145\/","url":"https:\/\/www.callandplay.com\/tama-stewart-copeland-sd-14x5-brass-sc145\/","name":"TAMA STEWART COPELAND SD 14\"x5\" BRASS SC145 - Call&amp;Play","isPartOf":{"@id":"https:\/\/www.callandplay.com\/#website"},"datePublished":"2025-09-11T00:00:00+00:00","dateModified":"2026-04-15T20:53:40+00:00","breadcrumb":{"@id":"https:\/\/www.callandplay.com\/tama-stewart-copeland-sd-14x5-brass-sc145\/#breadcrumb"},"inLanguage":"fr-FR","potentialAction":[{"@type":"ReadAction","target":["https:\/\/www.callandplay.com\/tama-stewart-copeland-sd-14x5-brass-sc145\/"]}]},{"@type":"BreadcrumbList","@id":"https:\/\/www.callandplay.com\/tama-stewart-copeland-sd-14x5-brass-sc145\/#breadcrumb","itemListElement":[{"@type":"ListItem","position":1,"name":"Portada","item":"https:\/\/www.callandplay.com\/"},{"@type":"ListItem","position":2,"name":"Tienda","item":"https:\/\/www.callandplay.com\/tienda\/"},{"@type":"ListItem","position":3,"name":"TAMA STEWART COPELAND SD 14&#8243;x5&#8243; BRASS SC145"}]},{"@type":"WebSite","@id":"https:\/\/www.callandplay.com\/#website","url":"https:\/\/www.callandplay.com\/","name":"Call&amp;Play","description":"Alquiler de backline e instrumentos musicales","publisher":{"@id":"https:\/\/www.callandplay.com\/#organization"},"potentialAction":[{"@type":"SearchAction","target":{"@type":"EntryPoint","urlTemplate":"https:\/\/www.callandplay.com\/?s={search_term_string}"},"query-input":{"@type":"PropertyValueSpecification","valueRequired":true,"valueName":"search_term_string"}}],"inLanguage":"fr-FR"},{"@type":"Organization","@id":"https:\/\/www.callandplay.com\/#organization","name":"Call&Play","url":"https:\/\/www.callandplay.com\/","logo":{"@type":"ImageObject","inLanguage":"fr-FR","@id":"https:\/\/www.callandplay.com\/#\/schema\/logo\/image\/","url":"https:\/\/www.callandplay.com\/wp-content\/uploads\/2021\/06\/cropped-cropped-logo-black_con_sombra.png","contentUrl":"https:\/\/www.callandplay.com\/wp-content\/uploads\/2021\/06\/cropped-cropped-logo-black_con_sombra.png","width":512,"height":512,"caption":"Call&Play"},"image":{"@id":"https:\/\/www.callandplay.com\/#\/schema\/logo\/image\/"},"sameAs":["https:\/\/www.facebook.com\/callandplay","https:\/\/www.instagram.com\/call_and_play\/"]}]}},"_links":{"self":[{"href":"https:\/\/www.callandplay.com\/fr\/wp-json\/wp\/v2\/product\/52016","targetHints":{"allow":["GET"]}}],"collection":[{"href":"https:\/\/www.callandplay.com\/fr\/wp-json\/wp\/v2\/product"}],"about":[{"href":"https:\/\/www.callandplay.com\/fr\/wp-json\/wp\/v2\/types\/product"}],"replies":[{"embeddable":true,"href":"https:\/\/www.callandplay.com\/fr\/wp-json\/wp\/v2\/comments?post=52016"}],"version-history":[{"count":1,"href":"https:\/\/www.callandplay.com\/fr\/wp-json\/wp\/v2\/product\/52016\/revisions"}],"predecessor-version":[{"id":54826,"href":"https:\/\/www.callandplay.com\/fr\/wp-json\/wp\/v2\/product\/52016\/revisions\/54826"}],"wp:attachment":[{"href":"https:\/\/www.callandplay.com\/fr\/wp-json\/wp\/v2\/media?parent=52016"}],"wp:term":[{"taxonomy":"product_brand","embeddable":true,"href":"https:\/\/www.callandplay.com\/fr\/wp-json\/wp\/v2\/product_brand?post=52016"},{"taxonomy":"product_cat","embeddable":true,"href":"https:\/\/www.callandplay.com\/fr\/wp-json\/wp\/v2\/product_cat?post=52016"},{"taxonomy":"product_tag","embeddable":true,"href":"https:\/\/www.callandplay.com\/fr\/wp-json\/wp\/v2\/product_tag?post=52016"}],"curies":[{"name":"wp","href":"https:\/\/api.w.org\/{rel}","templated":true}]}}