{"id":52116,"date":"2025-07-30T00:00:00","date_gmt":"2025-07-30T00:00:00","guid":{"rendered":"https:\/\/www.callandplay.com\/hercules-ds510bb-trumpet-stand\/"},"modified":"2026-04-15T20:53:43","modified_gmt":"2026-04-15T20:53:43","slug":"hercules-ds510bb-trumpet-stand","status":"publish","type":"product","link":"https:\/\/www.callandplay.com\/fr\/hercules-ds510bb-trumpet-stand\/","title":{"rendered":"HERCULES DS510BB TRUMPET STAND"},"content":{"rendered":"<p>El soporte para trompeta y corneta HERCULES DS510BB cuenta con una clavija de terciopelo y unas s\u00f3lidas patas giratorias para una m\u00e1xima estabilidad. La palanca de ajuste de altura se ajusta para acomodar instrumentos de diferentes tama\u00f1os. La Percha de Terciopelo Desmontable se separa de la base para facilitar el transporte, almacenamiento y opciones de exhibici\u00f3n. Las patas giratorias se adaptan f\u00e1cilmente a otros equipos y se pliegan de forma compacta.<\/p>","protected":false},"excerpt":{"rendered":"<p>El soporte para trompeta y corneta HERCULES DS510BB cuenta con una clavija de terciopelo y unas s\u00f3lidas patas giratorias para una m\u00e1xima estabilidad. La palanca de ajuste de altura se ajusta para acomodar instrumentos de diferentes tama\u00f1os. La Percha de Terciopelo Desmontable se separa de la base para facilitar el transporte, almacenamiento y opciones de exhibici\u00f3n. Las patas giratorias se adaptan f\u00e1cilmente a otros equipos y se pliegan de forma compacta.<\/p>","protected":false},"featured_media":0,"comment_status":"closed","ping_status":"closed","template":"","meta":{"_acf_changed":false,"om_disable_all_campaigns":false,"_monsterinsights_skip_tracking":false,"_monsterinsights_sitenote_active":false,"_monsterinsights_sitenote_note":"","_monsterinsights_sitenote_category":0},"product_brand":[],"product_cat":[1186],"product_tag":[],"class_list":{"0":"post-52116","1":"product","2":"type-product","3":"status-publish","5":"product_cat-soportes-trompeta","7":"first","8":"instock","9":"shipping-taxable","10":"purchasable","11":"product-type-simple"},"acf":[],"yoast_head":"<!-- This site is optimized with the Yoast SEO plugin v27.4 - https:\/\/yoast.com\/product\/yoast-seo-wordpress\/ -->\n<title>HERCULES DS510BB TRUMPET STAND - Call&amp;Play<\/title>\n<meta name=\"robots\" content=\"index, follow, max-snippet:-1, max-image-preview:large, max-video-preview:-1\" \/>\n<link rel=\"canonical\" href=\"https:\/\/www.callandplay.com\/fr\/hercules-ds510bb-trumpet-stand\/\" \/>\n<meta property=\"og:locale\" content=\"fr_FR\" \/>\n<meta property=\"og:type\" content=\"article\" \/>\n<meta property=\"og:title\" content=\"HERCULES DS510BB TRUMPET STAND - Call&amp;Play\" \/>\n<meta property=\"og:description\" content=\"El soporte para trompeta y corneta HERCULES DS510BB cuenta con una clavija de terciopelo y unas s\u00f3lidas patas giratorias para una m\u00e1xima estabilidad. La palanca de ajuste de altura se ajusta para acomodar instrumentos de diferentes tama\u00f1os. La Percha de Terciopelo Desmontable se separa de la base para facilitar el transporte, almacenamiento y opciones de exhibici\u00f3n. Las patas giratorias se adaptan f\u00e1cilmente a otros equipos y se pliegan de forma compacta.\" \/>\n<meta property=\"og:url\" content=\"https:\/\/www.callandplay.com\/fr\/hercules-ds510bb-trumpet-stand\/\" \/>\n<meta property=\"og:site_name\" content=\"Call&amp;Play\" \/>\n<meta property=\"article:publisher\" content=\"https:\/\/www.facebook.com\/callandplay\" \/>\n<meta property=\"article:modified_time\" content=\"2026-04-15T20:53:43+00:00\" \/>\n<meta name=\"twitter:card\" content=\"summary_large_image\" \/>\n<script type=\"application\/ld+json\" class=\"yoast-schema-graph\">{\"@context\":\"https:\\\/\\\/schema.org\",\"@graph\":[{\"@type\":\"WebPage\",\"@id\":\"https:\\\/\\\/www.callandplay.com\\\/hercules-ds510bb-trumpet-stand\\\/\",\"url\":\"https:\\\/\\\/www.callandplay.com\\\/hercules-ds510bb-trumpet-stand\\\/\",\"name\":\"HERCULES DS510BB TRUMPET STAND - Call&amp;Play\",\"isPartOf\":{\"@id\":\"https:\\\/\\\/www.callandplay.com\\\/#website\"},\"datePublished\":\"2025-07-30T00:00:00+00:00\",\"dateModified\":\"2026-04-15T20:53:43+00:00\",\"breadcrumb\":{\"@id\":\"https:\\\/\\\/www.callandplay.com\\\/hercules-ds510bb-trumpet-stand\\\/#breadcrumb\"},\"inLanguage\":\"fr-FR\",\"potentialAction\":[{\"@type\":\"ReadAction\",\"target\":[\"https:\\\/\\\/www.callandplay.com\\\/hercules-ds510bb-trumpet-stand\\\/\"]}]},{\"@type\":\"BreadcrumbList\",\"@id\":\"https:\\\/\\\/www.callandplay.com\\\/hercules-ds510bb-trumpet-stand\\\/#breadcrumb\",\"itemListElement\":[{\"@type\":\"ListItem\",\"position\":1,\"name\":\"Portada\",\"item\":\"https:\\\/\\\/www.callandplay.com\\\/\"},{\"@type\":\"ListItem\",\"position\":2,\"name\":\"Tienda\",\"item\":\"https:\\\/\\\/www.callandplay.com\\\/tienda\\\/\"},{\"@type\":\"ListItem\",\"position\":3,\"name\":\"HERCULES DS510BB TRUMPET STAND\"}]},{\"@type\":\"WebSite\",\"@id\":\"https:\\\/\\\/www.callandplay.com\\\/#website\",\"url\":\"https:\\\/\\\/www.callandplay.com\\\/\",\"name\":\"Call&amp;Play\",\"description\":\"Alquiler de backline e instrumentos musicales\",\"publisher\":{\"@id\":\"https:\\\/\\\/www.callandplay.com\\\/#organization\"},\"potentialAction\":[{\"@type\":\"SearchAction\",\"target\":{\"@type\":\"EntryPoint\",\"urlTemplate\":\"https:\\\/\\\/www.callandplay.com\\\/?s={search_term_string}\"},\"query-input\":{\"@type\":\"PropertyValueSpecification\",\"valueRequired\":true,\"valueName\":\"search_term_string\"}}],\"inLanguage\":\"fr-FR\"},{\"@type\":\"Organization\",\"@id\":\"https:\\\/\\\/www.callandplay.com\\\/#organization\",\"name\":\"Call&Play\",\"url\":\"https:\\\/\\\/www.callandplay.com\\\/\",\"logo\":{\"@type\":\"ImageObject\",\"inLanguage\":\"fr-FR\",\"@id\":\"https:\\\/\\\/www.callandplay.com\\\/#\\\/schema\\\/logo\\\/image\\\/\",\"url\":\"https:\\\/\\\/www.callandplay.com\\\/wp-content\\\/uploads\\\/2021\\\/06\\\/cropped-cropped-logo-black_con_sombra.png\",\"contentUrl\":\"https:\\\/\\\/www.callandplay.com\\\/wp-content\\\/uploads\\\/2021\\\/06\\\/cropped-cropped-logo-black_con_sombra.png\",\"width\":512,\"height\":512,\"caption\":\"Call&Play\"},\"image\":{\"@id\":\"https:\\\/\\\/www.callandplay.com\\\/#\\\/schema\\\/logo\\\/image\\\/\"},\"sameAs\":[\"https:\\\/\\\/www.facebook.com\\\/callandplay\",\"https:\\\/\\\/www.instagram.com\\\/call_and_play\\\/\"]}]}<\/script>\n<!-- \/ Yoast SEO plugin. -->","yoast_head_json":{"title":"HERCULES DS510BB TRUMPET STAND - Call&amp;Play","robots":{"index":"index","follow":"follow","max-snippet":"max-snippet:-1","max-image-preview":"max-image-preview:large","max-video-preview":"max-video-preview:-1"},"canonical":"https:\/\/www.callandplay.com\/fr\/hercules-ds510bb-trumpet-stand\/","og_locale":"fr_FR","og_type":"article","og_title":"HERCULES DS510BB TRUMPET STAND - Call&amp;Play","og_description":"El soporte para trompeta y corneta HERCULES DS510BB cuenta con una clavija de terciopelo y unas s\u00f3lidas patas giratorias para una m\u00e1xima estabilidad. La palanca de ajuste de altura se ajusta para acomodar instrumentos de diferentes tama\u00f1os. La Percha de Terciopelo Desmontable se separa de la base para facilitar el transporte, almacenamiento y opciones de exhibici\u00f3n. Las patas giratorias se adaptan f\u00e1cilmente a otros equipos y se pliegan de forma compacta.","og_url":"https:\/\/www.callandplay.com\/fr\/hercules-ds510bb-trumpet-stand\/","og_site_name":"Call&amp;Play","article_publisher":"https:\/\/www.facebook.com\/callandplay","article_modified_time":"2026-04-15T20:53:43+00:00","twitter_card":"summary_large_image","schema":{"@context":"https:\/\/schema.org","@graph":[{"@type":"WebPage","@id":"https:\/\/www.callandplay.com\/hercules-ds510bb-trumpet-stand\/","url":"https:\/\/www.callandplay.com\/hercules-ds510bb-trumpet-stand\/","name":"HERCULES DS510BB TRUMPET STAND - Call&amp;Play","isPartOf":{"@id":"https:\/\/www.callandplay.com\/#website"},"datePublished":"2025-07-30T00:00:00+00:00","dateModified":"2026-04-15T20:53:43+00:00","breadcrumb":{"@id":"https:\/\/www.callandplay.com\/hercules-ds510bb-trumpet-stand\/#breadcrumb"},"inLanguage":"fr-FR","potentialAction":[{"@type":"ReadAction","target":["https:\/\/www.callandplay.com\/hercules-ds510bb-trumpet-stand\/"]}]},{"@type":"BreadcrumbList","@id":"https:\/\/www.callandplay.com\/hercules-ds510bb-trumpet-stand\/#breadcrumb","itemListElement":[{"@type":"ListItem","position":1,"name":"Portada","item":"https:\/\/www.callandplay.com\/"},{"@type":"ListItem","position":2,"name":"Tienda","item":"https:\/\/www.callandplay.com\/tienda\/"},{"@type":"ListItem","position":3,"name":"HERCULES DS510BB TRUMPET STAND"}]},{"@type":"WebSite","@id":"https:\/\/www.callandplay.com\/#website","url":"https:\/\/www.callandplay.com\/","name":"Call&amp;Play","description":"Alquiler de backline e instrumentos musicales","publisher":{"@id":"https:\/\/www.callandplay.com\/#organization"},"potentialAction":[{"@type":"SearchAction","target":{"@type":"EntryPoint","urlTemplate":"https:\/\/www.callandplay.com\/?s={search_term_string}"},"query-input":{"@type":"PropertyValueSpecification","valueRequired":true,"valueName":"search_term_string"}}],"inLanguage":"fr-FR"},{"@type":"Organization","@id":"https:\/\/www.callandplay.com\/#organization","name":"Call&Play","url":"https:\/\/www.callandplay.com\/","logo":{"@type":"ImageObject","inLanguage":"fr-FR","@id":"https:\/\/www.callandplay.com\/#\/schema\/logo\/image\/","url":"https:\/\/www.callandplay.com\/wp-content\/uploads\/2021\/06\/cropped-cropped-logo-black_con_sombra.png","contentUrl":"https:\/\/www.callandplay.com\/wp-content\/uploads\/2021\/06\/cropped-cropped-logo-black_con_sombra.png","width":512,"height":512,"caption":"Call&Play"},"image":{"@id":"https:\/\/www.callandplay.com\/#\/schema\/logo\/image\/"},"sameAs":["https:\/\/www.facebook.com\/callandplay","https:\/\/www.instagram.com\/call_and_play\/"]}]}},"_links":{"self":[{"href":"https:\/\/www.callandplay.com\/fr\/wp-json\/wp\/v2\/product\/52116","targetHints":{"allow":["GET"]}}],"collection":[{"href":"https:\/\/www.callandplay.com\/fr\/wp-json\/wp\/v2\/product"}],"about":[{"href":"https:\/\/www.callandplay.com\/fr\/wp-json\/wp\/v2\/types\/product"}],"replies":[{"embeddable":true,"href":"https:\/\/www.callandplay.com\/fr\/wp-json\/wp\/v2\/comments?post=52116"}],"version-history":[{"count":1,"href":"https:\/\/www.callandplay.com\/fr\/wp-json\/wp\/v2\/product\/52116\/revisions"}],"predecessor-version":[{"id":54926,"href":"https:\/\/www.callandplay.com\/fr\/wp-json\/wp\/v2\/product\/52116\/revisions\/54926"}],"wp:attachment":[{"href":"https:\/\/www.callandplay.com\/fr\/wp-json\/wp\/v2\/media?parent=52116"}],"wp:term":[{"taxonomy":"product_brand","embeddable":true,"href":"https:\/\/www.callandplay.com\/fr\/wp-json\/wp\/v2\/product_brand?post=52116"},{"taxonomy":"product_cat","embeddable":true,"href":"https:\/\/www.callandplay.com\/fr\/wp-json\/wp\/v2\/product_cat?post=52116"},{"taxonomy":"product_tag","embeddable":true,"href":"https:\/\/www.callandplay.com\/fr\/wp-json\/wp\/v2\/product_tag?post=52116"}],"curies":[{"name":"wp","href":"https:\/\/api.w.org\/{rel}","templated":true}]}}