{"id":52130,"date":"2017-04-21T00:00:00","date_gmt":"2017-04-21T00:00:00","guid":{"rendered":"https:\/\/www.callandplay.com\/fender-jaguar-classic-player-rw-sunburst\/"},"modified":"2026-04-15T20:53:43","modified_gmt":"2026-04-15T20:53:43","slug":"fender-jaguar-classic-player-rw-sunburst","status":"publish","type":"product","link":"https:\/\/www.callandplay.com\/fr\/fender-jaguar-classic-player-rw-sunburst\/","title":{"rendered":"FENDER JAGUAR CLASSIC PLAYER RW SUNBURST"},"content":{"rendered":"<p>Presentada en 1962, la Jaguar combinaba una escala m\u00e1s corta de 24&#8243; con pastillas que ofrec\u00edan un sonido m\u00e1s brillante y un dise\u00f1o para el control del circuito doble como el de la Jazzmaster. Fue un \u00e9xito durante la era de la m\u00fasica surf de principios de los 60 en la que naci\u00f3 y, al igual que la Jazzmaster, experiment\u00f3 una reaparici\u00f3n a partir de los a\u00f1os 80 como una encarnaci\u00f3n del esp\u00edritu subversivo y de bajo coste de los antih\u00e9roes del rock a ambos lados del Atl\u00e1ntico.<\/p>","protected":false},"excerpt":{"rendered":"<p>Presentada en 1962, la Jaguar combinaba una escala m\u00e1s corta de 24&#8243; con pastillas que ofrec\u00edan un sonido m\u00e1s brillante y un dise\u00f1o para el control del circuito doble como el de la Jazzmaster. Fue un \u00e9xito durante la era de la m\u00fasica surf de principios de los 60 en la que naci\u00f3 y, al igual que la Jazzmaster, experiment\u00f3 una reaparici\u00f3n a partir de los a\u00f1os 80 como una encarnaci\u00f3n del esp\u00edritu subversivo y de bajo coste de los antih\u00e9roes del rock a ambos lados del Atl\u00e1ntico.<\/p>","protected":false},"featured_media":0,"comment_status":"closed","ping_status":"closed","template":"","meta":{"_acf_changed":false,"om_disable_all_campaigns":false,"_monsterinsights_skip_tracking":false,"_monsterinsights_sitenote_active":false,"_monsterinsights_sitenote_note":"","_monsterinsights_sitenote_category":0},"product_brand":[],"product_cat":[1055],"product_tag":[],"class_list":{"0":"post-52130","1":"product","2":"type-product","3":"status-publish","5":"product_cat-guitarras-electricas-cuerpo-solido","7":"first","8":"instock","9":"shipping-taxable","10":"purchasable","11":"product-type-simple"},"acf":[],"yoast_head":"<!-- This site is optimized with the Yoast SEO plugin v27.4 - https:\/\/yoast.com\/product\/yoast-seo-wordpress\/ -->\n<title>FENDER JAGUAR CLASSIC PLAYER RW SUNBURST - Call&amp;Play<\/title>\n<meta name=\"robots\" content=\"index, follow, max-snippet:-1, max-image-preview:large, max-video-preview:-1\" \/>\n<link rel=\"canonical\" href=\"https:\/\/www.callandplay.com\/fr\/fender-jaguar-classic-player-rw-sunburst\/\" \/>\n<meta property=\"og:locale\" content=\"fr_FR\" \/>\n<meta property=\"og:type\" content=\"article\" \/>\n<meta property=\"og:title\" content=\"FENDER JAGUAR CLASSIC PLAYER RW SUNBURST - Call&amp;Play\" \/>\n<meta property=\"og:description\" content=\"Presentada en 1962, la Jaguar combinaba una escala m\u00e1s corta de 24&quot; con pastillas que ofrec\u00edan un sonido m\u00e1s brillante y un dise\u00f1o para el control del circuito doble como el de la Jazzmaster. Fue un \u00e9xito durante la era de la m\u00fasica surf de principios de los 60 en la que naci\u00f3 y, al igual que la Jazzmaster, experiment\u00f3 una reaparici\u00f3n a partir de los a\u00f1os 80 como una encarnaci\u00f3n del esp\u00edritu subversivo y de bajo coste de los antih\u00e9roes del rock a ambos lados del Atl\u00e1ntico.\" \/>\n<meta property=\"og:url\" content=\"https:\/\/www.callandplay.com\/fr\/fender-jaguar-classic-player-rw-sunburst\/\" \/>\n<meta property=\"og:site_name\" content=\"Call&amp;Play\" \/>\n<meta property=\"article:publisher\" content=\"https:\/\/www.facebook.com\/callandplay\" \/>\n<meta property=\"article:modified_time\" content=\"2026-04-15T20:53:43+00:00\" \/>\n<meta name=\"twitter:card\" content=\"summary_large_image\" \/>\n<script type=\"application\/ld+json\" class=\"yoast-schema-graph\">{\"@context\":\"https:\\\/\\\/schema.org\",\"@graph\":[{\"@type\":\"WebPage\",\"@id\":\"https:\\\/\\\/www.callandplay.com\\\/fender-jaguar-classic-player-rw-sunburst\\\/\",\"url\":\"https:\\\/\\\/www.callandplay.com\\\/fender-jaguar-classic-player-rw-sunburst\\\/\",\"name\":\"FENDER JAGUAR CLASSIC PLAYER RW SUNBURST - Call&amp;Play\",\"isPartOf\":{\"@id\":\"https:\\\/\\\/www.callandplay.com\\\/#website\"},\"datePublished\":\"2017-04-21T00:00:00+00:00\",\"dateModified\":\"2026-04-15T20:53:43+00:00\",\"breadcrumb\":{\"@id\":\"https:\\\/\\\/www.callandplay.com\\\/fender-jaguar-classic-player-rw-sunburst\\\/#breadcrumb\"},\"inLanguage\":\"fr-FR\",\"potentialAction\":[{\"@type\":\"ReadAction\",\"target\":[\"https:\\\/\\\/www.callandplay.com\\\/fender-jaguar-classic-player-rw-sunburst\\\/\"]}]},{\"@type\":\"BreadcrumbList\",\"@id\":\"https:\\\/\\\/www.callandplay.com\\\/fender-jaguar-classic-player-rw-sunburst\\\/#breadcrumb\",\"itemListElement\":[{\"@type\":\"ListItem\",\"position\":1,\"name\":\"Portada\",\"item\":\"https:\\\/\\\/www.callandplay.com\\\/\"},{\"@type\":\"ListItem\",\"position\":2,\"name\":\"Tienda\",\"item\":\"https:\\\/\\\/www.callandplay.com\\\/tienda\\\/\"},{\"@type\":\"ListItem\",\"position\":3,\"name\":\"FENDER JAGUAR CLASSIC PLAYER RW SUNBURST\"}]},{\"@type\":\"WebSite\",\"@id\":\"https:\\\/\\\/www.callandplay.com\\\/#website\",\"url\":\"https:\\\/\\\/www.callandplay.com\\\/\",\"name\":\"Call&amp;Play\",\"description\":\"Alquiler de backline e instrumentos musicales\",\"publisher\":{\"@id\":\"https:\\\/\\\/www.callandplay.com\\\/#organization\"},\"potentialAction\":[{\"@type\":\"SearchAction\",\"target\":{\"@type\":\"EntryPoint\",\"urlTemplate\":\"https:\\\/\\\/www.callandplay.com\\\/?s={search_term_string}\"},\"query-input\":{\"@type\":\"PropertyValueSpecification\",\"valueRequired\":true,\"valueName\":\"search_term_string\"}}],\"inLanguage\":\"fr-FR\"},{\"@type\":\"Organization\",\"@id\":\"https:\\\/\\\/www.callandplay.com\\\/#organization\",\"name\":\"Call&Play\",\"url\":\"https:\\\/\\\/www.callandplay.com\\\/\",\"logo\":{\"@type\":\"ImageObject\",\"inLanguage\":\"fr-FR\",\"@id\":\"https:\\\/\\\/www.callandplay.com\\\/#\\\/schema\\\/logo\\\/image\\\/\",\"url\":\"https:\\\/\\\/www.callandplay.com\\\/wp-content\\\/uploads\\\/2021\\\/06\\\/cropped-cropped-logo-black_con_sombra.png\",\"contentUrl\":\"https:\\\/\\\/www.callandplay.com\\\/wp-content\\\/uploads\\\/2021\\\/06\\\/cropped-cropped-logo-black_con_sombra.png\",\"width\":512,\"height\":512,\"caption\":\"Call&Play\"},\"image\":{\"@id\":\"https:\\\/\\\/www.callandplay.com\\\/#\\\/schema\\\/logo\\\/image\\\/\"},\"sameAs\":[\"https:\\\/\\\/www.facebook.com\\\/callandplay\",\"https:\\\/\\\/www.instagram.com\\\/call_and_play\\\/\"]}]}<\/script>\n<!-- \/ Yoast SEO plugin. -->","yoast_head_json":{"title":"FENDER JAGUAR CLASSIC PLAYER RW SUNBURST - Call&amp;Play","robots":{"index":"index","follow":"follow","max-snippet":"max-snippet:-1","max-image-preview":"max-image-preview:large","max-video-preview":"max-video-preview:-1"},"canonical":"https:\/\/www.callandplay.com\/fr\/fender-jaguar-classic-player-rw-sunburst\/","og_locale":"fr_FR","og_type":"article","og_title":"FENDER JAGUAR CLASSIC PLAYER RW SUNBURST - Call&amp;Play","og_description":"Presentada en 1962, la Jaguar combinaba una escala m\u00e1s corta de 24\" con pastillas que ofrec\u00edan un sonido m\u00e1s brillante y un dise\u00f1o para el control del circuito doble como el de la Jazzmaster. Fue un \u00e9xito durante la era de la m\u00fasica surf de principios de los 60 en la que naci\u00f3 y, al igual que la Jazzmaster, experiment\u00f3 una reaparici\u00f3n a partir de los a\u00f1os 80 como una encarnaci\u00f3n del esp\u00edritu subversivo y de bajo coste de los antih\u00e9roes del rock a ambos lados del Atl\u00e1ntico.","og_url":"https:\/\/www.callandplay.com\/fr\/fender-jaguar-classic-player-rw-sunburst\/","og_site_name":"Call&amp;Play","article_publisher":"https:\/\/www.facebook.com\/callandplay","article_modified_time":"2026-04-15T20:53:43+00:00","twitter_card":"summary_large_image","schema":{"@context":"https:\/\/schema.org","@graph":[{"@type":"WebPage","@id":"https:\/\/www.callandplay.com\/fender-jaguar-classic-player-rw-sunburst\/","url":"https:\/\/www.callandplay.com\/fender-jaguar-classic-player-rw-sunburst\/","name":"FENDER JAGUAR CLASSIC PLAYER RW SUNBURST - Call&amp;Play","isPartOf":{"@id":"https:\/\/www.callandplay.com\/#website"},"datePublished":"2017-04-21T00:00:00+00:00","dateModified":"2026-04-15T20:53:43+00:00","breadcrumb":{"@id":"https:\/\/www.callandplay.com\/fender-jaguar-classic-player-rw-sunburst\/#breadcrumb"},"inLanguage":"fr-FR","potentialAction":[{"@type":"ReadAction","target":["https:\/\/www.callandplay.com\/fender-jaguar-classic-player-rw-sunburst\/"]}]},{"@type":"BreadcrumbList","@id":"https:\/\/www.callandplay.com\/fender-jaguar-classic-player-rw-sunburst\/#breadcrumb","itemListElement":[{"@type":"ListItem","position":1,"name":"Portada","item":"https:\/\/www.callandplay.com\/"},{"@type":"ListItem","position":2,"name":"Tienda","item":"https:\/\/www.callandplay.com\/tienda\/"},{"@type":"ListItem","position":3,"name":"FENDER JAGUAR CLASSIC PLAYER RW SUNBURST"}]},{"@type":"WebSite","@id":"https:\/\/www.callandplay.com\/#website","url":"https:\/\/www.callandplay.com\/","name":"Call&amp;Play","description":"Alquiler de backline e instrumentos musicales","publisher":{"@id":"https:\/\/www.callandplay.com\/#organization"},"potentialAction":[{"@type":"SearchAction","target":{"@type":"EntryPoint","urlTemplate":"https:\/\/www.callandplay.com\/?s={search_term_string}"},"query-input":{"@type":"PropertyValueSpecification","valueRequired":true,"valueName":"search_term_string"}}],"inLanguage":"fr-FR"},{"@type":"Organization","@id":"https:\/\/www.callandplay.com\/#organization","name":"Call&Play","url":"https:\/\/www.callandplay.com\/","logo":{"@type":"ImageObject","inLanguage":"fr-FR","@id":"https:\/\/www.callandplay.com\/#\/schema\/logo\/image\/","url":"https:\/\/www.callandplay.com\/wp-content\/uploads\/2021\/06\/cropped-cropped-logo-black_con_sombra.png","contentUrl":"https:\/\/www.callandplay.com\/wp-content\/uploads\/2021\/06\/cropped-cropped-logo-black_con_sombra.png","width":512,"height":512,"caption":"Call&Play"},"image":{"@id":"https:\/\/www.callandplay.com\/#\/schema\/logo\/image\/"},"sameAs":["https:\/\/www.facebook.com\/callandplay","https:\/\/www.instagram.com\/call_and_play\/"]}]}},"_links":{"self":[{"href":"https:\/\/www.callandplay.com\/fr\/wp-json\/wp\/v2\/product\/52130","targetHints":{"allow":["GET"]}}],"collection":[{"href":"https:\/\/www.callandplay.com\/fr\/wp-json\/wp\/v2\/product"}],"about":[{"href":"https:\/\/www.callandplay.com\/fr\/wp-json\/wp\/v2\/types\/product"}],"replies":[{"embeddable":true,"href":"https:\/\/www.callandplay.com\/fr\/wp-json\/wp\/v2\/comments?post=52130"}],"version-history":[{"count":1,"href":"https:\/\/www.callandplay.com\/fr\/wp-json\/wp\/v2\/product\/52130\/revisions"}],"predecessor-version":[{"id":54940,"href":"https:\/\/www.callandplay.com\/fr\/wp-json\/wp\/v2\/product\/52130\/revisions\/54940"}],"wp:attachment":[{"href":"https:\/\/www.callandplay.com\/fr\/wp-json\/wp\/v2\/media?parent=52130"}],"wp:term":[{"taxonomy":"product_brand","embeddable":true,"href":"https:\/\/www.callandplay.com\/fr\/wp-json\/wp\/v2\/product_brand?post=52130"},{"taxonomy":"product_cat","embeddable":true,"href":"https:\/\/www.callandplay.com\/fr\/wp-json\/wp\/v2\/product_cat?post=52130"},{"taxonomy":"product_tag","embeddable":true,"href":"https:\/\/www.callandplay.com\/fr\/wp-json\/wp\/v2\/product_tag?post=52130"}],"curies":[{"name":"wp","href":"https:\/\/api.w.org\/{rel}","templated":true}]}}