{"id":52208,"date":"2023-02-07T00:00:00","date_gmt":"2023-02-07T00:00:00","guid":{"rendered":"https:\/\/www.callandplay.com\/guil-ptr-08-soporte-para-pantalla-hasta-60\/"},"modified":"2026-04-15T20:53:45","modified_gmt":"2026-04-15T20:53:45","slug":"guil-ptr-08-soporte-para-pantalla-hasta-60","status":"publish","type":"product","link":"https:\/\/www.callandplay.com\/fr\/guil-ptr-08-soporte-para-pantalla-hasta-60\/","title":{"rendered":"GUIL PTR-08 SOPORTE PARA PANTALLA HASTA 60&#8243;"},"content":{"rendered":"<p>Soporte m\u00f3vil polivalente de gran resistencia y elegancia dise\u00f1ado para la fijaci\u00f3n de pantallas de 32&#8243; hasta 60&#8243;. Su cabezal de acero incorpora nivel de burbuja para garantizar un perfecto ajuste del soporte. El cabezal articulado permite colocar la pantalla con una inclinaci\u00f3n de hasta 18 grados. Se regula en altura desplazando el cabezal a lo largo del doble m\u00e1stil de acero fij\u00e1ndolo en cualquier punto de \u00e9ste mediante abrazadera de aluminio. El soporte puede incorporar una bandeja m\u00f3vil muy pr\u00e1ctica para la colocaci\u00f3n de DVD, ordenadores port\u00e1tiles, proyectores, etc. Su base reforzada est\u00e1 dotada de cuatro ruedas dobles giratorias con freno. Sus ruedas son especiales para no marcar el suelo. Carga m\u00e1xima: 60 Kg.<\/p>","protected":false},"excerpt":{"rendered":"<p>Soporte m\u00f3vil polivalente de gran resistencia y elegancia dise\u00f1ado para la fijaci\u00f3n de pantallas de 32&#8243; hasta 60&#8243;. Su cabezal de acero incorpora nivel de burbuja para garantizar un perfecto ajuste del soporte. El cabezal articulado permite colocar la pantalla con una inclinaci\u00f3n de hasta 18 grados. Se regula en altura desplazando el cabezal a lo largo del doble m\u00e1stil de acero fij\u00e1ndolo en cualquier punto de \u00e9ste mediante abrazadera de aluminio. El soporte puede incorporar una bandeja m\u00f3vil muy pr\u00e1ctica para la colocaci\u00f3n de DVD, ordenadores port\u00e1tiles, proyectores, etc. Su base reforzada est\u00e1 dotada de cuatro ruedas dobles giratorias con freno. Sus ruedas son especiales para no marcar el suelo. Carga m\u00e1xima: 60 Kg.<\/p>","protected":false},"featured_media":0,"comment_status":"closed","ping_status":"closed","template":"","meta":{"_acf_changed":false,"om_disable_all_campaigns":false,"_monsterinsights_skip_tracking":false,"_monsterinsights_sitenote_active":false,"_monsterinsights_sitenote_note":"","_monsterinsights_sitenote_category":0},"product_brand":[],"product_cat":[997],"product_tag":[],"class_list":{"0":"post-52208","1":"product","2":"type-product","3":"status-publish","5":"product_cat-pantallas-y-monitores","7":"first","8":"instock","9":"shipping-taxable","10":"purchasable","11":"product-type-simple"},"acf":[],"yoast_head":"<!-- This site is optimized with the Yoast SEO plugin v27.3 - https:\/\/yoast.com\/product\/yoast-seo-wordpress\/ -->\n<title>GUIL PTR-08 SOPORTE PARA PANTALLA HASTA 60&quot; - Call&amp;Play<\/title>\n<meta name=\"robots\" content=\"index, follow, max-snippet:-1, max-image-preview:large, max-video-preview:-1\" \/>\n<link rel=\"canonical\" href=\"https:\/\/www.callandplay.com\/fr\/guil-ptr-08-soporte-para-pantalla-hasta-60\/\" \/>\n<meta property=\"og:locale\" content=\"fr_FR\" \/>\n<meta property=\"og:type\" content=\"article\" \/>\n<meta property=\"og:title\" content=\"GUIL PTR-08 SOPORTE PARA PANTALLA HASTA 60&quot; - Call&amp;Play\" \/>\n<meta property=\"og:description\" content=\"Soporte m\u00f3vil polivalente de gran resistencia y elegancia dise\u00f1ado para la fijaci\u00f3n de pantallas de 32&quot; hasta 60&quot;. Su cabezal de acero incorpora nivel de burbuja para garantizar un perfecto ajuste del soporte. El cabezal articulado permite colocar la pantalla con una inclinaci\u00f3n de hasta 18 grados. Se regula en altura desplazando el cabezal a lo largo del doble m\u00e1stil de acero fij\u00e1ndolo en cualquier punto de \u00e9ste mediante abrazadera de aluminio. El soporte puede incorporar una bandeja m\u00f3vil muy pr\u00e1ctica para la colocaci\u00f3n de DVD, ordenadores port\u00e1tiles, proyectores, etc. Su base reforzada est\u00e1 dotada de cuatro ruedas dobles giratorias con freno. Sus ruedas son especiales para no marcar el suelo. Carga m\u00e1xima: 60 Kg.\" \/>\n<meta property=\"og:url\" content=\"https:\/\/www.callandplay.com\/fr\/guil-ptr-08-soporte-para-pantalla-hasta-60\/\" \/>\n<meta property=\"og:site_name\" content=\"Call&amp;Play\" \/>\n<meta property=\"article:publisher\" content=\"https:\/\/www.facebook.com\/callandplay\" \/>\n<meta property=\"article:modified_time\" content=\"2026-04-15T20:53:45+00:00\" \/>\n<meta name=\"twitter:card\" content=\"summary_large_image\" \/>\n<meta name=\"twitter:label1\" content=\"Dur\u00e9e de lecture estim\u00e9e\" \/>\n\t<meta name=\"twitter:data1\" content=\"1 minute\" \/>\n<script type=\"application\/ld+json\" class=\"yoast-schema-graph\">{\"@context\":\"https:\\\/\\\/schema.org\",\"@graph\":[{\"@type\":\"WebPage\",\"@id\":\"https:\\\/\\\/www.callandplay.com\\\/guil-ptr-08-soporte-para-pantalla-hasta-60\\\/\",\"url\":\"https:\\\/\\\/www.callandplay.com\\\/guil-ptr-08-soporte-para-pantalla-hasta-60\\\/\",\"name\":\"GUIL PTR-08 SOPORTE PARA PANTALLA HASTA 60\\\" - Call&amp;Play\",\"isPartOf\":{\"@id\":\"https:\\\/\\\/www.callandplay.com\\\/#website\"},\"datePublished\":\"2023-02-07T00:00:00+00:00\",\"dateModified\":\"2026-04-15T20:53:45+00:00\",\"breadcrumb\":{\"@id\":\"https:\\\/\\\/www.callandplay.com\\\/guil-ptr-08-soporte-para-pantalla-hasta-60\\\/#breadcrumb\"},\"inLanguage\":\"fr-FR\",\"potentialAction\":[{\"@type\":\"ReadAction\",\"target\":[\"https:\\\/\\\/www.callandplay.com\\\/guil-ptr-08-soporte-para-pantalla-hasta-60\\\/\"]}]},{\"@type\":\"BreadcrumbList\",\"@id\":\"https:\\\/\\\/www.callandplay.com\\\/guil-ptr-08-soporte-para-pantalla-hasta-60\\\/#breadcrumb\",\"itemListElement\":[{\"@type\":\"ListItem\",\"position\":1,\"name\":\"Portada\",\"item\":\"https:\\\/\\\/www.callandplay.com\\\/\"},{\"@type\":\"ListItem\",\"position\":2,\"name\":\"Tienda\",\"item\":\"https:\\\/\\\/www.callandplay.com\\\/tienda\\\/\"},{\"@type\":\"ListItem\",\"position\":3,\"name\":\"GUIL PTR-08 SOPORTE PARA PANTALLA HASTA 60&#8243;\"}]},{\"@type\":\"WebSite\",\"@id\":\"https:\\\/\\\/www.callandplay.com\\\/#website\",\"url\":\"https:\\\/\\\/www.callandplay.com\\\/\",\"name\":\"Call&amp;Play\",\"description\":\"Alquiler de backline e instrumentos musicales\",\"publisher\":{\"@id\":\"https:\\\/\\\/www.callandplay.com\\\/#organization\"},\"potentialAction\":[{\"@type\":\"SearchAction\",\"target\":{\"@type\":\"EntryPoint\",\"urlTemplate\":\"https:\\\/\\\/www.callandplay.com\\\/?s={search_term_string}\"},\"query-input\":{\"@type\":\"PropertyValueSpecification\",\"valueRequired\":true,\"valueName\":\"search_term_string\"}}],\"inLanguage\":\"fr-FR\"},{\"@type\":\"Organization\",\"@id\":\"https:\\\/\\\/www.callandplay.com\\\/#organization\",\"name\":\"Call&Play\",\"url\":\"https:\\\/\\\/www.callandplay.com\\\/\",\"logo\":{\"@type\":\"ImageObject\",\"inLanguage\":\"fr-FR\",\"@id\":\"https:\\\/\\\/www.callandplay.com\\\/#\\\/schema\\\/logo\\\/image\\\/\",\"url\":\"https:\\\/\\\/www.callandplay.com\\\/wp-content\\\/uploads\\\/2021\\\/06\\\/cropped-cropped-logo-black_con_sombra.png\",\"contentUrl\":\"https:\\\/\\\/www.callandplay.com\\\/wp-content\\\/uploads\\\/2021\\\/06\\\/cropped-cropped-logo-black_con_sombra.png\",\"width\":512,\"height\":512,\"caption\":\"Call&Play\"},\"image\":{\"@id\":\"https:\\\/\\\/www.callandplay.com\\\/#\\\/schema\\\/logo\\\/image\\\/\"},\"sameAs\":[\"https:\\\/\\\/www.facebook.com\\\/callandplay\",\"https:\\\/\\\/www.instagram.com\\\/call_and_play\\\/\"]}]}<\/script>\n<!-- \/ Yoast SEO plugin. -->","yoast_head_json":{"title":"GUIL PTR-08 SOPORTE PARA PANTALLA HASTA 60\" - Call&amp;Play","robots":{"index":"index","follow":"follow","max-snippet":"max-snippet:-1","max-image-preview":"max-image-preview:large","max-video-preview":"max-video-preview:-1"},"canonical":"https:\/\/www.callandplay.com\/fr\/guil-ptr-08-soporte-para-pantalla-hasta-60\/","og_locale":"fr_FR","og_type":"article","og_title":"GUIL PTR-08 SOPORTE PARA PANTALLA HASTA 60\" - Call&amp;Play","og_description":"Soporte m\u00f3vil polivalente de gran resistencia y elegancia dise\u00f1ado para la fijaci\u00f3n de pantallas de 32\" hasta 60\". Su cabezal de acero incorpora nivel de burbuja para garantizar un perfecto ajuste del soporte. El cabezal articulado permite colocar la pantalla con una inclinaci\u00f3n de hasta 18 grados. Se regula en altura desplazando el cabezal a lo largo del doble m\u00e1stil de acero fij\u00e1ndolo en cualquier punto de \u00e9ste mediante abrazadera de aluminio. El soporte puede incorporar una bandeja m\u00f3vil muy pr\u00e1ctica para la colocaci\u00f3n de DVD, ordenadores port\u00e1tiles, proyectores, etc. Su base reforzada est\u00e1 dotada de cuatro ruedas dobles giratorias con freno. Sus ruedas son especiales para no marcar el suelo. Carga m\u00e1xima: 60 Kg.","og_url":"https:\/\/www.callandplay.com\/fr\/guil-ptr-08-soporte-para-pantalla-hasta-60\/","og_site_name":"Call&amp;Play","article_publisher":"https:\/\/www.facebook.com\/callandplay","article_modified_time":"2026-04-15T20:53:45+00:00","twitter_card":"summary_large_image","twitter_misc":{"Dur\u00e9e de lecture estim\u00e9e":"1 minute"},"schema":{"@context":"https:\/\/schema.org","@graph":[{"@type":"WebPage","@id":"https:\/\/www.callandplay.com\/guil-ptr-08-soporte-para-pantalla-hasta-60\/","url":"https:\/\/www.callandplay.com\/guil-ptr-08-soporte-para-pantalla-hasta-60\/","name":"GUIL PTR-08 SOPORTE PARA PANTALLA HASTA 60\" - Call&amp;Play","isPartOf":{"@id":"https:\/\/www.callandplay.com\/#website"},"datePublished":"2023-02-07T00:00:00+00:00","dateModified":"2026-04-15T20:53:45+00:00","breadcrumb":{"@id":"https:\/\/www.callandplay.com\/guil-ptr-08-soporte-para-pantalla-hasta-60\/#breadcrumb"},"inLanguage":"fr-FR","potentialAction":[{"@type":"ReadAction","target":["https:\/\/www.callandplay.com\/guil-ptr-08-soporte-para-pantalla-hasta-60\/"]}]},{"@type":"BreadcrumbList","@id":"https:\/\/www.callandplay.com\/guil-ptr-08-soporte-para-pantalla-hasta-60\/#breadcrumb","itemListElement":[{"@type":"ListItem","position":1,"name":"Portada","item":"https:\/\/www.callandplay.com\/"},{"@type":"ListItem","position":2,"name":"Tienda","item":"https:\/\/www.callandplay.com\/tienda\/"},{"@type":"ListItem","position":3,"name":"GUIL PTR-08 SOPORTE PARA PANTALLA HASTA 60&#8243;"}]},{"@type":"WebSite","@id":"https:\/\/www.callandplay.com\/#website","url":"https:\/\/www.callandplay.com\/","name":"Call&amp;Play","description":"Alquiler de backline e instrumentos musicales","publisher":{"@id":"https:\/\/www.callandplay.com\/#organization"},"potentialAction":[{"@type":"SearchAction","target":{"@type":"EntryPoint","urlTemplate":"https:\/\/www.callandplay.com\/?s={search_term_string}"},"query-input":{"@type":"PropertyValueSpecification","valueRequired":true,"valueName":"search_term_string"}}],"inLanguage":"fr-FR"},{"@type":"Organization","@id":"https:\/\/www.callandplay.com\/#organization","name":"Call&Play","url":"https:\/\/www.callandplay.com\/","logo":{"@type":"ImageObject","inLanguage":"fr-FR","@id":"https:\/\/www.callandplay.com\/#\/schema\/logo\/image\/","url":"https:\/\/www.callandplay.com\/wp-content\/uploads\/2021\/06\/cropped-cropped-logo-black_con_sombra.png","contentUrl":"https:\/\/www.callandplay.com\/wp-content\/uploads\/2021\/06\/cropped-cropped-logo-black_con_sombra.png","width":512,"height":512,"caption":"Call&Play"},"image":{"@id":"https:\/\/www.callandplay.com\/#\/schema\/logo\/image\/"},"sameAs":["https:\/\/www.facebook.com\/callandplay","https:\/\/www.instagram.com\/call_and_play\/"]}]}},"_links":{"self":[{"href":"https:\/\/www.callandplay.com\/fr\/wp-json\/wp\/v2\/product\/52208","targetHints":{"allow":["GET"]}}],"collection":[{"href":"https:\/\/www.callandplay.com\/fr\/wp-json\/wp\/v2\/product"}],"about":[{"href":"https:\/\/www.callandplay.com\/fr\/wp-json\/wp\/v2\/types\/product"}],"replies":[{"embeddable":true,"href":"https:\/\/www.callandplay.com\/fr\/wp-json\/wp\/v2\/comments?post=52208"}],"version-history":[{"count":1,"href":"https:\/\/www.callandplay.com\/fr\/wp-json\/wp\/v2\/product\/52208\/revisions"}],"predecessor-version":[{"id":55018,"href":"https:\/\/www.callandplay.com\/fr\/wp-json\/wp\/v2\/product\/52208\/revisions\/55018"}],"wp:attachment":[{"href":"https:\/\/www.callandplay.com\/fr\/wp-json\/wp\/v2\/media?parent=52208"}],"wp:term":[{"taxonomy":"product_brand","embeddable":true,"href":"https:\/\/www.callandplay.com\/fr\/wp-json\/wp\/v2\/product_brand?post=52208"},{"taxonomy":"product_cat","embeddable":true,"href":"https:\/\/www.callandplay.com\/fr\/wp-json\/wp\/v2\/product_cat?post=52208"},{"taxonomy":"product_tag","embeddable":true,"href":"https:\/\/www.callandplay.com\/fr\/wp-json\/wp\/v2\/product_tag?post=52208"}],"curies":[{"name":"wp","href":"https:\/\/api.w.org\/{rel}","templated":true}]}}