{"id":52261,"date":"2024-02-05T00:00:00","date_gmt":"2024-02-05T00:00:00","guid":{"rendered":"https:\/\/www.callandplay.com\/orange-rockerverb-50h-mkiii\/"},"modified":"2026-04-05T20:35:38","modified_gmt":"2026-04-05T20:35:38","slug":"orange-rockerverb-50h-mkiii","status":"publish","type":"product","link":"https:\/\/www.callandplay.com\/fr\/orange-rockerverb-50h-mkiii\/","title":{"rendered":"ORANGE ROCKERVERB 50H MKIII"},"content":{"rendered":"<p>Completamente a v\u00e1lvulas. 50W RMS de Clase A\/B. Dise\u00f1o &#8216;pics only&#8217;. Atenuador conmutable (salida reducida). Salida ajustable (50\/25W). Reverb mejorada. Control para canal Clean: Volumen, Graves,  Medios y Agudos. Control para canal Dirty: Ganancia, Graves, Medios, Agudos y Volumen. Reverb conmutable para ambos canales. Con bucle de efectos. 4 v\u00e1lvulas ECC83 en el previo. 2 v\u00e1lvulas EL34 en el amplificador. 2 v\u00e1lvulas ECC81 en reverb y bucle de efectos.<\/p>","protected":false},"excerpt":{"rendered":"<p>Completamente a v\u00e1lvulas. 50W RMS de Clase A\/B. Dise\u00f1o &#8216;pics only&#8217;. Atenuador conmutable (salida reducida). Salida ajustable (50\/25W). Reverb mejorada. Control para canal Clean: Volumen, Graves,  Medios y Agudos. Control para canal Dirty: Ganancia, Graves, Medios, Agudos y Volumen. Reverb conmutable para ambos canales. Con bucle de efectos. 4 v\u00e1lvulas ECC83 en el previo. 2 v\u00e1lvulas EL34 en el amplificador. 2 v\u00e1lvulas ECC81 en reverb y bucle de efectos.<\/p>","protected":false},"featured_media":0,"comment_status":"closed","ping_status":"closed","template":"","meta":{"_acf_changed":false,"om_disable_all_campaigns":false,"_monsterinsights_skip_tracking":false,"_monsterinsights_sitenote_active":false,"_monsterinsights_sitenote_note":"","_monsterinsights_sitenote_category":0},"product_brand":[],"product_cat":[1047],"product_tag":[],"class_list":{"0":"post-52261","1":"product","2":"type-product","3":"status-publish","5":"product_cat-cabezales-guitarra-electrica","7":"first","8":"instock","9":"shipping-taxable","10":"purchasable","11":"product-type-simple"},"acf":[],"yoast_head":"<!-- This site is optimized with the Yoast SEO plugin v27.3 - https:\/\/yoast.com\/product\/yoast-seo-wordpress\/ -->\n<title>ORANGE ROCKERVERB 50H MKIII - Call&amp;Play<\/title>\n<meta name=\"robots\" content=\"index, follow, max-snippet:-1, max-image-preview:large, max-video-preview:-1\" \/>\n<link rel=\"canonical\" href=\"https:\/\/www.callandplay.com\/fr\/orange-rockerverb-50h-mkiii\/\" \/>\n<meta property=\"og:locale\" content=\"fr_FR\" \/>\n<meta property=\"og:type\" content=\"article\" \/>\n<meta property=\"og:title\" content=\"ORANGE ROCKERVERB 50H MKIII - Call&amp;Play\" \/>\n<meta property=\"og:description\" content=\"Completamente a v\u00e1lvulas. 50W RMS de Clase A\/B. Dise\u00f1o &#039;pics only&#039;. Atenuador conmutable (salida reducida). Salida ajustable (50\/25W). Reverb mejorada. Control para canal Clean: Volumen, Graves, Medios y Agudos. Control para canal Dirty: Ganancia, Graves, Medios, Agudos y Volumen. Reverb conmutable para ambos canales. Con bucle de efectos. 4 v\u00e1lvulas ECC83 en el previo. 2 v\u00e1lvulas EL34 en el amplificador. 2 v\u00e1lvulas ECC81 en reverb y bucle de efectos.\" \/>\n<meta property=\"og:url\" content=\"https:\/\/www.callandplay.com\/fr\/orange-rockerverb-50h-mkiii\/\" \/>\n<meta property=\"og:site_name\" content=\"Call&amp;Play\" \/>\n<meta property=\"article:publisher\" content=\"https:\/\/www.facebook.com\/callandplay\" \/>\n<meta property=\"article:modified_time\" content=\"2026-04-05T20:35:38+00:00\" \/>\n<meta name=\"twitter:card\" content=\"summary_large_image\" \/>\n<script type=\"application\/ld+json\" class=\"yoast-schema-graph\">{\"@context\":\"https:\\\/\\\/schema.org\",\"@graph\":[{\"@type\":\"WebPage\",\"@id\":\"https:\\\/\\\/www.callandplay.com\\\/orange-rockerverb-50h-mkiii\\\/\",\"url\":\"https:\\\/\\\/www.callandplay.com\\\/orange-rockerverb-50h-mkiii\\\/\",\"name\":\"ORANGE ROCKERVERB 50H MKIII - Call&amp;Play\",\"isPartOf\":{\"@id\":\"https:\\\/\\\/www.callandplay.com\\\/#website\"},\"datePublished\":\"2024-02-05T00:00:00+00:00\",\"dateModified\":\"2026-04-05T20:35:38+00:00\",\"breadcrumb\":{\"@id\":\"https:\\\/\\\/www.callandplay.com\\\/orange-rockerverb-50h-mkiii\\\/#breadcrumb\"},\"inLanguage\":\"fr-FR\",\"potentialAction\":[{\"@type\":\"ReadAction\",\"target\":[\"https:\\\/\\\/www.callandplay.com\\\/orange-rockerverb-50h-mkiii\\\/\"]}]},{\"@type\":\"BreadcrumbList\",\"@id\":\"https:\\\/\\\/www.callandplay.com\\\/orange-rockerverb-50h-mkiii\\\/#breadcrumb\",\"itemListElement\":[{\"@type\":\"ListItem\",\"position\":1,\"name\":\"Portada\",\"item\":\"https:\\\/\\\/www.callandplay.com\\\/\"},{\"@type\":\"ListItem\",\"position\":2,\"name\":\"Tienda\",\"item\":\"https:\\\/\\\/www.callandplay.com\\\/tienda\\\/\"},{\"@type\":\"ListItem\",\"position\":3,\"name\":\"ORANGE ROCKERVERB 50H MKIII\"}]},{\"@type\":\"WebSite\",\"@id\":\"https:\\\/\\\/www.callandplay.com\\\/#website\",\"url\":\"https:\\\/\\\/www.callandplay.com\\\/\",\"name\":\"Call&amp;Play\",\"description\":\"Alquiler de backline e instrumentos musicales\",\"publisher\":{\"@id\":\"https:\\\/\\\/www.callandplay.com\\\/#organization\"},\"potentialAction\":[{\"@type\":\"SearchAction\",\"target\":{\"@type\":\"EntryPoint\",\"urlTemplate\":\"https:\\\/\\\/www.callandplay.com\\\/?s={search_term_string}\"},\"query-input\":{\"@type\":\"PropertyValueSpecification\",\"valueRequired\":true,\"valueName\":\"search_term_string\"}}],\"inLanguage\":\"fr-FR\"},{\"@type\":\"Organization\",\"@id\":\"https:\\\/\\\/www.callandplay.com\\\/#organization\",\"name\":\"Call&Play\",\"url\":\"https:\\\/\\\/www.callandplay.com\\\/\",\"logo\":{\"@type\":\"ImageObject\",\"inLanguage\":\"fr-FR\",\"@id\":\"https:\\\/\\\/www.callandplay.com\\\/#\\\/schema\\\/logo\\\/image\\\/\",\"url\":\"https:\\\/\\\/www.callandplay.com\\\/wp-content\\\/uploads\\\/2021\\\/06\\\/cropped-cropped-logo-black_con_sombra.png\",\"contentUrl\":\"https:\\\/\\\/www.callandplay.com\\\/wp-content\\\/uploads\\\/2021\\\/06\\\/cropped-cropped-logo-black_con_sombra.png\",\"width\":512,\"height\":512,\"caption\":\"Call&Play\"},\"image\":{\"@id\":\"https:\\\/\\\/www.callandplay.com\\\/#\\\/schema\\\/logo\\\/image\\\/\"},\"sameAs\":[\"https:\\\/\\\/www.facebook.com\\\/callandplay\",\"https:\\\/\\\/www.instagram.com\\\/call_and_play\\\/\"]}]}<\/script>\n<!-- \/ Yoast SEO plugin. -->","yoast_head_json":{"title":"ORANGE ROCKERVERB 50H MKIII - Call&amp;Play","robots":{"index":"index","follow":"follow","max-snippet":"max-snippet:-1","max-image-preview":"max-image-preview:large","max-video-preview":"max-video-preview:-1"},"canonical":"https:\/\/www.callandplay.com\/fr\/orange-rockerverb-50h-mkiii\/","og_locale":"fr_FR","og_type":"article","og_title":"ORANGE ROCKERVERB 50H MKIII - Call&amp;Play","og_description":"Completamente a v\u00e1lvulas. 50W RMS de Clase A\/B. Dise\u00f1o 'pics only'. Atenuador conmutable (salida reducida). Salida ajustable (50\/25W). Reverb mejorada. Control para canal Clean: Volumen, Graves, Medios y Agudos. Control para canal Dirty: Ganancia, Graves, Medios, Agudos y Volumen. Reverb conmutable para ambos canales. Con bucle de efectos. 4 v\u00e1lvulas ECC83 en el previo. 2 v\u00e1lvulas EL34 en el amplificador. 2 v\u00e1lvulas ECC81 en reverb y bucle de efectos.","og_url":"https:\/\/www.callandplay.com\/fr\/orange-rockerverb-50h-mkiii\/","og_site_name":"Call&amp;Play","article_publisher":"https:\/\/www.facebook.com\/callandplay","article_modified_time":"2026-04-05T20:35:38+00:00","twitter_card":"summary_large_image","schema":{"@context":"https:\/\/schema.org","@graph":[{"@type":"WebPage","@id":"https:\/\/www.callandplay.com\/orange-rockerverb-50h-mkiii\/","url":"https:\/\/www.callandplay.com\/orange-rockerverb-50h-mkiii\/","name":"ORANGE ROCKERVERB 50H MKIII - Call&amp;Play","isPartOf":{"@id":"https:\/\/www.callandplay.com\/#website"},"datePublished":"2024-02-05T00:00:00+00:00","dateModified":"2026-04-05T20:35:38+00:00","breadcrumb":{"@id":"https:\/\/www.callandplay.com\/orange-rockerverb-50h-mkiii\/#breadcrumb"},"inLanguage":"fr-FR","potentialAction":[{"@type":"ReadAction","target":["https:\/\/www.callandplay.com\/orange-rockerverb-50h-mkiii\/"]}]},{"@type":"BreadcrumbList","@id":"https:\/\/www.callandplay.com\/orange-rockerverb-50h-mkiii\/#breadcrumb","itemListElement":[{"@type":"ListItem","position":1,"name":"Portada","item":"https:\/\/www.callandplay.com\/"},{"@type":"ListItem","position":2,"name":"Tienda","item":"https:\/\/www.callandplay.com\/tienda\/"},{"@type":"ListItem","position":3,"name":"ORANGE ROCKERVERB 50H MKIII"}]},{"@type":"WebSite","@id":"https:\/\/www.callandplay.com\/#website","url":"https:\/\/www.callandplay.com\/","name":"Call&amp;Play","description":"Alquiler de backline e instrumentos musicales","publisher":{"@id":"https:\/\/www.callandplay.com\/#organization"},"potentialAction":[{"@type":"SearchAction","target":{"@type":"EntryPoint","urlTemplate":"https:\/\/www.callandplay.com\/?s={search_term_string}"},"query-input":{"@type":"PropertyValueSpecification","valueRequired":true,"valueName":"search_term_string"}}],"inLanguage":"fr-FR"},{"@type":"Organization","@id":"https:\/\/www.callandplay.com\/#organization","name":"Call&Play","url":"https:\/\/www.callandplay.com\/","logo":{"@type":"ImageObject","inLanguage":"fr-FR","@id":"https:\/\/www.callandplay.com\/#\/schema\/logo\/image\/","url":"https:\/\/www.callandplay.com\/wp-content\/uploads\/2021\/06\/cropped-cropped-logo-black_con_sombra.png","contentUrl":"https:\/\/www.callandplay.com\/wp-content\/uploads\/2021\/06\/cropped-cropped-logo-black_con_sombra.png","width":512,"height":512,"caption":"Call&Play"},"image":{"@id":"https:\/\/www.callandplay.com\/#\/schema\/logo\/image\/"},"sameAs":["https:\/\/www.facebook.com\/callandplay","https:\/\/www.instagram.com\/call_and_play\/"]}]}},"_links":{"self":[{"href":"https:\/\/www.callandplay.com\/fr\/wp-json\/wp\/v2\/product\/52261","targetHints":{"allow":["GET"]}}],"collection":[{"href":"https:\/\/www.callandplay.com\/fr\/wp-json\/wp\/v2\/product"}],"about":[{"href":"https:\/\/www.callandplay.com\/fr\/wp-json\/wp\/v2\/types\/product"}],"replies":[{"embeddable":true,"href":"https:\/\/www.callandplay.com\/fr\/wp-json\/wp\/v2\/comments?post=52261"}],"version-history":[{"count":1,"href":"https:\/\/www.callandplay.com\/fr\/wp-json\/wp\/v2\/product\/52261\/revisions"}],"predecessor-version":[{"id":55071,"href":"https:\/\/www.callandplay.com\/fr\/wp-json\/wp\/v2\/product\/52261\/revisions\/55071"}],"wp:attachment":[{"href":"https:\/\/www.callandplay.com\/fr\/wp-json\/wp\/v2\/media?parent=52261"}],"wp:term":[{"taxonomy":"product_brand","embeddable":true,"href":"https:\/\/www.callandplay.com\/fr\/wp-json\/wp\/v2\/product_brand?post=52261"},{"taxonomy":"product_cat","embeddable":true,"href":"https:\/\/www.callandplay.com\/fr\/wp-json\/wp\/v2\/product_cat?post=52261"},{"taxonomy":"product_tag","embeddable":true,"href":"https:\/\/www.callandplay.com\/fr\/wp-json\/wp\/v2\/product_tag?post=52261"}],"curies":[{"name":"wp","href":"https:\/\/api.w.org\/{rel}","templated":true}]}}