{"id":52393,"date":"2024-02-26T00:00:00","date_gmt":"2024-02-26T00:00:00","guid":{"rendered":"https:\/\/www.callandplay.com\/pioneer-dj-cdj-tour1\/"},"modified":"2026-04-15T20:53:51","modified_gmt":"2026-04-15T20:53:51","slug":"pioneer-dj-cdj-tour1","status":"publish","type":"product","link":"https:\/\/www.callandplay.com\/fr\/pioneer-dj-cdj-tour1\/","title":{"rendered":"PIONEER DJ CDJ-TOUR1"},"content":{"rendered":"<p>El CDJ-TOUR1 ofrece el c\u00e1lido sonido de alta resoluci\u00f3n al que est\u00e1s acostumbrado, y a\u00f1ade componentes de audio profesionales apropiados para cualquier tipo de evento. Con el mismo dise\u00f1o familiar y caracter\u00edsticas que el CDJ-2000NXS2, adem\u00e1s est\u00e1 provisto de una gran pantalla t\u00e1ctil plegable con la que obtienes un control sin esfuerzo cuando m\u00e1s lo necesitas. Pro DJ Link permite compartir una fuente a trav\u00e9s de hasta 4 reproductores. El resistente dise\u00f1o del CDJ-TOUR1 dispone de patas con aislamiento y con laterales reforzados para garantizar un montaje estable sobre cualquier superficie. Adem\u00e1s, el puerto LAN tiene un conector NEUTRIK etherCON\u00ae con una cerradura de pestillo, para que los cables compatibles permanezcan en su lugar a pesar de vibraciones y golpes.<\/p>","protected":false},"excerpt":{"rendered":"<p>El CDJ-TOUR1 ofrece el c\u00e1lido sonido de alta resoluci\u00f3n al que est\u00e1s acostumbrado, y a\u00f1ade componentes de audio profesionales apropiados para cualquier tipo de evento. Con el mismo dise\u00f1o familiar y caracter\u00edsticas que el CDJ-2000NXS2, adem\u00e1s est\u00e1 provisto de una gran pantalla t\u00e1ctil plegable con la que obtienes un control sin esfuerzo cuando m\u00e1s lo necesitas. Pro DJ Link permite compartir una fuente a trav\u00e9s de hasta 4 reproductores. El resistente dise\u00f1o del CDJ-TOUR1 dispone de patas con aislamiento y con laterales reforzados para garantizar un montaje estable sobre cualquier superficie. Adem\u00e1s, el puerto LAN tiene un conector NEUTRIK etherCON\u00ae con una cerradura de pestillo, para que los cables compatibles permanezcan en su lugar a pesar de vibraciones y golpes.<\/p>","protected":false},"featured_media":0,"comment_status":"closed","ping_status":"closed","template":"","meta":{"_acf_changed":false,"om_disable_all_campaigns":false,"_monsterinsights_skip_tracking":false,"_monsterinsights_sitenote_active":false,"_monsterinsights_sitenote_note":"","_monsterinsights_sitenote_category":0},"product_brand":[],"product_cat":[848],"product_tag":[],"class_list":{"0":"post-52393","1":"product","2":"type-product","3":"status-publish","5":"product_cat-reproductores-dj","7":"first","8":"instock","9":"shipping-taxable","10":"purchasable","11":"product-type-simple"},"acf":[],"yoast_head":"<!-- This site is optimized with the Yoast SEO plugin v27.3 - https:\/\/yoast.com\/product\/yoast-seo-wordpress\/ -->\n<title>PIONEER DJ CDJ-TOUR1 - Call&amp;Play<\/title>\n<meta name=\"robots\" content=\"index, follow, max-snippet:-1, max-image-preview:large, max-video-preview:-1\" \/>\n<link rel=\"canonical\" href=\"https:\/\/www.callandplay.com\/fr\/pioneer-dj-cdj-tour1\/\" \/>\n<meta property=\"og:locale\" content=\"fr_FR\" \/>\n<meta property=\"og:type\" content=\"article\" \/>\n<meta property=\"og:title\" content=\"PIONEER DJ CDJ-TOUR1 - Call&amp;Play\" \/>\n<meta property=\"og:description\" content=\"El CDJ-TOUR1 ofrece el c\u00e1lido sonido de alta resoluci\u00f3n al que est\u00e1s acostumbrado, y a\u00f1ade componentes de audio profesionales apropiados para cualquier tipo de evento. Con el mismo dise\u00f1o familiar y caracter\u00edsticas que el CDJ-2000NXS2, adem\u00e1s est\u00e1 provisto de una gran pantalla t\u00e1ctil plegable con la que obtienes un control sin esfuerzo cuando m\u00e1s lo necesitas. Pro DJ Link permite compartir una fuente a trav\u00e9s de hasta 4 reproductores. El resistente dise\u00f1o del CDJ-TOUR1 dispone de patas con aislamiento y con laterales reforzados para garantizar un montaje estable sobre cualquier superficie. Adem\u00e1s, el puerto LAN tiene un conector NEUTRIK etherCON\u00ae con una cerradura de pestillo, para que los cables compatibles permanezcan en su lugar a pesar de vibraciones y golpes.\" \/>\n<meta property=\"og:url\" content=\"https:\/\/www.callandplay.com\/fr\/pioneer-dj-cdj-tour1\/\" \/>\n<meta property=\"og:site_name\" content=\"Call&amp;Play\" \/>\n<meta property=\"article:publisher\" content=\"https:\/\/www.facebook.com\/callandplay\" \/>\n<meta property=\"article:modified_time\" content=\"2026-04-15T20:53:51+00:00\" \/>\n<meta name=\"twitter:card\" content=\"summary_large_image\" \/>\n<meta name=\"twitter:label1\" content=\"Dur\u00e9e de lecture estim\u00e9e\" \/>\n\t<meta name=\"twitter:data1\" content=\"1 minute\" \/>\n<script type=\"application\/ld+json\" class=\"yoast-schema-graph\">{\"@context\":\"https:\\\/\\\/schema.org\",\"@graph\":[{\"@type\":\"WebPage\",\"@id\":\"https:\\\/\\\/www.callandplay.com\\\/pioneer-dj-cdj-tour1\\\/\",\"url\":\"https:\\\/\\\/www.callandplay.com\\\/pioneer-dj-cdj-tour1\\\/\",\"name\":\"PIONEER DJ CDJ-TOUR1 - Call&amp;Play\",\"isPartOf\":{\"@id\":\"https:\\\/\\\/www.callandplay.com\\\/#website\"},\"datePublished\":\"2024-02-26T00:00:00+00:00\",\"dateModified\":\"2026-04-15T20:53:51+00:00\",\"breadcrumb\":{\"@id\":\"https:\\\/\\\/www.callandplay.com\\\/pioneer-dj-cdj-tour1\\\/#breadcrumb\"},\"inLanguage\":\"fr-FR\",\"potentialAction\":[{\"@type\":\"ReadAction\",\"target\":[\"https:\\\/\\\/www.callandplay.com\\\/pioneer-dj-cdj-tour1\\\/\"]}]},{\"@type\":\"BreadcrumbList\",\"@id\":\"https:\\\/\\\/www.callandplay.com\\\/pioneer-dj-cdj-tour1\\\/#breadcrumb\",\"itemListElement\":[{\"@type\":\"ListItem\",\"position\":1,\"name\":\"Portada\",\"item\":\"https:\\\/\\\/www.callandplay.com\\\/\"},{\"@type\":\"ListItem\",\"position\":2,\"name\":\"Tienda\",\"item\":\"https:\\\/\\\/www.callandplay.com\\\/tienda\\\/\"},{\"@type\":\"ListItem\",\"position\":3,\"name\":\"PIONEER DJ CDJ-TOUR1\"}]},{\"@type\":\"WebSite\",\"@id\":\"https:\\\/\\\/www.callandplay.com\\\/#website\",\"url\":\"https:\\\/\\\/www.callandplay.com\\\/\",\"name\":\"Call&amp;Play\",\"description\":\"Alquiler de backline e instrumentos musicales\",\"publisher\":{\"@id\":\"https:\\\/\\\/www.callandplay.com\\\/#organization\"},\"potentialAction\":[{\"@type\":\"SearchAction\",\"target\":{\"@type\":\"EntryPoint\",\"urlTemplate\":\"https:\\\/\\\/www.callandplay.com\\\/?s={search_term_string}\"},\"query-input\":{\"@type\":\"PropertyValueSpecification\",\"valueRequired\":true,\"valueName\":\"search_term_string\"}}],\"inLanguage\":\"fr-FR\"},{\"@type\":\"Organization\",\"@id\":\"https:\\\/\\\/www.callandplay.com\\\/#organization\",\"name\":\"Call&Play\",\"url\":\"https:\\\/\\\/www.callandplay.com\\\/\",\"logo\":{\"@type\":\"ImageObject\",\"inLanguage\":\"fr-FR\",\"@id\":\"https:\\\/\\\/www.callandplay.com\\\/#\\\/schema\\\/logo\\\/image\\\/\",\"url\":\"https:\\\/\\\/www.callandplay.com\\\/wp-content\\\/uploads\\\/2021\\\/06\\\/cropped-cropped-logo-black_con_sombra.png\",\"contentUrl\":\"https:\\\/\\\/www.callandplay.com\\\/wp-content\\\/uploads\\\/2021\\\/06\\\/cropped-cropped-logo-black_con_sombra.png\",\"width\":512,\"height\":512,\"caption\":\"Call&Play\"},\"image\":{\"@id\":\"https:\\\/\\\/www.callandplay.com\\\/#\\\/schema\\\/logo\\\/image\\\/\"},\"sameAs\":[\"https:\\\/\\\/www.facebook.com\\\/callandplay\",\"https:\\\/\\\/www.instagram.com\\\/call_and_play\\\/\"]}]}<\/script>\n<!-- \/ Yoast SEO plugin. -->","yoast_head_json":{"title":"PIONEER DJ CDJ-TOUR1 - Call&amp;Play","robots":{"index":"index","follow":"follow","max-snippet":"max-snippet:-1","max-image-preview":"max-image-preview:large","max-video-preview":"max-video-preview:-1"},"canonical":"https:\/\/www.callandplay.com\/fr\/pioneer-dj-cdj-tour1\/","og_locale":"fr_FR","og_type":"article","og_title":"PIONEER DJ CDJ-TOUR1 - Call&amp;Play","og_description":"El CDJ-TOUR1 ofrece el c\u00e1lido sonido de alta resoluci\u00f3n al que est\u00e1s acostumbrado, y a\u00f1ade componentes de audio profesionales apropiados para cualquier tipo de evento. Con el mismo dise\u00f1o familiar y caracter\u00edsticas que el CDJ-2000NXS2, adem\u00e1s est\u00e1 provisto de una gran pantalla t\u00e1ctil plegable con la que obtienes un control sin esfuerzo cuando m\u00e1s lo necesitas. Pro DJ Link permite compartir una fuente a trav\u00e9s de hasta 4 reproductores. El resistente dise\u00f1o del CDJ-TOUR1 dispone de patas con aislamiento y con laterales reforzados para garantizar un montaje estable sobre cualquier superficie. Adem\u00e1s, el puerto LAN tiene un conector NEUTRIK etherCON\u00ae con una cerradura de pestillo, para que los cables compatibles permanezcan en su lugar a pesar de vibraciones y golpes.","og_url":"https:\/\/www.callandplay.com\/fr\/pioneer-dj-cdj-tour1\/","og_site_name":"Call&amp;Play","article_publisher":"https:\/\/www.facebook.com\/callandplay","article_modified_time":"2026-04-15T20:53:51+00:00","twitter_card":"summary_large_image","twitter_misc":{"Dur\u00e9e de lecture estim\u00e9e":"1 minute"},"schema":{"@context":"https:\/\/schema.org","@graph":[{"@type":"WebPage","@id":"https:\/\/www.callandplay.com\/pioneer-dj-cdj-tour1\/","url":"https:\/\/www.callandplay.com\/pioneer-dj-cdj-tour1\/","name":"PIONEER DJ CDJ-TOUR1 - Call&amp;Play","isPartOf":{"@id":"https:\/\/www.callandplay.com\/#website"},"datePublished":"2024-02-26T00:00:00+00:00","dateModified":"2026-04-15T20:53:51+00:00","breadcrumb":{"@id":"https:\/\/www.callandplay.com\/pioneer-dj-cdj-tour1\/#breadcrumb"},"inLanguage":"fr-FR","potentialAction":[{"@type":"ReadAction","target":["https:\/\/www.callandplay.com\/pioneer-dj-cdj-tour1\/"]}]},{"@type":"BreadcrumbList","@id":"https:\/\/www.callandplay.com\/pioneer-dj-cdj-tour1\/#breadcrumb","itemListElement":[{"@type":"ListItem","position":1,"name":"Portada","item":"https:\/\/www.callandplay.com\/"},{"@type":"ListItem","position":2,"name":"Tienda","item":"https:\/\/www.callandplay.com\/tienda\/"},{"@type":"ListItem","position":3,"name":"PIONEER DJ CDJ-TOUR1"}]},{"@type":"WebSite","@id":"https:\/\/www.callandplay.com\/#website","url":"https:\/\/www.callandplay.com\/","name":"Call&amp;Play","description":"Alquiler de backline e instrumentos musicales","publisher":{"@id":"https:\/\/www.callandplay.com\/#organization"},"potentialAction":[{"@type":"SearchAction","target":{"@type":"EntryPoint","urlTemplate":"https:\/\/www.callandplay.com\/?s={search_term_string}"},"query-input":{"@type":"PropertyValueSpecification","valueRequired":true,"valueName":"search_term_string"}}],"inLanguage":"fr-FR"},{"@type":"Organization","@id":"https:\/\/www.callandplay.com\/#organization","name":"Call&Play","url":"https:\/\/www.callandplay.com\/","logo":{"@type":"ImageObject","inLanguage":"fr-FR","@id":"https:\/\/www.callandplay.com\/#\/schema\/logo\/image\/","url":"https:\/\/www.callandplay.com\/wp-content\/uploads\/2021\/06\/cropped-cropped-logo-black_con_sombra.png","contentUrl":"https:\/\/www.callandplay.com\/wp-content\/uploads\/2021\/06\/cropped-cropped-logo-black_con_sombra.png","width":512,"height":512,"caption":"Call&Play"},"image":{"@id":"https:\/\/www.callandplay.com\/#\/schema\/logo\/image\/"},"sameAs":["https:\/\/www.facebook.com\/callandplay","https:\/\/www.instagram.com\/call_and_play\/"]}]}},"_links":{"self":[{"href":"https:\/\/www.callandplay.com\/fr\/wp-json\/wp\/v2\/product\/52393","targetHints":{"allow":["GET"]}}],"collection":[{"href":"https:\/\/www.callandplay.com\/fr\/wp-json\/wp\/v2\/product"}],"about":[{"href":"https:\/\/www.callandplay.com\/fr\/wp-json\/wp\/v2\/types\/product"}],"replies":[{"embeddable":true,"href":"https:\/\/www.callandplay.com\/fr\/wp-json\/wp\/v2\/comments?post=52393"}],"version-history":[{"count":1,"href":"https:\/\/www.callandplay.com\/fr\/wp-json\/wp\/v2\/product\/52393\/revisions"}],"predecessor-version":[{"id":55203,"href":"https:\/\/www.callandplay.com\/fr\/wp-json\/wp\/v2\/product\/52393\/revisions\/55203"}],"wp:attachment":[{"href":"https:\/\/www.callandplay.com\/fr\/wp-json\/wp\/v2\/media?parent=52393"}],"wp:term":[{"taxonomy":"product_brand","embeddable":true,"href":"https:\/\/www.callandplay.com\/fr\/wp-json\/wp\/v2\/product_brand?post=52393"},{"taxonomy":"product_cat","embeddable":true,"href":"https:\/\/www.callandplay.com\/fr\/wp-json\/wp\/v2\/product_cat?post=52393"},{"taxonomy":"product_tag","embeddable":true,"href":"https:\/\/www.callandplay.com\/fr\/wp-json\/wp\/v2\/product_tag?post=52393"}],"curies":[{"name":"wp","href":"https:\/\/api.w.org\/{rel}","templated":true}]}}