{"id":52593,"date":"2023-12-01T00:00:00","date_gmt":"2023-12-01T00:00:00","guid":{"rendered":"https:\/\/www.callandplay.com\/pioneer-dj-xprs-115s\/"},"modified":"2026-04-15T20:53:57","modified_gmt":"2026-04-15T20:53:57","slug":"pioneer-dj-xprs-115s","status":"publish","type":"product","link":"https:\/\/www.callandplay.com\/fr\/pioneer-dj-xprs-115s\/","title":{"rendered":"PIONEER DJ XPRS 115S"},"content":{"rendered":"<p>Los altavoces activos de alta potencia de la serie XPRS, son compactos y port\u00e1tiles. Sin complicadas configuraciones y cables enredados, este sistema ofrece un uso sencillo y plug-and-play. La tecnolog\u00eda de ingenier\u00eda de sonido de Pioneer Pro Audio y los amplificadores Powersoft garantizan que estos altavoces m\u00f3viles sean fiables y eficientes energ\u00e9ticamente, haci\u00e9ndolos adecuados para todos los g\u00e9neros musicales y ambientes. El XPRS115S es el complemento perfecto para potenciar las bajas frecuencias. En la parte superior de la caja de la pantalla ac\u00fastica inclinada con drivers de neodimio de 15&#8243;, este subwoofer de 15&#8243; cuenta con un conmutador Crossover vers\u00e1til para que se pueda ajustar f\u00e1cilmente el filtro de paso bajo en varias etapas entre 80 Hz y 150 Hz.<\/p>","protected":false},"excerpt":{"rendered":"<p>Los altavoces activos de alta potencia de la serie XPRS, son compactos y port\u00e1tiles. Sin complicadas configuraciones y cables enredados, este sistema ofrece un uso sencillo y plug-and-play. La tecnolog\u00eda de ingenier\u00eda de sonido de Pioneer Pro Audio y los amplificadores Powersoft garantizan que estos altavoces m\u00f3viles sean fiables y eficientes energ\u00e9ticamente, haci\u00e9ndolos adecuados para todos los g\u00e9neros musicales y ambientes. El XPRS115S es el complemento perfecto para potenciar las bajas frecuencias. En la parte superior de la caja de la pantalla ac\u00fastica inclinada con drivers de neodimio de 15&#8243;, este subwoofer de 15&#8243; cuenta con un conmutador Crossover vers\u00e1til para que se pueda ajustar f\u00e1cilmente el filtro de paso bajo en varias etapas entre 80 Hz y 150 Hz.<\/p>","protected":false},"featured_media":0,"comment_status":"closed","ping_status":"closed","template":"","meta":{"_acf_changed":false,"om_disable_all_campaigns":false,"_monsterinsights_skip_tracking":false,"_monsterinsights_sitenote_active":false,"_monsterinsights_sitenote_note":"","_monsterinsights_sitenote_category":0},"product_brand":[],"product_cat":[1206],"product_tag":[],"class_list":{"0":"post-52593","1":"product","2":"type-product","3":"status-publish","5":"product_cat-altavoces-autoamplificados","7":"first","8":"instock","9":"shipping-taxable","10":"purchasable","11":"product-type-simple"},"acf":[],"yoast_head":"<!-- This site is optimized with the Yoast SEO plugin v27.4 - https:\/\/yoast.com\/product\/yoast-seo-wordpress\/ -->\n<title>PIONEER DJ XPRS 115S - Call&amp;Play<\/title>\n<meta name=\"robots\" content=\"index, follow, max-snippet:-1, max-image-preview:large, max-video-preview:-1\" \/>\n<link rel=\"canonical\" href=\"https:\/\/www.callandplay.com\/fr\/pioneer-dj-xprs-115s\/\" \/>\n<meta property=\"og:locale\" content=\"fr_FR\" \/>\n<meta property=\"og:type\" content=\"article\" \/>\n<meta property=\"og:title\" content=\"PIONEER DJ XPRS 115S - Call&amp;Play\" \/>\n<meta property=\"og:description\" content=\"Los altavoces activos de alta potencia de la serie XPRS, son compactos y port\u00e1tiles. Sin complicadas configuraciones y cables enredados, este sistema ofrece un uso sencillo y plug-and-play. La tecnolog\u00eda de ingenier\u00eda de sonido de Pioneer Pro Audio y los amplificadores Powersoft garantizan que estos altavoces m\u00f3viles sean fiables y eficientes energ\u00e9ticamente, haci\u00e9ndolos adecuados para todos los g\u00e9neros musicales y ambientes. El XPRS115S es el complemento perfecto para potenciar las bajas frecuencias. En la parte superior de la caja de la pantalla ac\u00fastica inclinada con drivers de neodimio de 15&quot;, este subwoofer de 15&quot; cuenta con un conmutador Crossover vers\u00e1til para que se pueda ajustar f\u00e1cilmente el filtro de paso bajo en varias etapas entre 80 Hz y 150 Hz.\" \/>\n<meta property=\"og:url\" content=\"https:\/\/www.callandplay.com\/fr\/pioneer-dj-xprs-115s\/\" \/>\n<meta property=\"og:site_name\" content=\"Call&amp;Play\" \/>\n<meta property=\"article:publisher\" content=\"https:\/\/www.facebook.com\/callandplay\" \/>\n<meta property=\"article:modified_time\" content=\"2026-04-15T20:53:57+00:00\" \/>\n<meta name=\"twitter:card\" content=\"summary_large_image\" \/>\n<meta name=\"twitter:label1\" content=\"Dur\u00e9e de lecture estim\u00e9e\" \/>\n\t<meta name=\"twitter:data1\" content=\"1 minute\" \/>\n<script type=\"application\/ld+json\" class=\"yoast-schema-graph\">{\"@context\":\"https:\\\/\\\/schema.org\",\"@graph\":[{\"@type\":\"WebPage\",\"@id\":\"https:\\\/\\\/www.callandplay.com\\\/pioneer-dj-xprs-115s\\\/\",\"url\":\"https:\\\/\\\/www.callandplay.com\\\/pioneer-dj-xprs-115s\\\/\",\"name\":\"PIONEER DJ XPRS 115S - Call&amp;Play\",\"isPartOf\":{\"@id\":\"https:\\\/\\\/www.callandplay.com\\\/#website\"},\"datePublished\":\"2023-12-01T00:00:00+00:00\",\"dateModified\":\"2026-04-15T20:53:57+00:00\",\"breadcrumb\":{\"@id\":\"https:\\\/\\\/www.callandplay.com\\\/pioneer-dj-xprs-115s\\\/#breadcrumb\"},\"inLanguage\":\"fr-FR\",\"potentialAction\":[{\"@type\":\"ReadAction\",\"target\":[\"https:\\\/\\\/www.callandplay.com\\\/pioneer-dj-xprs-115s\\\/\"]}]},{\"@type\":\"BreadcrumbList\",\"@id\":\"https:\\\/\\\/www.callandplay.com\\\/pioneer-dj-xprs-115s\\\/#breadcrumb\",\"itemListElement\":[{\"@type\":\"ListItem\",\"position\":1,\"name\":\"Portada\",\"item\":\"https:\\\/\\\/www.callandplay.com\\\/\"},{\"@type\":\"ListItem\",\"position\":2,\"name\":\"Tienda\",\"item\":\"https:\\\/\\\/www.callandplay.com\\\/tienda\\\/\"},{\"@type\":\"ListItem\",\"position\":3,\"name\":\"PIONEER DJ XPRS 115S\"}]},{\"@type\":\"WebSite\",\"@id\":\"https:\\\/\\\/www.callandplay.com\\\/#website\",\"url\":\"https:\\\/\\\/www.callandplay.com\\\/\",\"name\":\"Call&amp;Play\",\"description\":\"Alquiler de backline e instrumentos musicales\",\"publisher\":{\"@id\":\"https:\\\/\\\/www.callandplay.com\\\/#organization\"},\"potentialAction\":[{\"@type\":\"SearchAction\",\"target\":{\"@type\":\"EntryPoint\",\"urlTemplate\":\"https:\\\/\\\/www.callandplay.com\\\/?s={search_term_string}\"},\"query-input\":{\"@type\":\"PropertyValueSpecification\",\"valueRequired\":true,\"valueName\":\"search_term_string\"}}],\"inLanguage\":\"fr-FR\"},{\"@type\":\"Organization\",\"@id\":\"https:\\\/\\\/www.callandplay.com\\\/#organization\",\"name\":\"Call&Play\",\"url\":\"https:\\\/\\\/www.callandplay.com\\\/\",\"logo\":{\"@type\":\"ImageObject\",\"inLanguage\":\"fr-FR\",\"@id\":\"https:\\\/\\\/www.callandplay.com\\\/#\\\/schema\\\/logo\\\/image\\\/\",\"url\":\"https:\\\/\\\/www.callandplay.com\\\/wp-content\\\/uploads\\\/2021\\\/06\\\/cropped-cropped-logo-black_con_sombra.png\",\"contentUrl\":\"https:\\\/\\\/www.callandplay.com\\\/wp-content\\\/uploads\\\/2021\\\/06\\\/cropped-cropped-logo-black_con_sombra.png\",\"width\":512,\"height\":512,\"caption\":\"Call&Play\"},\"image\":{\"@id\":\"https:\\\/\\\/www.callandplay.com\\\/#\\\/schema\\\/logo\\\/image\\\/\"},\"sameAs\":[\"https:\\\/\\\/www.facebook.com\\\/callandplay\",\"https:\\\/\\\/www.instagram.com\\\/call_and_play\\\/\"]}]}<\/script>\n<!-- \/ Yoast SEO plugin. -->","yoast_head_json":{"title":"PIONEER DJ XPRS 115S - Call&amp;Play","robots":{"index":"index","follow":"follow","max-snippet":"max-snippet:-1","max-image-preview":"max-image-preview:large","max-video-preview":"max-video-preview:-1"},"canonical":"https:\/\/www.callandplay.com\/fr\/pioneer-dj-xprs-115s\/","og_locale":"fr_FR","og_type":"article","og_title":"PIONEER DJ XPRS 115S - Call&amp;Play","og_description":"Los altavoces activos de alta potencia de la serie XPRS, son compactos y port\u00e1tiles. Sin complicadas configuraciones y cables enredados, este sistema ofrece un uso sencillo y plug-and-play. La tecnolog\u00eda de ingenier\u00eda de sonido de Pioneer Pro Audio y los amplificadores Powersoft garantizan que estos altavoces m\u00f3viles sean fiables y eficientes energ\u00e9ticamente, haci\u00e9ndolos adecuados para todos los g\u00e9neros musicales y ambientes. El XPRS115S es el complemento perfecto para potenciar las bajas frecuencias. En la parte superior de la caja de la pantalla ac\u00fastica inclinada con drivers de neodimio de 15\", este subwoofer de 15\" cuenta con un conmutador Crossover vers\u00e1til para que se pueda ajustar f\u00e1cilmente el filtro de paso bajo en varias etapas entre 80 Hz y 150 Hz.","og_url":"https:\/\/www.callandplay.com\/fr\/pioneer-dj-xprs-115s\/","og_site_name":"Call&amp;Play","article_publisher":"https:\/\/www.facebook.com\/callandplay","article_modified_time":"2026-04-15T20:53:57+00:00","twitter_card":"summary_large_image","twitter_misc":{"Dur\u00e9e de lecture estim\u00e9e":"1 minute"},"schema":{"@context":"https:\/\/schema.org","@graph":[{"@type":"WebPage","@id":"https:\/\/www.callandplay.com\/pioneer-dj-xprs-115s\/","url":"https:\/\/www.callandplay.com\/pioneer-dj-xprs-115s\/","name":"PIONEER DJ XPRS 115S - Call&amp;Play","isPartOf":{"@id":"https:\/\/www.callandplay.com\/#website"},"datePublished":"2023-12-01T00:00:00+00:00","dateModified":"2026-04-15T20:53:57+00:00","breadcrumb":{"@id":"https:\/\/www.callandplay.com\/pioneer-dj-xprs-115s\/#breadcrumb"},"inLanguage":"fr-FR","potentialAction":[{"@type":"ReadAction","target":["https:\/\/www.callandplay.com\/pioneer-dj-xprs-115s\/"]}]},{"@type":"BreadcrumbList","@id":"https:\/\/www.callandplay.com\/pioneer-dj-xprs-115s\/#breadcrumb","itemListElement":[{"@type":"ListItem","position":1,"name":"Portada","item":"https:\/\/www.callandplay.com\/"},{"@type":"ListItem","position":2,"name":"Tienda","item":"https:\/\/www.callandplay.com\/tienda\/"},{"@type":"ListItem","position":3,"name":"PIONEER DJ XPRS 115S"}]},{"@type":"WebSite","@id":"https:\/\/www.callandplay.com\/#website","url":"https:\/\/www.callandplay.com\/","name":"Call&amp;Play","description":"Alquiler de backline e instrumentos musicales","publisher":{"@id":"https:\/\/www.callandplay.com\/#organization"},"potentialAction":[{"@type":"SearchAction","target":{"@type":"EntryPoint","urlTemplate":"https:\/\/www.callandplay.com\/?s={search_term_string}"},"query-input":{"@type":"PropertyValueSpecification","valueRequired":true,"valueName":"search_term_string"}}],"inLanguage":"fr-FR"},{"@type":"Organization","@id":"https:\/\/www.callandplay.com\/#organization","name":"Call&Play","url":"https:\/\/www.callandplay.com\/","logo":{"@type":"ImageObject","inLanguage":"fr-FR","@id":"https:\/\/www.callandplay.com\/#\/schema\/logo\/image\/","url":"https:\/\/www.callandplay.com\/wp-content\/uploads\/2021\/06\/cropped-cropped-logo-black_con_sombra.png","contentUrl":"https:\/\/www.callandplay.com\/wp-content\/uploads\/2021\/06\/cropped-cropped-logo-black_con_sombra.png","width":512,"height":512,"caption":"Call&Play"},"image":{"@id":"https:\/\/www.callandplay.com\/#\/schema\/logo\/image\/"},"sameAs":["https:\/\/www.facebook.com\/callandplay","https:\/\/www.instagram.com\/call_and_play\/"]}]}},"_links":{"self":[{"href":"https:\/\/www.callandplay.com\/fr\/wp-json\/wp\/v2\/product\/52593","targetHints":{"allow":["GET"]}}],"collection":[{"href":"https:\/\/www.callandplay.com\/fr\/wp-json\/wp\/v2\/product"}],"about":[{"href":"https:\/\/www.callandplay.com\/fr\/wp-json\/wp\/v2\/types\/product"}],"replies":[{"embeddable":true,"href":"https:\/\/www.callandplay.com\/fr\/wp-json\/wp\/v2\/comments?post=52593"}],"version-history":[{"count":1,"href":"https:\/\/www.callandplay.com\/fr\/wp-json\/wp\/v2\/product\/52593\/revisions"}],"predecessor-version":[{"id":55403,"href":"https:\/\/www.callandplay.com\/fr\/wp-json\/wp\/v2\/product\/52593\/revisions\/55403"}],"wp:attachment":[{"href":"https:\/\/www.callandplay.com\/fr\/wp-json\/wp\/v2\/media?parent=52593"}],"wp:term":[{"taxonomy":"product_brand","embeddable":true,"href":"https:\/\/www.callandplay.com\/fr\/wp-json\/wp\/v2\/product_brand?post=52593"},{"taxonomy":"product_cat","embeddable":true,"href":"https:\/\/www.callandplay.com\/fr\/wp-json\/wp\/v2\/product_cat?post=52593"},{"taxonomy":"product_tag","embeddable":true,"href":"https:\/\/www.callandplay.com\/fr\/wp-json\/wp\/v2\/product_tag?post=52593"}],"curies":[{"name":"wp","href":"https:\/\/api.w.org\/{rel}","templated":true}]}}