{"id":52683,"date":"2019-01-19T00:00:00","date_gmt":"2019-01-19T00:00:00","guid":{"rendered":"https:\/\/www.callandplay.com\/lp-1231-jam-bell-cowbell-3-1-2-high-pitch-blue-mountable\/"},"modified":"2026-04-16T20:45:48","modified_gmt":"2026-04-16T20:45:48","slug":"lp-1231-jam-bell-cowbell-3-1-2-high-pitch-blue-mountable","status":"publish","type":"product","link":"https:\/\/www.callandplay.com\/fr\/lp-1231-jam-bell-cowbell-3-1-2-high-pitch-blue-mountable\/","title":{"rendered":"LP 1231 JAM BELL COWBELL 3 1\/2&#8243; HIGH PITCH BLUE MOUNTABLE"},"content":{"rendered":"<p>Campana montable aguda. Todas las campanas montadas presentan la famosa construcci\u00f3n forjada de arn\u00e9s con perno y ojo con grandes tornillos tipo \u201cmariposa\u201d que proveen una colocaci\u00f3n segura en m\u00e1stiles de montaje de 3\/8&#8243; de di\u00e1metro usando s\u00f3lo los dedos.Las campanas LP son hechas a mano en Estados Unidos usando las especificaciones exactas desarrolladas por el fundador de LP Martin Cohen hace m\u00e1s de 40 a\u00f1os. Todas las campanas LP son construidas de acero de alta calidad y con herramientas desarrolladas espec\u00edficamente poniendo especial atenci\u00f3n a los niveles de tolerancia.<\/p>","protected":false},"excerpt":{"rendered":"<p>Campana montable aguda. Todas las campanas montadas presentan la famosa construcci\u00f3n forjada de arn\u00e9s con perno y ojo con grandes tornillos tipo \u201cmariposa\u201d que proveen una colocaci\u00f3n segura en m\u00e1stiles de montaje de 3\/8&#8243; de di\u00e1metro usando s\u00f3lo los dedos.Las campanas LP son hechas a mano en Estados Unidos usando las especificaciones exactas desarrolladas por el fundador de LP Martin Cohen hace m\u00e1s de 40 a\u00f1os. Todas las campanas LP son construidas de acero de alta calidad y con herramientas desarrolladas espec\u00edficamente poniendo especial atenci\u00f3n a los niveles de tolerancia.<\/p>","protected":false},"featured_media":0,"comment_status":"closed","ping_status":"closed","template":"","meta":{"_acf_changed":false,"om_disable_all_campaigns":false,"_monsterinsights_skip_tracking":false,"_monsterinsights_sitenote_active":false,"_monsterinsights_sitenote_note":"","_monsterinsights_sitenote_category":0},"product_brand":[],"product_cat":[1129],"product_tag":[],"class_list":{"0":"post-52683","1":"product","2":"type-product","3":"status-publish","5":"product_cat-cowbells","7":"first","8":"instock","9":"shipping-taxable","10":"purchasable","11":"product-type-simple"},"acf":[],"yoast_head":"<!-- This site is optimized with the Yoast SEO plugin v27.4 - https:\/\/yoast.com\/product\/yoast-seo-wordpress\/ -->\n<title>LP 1231 JAM BELL COWBELL 3 1\/2&quot; HIGH PITCH BLUE MOUNTABLE - Call&amp;Play<\/title>\n<meta name=\"robots\" content=\"index, follow, max-snippet:-1, max-image-preview:large, max-video-preview:-1\" \/>\n<link rel=\"canonical\" href=\"https:\/\/www.callandplay.com\/fr\/lp-1231-jam-bell-cowbell-3-1-2-high-pitch-blue-mountable\/\" \/>\n<meta property=\"og:locale\" content=\"fr_FR\" \/>\n<meta property=\"og:type\" content=\"article\" \/>\n<meta property=\"og:title\" content=\"LP 1231 JAM BELL COWBELL 3 1\/2&quot; HIGH PITCH BLUE MOUNTABLE - Call&amp;Play\" \/>\n<meta property=\"og:description\" content=\"Campana montable aguda. Todas las campanas montadas presentan la famosa construcci\u00f3n forjada de arn\u00e9s con perno y ojo con grandes tornillos tipo \u201cmariposa\u201d que proveen una colocaci\u00f3n segura en m\u00e1stiles de montaje de 3\/8&quot; de di\u00e1metro usando s\u00f3lo los dedos.Las campanas LP son hechas a mano en Estados Unidos usando las especificaciones exactas desarrolladas por el fundador de LP Martin Cohen hace m\u00e1s de 40 a\u00f1os. Todas las campanas LP son construidas de acero de alta calidad y con herramientas desarrolladas espec\u00edficamente poniendo especial atenci\u00f3n a los niveles de tolerancia.\" \/>\n<meta property=\"og:url\" content=\"https:\/\/www.callandplay.com\/fr\/lp-1231-jam-bell-cowbell-3-1-2-high-pitch-blue-mountable\/\" \/>\n<meta property=\"og:site_name\" content=\"Call&amp;Play\" \/>\n<meta property=\"article:publisher\" content=\"https:\/\/www.facebook.com\/callandplay\" \/>\n<meta property=\"article:modified_time\" content=\"2026-04-16T20:45:48+00:00\" \/>\n<meta name=\"twitter:card\" content=\"summary_large_image\" \/>\n<script type=\"application\/ld+json\" class=\"yoast-schema-graph\">{\"@context\":\"https:\\\/\\\/schema.org\",\"@graph\":[{\"@type\":\"WebPage\",\"@id\":\"https:\\\/\\\/www.callandplay.com\\\/lp-1231-jam-bell-cowbell-3-1-2-high-pitch-blue-mountable\\\/\",\"url\":\"https:\\\/\\\/www.callandplay.com\\\/lp-1231-jam-bell-cowbell-3-1-2-high-pitch-blue-mountable\\\/\",\"name\":\"LP 1231 JAM BELL COWBELL 3 1\\\/2\\\" HIGH PITCH BLUE MOUNTABLE - Call&amp;Play\",\"isPartOf\":{\"@id\":\"https:\\\/\\\/www.callandplay.com\\\/#website\"},\"datePublished\":\"2019-01-19T00:00:00+00:00\",\"dateModified\":\"2026-04-16T20:45:48+00:00\",\"breadcrumb\":{\"@id\":\"https:\\\/\\\/www.callandplay.com\\\/lp-1231-jam-bell-cowbell-3-1-2-high-pitch-blue-mountable\\\/#breadcrumb\"},\"inLanguage\":\"fr-FR\",\"potentialAction\":[{\"@type\":\"ReadAction\",\"target\":[\"https:\\\/\\\/www.callandplay.com\\\/lp-1231-jam-bell-cowbell-3-1-2-high-pitch-blue-mountable\\\/\"]}]},{\"@type\":\"BreadcrumbList\",\"@id\":\"https:\\\/\\\/www.callandplay.com\\\/lp-1231-jam-bell-cowbell-3-1-2-high-pitch-blue-mountable\\\/#breadcrumb\",\"itemListElement\":[{\"@type\":\"ListItem\",\"position\":1,\"name\":\"Portada\",\"item\":\"https:\\\/\\\/www.callandplay.com\\\/\"},{\"@type\":\"ListItem\",\"position\":2,\"name\":\"Tienda\",\"item\":\"https:\\\/\\\/www.callandplay.com\\\/tienda\\\/\"},{\"@type\":\"ListItem\",\"position\":3,\"name\":\"LP 1231 JAM BELL COWBELL 3 1\\\/2&#8243; HIGH PITCH BLUE MOUNTABLE\"}]},{\"@type\":\"WebSite\",\"@id\":\"https:\\\/\\\/www.callandplay.com\\\/#website\",\"url\":\"https:\\\/\\\/www.callandplay.com\\\/\",\"name\":\"Call&amp;Play\",\"description\":\"Alquiler de backline e instrumentos musicales\",\"publisher\":{\"@id\":\"https:\\\/\\\/www.callandplay.com\\\/#organization\"},\"potentialAction\":[{\"@type\":\"SearchAction\",\"target\":{\"@type\":\"EntryPoint\",\"urlTemplate\":\"https:\\\/\\\/www.callandplay.com\\\/?s={search_term_string}\"},\"query-input\":{\"@type\":\"PropertyValueSpecification\",\"valueRequired\":true,\"valueName\":\"search_term_string\"}}],\"inLanguage\":\"fr-FR\"},{\"@type\":\"Organization\",\"@id\":\"https:\\\/\\\/www.callandplay.com\\\/#organization\",\"name\":\"Call&Play\",\"url\":\"https:\\\/\\\/www.callandplay.com\\\/\",\"logo\":{\"@type\":\"ImageObject\",\"inLanguage\":\"fr-FR\",\"@id\":\"https:\\\/\\\/www.callandplay.com\\\/#\\\/schema\\\/logo\\\/image\\\/\",\"url\":\"https:\\\/\\\/www.callandplay.com\\\/wp-content\\\/uploads\\\/2021\\\/06\\\/cropped-cropped-logo-black_con_sombra.png\",\"contentUrl\":\"https:\\\/\\\/www.callandplay.com\\\/wp-content\\\/uploads\\\/2021\\\/06\\\/cropped-cropped-logo-black_con_sombra.png\",\"width\":512,\"height\":512,\"caption\":\"Call&Play\"},\"image\":{\"@id\":\"https:\\\/\\\/www.callandplay.com\\\/#\\\/schema\\\/logo\\\/image\\\/\"},\"sameAs\":[\"https:\\\/\\\/www.facebook.com\\\/callandplay\",\"https:\\\/\\\/www.instagram.com\\\/call_and_play\\\/\"]}]}<\/script>\n<!-- \/ Yoast SEO plugin. -->","yoast_head_json":{"title":"LP 1231 JAM BELL COWBELL 3 1\/2\" HIGH PITCH BLUE MOUNTABLE - Call&amp;Play","robots":{"index":"index","follow":"follow","max-snippet":"max-snippet:-1","max-image-preview":"max-image-preview:large","max-video-preview":"max-video-preview:-1"},"canonical":"https:\/\/www.callandplay.com\/fr\/lp-1231-jam-bell-cowbell-3-1-2-high-pitch-blue-mountable\/","og_locale":"fr_FR","og_type":"article","og_title":"LP 1231 JAM BELL COWBELL 3 1\/2\" HIGH PITCH BLUE MOUNTABLE - Call&amp;Play","og_description":"Campana montable aguda. Todas las campanas montadas presentan la famosa construcci\u00f3n forjada de arn\u00e9s con perno y ojo con grandes tornillos tipo \u201cmariposa\u201d que proveen una colocaci\u00f3n segura en m\u00e1stiles de montaje de 3\/8\" de di\u00e1metro usando s\u00f3lo los dedos.Las campanas LP son hechas a mano en Estados Unidos usando las especificaciones exactas desarrolladas por el fundador de LP Martin Cohen hace m\u00e1s de 40 a\u00f1os. Todas las campanas LP son construidas de acero de alta calidad y con herramientas desarrolladas espec\u00edficamente poniendo especial atenci\u00f3n a los niveles de tolerancia.","og_url":"https:\/\/www.callandplay.com\/fr\/lp-1231-jam-bell-cowbell-3-1-2-high-pitch-blue-mountable\/","og_site_name":"Call&amp;Play","article_publisher":"https:\/\/www.facebook.com\/callandplay","article_modified_time":"2026-04-16T20:45:48+00:00","twitter_card":"summary_large_image","schema":{"@context":"https:\/\/schema.org","@graph":[{"@type":"WebPage","@id":"https:\/\/www.callandplay.com\/lp-1231-jam-bell-cowbell-3-1-2-high-pitch-blue-mountable\/","url":"https:\/\/www.callandplay.com\/lp-1231-jam-bell-cowbell-3-1-2-high-pitch-blue-mountable\/","name":"LP 1231 JAM BELL COWBELL 3 1\/2\" HIGH PITCH BLUE MOUNTABLE - Call&amp;Play","isPartOf":{"@id":"https:\/\/www.callandplay.com\/#website"},"datePublished":"2019-01-19T00:00:00+00:00","dateModified":"2026-04-16T20:45:48+00:00","breadcrumb":{"@id":"https:\/\/www.callandplay.com\/lp-1231-jam-bell-cowbell-3-1-2-high-pitch-blue-mountable\/#breadcrumb"},"inLanguage":"fr-FR","potentialAction":[{"@type":"ReadAction","target":["https:\/\/www.callandplay.com\/lp-1231-jam-bell-cowbell-3-1-2-high-pitch-blue-mountable\/"]}]},{"@type":"BreadcrumbList","@id":"https:\/\/www.callandplay.com\/lp-1231-jam-bell-cowbell-3-1-2-high-pitch-blue-mountable\/#breadcrumb","itemListElement":[{"@type":"ListItem","position":1,"name":"Portada","item":"https:\/\/www.callandplay.com\/"},{"@type":"ListItem","position":2,"name":"Tienda","item":"https:\/\/www.callandplay.com\/tienda\/"},{"@type":"ListItem","position":3,"name":"LP 1231 JAM BELL COWBELL 3 1\/2&#8243; HIGH PITCH BLUE MOUNTABLE"}]},{"@type":"WebSite","@id":"https:\/\/www.callandplay.com\/#website","url":"https:\/\/www.callandplay.com\/","name":"Call&amp;Play","description":"Alquiler de backline e instrumentos musicales","publisher":{"@id":"https:\/\/www.callandplay.com\/#organization"},"potentialAction":[{"@type":"SearchAction","target":{"@type":"EntryPoint","urlTemplate":"https:\/\/www.callandplay.com\/?s={search_term_string}"},"query-input":{"@type":"PropertyValueSpecification","valueRequired":true,"valueName":"search_term_string"}}],"inLanguage":"fr-FR"},{"@type":"Organization","@id":"https:\/\/www.callandplay.com\/#organization","name":"Call&Play","url":"https:\/\/www.callandplay.com\/","logo":{"@type":"ImageObject","inLanguage":"fr-FR","@id":"https:\/\/www.callandplay.com\/#\/schema\/logo\/image\/","url":"https:\/\/www.callandplay.com\/wp-content\/uploads\/2021\/06\/cropped-cropped-logo-black_con_sombra.png","contentUrl":"https:\/\/www.callandplay.com\/wp-content\/uploads\/2021\/06\/cropped-cropped-logo-black_con_sombra.png","width":512,"height":512,"caption":"Call&Play"},"image":{"@id":"https:\/\/www.callandplay.com\/#\/schema\/logo\/image\/"},"sameAs":["https:\/\/www.facebook.com\/callandplay","https:\/\/www.instagram.com\/call_and_play\/"]}]}},"_links":{"self":[{"href":"https:\/\/www.callandplay.com\/fr\/wp-json\/wp\/v2\/product\/52683","targetHints":{"allow":["GET"]}}],"collection":[{"href":"https:\/\/www.callandplay.com\/fr\/wp-json\/wp\/v2\/product"}],"about":[{"href":"https:\/\/www.callandplay.com\/fr\/wp-json\/wp\/v2\/types\/product"}],"replies":[{"embeddable":true,"href":"https:\/\/www.callandplay.com\/fr\/wp-json\/wp\/v2\/comments?post=52683"}],"version-history":[{"count":1,"href":"https:\/\/www.callandplay.com\/fr\/wp-json\/wp\/v2\/product\/52683\/revisions"}],"predecessor-version":[{"id":55493,"href":"https:\/\/www.callandplay.com\/fr\/wp-json\/wp\/v2\/product\/52683\/revisions\/55493"}],"wp:attachment":[{"href":"https:\/\/www.callandplay.com\/fr\/wp-json\/wp\/v2\/media?parent=52683"}],"wp:term":[{"taxonomy":"product_brand","embeddable":true,"href":"https:\/\/www.callandplay.com\/fr\/wp-json\/wp\/v2\/product_brand?post=52683"},{"taxonomy":"product_cat","embeddable":true,"href":"https:\/\/www.callandplay.com\/fr\/wp-json\/wp\/v2\/product_cat?post=52683"},{"taxonomy":"product_tag","embeddable":true,"href":"https:\/\/www.callandplay.com\/fr\/wp-json\/wp\/v2\/product_tag?post=52683"}],"curies":[{"name":"wp","href":"https:\/\/api.w.org\/{rel}","templated":true}]}}