{"id":52697,"date":"2025-08-29T00:00:00","date_gmt":"2025-08-29T00:00:00","guid":{"rendered":"https:\/\/www.callandplay.com\/yamaha-nu1-hybrid-upright-avantgrand-piano\/"},"modified":"2026-04-16T20:45:48","modified_gmt":"2026-04-16T20:45:48","slug":"yamaha-nu1-hybrid-upright-avantgrand-piano","status":"publish","type":"product","link":"https:\/\/www.callandplay.com\/fr\/yamaha-nu1-hybrid-upright-avantgrand-piano\/","title":{"rendered":"YAMAHA NU1 HYBRID UPRIGHT AVANTGRAND PIANO"},"content":{"rendered":"<p>La tradici\u00f3n de los instrumentos ac\u00fasticos unida a la innovaci\u00f3n de la tecnolog\u00eda digital. Ofrece el mismo teclado y mecanismo de piano ac\u00fastico usado en los pianos verticales Yamaha, y un dise\u00f1o elegante y compacto. El NU1 ofrece una experiencia de interpretaci\u00f3n aut\u00e9ntica, casi indistinguible de la de un piano ac\u00fastico. Con el mismo mecanismo y teclado de madera natural usados en los mejores pianos verticales Yamaha, el NU1 ofrece una sensaci\u00f3n realista que le servir\u00e1 de inspiraci\u00f3n. El NU1 incluye, gracias a un cuidado muestreo, el sonido de uno de los mejores instrumentos jam\u00e1s creados por Yamaha: el piano de concierto de gran cola CFX. Para complementar sus chispeantes agudos y sus graves con gran cuerpo, el NU1 utiliza una tecnolog\u00eda ac\u00fastica exclusiva de Yamaha desarrollada muy recientemente, que permite reproducir la resonancia caracter\u00edstica que se siente al tocar un piano de cola. Dimensiones: Ancho 150,1cm; alto 102,4cm; profundidad 46,3cm.<\/p>","protected":false},"excerpt":{"rendered":"<p>La tradici\u00f3n de los instrumentos ac\u00fasticos unida a la innovaci\u00f3n de la tecnolog\u00eda digital. Ofrece el mismo teclado y mecanismo de piano ac\u00fastico usado en los pianos verticales Yamaha, y un dise\u00f1o elegante y compacto. El NU1 ofrece una experiencia de interpretaci\u00f3n aut\u00e9ntica, casi indistinguible de la de un piano ac\u00fastico. Con el mismo mecanismo y teclado de madera natural usados en los mejores pianos verticales Yamaha, el NU1 ofrece una sensaci\u00f3n realista que le servir\u00e1 de inspiraci\u00f3n. El NU1 incluye, gracias a un cuidado muestreo, el sonido de uno de los mejores instrumentos jam\u00e1s creados por Yamaha: el piano de concierto de gran cola CFX. Para complementar sus chispeantes agudos y sus graves con gran cuerpo, el NU1 utiliza una tecnolog\u00eda ac\u00fastica exclusiva de Yamaha desarrollada muy recientemente, que permite reproducir la resonancia caracter\u00edstica que se siente al tocar un piano de cola. Dimensiones: Ancho 150,1cm; alto 102,4cm; profundidad 46,3cm.<\/p>","protected":false},"featured_media":0,"comment_status":"closed","ping_status":"closed","template":"","meta":{"_acf_changed":false,"om_disable_all_campaigns":false,"_monsterinsights_skip_tracking":false,"_monsterinsights_sitenote_active":false,"_monsterinsights_sitenote_note":"","_monsterinsights_sitenote_category":0},"product_brand":[],"product_cat":[858],"product_tag":[],"class_list":{"0":"post-52697","1":"product","2":"type-product","3":"status-publish","5":"product_cat-pianos-hibridos-con-conectividad","7":"first","8":"instock","9":"shipping-taxable","10":"purchasable","11":"product-type-simple"},"acf":[],"yoast_head":"<!-- This site is optimized with the Yoast SEO plugin v27.4 - https:\/\/yoast.com\/product\/yoast-seo-wordpress\/ -->\n<title>YAMAHA NU1 HYBRID UPRIGHT AVANTGRAND PIANO - Call&amp;Play<\/title>\n<meta name=\"robots\" content=\"index, follow, max-snippet:-1, max-image-preview:large, max-video-preview:-1\" \/>\n<link rel=\"canonical\" href=\"https:\/\/www.callandplay.com\/fr\/yamaha-nu1-hybrid-upright-avantgrand-piano\/\" \/>\n<meta property=\"og:locale\" content=\"fr_FR\" \/>\n<meta property=\"og:type\" content=\"article\" \/>\n<meta property=\"og:title\" content=\"YAMAHA NU1 HYBRID UPRIGHT AVANTGRAND PIANO - Call&amp;Play\" \/>\n<meta property=\"og:description\" content=\"La tradici\u00f3n de los instrumentos ac\u00fasticos unida a la innovaci\u00f3n de la tecnolog\u00eda digital. Ofrece el mismo teclado y mecanismo de piano ac\u00fastico usado en los pianos verticales Yamaha, y un dise\u00f1o elegante y compacto. El NU1 ofrece una experiencia de interpretaci\u00f3n aut\u00e9ntica, casi indistinguible de la de un piano ac\u00fastico. Con el mismo mecanismo y teclado de madera natural usados en los mejores pianos verticales Yamaha, el NU1 ofrece una sensaci\u00f3n realista que le servir\u00e1 de inspiraci\u00f3n. El NU1 incluye, gracias a un cuidado muestreo, el sonido de uno de los mejores instrumentos jam\u00e1s creados por Yamaha: el piano de concierto de gran cola CFX. Para complementar sus chispeantes agudos y sus graves con gran cuerpo, el NU1 utiliza una tecnolog\u00eda ac\u00fastica exclusiva de Yamaha desarrollada muy recientemente, que permite reproducir la resonancia caracter\u00edstica que se siente al tocar un piano de cola. Dimensiones: Ancho 150,1cm; alto 102,4cm; profundidad 46,3cm.\" \/>\n<meta property=\"og:url\" content=\"https:\/\/www.callandplay.com\/fr\/yamaha-nu1-hybrid-upright-avantgrand-piano\/\" \/>\n<meta property=\"og:site_name\" content=\"Call&amp;Play\" \/>\n<meta property=\"article:publisher\" content=\"https:\/\/www.facebook.com\/callandplay\" \/>\n<meta property=\"article:modified_time\" content=\"2026-04-16T20:45:48+00:00\" \/>\n<meta name=\"twitter:card\" content=\"summary_large_image\" \/>\n<meta name=\"twitter:label1\" content=\"Dur\u00e9e de lecture estim\u00e9e\" \/>\n\t<meta name=\"twitter:data1\" content=\"1 minute\" \/>\n<script type=\"application\/ld+json\" class=\"yoast-schema-graph\">{\"@context\":\"https:\\\/\\\/schema.org\",\"@graph\":[{\"@type\":\"WebPage\",\"@id\":\"https:\\\/\\\/www.callandplay.com\\\/yamaha-nu1-hybrid-upright-avantgrand-piano\\\/\",\"url\":\"https:\\\/\\\/www.callandplay.com\\\/yamaha-nu1-hybrid-upright-avantgrand-piano\\\/\",\"name\":\"YAMAHA NU1 HYBRID UPRIGHT AVANTGRAND PIANO - Call&amp;Play\",\"isPartOf\":{\"@id\":\"https:\\\/\\\/www.callandplay.com\\\/#website\"},\"datePublished\":\"2025-08-29T00:00:00+00:00\",\"dateModified\":\"2026-04-16T20:45:48+00:00\",\"breadcrumb\":{\"@id\":\"https:\\\/\\\/www.callandplay.com\\\/yamaha-nu1-hybrid-upright-avantgrand-piano\\\/#breadcrumb\"},\"inLanguage\":\"fr-FR\",\"potentialAction\":[{\"@type\":\"ReadAction\",\"target\":[\"https:\\\/\\\/www.callandplay.com\\\/yamaha-nu1-hybrid-upright-avantgrand-piano\\\/\"]}]},{\"@type\":\"BreadcrumbList\",\"@id\":\"https:\\\/\\\/www.callandplay.com\\\/yamaha-nu1-hybrid-upright-avantgrand-piano\\\/#breadcrumb\",\"itemListElement\":[{\"@type\":\"ListItem\",\"position\":1,\"name\":\"Portada\",\"item\":\"https:\\\/\\\/www.callandplay.com\\\/\"},{\"@type\":\"ListItem\",\"position\":2,\"name\":\"Tienda\",\"item\":\"https:\\\/\\\/www.callandplay.com\\\/tienda\\\/\"},{\"@type\":\"ListItem\",\"position\":3,\"name\":\"YAMAHA NU1 HYBRID UPRIGHT AVANTGRAND PIANO\"}]},{\"@type\":\"WebSite\",\"@id\":\"https:\\\/\\\/www.callandplay.com\\\/#website\",\"url\":\"https:\\\/\\\/www.callandplay.com\\\/\",\"name\":\"Call&amp;Play\",\"description\":\"Alquiler de backline e instrumentos musicales\",\"publisher\":{\"@id\":\"https:\\\/\\\/www.callandplay.com\\\/#organization\"},\"potentialAction\":[{\"@type\":\"SearchAction\",\"target\":{\"@type\":\"EntryPoint\",\"urlTemplate\":\"https:\\\/\\\/www.callandplay.com\\\/?s={search_term_string}\"},\"query-input\":{\"@type\":\"PropertyValueSpecification\",\"valueRequired\":true,\"valueName\":\"search_term_string\"}}],\"inLanguage\":\"fr-FR\"},{\"@type\":\"Organization\",\"@id\":\"https:\\\/\\\/www.callandplay.com\\\/#organization\",\"name\":\"Call&Play\",\"url\":\"https:\\\/\\\/www.callandplay.com\\\/\",\"logo\":{\"@type\":\"ImageObject\",\"inLanguage\":\"fr-FR\",\"@id\":\"https:\\\/\\\/www.callandplay.com\\\/#\\\/schema\\\/logo\\\/image\\\/\",\"url\":\"https:\\\/\\\/www.callandplay.com\\\/wp-content\\\/uploads\\\/2021\\\/06\\\/cropped-cropped-logo-black_con_sombra.png\",\"contentUrl\":\"https:\\\/\\\/www.callandplay.com\\\/wp-content\\\/uploads\\\/2021\\\/06\\\/cropped-cropped-logo-black_con_sombra.png\",\"width\":512,\"height\":512,\"caption\":\"Call&Play\"},\"image\":{\"@id\":\"https:\\\/\\\/www.callandplay.com\\\/#\\\/schema\\\/logo\\\/image\\\/\"},\"sameAs\":[\"https:\\\/\\\/www.facebook.com\\\/callandplay\",\"https:\\\/\\\/www.instagram.com\\\/call_and_play\\\/\"]}]}<\/script>\n<!-- \/ Yoast SEO plugin. -->","yoast_head_json":{"title":"YAMAHA NU1 HYBRID UPRIGHT AVANTGRAND PIANO - Call&amp;Play","robots":{"index":"index","follow":"follow","max-snippet":"max-snippet:-1","max-image-preview":"max-image-preview:large","max-video-preview":"max-video-preview:-1"},"canonical":"https:\/\/www.callandplay.com\/fr\/yamaha-nu1-hybrid-upright-avantgrand-piano\/","og_locale":"fr_FR","og_type":"article","og_title":"YAMAHA NU1 HYBRID UPRIGHT AVANTGRAND PIANO - Call&amp;Play","og_description":"La tradici\u00f3n de los instrumentos ac\u00fasticos unida a la innovaci\u00f3n de la tecnolog\u00eda digital. Ofrece el mismo teclado y mecanismo de piano ac\u00fastico usado en los pianos verticales Yamaha, y un dise\u00f1o elegante y compacto. El NU1 ofrece una experiencia de interpretaci\u00f3n aut\u00e9ntica, casi indistinguible de la de un piano ac\u00fastico. Con el mismo mecanismo y teclado de madera natural usados en los mejores pianos verticales Yamaha, el NU1 ofrece una sensaci\u00f3n realista que le servir\u00e1 de inspiraci\u00f3n. El NU1 incluye, gracias a un cuidado muestreo, el sonido de uno de los mejores instrumentos jam\u00e1s creados por Yamaha: el piano de concierto de gran cola CFX. Para complementar sus chispeantes agudos y sus graves con gran cuerpo, el NU1 utiliza una tecnolog\u00eda ac\u00fastica exclusiva de Yamaha desarrollada muy recientemente, que permite reproducir la resonancia caracter\u00edstica que se siente al tocar un piano de cola. Dimensiones: Ancho 150,1cm; alto 102,4cm; profundidad 46,3cm.","og_url":"https:\/\/www.callandplay.com\/fr\/yamaha-nu1-hybrid-upright-avantgrand-piano\/","og_site_name":"Call&amp;Play","article_publisher":"https:\/\/www.facebook.com\/callandplay","article_modified_time":"2026-04-16T20:45:48+00:00","twitter_card":"summary_large_image","twitter_misc":{"Dur\u00e9e de lecture estim\u00e9e":"1 minute"},"schema":{"@context":"https:\/\/schema.org","@graph":[{"@type":"WebPage","@id":"https:\/\/www.callandplay.com\/yamaha-nu1-hybrid-upright-avantgrand-piano\/","url":"https:\/\/www.callandplay.com\/yamaha-nu1-hybrid-upright-avantgrand-piano\/","name":"YAMAHA NU1 HYBRID UPRIGHT AVANTGRAND PIANO - Call&amp;Play","isPartOf":{"@id":"https:\/\/www.callandplay.com\/#website"},"datePublished":"2025-08-29T00:00:00+00:00","dateModified":"2026-04-16T20:45:48+00:00","breadcrumb":{"@id":"https:\/\/www.callandplay.com\/yamaha-nu1-hybrid-upright-avantgrand-piano\/#breadcrumb"},"inLanguage":"fr-FR","potentialAction":[{"@type":"ReadAction","target":["https:\/\/www.callandplay.com\/yamaha-nu1-hybrid-upright-avantgrand-piano\/"]}]},{"@type":"BreadcrumbList","@id":"https:\/\/www.callandplay.com\/yamaha-nu1-hybrid-upright-avantgrand-piano\/#breadcrumb","itemListElement":[{"@type":"ListItem","position":1,"name":"Portada","item":"https:\/\/www.callandplay.com\/"},{"@type":"ListItem","position":2,"name":"Tienda","item":"https:\/\/www.callandplay.com\/tienda\/"},{"@type":"ListItem","position":3,"name":"YAMAHA NU1 HYBRID UPRIGHT AVANTGRAND PIANO"}]},{"@type":"WebSite","@id":"https:\/\/www.callandplay.com\/#website","url":"https:\/\/www.callandplay.com\/","name":"Call&amp;Play","description":"Alquiler de backline e instrumentos musicales","publisher":{"@id":"https:\/\/www.callandplay.com\/#organization"},"potentialAction":[{"@type":"SearchAction","target":{"@type":"EntryPoint","urlTemplate":"https:\/\/www.callandplay.com\/?s={search_term_string}"},"query-input":{"@type":"PropertyValueSpecification","valueRequired":true,"valueName":"search_term_string"}}],"inLanguage":"fr-FR"},{"@type":"Organization","@id":"https:\/\/www.callandplay.com\/#organization","name":"Call&Play","url":"https:\/\/www.callandplay.com\/","logo":{"@type":"ImageObject","inLanguage":"fr-FR","@id":"https:\/\/www.callandplay.com\/#\/schema\/logo\/image\/","url":"https:\/\/www.callandplay.com\/wp-content\/uploads\/2021\/06\/cropped-cropped-logo-black_con_sombra.png","contentUrl":"https:\/\/www.callandplay.com\/wp-content\/uploads\/2021\/06\/cropped-cropped-logo-black_con_sombra.png","width":512,"height":512,"caption":"Call&Play"},"image":{"@id":"https:\/\/www.callandplay.com\/#\/schema\/logo\/image\/"},"sameAs":["https:\/\/www.facebook.com\/callandplay","https:\/\/www.instagram.com\/call_and_play\/"]}]}},"_links":{"self":[{"href":"https:\/\/www.callandplay.com\/fr\/wp-json\/wp\/v2\/product\/52697","targetHints":{"allow":["GET"]}}],"collection":[{"href":"https:\/\/www.callandplay.com\/fr\/wp-json\/wp\/v2\/product"}],"about":[{"href":"https:\/\/www.callandplay.com\/fr\/wp-json\/wp\/v2\/types\/product"}],"replies":[{"embeddable":true,"href":"https:\/\/www.callandplay.com\/fr\/wp-json\/wp\/v2\/comments?post=52697"}],"version-history":[{"count":1,"href":"https:\/\/www.callandplay.com\/fr\/wp-json\/wp\/v2\/product\/52697\/revisions"}],"predecessor-version":[{"id":55507,"href":"https:\/\/www.callandplay.com\/fr\/wp-json\/wp\/v2\/product\/52697\/revisions\/55507"}],"wp:attachment":[{"href":"https:\/\/www.callandplay.com\/fr\/wp-json\/wp\/v2\/media?parent=52697"}],"wp:term":[{"taxonomy":"product_brand","embeddable":true,"href":"https:\/\/www.callandplay.com\/fr\/wp-json\/wp\/v2\/product_brand?post=52697"},{"taxonomy":"product_cat","embeddable":true,"href":"https:\/\/www.callandplay.com\/fr\/wp-json\/wp\/v2\/product_cat?post=52697"},{"taxonomy":"product_tag","embeddable":true,"href":"https:\/\/www.callandplay.com\/fr\/wp-json\/wp\/v2\/product_tag?post=52697"}],"curies":[{"name":"wp","href":"https:\/\/api.w.org\/{rel}","templated":true}]}}