{"id":52705,"date":"2025-09-11T00:00:00","date_gmt":"2025-09-11T00:00:00","guid":{"rendered":"https:\/\/www.callandplay.com\/tama-7850n2l-octoban-2-pcs-set-low\/"},"modified":"2026-04-15T20:54:01","modified_gmt":"2026-04-15T20:54:01","slug":"tama-7850n2l-octoban-2-pcs-set-low","status":"publish","type":"product","link":"https:\/\/www.callandplay.com\/fr\/tama-7850n2l-octoban-2-pcs-set-low\/","title":{"rendered":"TAMA 7850N2L OCTOBAN 2 PCS SET LOW"},"content":{"rendered":"<p>Los octobans son uno de los primeros instrumentos originales de Tama que ha usado un variado grupo de m\u00fasicos progresivos incluyendo a Billy Cobham, Simon Phillips, Stewart Copeland, Bill Bruford, Mike Portnoy y Tim Alexander. El pitch de los octobans no depende del di\u00e1metro sino de la profundidad de cada octoban. Los cascos, con un di\u00e1metro de 6&#8243;, pueden afinarse mel\u00f3dicamente. El set de dos piezas de pitch grave est\u00e1 compuesto por tambores de profundidad 17,5&#8243; y 18,5&#8243;, con soporte.<\/p>","protected":false},"excerpt":{"rendered":"<p>Los octobans son uno de los primeros instrumentos originales de Tama que ha usado un variado grupo de m\u00fasicos progresivos incluyendo a Billy Cobham, Simon Phillips, Stewart Copeland, Bill Bruford, Mike Portnoy y Tim Alexander. El pitch de los octobans no depende del di\u00e1metro sino de la profundidad de cada octoban. Los cascos, con un di\u00e1metro de 6&#8243;, pueden afinarse mel\u00f3dicamente. El set de dos piezas de pitch grave est\u00e1 compuesto por tambores de profundidad 17,5&#8243; y 18,5&#8243;, con soporte.<\/p>","protected":false},"featured_media":0,"comment_status":"closed","ping_status":"closed","template":"","meta":{"_acf_changed":false,"om_disable_all_campaigns":false,"_monsterinsights_skip_tracking":false,"_monsterinsights_sitenote_active":false,"_monsterinsights_sitenote_note":"","_monsterinsights_sitenote_category":0},"product_brand":[],"product_cat":[1273],"product_tag":[],"class_list":{"0":"post-52705","1":"product","2":"type-product","3":"status-publish","5":"product_cat-octobans","7":"first","8":"instock","9":"shipping-taxable","10":"purchasable","11":"product-type-simple"},"acf":[],"yoast_head":"<!-- This site is optimized with the Yoast SEO plugin v27.4 - https:\/\/yoast.com\/product\/yoast-seo-wordpress\/ -->\n<title>TAMA 7850N2L OCTOBAN 2 PCS SET LOW - Call&amp;Play<\/title>\n<meta name=\"robots\" content=\"index, follow, max-snippet:-1, max-image-preview:large, max-video-preview:-1\" \/>\n<link rel=\"canonical\" href=\"https:\/\/www.callandplay.com\/fr\/tama-7850n2l-octoban-2-pcs-set-low\/\" \/>\n<meta property=\"og:locale\" content=\"fr_FR\" \/>\n<meta property=\"og:type\" content=\"article\" \/>\n<meta property=\"og:title\" content=\"TAMA 7850N2L OCTOBAN 2 PCS SET LOW - Call&amp;Play\" \/>\n<meta property=\"og:description\" content=\"Los octobans son uno de los primeros instrumentos originales de Tama que ha usado un variado grupo de m\u00fasicos progresivos incluyendo a Billy Cobham, Simon Phillips, Stewart Copeland, Bill Bruford, Mike Portnoy y Tim Alexander. El pitch de los octobans no depende del di\u00e1metro sino de la profundidad de cada octoban. Los cascos, con un di\u00e1metro de 6&quot;, pueden afinarse mel\u00f3dicamente. El set de dos piezas de pitch grave est\u00e1 compuesto por tambores de profundidad 17,5&quot; y 18,5&quot;, con soporte.\" \/>\n<meta property=\"og:url\" content=\"https:\/\/www.callandplay.com\/fr\/tama-7850n2l-octoban-2-pcs-set-low\/\" \/>\n<meta property=\"og:site_name\" content=\"Call&amp;Play\" \/>\n<meta property=\"article:publisher\" content=\"https:\/\/www.facebook.com\/callandplay\" \/>\n<meta property=\"article:modified_time\" content=\"2026-04-15T20:54:01+00:00\" \/>\n<meta name=\"twitter:card\" content=\"summary_large_image\" \/>\n<script type=\"application\/ld+json\" class=\"yoast-schema-graph\">{\"@context\":\"https:\\\/\\\/schema.org\",\"@graph\":[{\"@type\":\"WebPage\",\"@id\":\"https:\\\/\\\/www.callandplay.com\\\/tama-7850n2l-octoban-2-pcs-set-low\\\/\",\"url\":\"https:\\\/\\\/www.callandplay.com\\\/tama-7850n2l-octoban-2-pcs-set-low\\\/\",\"name\":\"TAMA 7850N2L OCTOBAN 2 PCS SET LOW - Call&amp;Play\",\"isPartOf\":{\"@id\":\"https:\\\/\\\/www.callandplay.com\\\/#website\"},\"datePublished\":\"2025-09-11T00:00:00+00:00\",\"dateModified\":\"2026-04-15T20:54:01+00:00\",\"breadcrumb\":{\"@id\":\"https:\\\/\\\/www.callandplay.com\\\/tama-7850n2l-octoban-2-pcs-set-low\\\/#breadcrumb\"},\"inLanguage\":\"fr-FR\",\"potentialAction\":[{\"@type\":\"ReadAction\",\"target\":[\"https:\\\/\\\/www.callandplay.com\\\/tama-7850n2l-octoban-2-pcs-set-low\\\/\"]}]},{\"@type\":\"BreadcrumbList\",\"@id\":\"https:\\\/\\\/www.callandplay.com\\\/tama-7850n2l-octoban-2-pcs-set-low\\\/#breadcrumb\",\"itemListElement\":[{\"@type\":\"ListItem\",\"position\":1,\"name\":\"Portada\",\"item\":\"https:\\\/\\\/www.callandplay.com\\\/\"},{\"@type\":\"ListItem\",\"position\":2,\"name\":\"Tienda\",\"item\":\"https:\\\/\\\/www.callandplay.com\\\/tienda\\\/\"},{\"@type\":\"ListItem\",\"position\":3,\"name\":\"TAMA 7850N2L OCTOBAN 2 PCS SET LOW\"}]},{\"@type\":\"WebSite\",\"@id\":\"https:\\\/\\\/www.callandplay.com\\\/#website\",\"url\":\"https:\\\/\\\/www.callandplay.com\\\/\",\"name\":\"Call&amp;Play\",\"description\":\"Alquiler de backline e instrumentos musicales\",\"publisher\":{\"@id\":\"https:\\\/\\\/www.callandplay.com\\\/#organization\"},\"potentialAction\":[{\"@type\":\"SearchAction\",\"target\":{\"@type\":\"EntryPoint\",\"urlTemplate\":\"https:\\\/\\\/www.callandplay.com\\\/?s={search_term_string}\"},\"query-input\":{\"@type\":\"PropertyValueSpecification\",\"valueRequired\":true,\"valueName\":\"search_term_string\"}}],\"inLanguage\":\"fr-FR\"},{\"@type\":\"Organization\",\"@id\":\"https:\\\/\\\/www.callandplay.com\\\/#organization\",\"name\":\"Call&Play\",\"url\":\"https:\\\/\\\/www.callandplay.com\\\/\",\"logo\":{\"@type\":\"ImageObject\",\"inLanguage\":\"fr-FR\",\"@id\":\"https:\\\/\\\/www.callandplay.com\\\/#\\\/schema\\\/logo\\\/image\\\/\",\"url\":\"https:\\\/\\\/www.callandplay.com\\\/wp-content\\\/uploads\\\/2021\\\/06\\\/cropped-cropped-logo-black_con_sombra.png\",\"contentUrl\":\"https:\\\/\\\/www.callandplay.com\\\/wp-content\\\/uploads\\\/2021\\\/06\\\/cropped-cropped-logo-black_con_sombra.png\",\"width\":512,\"height\":512,\"caption\":\"Call&Play\"},\"image\":{\"@id\":\"https:\\\/\\\/www.callandplay.com\\\/#\\\/schema\\\/logo\\\/image\\\/\"},\"sameAs\":[\"https:\\\/\\\/www.facebook.com\\\/callandplay\",\"https:\\\/\\\/www.instagram.com\\\/call_and_play\\\/\"]}]}<\/script>\n<!-- \/ Yoast SEO plugin. -->","yoast_head_json":{"title":"TAMA 7850N2L OCTOBAN 2 PCS SET LOW - Call&amp;Play","robots":{"index":"index","follow":"follow","max-snippet":"max-snippet:-1","max-image-preview":"max-image-preview:large","max-video-preview":"max-video-preview:-1"},"canonical":"https:\/\/www.callandplay.com\/fr\/tama-7850n2l-octoban-2-pcs-set-low\/","og_locale":"fr_FR","og_type":"article","og_title":"TAMA 7850N2L OCTOBAN 2 PCS SET LOW - Call&amp;Play","og_description":"Los octobans son uno de los primeros instrumentos originales de Tama que ha usado un variado grupo de m\u00fasicos progresivos incluyendo a Billy Cobham, Simon Phillips, Stewart Copeland, Bill Bruford, Mike Portnoy y Tim Alexander. El pitch de los octobans no depende del di\u00e1metro sino de la profundidad de cada octoban. Los cascos, con un di\u00e1metro de 6\", pueden afinarse mel\u00f3dicamente. El set de dos piezas de pitch grave est\u00e1 compuesto por tambores de profundidad 17,5\" y 18,5\", con soporte.","og_url":"https:\/\/www.callandplay.com\/fr\/tama-7850n2l-octoban-2-pcs-set-low\/","og_site_name":"Call&amp;Play","article_publisher":"https:\/\/www.facebook.com\/callandplay","article_modified_time":"2026-04-15T20:54:01+00:00","twitter_card":"summary_large_image","schema":{"@context":"https:\/\/schema.org","@graph":[{"@type":"WebPage","@id":"https:\/\/www.callandplay.com\/tama-7850n2l-octoban-2-pcs-set-low\/","url":"https:\/\/www.callandplay.com\/tama-7850n2l-octoban-2-pcs-set-low\/","name":"TAMA 7850N2L OCTOBAN 2 PCS SET LOW - Call&amp;Play","isPartOf":{"@id":"https:\/\/www.callandplay.com\/#website"},"datePublished":"2025-09-11T00:00:00+00:00","dateModified":"2026-04-15T20:54:01+00:00","breadcrumb":{"@id":"https:\/\/www.callandplay.com\/tama-7850n2l-octoban-2-pcs-set-low\/#breadcrumb"},"inLanguage":"fr-FR","potentialAction":[{"@type":"ReadAction","target":["https:\/\/www.callandplay.com\/tama-7850n2l-octoban-2-pcs-set-low\/"]}]},{"@type":"BreadcrumbList","@id":"https:\/\/www.callandplay.com\/tama-7850n2l-octoban-2-pcs-set-low\/#breadcrumb","itemListElement":[{"@type":"ListItem","position":1,"name":"Portada","item":"https:\/\/www.callandplay.com\/"},{"@type":"ListItem","position":2,"name":"Tienda","item":"https:\/\/www.callandplay.com\/tienda\/"},{"@type":"ListItem","position":3,"name":"TAMA 7850N2L OCTOBAN 2 PCS SET LOW"}]},{"@type":"WebSite","@id":"https:\/\/www.callandplay.com\/#website","url":"https:\/\/www.callandplay.com\/","name":"Call&amp;Play","description":"Alquiler de backline e instrumentos musicales","publisher":{"@id":"https:\/\/www.callandplay.com\/#organization"},"potentialAction":[{"@type":"SearchAction","target":{"@type":"EntryPoint","urlTemplate":"https:\/\/www.callandplay.com\/?s={search_term_string}"},"query-input":{"@type":"PropertyValueSpecification","valueRequired":true,"valueName":"search_term_string"}}],"inLanguage":"fr-FR"},{"@type":"Organization","@id":"https:\/\/www.callandplay.com\/#organization","name":"Call&Play","url":"https:\/\/www.callandplay.com\/","logo":{"@type":"ImageObject","inLanguage":"fr-FR","@id":"https:\/\/www.callandplay.com\/#\/schema\/logo\/image\/","url":"https:\/\/www.callandplay.com\/wp-content\/uploads\/2021\/06\/cropped-cropped-logo-black_con_sombra.png","contentUrl":"https:\/\/www.callandplay.com\/wp-content\/uploads\/2021\/06\/cropped-cropped-logo-black_con_sombra.png","width":512,"height":512,"caption":"Call&Play"},"image":{"@id":"https:\/\/www.callandplay.com\/#\/schema\/logo\/image\/"},"sameAs":["https:\/\/www.facebook.com\/callandplay","https:\/\/www.instagram.com\/call_and_play\/"]}]}},"_links":{"self":[{"href":"https:\/\/www.callandplay.com\/fr\/wp-json\/wp\/v2\/product\/52705","targetHints":{"allow":["GET"]}}],"collection":[{"href":"https:\/\/www.callandplay.com\/fr\/wp-json\/wp\/v2\/product"}],"about":[{"href":"https:\/\/www.callandplay.com\/fr\/wp-json\/wp\/v2\/types\/product"}],"replies":[{"embeddable":true,"href":"https:\/\/www.callandplay.com\/fr\/wp-json\/wp\/v2\/comments?post=52705"}],"version-history":[{"count":1,"href":"https:\/\/www.callandplay.com\/fr\/wp-json\/wp\/v2\/product\/52705\/revisions"}],"predecessor-version":[{"id":55515,"href":"https:\/\/www.callandplay.com\/fr\/wp-json\/wp\/v2\/product\/52705\/revisions\/55515"}],"wp:attachment":[{"href":"https:\/\/www.callandplay.com\/fr\/wp-json\/wp\/v2\/media?parent=52705"}],"wp:term":[{"taxonomy":"product_brand","embeddable":true,"href":"https:\/\/www.callandplay.com\/fr\/wp-json\/wp\/v2\/product_brand?post=52705"},{"taxonomy":"product_cat","embeddable":true,"href":"https:\/\/www.callandplay.com\/fr\/wp-json\/wp\/v2\/product_cat?post=52705"},{"taxonomy":"product_tag","embeddable":true,"href":"https:\/\/www.callandplay.com\/fr\/wp-json\/wp\/v2\/product_tag?post=52705"}],"curies":[{"name":"wp","href":"https:\/\/api.w.org\/{rel}","templated":true}]}}