{"id":52738,"date":"2025-12-06T00:00:00","date_gmt":"2025-12-06T00:00:00","guid":{"rendered":"https:\/\/www.callandplay.com\/yamaha-b1-upright-white\/"},"modified":"2026-04-15T20:54:02","modified_gmt":"2026-04-15T20:54:02","slug":"yamaha-b1-upright-white","status":"publish","type":"product","link":"https:\/\/www.callandplay.com\/fr\/yamaha-b1-upright-white\/","title":{"rendered":"YAMAHA B1 UPRIGHT WHITE"},"content":{"rendered":"<p>Construidos alrededor de un barraje con cuatro robustos postes de madera y una s\u00f3lida arpa de acero, los pianos de la Serie b poseen el reconocido tono claro y puro de Yamaha. Los macillos de alta calidad y un probado dise\u00f1o de su mec\u00e1nica proporcionan una facilidad de interpretaci\u00f3n y una pulsaci\u00f3n con una elevada respuesta lo que les hace perfectos para principiantes. El modelo b1 cuenta con unas l\u00edneas estilizadas, lo que le hace ser adecuado para espacios reducidos. Acabado blanco. El precio incluye transporte y una afinaci\u00f3n.<\/p>","protected":false},"excerpt":{"rendered":"<p>Construidos alrededor de un barraje con cuatro robustos postes de madera y una s\u00f3lida arpa de acero, los pianos de la Serie b poseen el reconocido tono claro y puro de Yamaha. Los macillos de alta calidad y un probado dise\u00f1o de su mec\u00e1nica proporcionan una facilidad de interpretaci\u00f3n y una pulsaci\u00f3n con una elevada respuesta lo que les hace perfectos para principiantes. El modelo b1 cuenta con unas l\u00edneas estilizadas, lo que le hace ser adecuado para espacios reducidos. Acabado blanco. El precio incluye transporte y una afinaci\u00f3n.<\/p>","protected":false},"featured_media":0,"comment_status":"closed","ping_status":"closed","template":"","meta":{"_acf_changed":false,"om_disable_all_campaigns":false,"_monsterinsights_skip_tracking":false,"_monsterinsights_sitenote_active":false,"_monsterinsights_sitenote_note":"","_monsterinsights_sitenote_category":0},"product_brand":[],"product_cat":[857],"product_tag":[],"class_list":{"0":"post-52738","1":"product","2":"type-product","3":"status-publish","5":"product_cat-pianos-acusticos","7":"first","8":"instock","9":"shipping-taxable","10":"purchasable","11":"product-type-simple"},"acf":[],"yoast_head":"<!-- This site is optimized with the Yoast SEO plugin v27.3 - https:\/\/yoast.com\/product\/yoast-seo-wordpress\/ -->\n<title>YAMAHA B1 UPRIGHT WHITE - Call&amp;Play<\/title>\n<meta name=\"robots\" content=\"index, follow, max-snippet:-1, max-image-preview:large, max-video-preview:-1\" \/>\n<link rel=\"canonical\" href=\"https:\/\/www.callandplay.com\/fr\/yamaha-b1-upright-white\/\" \/>\n<meta property=\"og:locale\" content=\"fr_FR\" \/>\n<meta property=\"og:type\" content=\"article\" \/>\n<meta property=\"og:title\" content=\"YAMAHA B1 UPRIGHT WHITE - Call&amp;Play\" \/>\n<meta property=\"og:description\" content=\"Construidos alrededor de un barraje con cuatro robustos postes de madera y una s\u00f3lida arpa de acero, los pianos de la Serie b poseen el reconocido tono claro y puro de Yamaha. Los macillos de alta calidad y un probado dise\u00f1o de su mec\u00e1nica proporcionan una facilidad de interpretaci\u00f3n y una pulsaci\u00f3n con una elevada respuesta lo que les hace perfectos para principiantes. El modelo b1 cuenta con unas l\u00edneas estilizadas, lo que le hace ser adecuado para espacios reducidos. Acabado blanco. El precio incluye transporte y una afinaci\u00f3n.\" \/>\n<meta property=\"og:url\" content=\"https:\/\/www.callandplay.com\/fr\/yamaha-b1-upright-white\/\" \/>\n<meta property=\"og:site_name\" content=\"Call&amp;Play\" \/>\n<meta property=\"article:publisher\" content=\"https:\/\/www.facebook.com\/callandplay\" \/>\n<meta property=\"article:modified_time\" content=\"2026-04-15T20:54:02+00:00\" \/>\n<meta name=\"twitter:card\" content=\"summary_large_image\" \/>\n<script type=\"application\/ld+json\" class=\"yoast-schema-graph\">{\"@context\":\"https:\\\/\\\/schema.org\",\"@graph\":[{\"@type\":\"WebPage\",\"@id\":\"https:\\\/\\\/www.callandplay.com\\\/yamaha-b1-upright-white\\\/\",\"url\":\"https:\\\/\\\/www.callandplay.com\\\/yamaha-b1-upright-white\\\/\",\"name\":\"YAMAHA B1 UPRIGHT WHITE - Call&amp;Play\",\"isPartOf\":{\"@id\":\"https:\\\/\\\/www.callandplay.com\\\/#website\"},\"datePublished\":\"2025-12-06T00:00:00+00:00\",\"dateModified\":\"2026-04-15T20:54:02+00:00\",\"breadcrumb\":{\"@id\":\"https:\\\/\\\/www.callandplay.com\\\/yamaha-b1-upright-white\\\/#breadcrumb\"},\"inLanguage\":\"fr-FR\",\"potentialAction\":[{\"@type\":\"ReadAction\",\"target\":[\"https:\\\/\\\/www.callandplay.com\\\/yamaha-b1-upright-white\\\/\"]}]},{\"@type\":\"BreadcrumbList\",\"@id\":\"https:\\\/\\\/www.callandplay.com\\\/yamaha-b1-upright-white\\\/#breadcrumb\",\"itemListElement\":[{\"@type\":\"ListItem\",\"position\":1,\"name\":\"Portada\",\"item\":\"https:\\\/\\\/www.callandplay.com\\\/\"},{\"@type\":\"ListItem\",\"position\":2,\"name\":\"Tienda\",\"item\":\"https:\\\/\\\/www.callandplay.com\\\/tienda\\\/\"},{\"@type\":\"ListItem\",\"position\":3,\"name\":\"YAMAHA B1 UPRIGHT WHITE\"}]},{\"@type\":\"WebSite\",\"@id\":\"https:\\\/\\\/www.callandplay.com\\\/#website\",\"url\":\"https:\\\/\\\/www.callandplay.com\\\/\",\"name\":\"Call&amp;Play\",\"description\":\"Alquiler de backline e instrumentos musicales\",\"publisher\":{\"@id\":\"https:\\\/\\\/www.callandplay.com\\\/#organization\"},\"potentialAction\":[{\"@type\":\"SearchAction\",\"target\":{\"@type\":\"EntryPoint\",\"urlTemplate\":\"https:\\\/\\\/www.callandplay.com\\\/?s={search_term_string}\"},\"query-input\":{\"@type\":\"PropertyValueSpecification\",\"valueRequired\":true,\"valueName\":\"search_term_string\"}}],\"inLanguage\":\"fr-FR\"},{\"@type\":\"Organization\",\"@id\":\"https:\\\/\\\/www.callandplay.com\\\/#organization\",\"name\":\"Call&Play\",\"url\":\"https:\\\/\\\/www.callandplay.com\\\/\",\"logo\":{\"@type\":\"ImageObject\",\"inLanguage\":\"fr-FR\",\"@id\":\"https:\\\/\\\/www.callandplay.com\\\/#\\\/schema\\\/logo\\\/image\\\/\",\"url\":\"https:\\\/\\\/www.callandplay.com\\\/wp-content\\\/uploads\\\/2021\\\/06\\\/cropped-cropped-logo-black_con_sombra.png\",\"contentUrl\":\"https:\\\/\\\/www.callandplay.com\\\/wp-content\\\/uploads\\\/2021\\\/06\\\/cropped-cropped-logo-black_con_sombra.png\",\"width\":512,\"height\":512,\"caption\":\"Call&Play\"},\"image\":{\"@id\":\"https:\\\/\\\/www.callandplay.com\\\/#\\\/schema\\\/logo\\\/image\\\/\"},\"sameAs\":[\"https:\\\/\\\/www.facebook.com\\\/callandplay\",\"https:\\\/\\\/www.instagram.com\\\/call_and_play\\\/\"]}]}<\/script>\n<!-- \/ Yoast SEO plugin. -->","yoast_head_json":{"title":"YAMAHA B1 UPRIGHT WHITE - Call&amp;Play","robots":{"index":"index","follow":"follow","max-snippet":"max-snippet:-1","max-image-preview":"max-image-preview:large","max-video-preview":"max-video-preview:-1"},"canonical":"https:\/\/www.callandplay.com\/fr\/yamaha-b1-upright-white\/","og_locale":"fr_FR","og_type":"article","og_title":"YAMAHA B1 UPRIGHT WHITE - Call&amp;Play","og_description":"Construidos alrededor de un barraje con cuatro robustos postes de madera y una s\u00f3lida arpa de acero, los pianos de la Serie b poseen el reconocido tono claro y puro de Yamaha. Los macillos de alta calidad y un probado dise\u00f1o de su mec\u00e1nica proporcionan una facilidad de interpretaci\u00f3n y una pulsaci\u00f3n con una elevada respuesta lo que les hace perfectos para principiantes. El modelo b1 cuenta con unas l\u00edneas estilizadas, lo que le hace ser adecuado para espacios reducidos. Acabado blanco. El precio incluye transporte y una afinaci\u00f3n.","og_url":"https:\/\/www.callandplay.com\/fr\/yamaha-b1-upright-white\/","og_site_name":"Call&amp;Play","article_publisher":"https:\/\/www.facebook.com\/callandplay","article_modified_time":"2026-04-15T20:54:02+00:00","twitter_card":"summary_large_image","schema":{"@context":"https:\/\/schema.org","@graph":[{"@type":"WebPage","@id":"https:\/\/www.callandplay.com\/yamaha-b1-upright-white\/","url":"https:\/\/www.callandplay.com\/yamaha-b1-upright-white\/","name":"YAMAHA B1 UPRIGHT WHITE - Call&amp;Play","isPartOf":{"@id":"https:\/\/www.callandplay.com\/#website"},"datePublished":"2025-12-06T00:00:00+00:00","dateModified":"2026-04-15T20:54:02+00:00","breadcrumb":{"@id":"https:\/\/www.callandplay.com\/yamaha-b1-upright-white\/#breadcrumb"},"inLanguage":"fr-FR","potentialAction":[{"@type":"ReadAction","target":["https:\/\/www.callandplay.com\/yamaha-b1-upright-white\/"]}]},{"@type":"BreadcrumbList","@id":"https:\/\/www.callandplay.com\/yamaha-b1-upright-white\/#breadcrumb","itemListElement":[{"@type":"ListItem","position":1,"name":"Portada","item":"https:\/\/www.callandplay.com\/"},{"@type":"ListItem","position":2,"name":"Tienda","item":"https:\/\/www.callandplay.com\/tienda\/"},{"@type":"ListItem","position":3,"name":"YAMAHA B1 UPRIGHT WHITE"}]},{"@type":"WebSite","@id":"https:\/\/www.callandplay.com\/#website","url":"https:\/\/www.callandplay.com\/","name":"Call&amp;Play","description":"Alquiler de backline e instrumentos musicales","publisher":{"@id":"https:\/\/www.callandplay.com\/#organization"},"potentialAction":[{"@type":"SearchAction","target":{"@type":"EntryPoint","urlTemplate":"https:\/\/www.callandplay.com\/?s={search_term_string}"},"query-input":{"@type":"PropertyValueSpecification","valueRequired":true,"valueName":"search_term_string"}}],"inLanguage":"fr-FR"},{"@type":"Organization","@id":"https:\/\/www.callandplay.com\/#organization","name":"Call&Play","url":"https:\/\/www.callandplay.com\/","logo":{"@type":"ImageObject","inLanguage":"fr-FR","@id":"https:\/\/www.callandplay.com\/#\/schema\/logo\/image\/","url":"https:\/\/www.callandplay.com\/wp-content\/uploads\/2021\/06\/cropped-cropped-logo-black_con_sombra.png","contentUrl":"https:\/\/www.callandplay.com\/wp-content\/uploads\/2021\/06\/cropped-cropped-logo-black_con_sombra.png","width":512,"height":512,"caption":"Call&Play"},"image":{"@id":"https:\/\/www.callandplay.com\/#\/schema\/logo\/image\/"},"sameAs":["https:\/\/www.facebook.com\/callandplay","https:\/\/www.instagram.com\/call_and_play\/"]}]}},"_links":{"self":[{"href":"https:\/\/www.callandplay.com\/fr\/wp-json\/wp\/v2\/product\/52738","targetHints":{"allow":["GET"]}}],"collection":[{"href":"https:\/\/www.callandplay.com\/fr\/wp-json\/wp\/v2\/product"}],"about":[{"href":"https:\/\/www.callandplay.com\/fr\/wp-json\/wp\/v2\/types\/product"}],"replies":[{"embeddable":true,"href":"https:\/\/www.callandplay.com\/fr\/wp-json\/wp\/v2\/comments?post=52738"}],"version-history":[{"count":1,"href":"https:\/\/www.callandplay.com\/fr\/wp-json\/wp\/v2\/product\/52738\/revisions"}],"predecessor-version":[{"id":55548,"href":"https:\/\/www.callandplay.com\/fr\/wp-json\/wp\/v2\/product\/52738\/revisions\/55548"}],"wp:attachment":[{"href":"https:\/\/www.callandplay.com\/fr\/wp-json\/wp\/v2\/media?parent=52738"}],"wp:term":[{"taxonomy":"product_brand","embeddable":true,"href":"https:\/\/www.callandplay.com\/fr\/wp-json\/wp\/v2\/product_brand?post=52738"},{"taxonomy":"product_cat","embeddable":true,"href":"https:\/\/www.callandplay.com\/fr\/wp-json\/wp\/v2\/product_cat?post=52738"},{"taxonomy":"product_tag","embeddable":true,"href":"https:\/\/www.callandplay.com\/fr\/wp-json\/wp\/v2\/product_tag?post=52738"}],"curies":[{"name":"wp","href":"https:\/\/api.w.org\/{rel}","templated":true}]}}