{"id":52874,"date":"2026-02-25T00:00:00","date_gmt":"2026-02-25T00:00:00","guid":{"rendered":"https:\/\/www.callandplay.com\/pioneer-dj-xdj-xz\/"},"modified":"2026-04-03T20:35:26","modified_gmt":"2026-04-03T20:35:26","slug":"pioneer-dj-xdj-xz","status":"publish","type":"product","link":"https:\/\/www.callandplay.com\/fr\/pioneer-dj-xdj-xz\/","title":{"rendered":"PIONEER DJ XDJ-XZ"},"content":{"rendered":"<p>El XDJ-XZ es un sistema DJ profesional \u00abTodo en uno\u00bb perfecto para eventos, para un bar o club, o para un estudio privado. Sistema de 4 canales de dise\u00f1o profesional, por lo que el usuario siente exactamente como si estuviera utilizando la configuraci\u00f3n Pioneer NXS2 est\u00e1ndar del club. Los Jog wheels de gran tama\u00f1o permiten un scratch de nivel superior, y el color de On Jog Display ofrece informaci\u00f3n crucial de la pista. Con 14 Beat FX y 6 Sound Color FX. se\u00f1al digital de 64 bits en DSP de 1 chip. Afina toda tu mezcla usando el ecualizador de salida master de 3 bandas. La funci\u00f3n Feedback Reducer. Modo Link Export para rekordbox; puedes conectar hasta dos ordenadores al mismo tiempo. Compatible con Serato DJ Pro. 16 Performance Pads.<\/p>","protected":false},"excerpt":{"rendered":"<p>El XDJ-XZ es un sistema DJ profesional \u00abTodo en uno\u00bb perfecto para eventos, para un bar o club, o para un estudio privado. Sistema de 4 canales de dise\u00f1o profesional, por lo que el usuario siente exactamente como si estuviera utilizando la configuraci\u00f3n Pioneer NXS2 est\u00e1ndar del club. Los Jog wheels de gran tama\u00f1o permiten un scratch de nivel superior, y el color de On Jog Display ofrece informaci\u00f3n crucial de la pista. Con 14 Beat FX y 6 Sound Color FX. se\u00f1al digital de 64 bits en DSP de 1 chip. Afina toda tu mezcla usando el ecualizador de salida master de 3 bandas. La funci\u00f3n Feedback Reducer. Modo Link Export para rekordbox; puedes conectar hasta dos ordenadores al mismo tiempo. Compatible con Serato DJ Pro. 16 Performance Pads.<\/p>","protected":false},"featured_media":0,"comment_status":"closed","ping_status":"closed","template":"","meta":{"_acf_changed":false,"om_disable_all_campaigns":false,"_monsterinsights_skip_tracking":false,"_monsterinsights_sitenote_active":false,"_monsterinsights_sitenote_note":"","_monsterinsights_sitenote_category":0},"product_brand":[],"product_cat":[848],"product_tag":[],"class_list":{"0":"post-52874","1":"product","2":"type-product","3":"status-publish","5":"product_cat-reproductores-dj","7":"first","8":"instock","9":"shipping-taxable","10":"purchasable","11":"product-type-simple"},"acf":[],"yoast_head":"<!-- This site is optimized with the Yoast SEO plugin v27.3 - https:\/\/yoast.com\/product\/yoast-seo-wordpress\/ -->\n<title>PIONEER DJ XDJ-XZ - Call&amp;Play<\/title>\n<meta name=\"robots\" content=\"index, follow, max-snippet:-1, max-image-preview:large, max-video-preview:-1\" \/>\n<link rel=\"canonical\" href=\"https:\/\/www.callandplay.com\/fr\/pioneer-dj-xdj-xz\/\" \/>\n<meta property=\"og:locale\" content=\"fr_FR\" \/>\n<meta property=\"og:type\" content=\"article\" \/>\n<meta property=\"og:title\" content=\"PIONEER DJ XDJ-XZ - Call&amp;Play\" \/>\n<meta property=\"og:description\" content=\"El XDJ-XZ es un sistema DJ profesional &quot;Todo en uno&quot; perfecto para eventos, para un bar o club, o para un estudio privado. Sistema de 4 canales de dise\u00f1o profesional, por lo que el usuario siente exactamente como si estuviera utilizando la configuraci\u00f3n Pioneer NXS2 est\u00e1ndar del club. Los Jog wheels de gran tama\u00f1o permiten un scratch de nivel superior, y el color de On Jog Display ofrece informaci\u00f3n crucial de la pista. Con 14 Beat FX y 6 Sound Color FX. se\u00f1al digital de 64 bits en DSP de 1 chip. Afina toda tu mezcla usando el ecualizador de salida master de 3 bandas. La funci\u00f3n Feedback Reducer. Modo Link Export para rekordbox; puedes conectar hasta dos ordenadores al mismo tiempo. Compatible con Serato DJ Pro. 16 Performance Pads.\" \/>\n<meta property=\"og:url\" content=\"https:\/\/www.callandplay.com\/fr\/pioneer-dj-xdj-xz\/\" \/>\n<meta property=\"og:site_name\" content=\"Call&amp;Play\" \/>\n<meta property=\"article:publisher\" content=\"https:\/\/www.facebook.com\/callandplay\" \/>\n<meta property=\"article:modified_time\" content=\"2026-04-03T20:35:26+00:00\" \/>\n<meta name=\"twitter:card\" content=\"summary_large_image\" \/>\n<meta name=\"twitter:label1\" content=\"Dur\u00e9e de lecture estim\u00e9e\" \/>\n\t<meta name=\"twitter:data1\" content=\"1 minute\" \/>\n<script type=\"application\/ld+json\" class=\"yoast-schema-graph\">{\"@context\":\"https:\\\/\\\/schema.org\",\"@graph\":[{\"@type\":\"WebPage\",\"@id\":\"https:\\\/\\\/www.callandplay.com\\\/pioneer-dj-xdj-xz\\\/\",\"url\":\"https:\\\/\\\/www.callandplay.com\\\/pioneer-dj-xdj-xz\\\/\",\"name\":\"PIONEER DJ XDJ-XZ - Call&amp;Play\",\"isPartOf\":{\"@id\":\"https:\\\/\\\/www.callandplay.com\\\/#website\"},\"datePublished\":\"2026-02-25T00:00:00+00:00\",\"dateModified\":\"2026-04-03T20:35:26+00:00\",\"breadcrumb\":{\"@id\":\"https:\\\/\\\/www.callandplay.com\\\/pioneer-dj-xdj-xz\\\/#breadcrumb\"},\"inLanguage\":\"fr-FR\",\"potentialAction\":[{\"@type\":\"ReadAction\",\"target\":[\"https:\\\/\\\/www.callandplay.com\\\/pioneer-dj-xdj-xz\\\/\"]}]},{\"@type\":\"BreadcrumbList\",\"@id\":\"https:\\\/\\\/www.callandplay.com\\\/pioneer-dj-xdj-xz\\\/#breadcrumb\",\"itemListElement\":[{\"@type\":\"ListItem\",\"position\":1,\"name\":\"Portada\",\"item\":\"https:\\\/\\\/www.callandplay.com\\\/\"},{\"@type\":\"ListItem\",\"position\":2,\"name\":\"Tienda\",\"item\":\"https:\\\/\\\/www.callandplay.com\\\/tienda\\\/\"},{\"@type\":\"ListItem\",\"position\":3,\"name\":\"PIONEER DJ XDJ-XZ\"}]},{\"@type\":\"WebSite\",\"@id\":\"https:\\\/\\\/www.callandplay.com\\\/#website\",\"url\":\"https:\\\/\\\/www.callandplay.com\\\/\",\"name\":\"Call&amp;Play\",\"description\":\"Alquiler de backline e instrumentos musicales\",\"publisher\":{\"@id\":\"https:\\\/\\\/www.callandplay.com\\\/#organization\"},\"potentialAction\":[{\"@type\":\"SearchAction\",\"target\":{\"@type\":\"EntryPoint\",\"urlTemplate\":\"https:\\\/\\\/www.callandplay.com\\\/?s={search_term_string}\"},\"query-input\":{\"@type\":\"PropertyValueSpecification\",\"valueRequired\":true,\"valueName\":\"search_term_string\"}}],\"inLanguage\":\"fr-FR\"},{\"@type\":\"Organization\",\"@id\":\"https:\\\/\\\/www.callandplay.com\\\/#organization\",\"name\":\"Call&Play\",\"url\":\"https:\\\/\\\/www.callandplay.com\\\/\",\"logo\":{\"@type\":\"ImageObject\",\"inLanguage\":\"fr-FR\",\"@id\":\"https:\\\/\\\/www.callandplay.com\\\/#\\\/schema\\\/logo\\\/image\\\/\",\"url\":\"https:\\\/\\\/www.callandplay.com\\\/wp-content\\\/uploads\\\/2021\\\/06\\\/cropped-cropped-logo-black_con_sombra.png\",\"contentUrl\":\"https:\\\/\\\/www.callandplay.com\\\/wp-content\\\/uploads\\\/2021\\\/06\\\/cropped-cropped-logo-black_con_sombra.png\",\"width\":512,\"height\":512,\"caption\":\"Call&Play\"},\"image\":{\"@id\":\"https:\\\/\\\/www.callandplay.com\\\/#\\\/schema\\\/logo\\\/image\\\/\"},\"sameAs\":[\"https:\\\/\\\/www.facebook.com\\\/callandplay\",\"https:\\\/\\\/www.instagram.com\\\/call_and_play\\\/\"]}]}<\/script>\n<!-- \/ Yoast SEO plugin. -->","yoast_head_json":{"title":"PIONEER DJ XDJ-XZ - Call&amp;Play","robots":{"index":"index","follow":"follow","max-snippet":"max-snippet:-1","max-image-preview":"max-image-preview:large","max-video-preview":"max-video-preview:-1"},"canonical":"https:\/\/www.callandplay.com\/fr\/pioneer-dj-xdj-xz\/","og_locale":"fr_FR","og_type":"article","og_title":"PIONEER DJ XDJ-XZ - Call&amp;Play","og_description":"El XDJ-XZ es un sistema DJ profesional \"Todo en uno\" perfecto para eventos, para un bar o club, o para un estudio privado. Sistema de 4 canales de dise\u00f1o profesional, por lo que el usuario siente exactamente como si estuviera utilizando la configuraci\u00f3n Pioneer NXS2 est\u00e1ndar del club. Los Jog wheels de gran tama\u00f1o permiten un scratch de nivel superior, y el color de On Jog Display ofrece informaci\u00f3n crucial de la pista. Con 14 Beat FX y 6 Sound Color FX. se\u00f1al digital de 64 bits en DSP de 1 chip. Afina toda tu mezcla usando el ecualizador de salida master de 3 bandas. La funci\u00f3n Feedback Reducer. Modo Link Export para rekordbox; puedes conectar hasta dos ordenadores al mismo tiempo. Compatible con Serato DJ Pro. 16 Performance Pads.","og_url":"https:\/\/www.callandplay.com\/fr\/pioneer-dj-xdj-xz\/","og_site_name":"Call&amp;Play","article_publisher":"https:\/\/www.facebook.com\/callandplay","article_modified_time":"2026-04-03T20:35:26+00:00","twitter_card":"summary_large_image","twitter_misc":{"Dur\u00e9e de lecture estim\u00e9e":"1 minute"},"schema":{"@context":"https:\/\/schema.org","@graph":[{"@type":"WebPage","@id":"https:\/\/www.callandplay.com\/pioneer-dj-xdj-xz\/","url":"https:\/\/www.callandplay.com\/pioneer-dj-xdj-xz\/","name":"PIONEER DJ XDJ-XZ - Call&amp;Play","isPartOf":{"@id":"https:\/\/www.callandplay.com\/#website"},"datePublished":"2026-02-25T00:00:00+00:00","dateModified":"2026-04-03T20:35:26+00:00","breadcrumb":{"@id":"https:\/\/www.callandplay.com\/pioneer-dj-xdj-xz\/#breadcrumb"},"inLanguage":"fr-FR","potentialAction":[{"@type":"ReadAction","target":["https:\/\/www.callandplay.com\/pioneer-dj-xdj-xz\/"]}]},{"@type":"BreadcrumbList","@id":"https:\/\/www.callandplay.com\/pioneer-dj-xdj-xz\/#breadcrumb","itemListElement":[{"@type":"ListItem","position":1,"name":"Portada","item":"https:\/\/www.callandplay.com\/"},{"@type":"ListItem","position":2,"name":"Tienda","item":"https:\/\/www.callandplay.com\/tienda\/"},{"@type":"ListItem","position":3,"name":"PIONEER DJ XDJ-XZ"}]},{"@type":"WebSite","@id":"https:\/\/www.callandplay.com\/#website","url":"https:\/\/www.callandplay.com\/","name":"Call&amp;Play","description":"Alquiler de backline e instrumentos musicales","publisher":{"@id":"https:\/\/www.callandplay.com\/#organization"},"potentialAction":[{"@type":"SearchAction","target":{"@type":"EntryPoint","urlTemplate":"https:\/\/www.callandplay.com\/?s={search_term_string}"},"query-input":{"@type":"PropertyValueSpecification","valueRequired":true,"valueName":"search_term_string"}}],"inLanguage":"fr-FR"},{"@type":"Organization","@id":"https:\/\/www.callandplay.com\/#organization","name":"Call&Play","url":"https:\/\/www.callandplay.com\/","logo":{"@type":"ImageObject","inLanguage":"fr-FR","@id":"https:\/\/www.callandplay.com\/#\/schema\/logo\/image\/","url":"https:\/\/www.callandplay.com\/wp-content\/uploads\/2021\/06\/cropped-cropped-logo-black_con_sombra.png","contentUrl":"https:\/\/www.callandplay.com\/wp-content\/uploads\/2021\/06\/cropped-cropped-logo-black_con_sombra.png","width":512,"height":512,"caption":"Call&Play"},"image":{"@id":"https:\/\/www.callandplay.com\/#\/schema\/logo\/image\/"},"sameAs":["https:\/\/www.facebook.com\/callandplay","https:\/\/www.instagram.com\/call_and_play\/"]}]}},"_links":{"self":[{"href":"https:\/\/www.callandplay.com\/fr\/wp-json\/wp\/v2\/product\/52874","targetHints":{"allow":["GET"]}}],"collection":[{"href":"https:\/\/www.callandplay.com\/fr\/wp-json\/wp\/v2\/product"}],"about":[{"href":"https:\/\/www.callandplay.com\/fr\/wp-json\/wp\/v2\/types\/product"}],"replies":[{"embeddable":true,"href":"https:\/\/www.callandplay.com\/fr\/wp-json\/wp\/v2\/comments?post=52874"}],"version-history":[{"count":1,"href":"https:\/\/www.callandplay.com\/fr\/wp-json\/wp\/v2\/product\/52874\/revisions"}],"predecessor-version":[{"id":55684,"href":"https:\/\/www.callandplay.com\/fr\/wp-json\/wp\/v2\/product\/52874\/revisions\/55684"}],"wp:attachment":[{"href":"https:\/\/www.callandplay.com\/fr\/wp-json\/wp\/v2\/media?parent=52874"}],"wp:term":[{"taxonomy":"product_brand","embeddable":true,"href":"https:\/\/www.callandplay.com\/fr\/wp-json\/wp\/v2\/product_brand?post=52874"},{"taxonomy":"product_cat","embeddable":true,"href":"https:\/\/www.callandplay.com\/fr\/wp-json\/wp\/v2\/product_cat?post=52874"},{"taxonomy":"product_tag","embeddable":true,"href":"https:\/\/www.callandplay.com\/fr\/wp-json\/wp\/v2\/product_tag?post=52874"}],"curies":[{"name":"wp","href":"https:\/\/api.w.org\/{rel}","templated":true}]}}