{"id":53037,"date":"2024-05-23T00:00:00","date_gmt":"2024-05-23T00:00:00","guid":{"rendered":"https:\/\/www.callandplay.com\/fender-precision-bass-american-pro-ii-v-rw-sunburst-5-string\/"},"modified":"2026-04-16T20:45:58","modified_gmt":"2026-04-16T20:45:58","slug":"fender-precision-bass-american-pro-ii-v-rw-sunburst-5-string","status":"publish","type":"product","link":"https:\/\/www.callandplay.com\/fr\/fender-precision-bass-american-pro-ii-v-rw-sunburst-5-string\/","title":{"rendered":"FENDER PRECISION BASS AMERICAN PRO II V RW SUNBURST 5 STRING"},"content":{"rendered":"<p>Bajo el\u00e9ctrico de 5 cuerdas de la serie Fender American Professional II, fabricado en USA. Cuerpo de aliso. M\u00e1stil de arce. Forma del m\u00e1stil \u00ab1963 C\u00bb. Longitud de escala 34&#8243; (864 mm). Diapas\u00f3n palisandro. N\u00famero de trastes 20. Pastilla media V-Mod II Split Single-Coil Precision Bass\u00ae. Controles Master Volume, Master Tone. Ajuste de pastillas S. Color 3-Color Sunburst. Acabado del cuerpo Gloss Urethane. Acabado del m\u00e1stil \u201cSuper-Natural\u201d Satin Urethane Finish on Back of Neck with Gloss Urethane Headstock Face.<\/p>","protected":false},"excerpt":{"rendered":"<p>Bajo el\u00e9ctrico de 5 cuerdas de la serie Fender American Professional II, fabricado en USA. Cuerpo de aliso. M\u00e1stil de arce. Forma del m\u00e1stil \u00ab1963 C\u00bb. Longitud de escala 34&#8243; (864 mm). Diapas\u00f3n palisandro. N\u00famero de trastes 20. Pastilla media V-Mod II Split Single-Coil Precision Bass\u00ae. Controles Master Volume, Master Tone. Ajuste de pastillas S. Color 3-Color Sunburst. Acabado del cuerpo Gloss Urethane. Acabado del m\u00e1stil \u201cSuper-Natural\u201d Satin Urethane Finish on Back of Neck with Gloss Urethane Headstock Face.<\/p>","protected":false},"featured_media":0,"comment_status":"closed","ping_status":"closed","template":"","meta":{"_acf_changed":false,"om_disable_all_campaigns":false,"_monsterinsights_skip_tracking":false,"_monsterinsights_sitenote_active":false,"_monsterinsights_sitenote_note":"","_monsterinsights_sitenote_category":0},"product_brand":[],"product_cat":[1066],"product_tag":[],"class_list":{"0":"post-53037","1":"product","2":"type-product","3":"status-publish","5":"product_cat-bajos-electricos-5-cuerdas","7":"first","8":"instock","9":"shipping-taxable","10":"purchasable","11":"product-type-simple"},"acf":[],"yoast_head":"<!-- This site is optimized with the Yoast SEO plugin v27.4 - https:\/\/yoast.com\/product\/yoast-seo-wordpress\/ -->\n<title>FENDER PRECISION BASS AMERICAN PRO II V RW SUNBURST 5 STRING - Call&amp;Play<\/title>\n<meta name=\"robots\" content=\"index, follow, max-snippet:-1, max-image-preview:large, max-video-preview:-1\" \/>\n<link rel=\"canonical\" href=\"https:\/\/www.callandplay.com\/fr\/fender-precision-bass-american-pro-ii-v-rw-sunburst-5-string\/\" \/>\n<meta property=\"og:locale\" content=\"fr_FR\" \/>\n<meta property=\"og:type\" content=\"article\" \/>\n<meta property=\"og:title\" content=\"FENDER PRECISION BASS AMERICAN PRO II V RW SUNBURST 5 STRING - Call&amp;Play\" \/>\n<meta property=\"og:description\" content=\"Bajo el\u00e9ctrico de 5 cuerdas de la serie Fender American Professional II, fabricado en USA. Cuerpo de aliso. M\u00e1stil de arce. Forma del m\u00e1stil &quot;1963 C&quot;. Longitud de escala 34&quot; (864 mm). Diapas\u00f3n palisandro. N\u00famero de trastes 20. Pastilla media V-Mod II Split Single-Coil Precision Bass\u00ae. Controles Master Volume, Master Tone. Ajuste de pastillas S. Color 3-Color Sunburst. Acabado del cuerpo Gloss Urethane. Acabado del m\u00e1stil \u201cSuper-Natural\u201d Satin Urethane Finish on Back of Neck with Gloss Urethane Headstock Face.\" \/>\n<meta property=\"og:url\" content=\"https:\/\/www.callandplay.com\/fr\/fender-precision-bass-american-pro-ii-v-rw-sunburst-5-string\/\" \/>\n<meta property=\"og:site_name\" content=\"Call&amp;Play\" \/>\n<meta property=\"article:publisher\" content=\"https:\/\/www.facebook.com\/callandplay\" \/>\n<meta property=\"article:modified_time\" content=\"2026-04-16T20:45:58+00:00\" \/>\n<meta name=\"twitter:card\" content=\"summary_large_image\" \/>\n<script type=\"application\/ld+json\" class=\"yoast-schema-graph\">{\"@context\":\"https:\\\/\\\/schema.org\",\"@graph\":[{\"@type\":\"WebPage\",\"@id\":\"https:\\\/\\\/www.callandplay.com\\\/fender-precision-bass-american-pro-ii-v-rw-sunburst-5-string\\\/\",\"url\":\"https:\\\/\\\/www.callandplay.com\\\/fender-precision-bass-american-pro-ii-v-rw-sunburst-5-string\\\/\",\"name\":\"FENDER PRECISION BASS AMERICAN PRO II V RW SUNBURST 5 STRING - Call&amp;Play\",\"isPartOf\":{\"@id\":\"https:\\\/\\\/www.callandplay.com\\\/#website\"},\"datePublished\":\"2024-05-23T00:00:00+00:00\",\"dateModified\":\"2026-04-16T20:45:58+00:00\",\"breadcrumb\":{\"@id\":\"https:\\\/\\\/www.callandplay.com\\\/fender-precision-bass-american-pro-ii-v-rw-sunburst-5-string\\\/#breadcrumb\"},\"inLanguage\":\"fr-FR\",\"potentialAction\":[{\"@type\":\"ReadAction\",\"target\":[\"https:\\\/\\\/www.callandplay.com\\\/fender-precision-bass-american-pro-ii-v-rw-sunburst-5-string\\\/\"]}]},{\"@type\":\"BreadcrumbList\",\"@id\":\"https:\\\/\\\/www.callandplay.com\\\/fender-precision-bass-american-pro-ii-v-rw-sunburst-5-string\\\/#breadcrumb\",\"itemListElement\":[{\"@type\":\"ListItem\",\"position\":1,\"name\":\"Portada\",\"item\":\"https:\\\/\\\/www.callandplay.com\\\/\"},{\"@type\":\"ListItem\",\"position\":2,\"name\":\"Tienda\",\"item\":\"https:\\\/\\\/www.callandplay.com\\\/tienda\\\/\"},{\"@type\":\"ListItem\",\"position\":3,\"name\":\"FENDER PRECISION BASS AMERICAN PRO II V RW SUNBURST 5 STRING\"}]},{\"@type\":\"WebSite\",\"@id\":\"https:\\\/\\\/www.callandplay.com\\\/#website\",\"url\":\"https:\\\/\\\/www.callandplay.com\\\/\",\"name\":\"Call&amp;Play\",\"description\":\"Alquiler de backline e instrumentos musicales\",\"publisher\":{\"@id\":\"https:\\\/\\\/www.callandplay.com\\\/#organization\"},\"potentialAction\":[{\"@type\":\"SearchAction\",\"target\":{\"@type\":\"EntryPoint\",\"urlTemplate\":\"https:\\\/\\\/www.callandplay.com\\\/?s={search_term_string}\"},\"query-input\":{\"@type\":\"PropertyValueSpecification\",\"valueRequired\":true,\"valueName\":\"search_term_string\"}}],\"inLanguage\":\"fr-FR\"},{\"@type\":\"Organization\",\"@id\":\"https:\\\/\\\/www.callandplay.com\\\/#organization\",\"name\":\"Call&Play\",\"url\":\"https:\\\/\\\/www.callandplay.com\\\/\",\"logo\":{\"@type\":\"ImageObject\",\"inLanguage\":\"fr-FR\",\"@id\":\"https:\\\/\\\/www.callandplay.com\\\/#\\\/schema\\\/logo\\\/image\\\/\",\"url\":\"https:\\\/\\\/www.callandplay.com\\\/wp-content\\\/uploads\\\/2021\\\/06\\\/cropped-cropped-logo-black_con_sombra.png\",\"contentUrl\":\"https:\\\/\\\/www.callandplay.com\\\/wp-content\\\/uploads\\\/2021\\\/06\\\/cropped-cropped-logo-black_con_sombra.png\",\"width\":512,\"height\":512,\"caption\":\"Call&Play\"},\"image\":{\"@id\":\"https:\\\/\\\/www.callandplay.com\\\/#\\\/schema\\\/logo\\\/image\\\/\"},\"sameAs\":[\"https:\\\/\\\/www.facebook.com\\\/callandplay\",\"https:\\\/\\\/www.instagram.com\\\/call_and_play\\\/\"]}]}<\/script>\n<!-- \/ Yoast SEO plugin. -->","yoast_head_json":{"title":"FENDER PRECISION BASS AMERICAN PRO II V RW SUNBURST 5 STRING - Call&amp;Play","robots":{"index":"index","follow":"follow","max-snippet":"max-snippet:-1","max-image-preview":"max-image-preview:large","max-video-preview":"max-video-preview:-1"},"canonical":"https:\/\/www.callandplay.com\/fr\/fender-precision-bass-american-pro-ii-v-rw-sunburst-5-string\/","og_locale":"fr_FR","og_type":"article","og_title":"FENDER PRECISION BASS AMERICAN PRO II V RW SUNBURST 5 STRING - Call&amp;Play","og_description":"Bajo el\u00e9ctrico de 5 cuerdas de la serie Fender American Professional II, fabricado en USA. Cuerpo de aliso. M\u00e1stil de arce. Forma del m\u00e1stil \"1963 C\". Longitud de escala 34\" (864 mm). Diapas\u00f3n palisandro. N\u00famero de trastes 20. Pastilla media V-Mod II Split Single-Coil Precision Bass\u00ae. Controles Master Volume, Master Tone. Ajuste de pastillas S. Color 3-Color Sunburst. Acabado del cuerpo Gloss Urethane. Acabado del m\u00e1stil \u201cSuper-Natural\u201d Satin Urethane Finish on Back of Neck with Gloss Urethane Headstock Face.","og_url":"https:\/\/www.callandplay.com\/fr\/fender-precision-bass-american-pro-ii-v-rw-sunburst-5-string\/","og_site_name":"Call&amp;Play","article_publisher":"https:\/\/www.facebook.com\/callandplay","article_modified_time":"2026-04-16T20:45:58+00:00","twitter_card":"summary_large_image","schema":{"@context":"https:\/\/schema.org","@graph":[{"@type":"WebPage","@id":"https:\/\/www.callandplay.com\/fender-precision-bass-american-pro-ii-v-rw-sunburst-5-string\/","url":"https:\/\/www.callandplay.com\/fender-precision-bass-american-pro-ii-v-rw-sunburst-5-string\/","name":"FENDER PRECISION BASS AMERICAN PRO II V RW SUNBURST 5 STRING - Call&amp;Play","isPartOf":{"@id":"https:\/\/www.callandplay.com\/#website"},"datePublished":"2024-05-23T00:00:00+00:00","dateModified":"2026-04-16T20:45:58+00:00","breadcrumb":{"@id":"https:\/\/www.callandplay.com\/fender-precision-bass-american-pro-ii-v-rw-sunburst-5-string\/#breadcrumb"},"inLanguage":"fr-FR","potentialAction":[{"@type":"ReadAction","target":["https:\/\/www.callandplay.com\/fender-precision-bass-american-pro-ii-v-rw-sunburst-5-string\/"]}]},{"@type":"BreadcrumbList","@id":"https:\/\/www.callandplay.com\/fender-precision-bass-american-pro-ii-v-rw-sunburst-5-string\/#breadcrumb","itemListElement":[{"@type":"ListItem","position":1,"name":"Portada","item":"https:\/\/www.callandplay.com\/"},{"@type":"ListItem","position":2,"name":"Tienda","item":"https:\/\/www.callandplay.com\/tienda\/"},{"@type":"ListItem","position":3,"name":"FENDER PRECISION BASS AMERICAN PRO II V RW SUNBURST 5 STRING"}]},{"@type":"WebSite","@id":"https:\/\/www.callandplay.com\/#website","url":"https:\/\/www.callandplay.com\/","name":"Call&amp;Play","description":"Alquiler de backline e instrumentos musicales","publisher":{"@id":"https:\/\/www.callandplay.com\/#organization"},"potentialAction":[{"@type":"SearchAction","target":{"@type":"EntryPoint","urlTemplate":"https:\/\/www.callandplay.com\/?s={search_term_string}"},"query-input":{"@type":"PropertyValueSpecification","valueRequired":true,"valueName":"search_term_string"}}],"inLanguage":"fr-FR"},{"@type":"Organization","@id":"https:\/\/www.callandplay.com\/#organization","name":"Call&Play","url":"https:\/\/www.callandplay.com\/","logo":{"@type":"ImageObject","inLanguage":"fr-FR","@id":"https:\/\/www.callandplay.com\/#\/schema\/logo\/image\/","url":"https:\/\/www.callandplay.com\/wp-content\/uploads\/2021\/06\/cropped-cropped-logo-black_con_sombra.png","contentUrl":"https:\/\/www.callandplay.com\/wp-content\/uploads\/2021\/06\/cropped-cropped-logo-black_con_sombra.png","width":512,"height":512,"caption":"Call&Play"},"image":{"@id":"https:\/\/www.callandplay.com\/#\/schema\/logo\/image\/"},"sameAs":["https:\/\/www.facebook.com\/callandplay","https:\/\/www.instagram.com\/call_and_play\/"]}]}},"_links":{"self":[{"href":"https:\/\/www.callandplay.com\/fr\/wp-json\/wp\/v2\/product\/53037","targetHints":{"allow":["GET"]}}],"collection":[{"href":"https:\/\/www.callandplay.com\/fr\/wp-json\/wp\/v2\/product"}],"about":[{"href":"https:\/\/www.callandplay.com\/fr\/wp-json\/wp\/v2\/types\/product"}],"replies":[{"embeddable":true,"href":"https:\/\/www.callandplay.com\/fr\/wp-json\/wp\/v2\/comments?post=53037"}],"version-history":[{"count":1,"href":"https:\/\/www.callandplay.com\/fr\/wp-json\/wp\/v2\/product\/53037\/revisions"}],"predecessor-version":[{"id":55847,"href":"https:\/\/www.callandplay.com\/fr\/wp-json\/wp\/v2\/product\/53037\/revisions\/55847"}],"wp:attachment":[{"href":"https:\/\/www.callandplay.com\/fr\/wp-json\/wp\/v2\/media?parent=53037"}],"wp:term":[{"taxonomy":"product_brand","embeddable":true,"href":"https:\/\/www.callandplay.com\/fr\/wp-json\/wp\/v2\/product_brand?post=53037"},{"taxonomy":"product_cat","embeddable":true,"href":"https:\/\/www.callandplay.com\/fr\/wp-json\/wp\/v2\/product_cat?post=53037"},{"taxonomy":"product_tag","embeddable":true,"href":"https:\/\/www.callandplay.com\/fr\/wp-json\/wp\/v2\/product_tag?post=53037"}],"curies":[{"name":"wp","href":"https:\/\/api.w.org\/{rel}","templated":true}]}}