{"id":53094,"date":"2024-12-11T00:00:00","date_gmt":"2024-12-11T00:00:00","guid":{"rendered":"https:\/\/www.callandplay.com\/meinl-ta2wb-wood-hand-tambourine-2-row-steel\/"},"modified":"2026-04-16T20:46:00","modified_gmt":"2026-04-16T20:46:00","slug":"meinl-ta2wb-wood-hand-tambourine-2-row-steel","status":"publish","type":"product","link":"https:\/\/www.callandplay.com\/fr\/meinl-ta2wb-wood-hand-tambourine-2-row-steel\/","title":{"rendered":"MEINL TA2WB WOOD HAND TAMBOURINE 2 ROW STEEL"},"content":{"rendered":"<p>Marco de madera de color marr\u00f3n nogal. Dos hileras de Jingles de acero inoxidable. 10&#8243; de di\u00e1metro. Las panderetas de madera de MEINL est\u00e1n hechas de un marco resistente con jingles disponibles en diferentes materiales, que dan como resultado diversas posibilidades de sonido. Su mango de forma ergon\u00f3mica y su peso ligero permiten tocar con energ\u00eda. Los Jingles de acero inoxidable produce sonidos brillantes, a\u00f1adiendo la cantidad adecuada de acento en pr\u00e1cticamente cualquier estilo de m\u00fasica.<\/p>","protected":false},"excerpt":{"rendered":"<p>Marco de madera de color marr\u00f3n nogal. Dos hileras de Jingles de acero inoxidable. 10&#8243; de di\u00e1metro. Las panderetas de madera de MEINL est\u00e1n hechas de un marco resistente con jingles disponibles en diferentes materiales, que dan como resultado diversas posibilidades de sonido. Su mango de forma ergon\u00f3mica y su peso ligero permiten tocar con energ\u00eda. Los Jingles de acero inoxidable produce sonidos brillantes, a\u00f1adiendo la cantidad adecuada de acento en pr\u00e1cticamente cualquier estilo de m\u00fasica.<\/p>","protected":false},"featured_media":0,"comment_status":"closed","ping_status":"closed","template":"","meta":{"_acf_changed":false,"om_disable_all_campaigns":false,"_monsterinsights_skip_tracking":false,"_monsterinsights_sitenote_active":false,"_monsterinsights_sitenote_note":"","_monsterinsights_sitenote_category":0},"product_brand":[],"product_cat":[1137],"product_tag":[],"class_list":{"0":"post-53094","1":"product","2":"type-product","3":"status-publish","5":"product_cat-panderetas","7":"first","8":"instock","9":"shipping-taxable","10":"purchasable","11":"product-type-simple"},"acf":[],"yoast_head":"<!-- This site is optimized with the Yoast SEO plugin v27.4 - https:\/\/yoast.com\/product\/yoast-seo-wordpress\/ -->\n<title>MEINL TA2WB WOOD HAND TAMBOURINE 2 ROW STEEL - Call&amp;Play<\/title>\n<meta name=\"robots\" content=\"index, follow, max-snippet:-1, max-image-preview:large, max-video-preview:-1\" \/>\n<link rel=\"canonical\" href=\"https:\/\/www.callandplay.com\/fr\/meinl-ta2wb-wood-hand-tambourine-2-row-steel\/\" \/>\n<meta property=\"og:locale\" content=\"fr_FR\" \/>\n<meta property=\"og:type\" content=\"article\" \/>\n<meta property=\"og:title\" content=\"MEINL TA2WB WOOD HAND TAMBOURINE 2 ROW STEEL - Call&amp;Play\" \/>\n<meta property=\"og:description\" content=\"Marco de madera de color marr\u00f3n nogal. Dos hileras de Jingles de acero inoxidable. 10&quot; de di\u00e1metro. Las panderetas de madera de MEINL est\u00e1n hechas de un marco resistente con jingles disponibles en diferentes materiales, que dan como resultado diversas posibilidades de sonido. Su mango de forma ergon\u00f3mica y su peso ligero permiten tocar con energ\u00eda. Los Jingles de acero inoxidable produce sonidos brillantes, a\u00f1adiendo la cantidad adecuada de acento en pr\u00e1cticamente cualquier estilo de m\u00fasica.\" \/>\n<meta property=\"og:url\" content=\"https:\/\/www.callandplay.com\/fr\/meinl-ta2wb-wood-hand-tambourine-2-row-steel\/\" \/>\n<meta property=\"og:site_name\" content=\"Call&amp;Play\" \/>\n<meta property=\"article:publisher\" content=\"https:\/\/www.facebook.com\/callandplay\" \/>\n<meta property=\"article:modified_time\" content=\"2026-04-16T20:46:00+00:00\" \/>\n<meta name=\"twitter:card\" content=\"summary_large_image\" \/>\n<script type=\"application\/ld+json\" class=\"yoast-schema-graph\">{\"@context\":\"https:\\\/\\\/schema.org\",\"@graph\":[{\"@type\":\"WebPage\",\"@id\":\"https:\\\/\\\/www.callandplay.com\\\/meinl-ta2wb-wood-hand-tambourine-2-row-steel\\\/\",\"url\":\"https:\\\/\\\/www.callandplay.com\\\/meinl-ta2wb-wood-hand-tambourine-2-row-steel\\\/\",\"name\":\"MEINL TA2WB WOOD HAND TAMBOURINE 2 ROW STEEL - Call&amp;Play\",\"isPartOf\":{\"@id\":\"https:\\\/\\\/www.callandplay.com\\\/#website\"},\"datePublished\":\"2024-12-11T00:00:00+00:00\",\"dateModified\":\"2026-04-16T20:46:00+00:00\",\"breadcrumb\":{\"@id\":\"https:\\\/\\\/www.callandplay.com\\\/meinl-ta2wb-wood-hand-tambourine-2-row-steel\\\/#breadcrumb\"},\"inLanguage\":\"fr-FR\",\"potentialAction\":[{\"@type\":\"ReadAction\",\"target\":[\"https:\\\/\\\/www.callandplay.com\\\/meinl-ta2wb-wood-hand-tambourine-2-row-steel\\\/\"]}]},{\"@type\":\"BreadcrumbList\",\"@id\":\"https:\\\/\\\/www.callandplay.com\\\/meinl-ta2wb-wood-hand-tambourine-2-row-steel\\\/#breadcrumb\",\"itemListElement\":[{\"@type\":\"ListItem\",\"position\":1,\"name\":\"Portada\",\"item\":\"https:\\\/\\\/www.callandplay.com\\\/\"},{\"@type\":\"ListItem\",\"position\":2,\"name\":\"Tienda\",\"item\":\"https:\\\/\\\/www.callandplay.com\\\/tienda\\\/\"},{\"@type\":\"ListItem\",\"position\":3,\"name\":\"MEINL TA2WB WOOD HAND TAMBOURINE 2 ROW STEEL\"}]},{\"@type\":\"WebSite\",\"@id\":\"https:\\\/\\\/www.callandplay.com\\\/#website\",\"url\":\"https:\\\/\\\/www.callandplay.com\\\/\",\"name\":\"Call&amp;Play\",\"description\":\"Alquiler de backline e instrumentos musicales\",\"publisher\":{\"@id\":\"https:\\\/\\\/www.callandplay.com\\\/#organization\"},\"potentialAction\":[{\"@type\":\"SearchAction\",\"target\":{\"@type\":\"EntryPoint\",\"urlTemplate\":\"https:\\\/\\\/www.callandplay.com\\\/?s={search_term_string}\"},\"query-input\":{\"@type\":\"PropertyValueSpecification\",\"valueRequired\":true,\"valueName\":\"search_term_string\"}}],\"inLanguage\":\"fr-FR\"},{\"@type\":\"Organization\",\"@id\":\"https:\\\/\\\/www.callandplay.com\\\/#organization\",\"name\":\"Call&Play\",\"url\":\"https:\\\/\\\/www.callandplay.com\\\/\",\"logo\":{\"@type\":\"ImageObject\",\"inLanguage\":\"fr-FR\",\"@id\":\"https:\\\/\\\/www.callandplay.com\\\/#\\\/schema\\\/logo\\\/image\\\/\",\"url\":\"https:\\\/\\\/www.callandplay.com\\\/wp-content\\\/uploads\\\/2021\\\/06\\\/cropped-cropped-logo-black_con_sombra.png\",\"contentUrl\":\"https:\\\/\\\/www.callandplay.com\\\/wp-content\\\/uploads\\\/2021\\\/06\\\/cropped-cropped-logo-black_con_sombra.png\",\"width\":512,\"height\":512,\"caption\":\"Call&Play\"},\"image\":{\"@id\":\"https:\\\/\\\/www.callandplay.com\\\/#\\\/schema\\\/logo\\\/image\\\/\"},\"sameAs\":[\"https:\\\/\\\/www.facebook.com\\\/callandplay\",\"https:\\\/\\\/www.instagram.com\\\/call_and_play\\\/\"]}]}<\/script>\n<!-- \/ Yoast SEO plugin. -->","yoast_head_json":{"title":"MEINL TA2WB WOOD HAND TAMBOURINE 2 ROW STEEL - Call&amp;Play","robots":{"index":"index","follow":"follow","max-snippet":"max-snippet:-1","max-image-preview":"max-image-preview:large","max-video-preview":"max-video-preview:-1"},"canonical":"https:\/\/www.callandplay.com\/fr\/meinl-ta2wb-wood-hand-tambourine-2-row-steel\/","og_locale":"fr_FR","og_type":"article","og_title":"MEINL TA2WB WOOD HAND TAMBOURINE 2 ROW STEEL - Call&amp;Play","og_description":"Marco de madera de color marr\u00f3n nogal. Dos hileras de Jingles de acero inoxidable. 10\" de di\u00e1metro. Las panderetas de madera de MEINL est\u00e1n hechas de un marco resistente con jingles disponibles en diferentes materiales, que dan como resultado diversas posibilidades de sonido. Su mango de forma ergon\u00f3mica y su peso ligero permiten tocar con energ\u00eda. Los Jingles de acero inoxidable produce sonidos brillantes, a\u00f1adiendo la cantidad adecuada de acento en pr\u00e1cticamente cualquier estilo de m\u00fasica.","og_url":"https:\/\/www.callandplay.com\/fr\/meinl-ta2wb-wood-hand-tambourine-2-row-steel\/","og_site_name":"Call&amp;Play","article_publisher":"https:\/\/www.facebook.com\/callandplay","article_modified_time":"2026-04-16T20:46:00+00:00","twitter_card":"summary_large_image","schema":{"@context":"https:\/\/schema.org","@graph":[{"@type":"WebPage","@id":"https:\/\/www.callandplay.com\/meinl-ta2wb-wood-hand-tambourine-2-row-steel\/","url":"https:\/\/www.callandplay.com\/meinl-ta2wb-wood-hand-tambourine-2-row-steel\/","name":"MEINL TA2WB WOOD HAND TAMBOURINE 2 ROW STEEL - Call&amp;Play","isPartOf":{"@id":"https:\/\/www.callandplay.com\/#website"},"datePublished":"2024-12-11T00:00:00+00:00","dateModified":"2026-04-16T20:46:00+00:00","breadcrumb":{"@id":"https:\/\/www.callandplay.com\/meinl-ta2wb-wood-hand-tambourine-2-row-steel\/#breadcrumb"},"inLanguage":"fr-FR","potentialAction":[{"@type":"ReadAction","target":["https:\/\/www.callandplay.com\/meinl-ta2wb-wood-hand-tambourine-2-row-steel\/"]}]},{"@type":"BreadcrumbList","@id":"https:\/\/www.callandplay.com\/meinl-ta2wb-wood-hand-tambourine-2-row-steel\/#breadcrumb","itemListElement":[{"@type":"ListItem","position":1,"name":"Portada","item":"https:\/\/www.callandplay.com\/"},{"@type":"ListItem","position":2,"name":"Tienda","item":"https:\/\/www.callandplay.com\/tienda\/"},{"@type":"ListItem","position":3,"name":"MEINL TA2WB WOOD HAND TAMBOURINE 2 ROW STEEL"}]},{"@type":"WebSite","@id":"https:\/\/www.callandplay.com\/#website","url":"https:\/\/www.callandplay.com\/","name":"Call&amp;Play","description":"Alquiler de backline e instrumentos musicales","publisher":{"@id":"https:\/\/www.callandplay.com\/#organization"},"potentialAction":[{"@type":"SearchAction","target":{"@type":"EntryPoint","urlTemplate":"https:\/\/www.callandplay.com\/?s={search_term_string}"},"query-input":{"@type":"PropertyValueSpecification","valueRequired":true,"valueName":"search_term_string"}}],"inLanguage":"fr-FR"},{"@type":"Organization","@id":"https:\/\/www.callandplay.com\/#organization","name":"Call&Play","url":"https:\/\/www.callandplay.com\/","logo":{"@type":"ImageObject","inLanguage":"fr-FR","@id":"https:\/\/www.callandplay.com\/#\/schema\/logo\/image\/","url":"https:\/\/www.callandplay.com\/wp-content\/uploads\/2021\/06\/cropped-cropped-logo-black_con_sombra.png","contentUrl":"https:\/\/www.callandplay.com\/wp-content\/uploads\/2021\/06\/cropped-cropped-logo-black_con_sombra.png","width":512,"height":512,"caption":"Call&Play"},"image":{"@id":"https:\/\/www.callandplay.com\/#\/schema\/logo\/image\/"},"sameAs":["https:\/\/www.facebook.com\/callandplay","https:\/\/www.instagram.com\/call_and_play\/"]}]}},"_links":{"self":[{"href":"https:\/\/www.callandplay.com\/fr\/wp-json\/wp\/v2\/product\/53094","targetHints":{"allow":["GET"]}}],"collection":[{"href":"https:\/\/www.callandplay.com\/fr\/wp-json\/wp\/v2\/product"}],"about":[{"href":"https:\/\/www.callandplay.com\/fr\/wp-json\/wp\/v2\/types\/product"}],"replies":[{"embeddable":true,"href":"https:\/\/www.callandplay.com\/fr\/wp-json\/wp\/v2\/comments?post=53094"}],"version-history":[{"count":1,"href":"https:\/\/www.callandplay.com\/fr\/wp-json\/wp\/v2\/product\/53094\/revisions"}],"predecessor-version":[{"id":55904,"href":"https:\/\/www.callandplay.com\/fr\/wp-json\/wp\/v2\/product\/53094\/revisions\/55904"}],"wp:attachment":[{"href":"https:\/\/www.callandplay.com\/fr\/wp-json\/wp\/v2\/media?parent=53094"}],"wp:term":[{"taxonomy":"product_brand","embeddable":true,"href":"https:\/\/www.callandplay.com\/fr\/wp-json\/wp\/v2\/product_brand?post=53094"},{"taxonomy":"product_cat","embeddable":true,"href":"https:\/\/www.callandplay.com\/fr\/wp-json\/wp\/v2\/product_cat?post=53094"},{"taxonomy":"product_tag","embeddable":true,"href":"https:\/\/www.callandplay.com\/fr\/wp-json\/wp\/v2\/product_tag?post=53094"}],"curies":[{"name":"wp","href":"https:\/\/api.w.org\/{rel}","templated":true}]}}