{"id":53097,"date":"2026-03-25T00:00:00","date_gmt":"2026-03-25T00:00:00","guid":{"rendered":"https:\/\/www.callandplay.com\/roland-rt30hr-acoustic-drum-trigger\/"},"modified":"2026-04-15T20:54:13","modified_gmt":"2026-04-15T20:54:13","slug":"roland-rt30hr-acoustic-drum-trigger","status":"publish","type":"product","link":"https:\/\/www.callandplay.com\/fr\/roland-rt30hr-acoustic-drum-trigger\/","title":{"rendered":"ROLAND RT30HR ACOUSTIC DRUM TRIGGER"},"content":{"rendered":"<p>Con una sensibilidad de disparo excepcional, una instalaci\u00f3n ultrarr\u00e1pida y compatibilidad con el hardware de bater\u00eda m\u00e1s reciente, la serie RT-30 optimizada establece un nuevo est\u00e1ndar para cualquiera que desee explorar la percusi\u00f3n h\u00edbrida. Ideal para su uso en cajas, el RT-30HR admite activaci\u00f3n independiente del parche y del aro para reproducir dos sonidos diferentes del mismo tambor. El RT-30HR tambi\u00e9n incorpora un montaje autoguiado recientemente desarrollado que coloca autom\u00e1ticamente el sensor en la posici\u00f3n \u00f3ptima contra el parche del tambor, sin necesidad de ajustes mec\u00e1nicos complicados despu\u00e9s del montaje.<\/p>","protected":false},"excerpt":{"rendered":"<p>Con una sensibilidad de disparo excepcional, una instalaci\u00f3n ultrarr\u00e1pida y compatibilidad con el hardware de bater\u00eda m\u00e1s reciente, la serie RT-30 optimizada establece un nuevo est\u00e1ndar para cualquiera que desee explorar la percusi\u00f3n h\u00edbrida. Ideal para su uso en cajas, el RT-30HR admite activaci\u00f3n independiente del parche y del aro para reproducir dos sonidos diferentes del mismo tambor. El RT-30HR tambi\u00e9n incorpora un montaje autoguiado recientemente desarrollado que coloca autom\u00e1ticamente el sensor en la posici\u00f3n \u00f3ptima contra el parche del tambor, sin necesidad de ajustes mec\u00e1nicos complicados despu\u00e9s del montaje.<\/p>","protected":false},"featured_media":0,"comment_status":"closed","ping_status":"closed","template":"","meta":{"_acf_changed":false,"om_disable_all_campaigns":false,"_monsterinsights_skip_tracking":false,"_monsterinsights_sitenote_active":false,"_monsterinsights_sitenote_note":"","_monsterinsights_sitenote_category":0},"product_brand":[],"product_cat":[1153],"product_tag":[],"class_list":{"0":"post-53097","1":"product","2":"type-product","3":"status-publish","5":"product_cat-triggers","7":"first","8":"instock","9":"shipping-taxable","10":"purchasable","11":"product-type-simple"},"acf":[],"yoast_head":"<!-- This site is optimized with the Yoast SEO plugin v27.3 - https:\/\/yoast.com\/product\/yoast-seo-wordpress\/ -->\n<title>ROLAND RT30HR ACOUSTIC DRUM TRIGGER - Call&amp;Play<\/title>\n<meta name=\"robots\" content=\"index, follow, max-snippet:-1, max-image-preview:large, max-video-preview:-1\" \/>\n<link rel=\"canonical\" href=\"https:\/\/www.callandplay.com\/fr\/roland-rt30hr-acoustic-drum-trigger\/\" \/>\n<meta property=\"og:locale\" content=\"fr_FR\" \/>\n<meta property=\"og:type\" content=\"article\" \/>\n<meta property=\"og:title\" content=\"ROLAND RT30HR ACOUSTIC DRUM TRIGGER - Call&amp;Play\" \/>\n<meta property=\"og:description\" content=\"Con una sensibilidad de disparo excepcional, una instalaci\u00f3n ultrarr\u00e1pida y compatibilidad con el hardware de bater\u00eda m\u00e1s reciente, la serie RT-30 optimizada establece un nuevo est\u00e1ndar para cualquiera que desee explorar la percusi\u00f3n h\u00edbrida. Ideal para su uso en cajas, el RT-30HR admite activaci\u00f3n independiente del parche y del aro para reproducir dos sonidos diferentes del mismo tambor. El RT-30HR tambi\u00e9n incorpora un montaje autoguiado recientemente desarrollado que coloca autom\u00e1ticamente el sensor en la posici\u00f3n \u00f3ptima contra el parche del tambor, sin necesidad de ajustes mec\u00e1nicos complicados despu\u00e9s del montaje.\" \/>\n<meta property=\"og:url\" content=\"https:\/\/www.callandplay.com\/fr\/roland-rt30hr-acoustic-drum-trigger\/\" \/>\n<meta property=\"og:site_name\" content=\"Call&amp;Play\" \/>\n<meta property=\"article:publisher\" content=\"https:\/\/www.facebook.com\/callandplay\" \/>\n<meta property=\"article:modified_time\" content=\"2026-04-15T20:54:13+00:00\" \/>\n<meta name=\"twitter:card\" content=\"summary_large_image\" \/>\n<meta name=\"twitter:label1\" content=\"Dur\u00e9e de lecture estim\u00e9e\" \/>\n\t<meta name=\"twitter:data1\" content=\"1 minute\" \/>\n<script type=\"application\/ld+json\" class=\"yoast-schema-graph\">{\"@context\":\"https:\\\/\\\/schema.org\",\"@graph\":[{\"@type\":\"WebPage\",\"@id\":\"https:\\\/\\\/www.callandplay.com\\\/roland-rt30hr-acoustic-drum-trigger\\\/\",\"url\":\"https:\\\/\\\/www.callandplay.com\\\/roland-rt30hr-acoustic-drum-trigger\\\/\",\"name\":\"ROLAND RT30HR ACOUSTIC DRUM TRIGGER - Call&amp;Play\",\"isPartOf\":{\"@id\":\"https:\\\/\\\/www.callandplay.com\\\/#website\"},\"datePublished\":\"2026-03-25T00:00:00+00:00\",\"dateModified\":\"2026-04-15T20:54:13+00:00\",\"breadcrumb\":{\"@id\":\"https:\\\/\\\/www.callandplay.com\\\/roland-rt30hr-acoustic-drum-trigger\\\/#breadcrumb\"},\"inLanguage\":\"fr-FR\",\"potentialAction\":[{\"@type\":\"ReadAction\",\"target\":[\"https:\\\/\\\/www.callandplay.com\\\/roland-rt30hr-acoustic-drum-trigger\\\/\"]}]},{\"@type\":\"BreadcrumbList\",\"@id\":\"https:\\\/\\\/www.callandplay.com\\\/roland-rt30hr-acoustic-drum-trigger\\\/#breadcrumb\",\"itemListElement\":[{\"@type\":\"ListItem\",\"position\":1,\"name\":\"Portada\",\"item\":\"https:\\\/\\\/www.callandplay.com\\\/\"},{\"@type\":\"ListItem\",\"position\":2,\"name\":\"Tienda\",\"item\":\"https:\\\/\\\/www.callandplay.com\\\/tienda\\\/\"},{\"@type\":\"ListItem\",\"position\":3,\"name\":\"ROLAND RT30HR ACOUSTIC DRUM TRIGGER\"}]},{\"@type\":\"WebSite\",\"@id\":\"https:\\\/\\\/www.callandplay.com\\\/#website\",\"url\":\"https:\\\/\\\/www.callandplay.com\\\/\",\"name\":\"Call&amp;Play\",\"description\":\"Alquiler de backline e instrumentos musicales\",\"publisher\":{\"@id\":\"https:\\\/\\\/www.callandplay.com\\\/#organization\"},\"potentialAction\":[{\"@type\":\"SearchAction\",\"target\":{\"@type\":\"EntryPoint\",\"urlTemplate\":\"https:\\\/\\\/www.callandplay.com\\\/?s={search_term_string}\"},\"query-input\":{\"@type\":\"PropertyValueSpecification\",\"valueRequired\":true,\"valueName\":\"search_term_string\"}}],\"inLanguage\":\"fr-FR\"},{\"@type\":\"Organization\",\"@id\":\"https:\\\/\\\/www.callandplay.com\\\/#organization\",\"name\":\"Call&Play\",\"url\":\"https:\\\/\\\/www.callandplay.com\\\/\",\"logo\":{\"@type\":\"ImageObject\",\"inLanguage\":\"fr-FR\",\"@id\":\"https:\\\/\\\/www.callandplay.com\\\/#\\\/schema\\\/logo\\\/image\\\/\",\"url\":\"https:\\\/\\\/www.callandplay.com\\\/wp-content\\\/uploads\\\/2021\\\/06\\\/cropped-cropped-logo-black_con_sombra.png\",\"contentUrl\":\"https:\\\/\\\/www.callandplay.com\\\/wp-content\\\/uploads\\\/2021\\\/06\\\/cropped-cropped-logo-black_con_sombra.png\",\"width\":512,\"height\":512,\"caption\":\"Call&Play\"},\"image\":{\"@id\":\"https:\\\/\\\/www.callandplay.com\\\/#\\\/schema\\\/logo\\\/image\\\/\"},\"sameAs\":[\"https:\\\/\\\/www.facebook.com\\\/callandplay\",\"https:\\\/\\\/www.instagram.com\\\/call_and_play\\\/\"]}]}<\/script>\n<!-- \/ Yoast SEO plugin. -->","yoast_head_json":{"title":"ROLAND RT30HR ACOUSTIC DRUM TRIGGER - Call&amp;Play","robots":{"index":"index","follow":"follow","max-snippet":"max-snippet:-1","max-image-preview":"max-image-preview:large","max-video-preview":"max-video-preview:-1"},"canonical":"https:\/\/www.callandplay.com\/fr\/roland-rt30hr-acoustic-drum-trigger\/","og_locale":"fr_FR","og_type":"article","og_title":"ROLAND RT30HR ACOUSTIC DRUM TRIGGER - Call&amp;Play","og_description":"Con una sensibilidad de disparo excepcional, una instalaci\u00f3n ultrarr\u00e1pida y compatibilidad con el hardware de bater\u00eda m\u00e1s reciente, la serie RT-30 optimizada establece un nuevo est\u00e1ndar para cualquiera que desee explorar la percusi\u00f3n h\u00edbrida. Ideal para su uso en cajas, el RT-30HR admite activaci\u00f3n independiente del parche y del aro para reproducir dos sonidos diferentes del mismo tambor. El RT-30HR tambi\u00e9n incorpora un montaje autoguiado recientemente desarrollado que coloca autom\u00e1ticamente el sensor en la posici\u00f3n \u00f3ptima contra el parche del tambor, sin necesidad de ajustes mec\u00e1nicos complicados despu\u00e9s del montaje.","og_url":"https:\/\/www.callandplay.com\/fr\/roland-rt30hr-acoustic-drum-trigger\/","og_site_name":"Call&amp;Play","article_publisher":"https:\/\/www.facebook.com\/callandplay","article_modified_time":"2026-04-15T20:54:13+00:00","twitter_card":"summary_large_image","twitter_misc":{"Dur\u00e9e de lecture estim\u00e9e":"1 minute"},"schema":{"@context":"https:\/\/schema.org","@graph":[{"@type":"WebPage","@id":"https:\/\/www.callandplay.com\/roland-rt30hr-acoustic-drum-trigger\/","url":"https:\/\/www.callandplay.com\/roland-rt30hr-acoustic-drum-trigger\/","name":"ROLAND RT30HR ACOUSTIC DRUM TRIGGER - Call&amp;Play","isPartOf":{"@id":"https:\/\/www.callandplay.com\/#website"},"datePublished":"2026-03-25T00:00:00+00:00","dateModified":"2026-04-15T20:54:13+00:00","breadcrumb":{"@id":"https:\/\/www.callandplay.com\/roland-rt30hr-acoustic-drum-trigger\/#breadcrumb"},"inLanguage":"fr-FR","potentialAction":[{"@type":"ReadAction","target":["https:\/\/www.callandplay.com\/roland-rt30hr-acoustic-drum-trigger\/"]}]},{"@type":"BreadcrumbList","@id":"https:\/\/www.callandplay.com\/roland-rt30hr-acoustic-drum-trigger\/#breadcrumb","itemListElement":[{"@type":"ListItem","position":1,"name":"Portada","item":"https:\/\/www.callandplay.com\/"},{"@type":"ListItem","position":2,"name":"Tienda","item":"https:\/\/www.callandplay.com\/tienda\/"},{"@type":"ListItem","position":3,"name":"ROLAND RT30HR ACOUSTIC DRUM TRIGGER"}]},{"@type":"WebSite","@id":"https:\/\/www.callandplay.com\/#website","url":"https:\/\/www.callandplay.com\/","name":"Call&amp;Play","description":"Alquiler de backline e instrumentos musicales","publisher":{"@id":"https:\/\/www.callandplay.com\/#organization"},"potentialAction":[{"@type":"SearchAction","target":{"@type":"EntryPoint","urlTemplate":"https:\/\/www.callandplay.com\/?s={search_term_string}"},"query-input":{"@type":"PropertyValueSpecification","valueRequired":true,"valueName":"search_term_string"}}],"inLanguage":"fr-FR"},{"@type":"Organization","@id":"https:\/\/www.callandplay.com\/#organization","name":"Call&Play","url":"https:\/\/www.callandplay.com\/","logo":{"@type":"ImageObject","inLanguage":"fr-FR","@id":"https:\/\/www.callandplay.com\/#\/schema\/logo\/image\/","url":"https:\/\/www.callandplay.com\/wp-content\/uploads\/2021\/06\/cropped-cropped-logo-black_con_sombra.png","contentUrl":"https:\/\/www.callandplay.com\/wp-content\/uploads\/2021\/06\/cropped-cropped-logo-black_con_sombra.png","width":512,"height":512,"caption":"Call&Play"},"image":{"@id":"https:\/\/www.callandplay.com\/#\/schema\/logo\/image\/"},"sameAs":["https:\/\/www.facebook.com\/callandplay","https:\/\/www.instagram.com\/call_and_play\/"]}]}},"_links":{"self":[{"href":"https:\/\/www.callandplay.com\/fr\/wp-json\/wp\/v2\/product\/53097","targetHints":{"allow":["GET"]}}],"collection":[{"href":"https:\/\/www.callandplay.com\/fr\/wp-json\/wp\/v2\/product"}],"about":[{"href":"https:\/\/www.callandplay.com\/fr\/wp-json\/wp\/v2\/types\/product"}],"replies":[{"embeddable":true,"href":"https:\/\/www.callandplay.com\/fr\/wp-json\/wp\/v2\/comments?post=53097"}],"version-history":[{"count":1,"href":"https:\/\/www.callandplay.com\/fr\/wp-json\/wp\/v2\/product\/53097\/revisions"}],"predecessor-version":[{"id":55907,"href":"https:\/\/www.callandplay.com\/fr\/wp-json\/wp\/v2\/product\/53097\/revisions\/55907"}],"wp:attachment":[{"href":"https:\/\/www.callandplay.com\/fr\/wp-json\/wp\/v2\/media?parent=53097"}],"wp:term":[{"taxonomy":"product_brand","embeddable":true,"href":"https:\/\/www.callandplay.com\/fr\/wp-json\/wp\/v2\/product_brand?post=53097"},{"taxonomy":"product_cat","embeddable":true,"href":"https:\/\/www.callandplay.com\/fr\/wp-json\/wp\/v2\/product_cat?post=53097"},{"taxonomy":"product_tag","embeddable":true,"href":"https:\/\/www.callandplay.com\/fr\/wp-json\/wp\/v2\/product_tag?post=53097"}],"curies":[{"name":"wp","href":"https:\/\/api.w.org\/{rel}","templated":true}]}}