{"id":53103,"date":"2022-08-09T00:00:00","date_gmt":"2022-08-09T00:00:00","guid":{"rendered":"https:\/\/www.callandplay.com\/meinl-aetlli-artisan-ed-tango-line-cajon-limba\/"},"modified":"2026-04-15T20:54:13","modified_gmt":"2026-04-15T20:54:13","slug":"meinl-aetlli-artisan-ed-tango-line-cajon-limba","status":"publish","type":"product","link":"https:\/\/www.callandplay.com\/fr\/meinl-aetlli-artisan-ed-tango-line-cajon-limba\/","title":{"rendered":"MEINL AETLLI ARTISAN ED. TANGO LINE  CAJ\u00d3N LIMBA"},"content":{"rendered":"<p>La l\u00ednea Tango de cajones artesanales Meinl tiene dos grupos de tres cuerdas de caj\u00f3n demetal microenrolladas preafinadas que se extienden por el interior de la superficie que se toca para lograr un efecto de caja n\u00edtido. Estas cuerdas est\u00e1n entorchadas a mano al estilo del maestro cajonero Jos\u00e9 \u00abPepote\u00bb Hern\u00e1ndez D\u00edaz. Las esquinas redondeadas y las muescas para el pulgar en la parte superior de la placa frontal, as\u00ed como el cuerpo resonante optimizan la comodidad y el sonido al tocar. El cuerpo de abedul b\u00e1ltico de 7 capas y 9 mm de grosor desarrolla el sonido en un tono completo y contundente que se proyecta con claridad y calidez. Material: Limba y Abedul B\u00e1ltico (Betula-Pendula).<\/p>","protected":false},"excerpt":{"rendered":"<p>La l\u00ednea Tango de cajones artesanales Meinl tiene dos grupos de tres cuerdas de caj\u00f3n demetal microenrolladas preafinadas que se extienden por el interior de la superficie que se toca para lograr un efecto de caja n\u00edtido. Estas cuerdas est\u00e1n entorchadas a mano al estilo del maestro cajonero Jos\u00e9 \u00abPepote\u00bb Hern\u00e1ndez D\u00edaz. Las esquinas redondeadas y las muescas para el pulgar en la parte superior de la placa frontal, as\u00ed como el cuerpo resonante optimizan la comodidad y el sonido al tocar. El cuerpo de abedul b\u00e1ltico de 7 capas y 9 mm de grosor desarrolla el sonido en un tono completo y contundente que se proyecta con claridad y calidez. Material: Limba y Abedul B\u00e1ltico (Betula-Pendula).<\/p>","protected":false},"featured_media":0,"comment_status":"closed","ping_status":"closed","template":"","meta":{"_acf_changed":false,"om_disable_all_campaigns":false,"_monsterinsights_skip_tracking":false,"_monsterinsights_sitenote_active":false,"_monsterinsights_sitenote_note":"","_monsterinsights_sitenote_category":0},"product_brand":[],"product_cat":[1113],"product_tag":[],"class_list":{"0":"post-53103","1":"product","2":"type-product","3":"status-publish","5":"product_cat-cajones","7":"first","8":"instock","9":"shipping-taxable","10":"purchasable","11":"product-type-simple"},"acf":[],"yoast_head":"<!-- This site is optimized with the Yoast SEO plugin v27.4 - https:\/\/yoast.com\/product\/yoast-seo-wordpress\/ -->\n<title>MEINL AETLLI ARTISAN ED. TANGO LINE CAJ\u00d3N LIMBA - Call&amp;Play<\/title>\n<meta name=\"robots\" content=\"index, follow, max-snippet:-1, max-image-preview:large, max-video-preview:-1\" \/>\n<link rel=\"canonical\" href=\"https:\/\/www.callandplay.com\/fr\/meinl-aetlli-artisan-ed-tango-line-cajon-limba\/\" \/>\n<meta property=\"og:locale\" content=\"fr_FR\" \/>\n<meta property=\"og:type\" content=\"article\" \/>\n<meta property=\"og:title\" content=\"MEINL AETLLI ARTISAN ED. TANGO LINE CAJ\u00d3N LIMBA - Call&amp;Play\" \/>\n<meta property=\"og:description\" content=\"La l\u00ednea Tango de cajones artesanales Meinl tiene dos grupos de tres cuerdas de caj\u00f3n demetal microenrolladas preafinadas que se extienden por el interior de la superficie que se toca para lograr un efecto de caja n\u00edtido. Estas cuerdas est\u00e1n entorchadas a mano al estilo del maestro cajonero Jos\u00e9 &quot;Pepote&quot; Hern\u00e1ndez D\u00edaz. Las esquinas redondeadas y las muescas para el pulgar en la parte superior de la placa frontal, as\u00ed como el cuerpo resonante optimizan la comodidad y el sonido al tocar. El cuerpo de abedul b\u00e1ltico de 7 capas y 9 mm de grosor desarrolla el sonido en un tono completo y contundente que se proyecta con claridad y calidez. Material: Limba y Abedul B\u00e1ltico (Betula-Pendula).\" \/>\n<meta property=\"og:url\" content=\"https:\/\/www.callandplay.com\/fr\/meinl-aetlli-artisan-ed-tango-line-cajon-limba\/\" \/>\n<meta property=\"og:site_name\" content=\"Call&amp;Play\" \/>\n<meta property=\"article:publisher\" content=\"https:\/\/www.facebook.com\/callandplay\" \/>\n<meta property=\"article:modified_time\" content=\"2026-04-15T20:54:13+00:00\" \/>\n<meta name=\"twitter:card\" content=\"summary_large_image\" \/>\n<meta name=\"twitter:label1\" content=\"Dur\u00e9e de lecture estim\u00e9e\" \/>\n\t<meta name=\"twitter:data1\" content=\"1 minute\" \/>\n<script type=\"application\/ld+json\" class=\"yoast-schema-graph\">{\"@context\":\"https:\\\/\\\/schema.org\",\"@graph\":[{\"@type\":\"WebPage\",\"@id\":\"https:\\\/\\\/www.callandplay.com\\\/meinl-aetlli-artisan-ed-tango-line-cajon-limba\\\/\",\"url\":\"https:\\\/\\\/www.callandplay.com\\\/meinl-aetlli-artisan-ed-tango-line-cajon-limba\\\/\",\"name\":\"MEINL AETLLI ARTISAN ED. TANGO LINE CAJ\u00d3N LIMBA - Call&amp;Play\",\"isPartOf\":{\"@id\":\"https:\\\/\\\/www.callandplay.com\\\/#website\"},\"datePublished\":\"2022-08-09T00:00:00+00:00\",\"dateModified\":\"2026-04-15T20:54:13+00:00\",\"breadcrumb\":{\"@id\":\"https:\\\/\\\/www.callandplay.com\\\/meinl-aetlli-artisan-ed-tango-line-cajon-limba\\\/#breadcrumb\"},\"inLanguage\":\"fr-FR\",\"potentialAction\":[{\"@type\":\"ReadAction\",\"target\":[\"https:\\\/\\\/www.callandplay.com\\\/meinl-aetlli-artisan-ed-tango-line-cajon-limba\\\/\"]}]},{\"@type\":\"BreadcrumbList\",\"@id\":\"https:\\\/\\\/www.callandplay.com\\\/meinl-aetlli-artisan-ed-tango-line-cajon-limba\\\/#breadcrumb\",\"itemListElement\":[{\"@type\":\"ListItem\",\"position\":1,\"name\":\"Portada\",\"item\":\"https:\\\/\\\/www.callandplay.com\\\/\"},{\"@type\":\"ListItem\",\"position\":2,\"name\":\"Tienda\",\"item\":\"https:\\\/\\\/www.callandplay.com\\\/tienda\\\/\"},{\"@type\":\"ListItem\",\"position\":3,\"name\":\"MEINL AETLLI ARTISAN ED. TANGO LINE CAJ\u00d3N LIMBA\"}]},{\"@type\":\"WebSite\",\"@id\":\"https:\\\/\\\/www.callandplay.com\\\/#website\",\"url\":\"https:\\\/\\\/www.callandplay.com\\\/\",\"name\":\"Call&amp;Play\",\"description\":\"Alquiler de backline e instrumentos musicales\",\"publisher\":{\"@id\":\"https:\\\/\\\/www.callandplay.com\\\/#organization\"},\"potentialAction\":[{\"@type\":\"SearchAction\",\"target\":{\"@type\":\"EntryPoint\",\"urlTemplate\":\"https:\\\/\\\/www.callandplay.com\\\/?s={search_term_string}\"},\"query-input\":{\"@type\":\"PropertyValueSpecification\",\"valueRequired\":true,\"valueName\":\"search_term_string\"}}],\"inLanguage\":\"fr-FR\"},{\"@type\":\"Organization\",\"@id\":\"https:\\\/\\\/www.callandplay.com\\\/#organization\",\"name\":\"Call&Play\",\"url\":\"https:\\\/\\\/www.callandplay.com\\\/\",\"logo\":{\"@type\":\"ImageObject\",\"inLanguage\":\"fr-FR\",\"@id\":\"https:\\\/\\\/www.callandplay.com\\\/#\\\/schema\\\/logo\\\/image\\\/\",\"url\":\"https:\\\/\\\/www.callandplay.com\\\/wp-content\\\/uploads\\\/2021\\\/06\\\/cropped-cropped-logo-black_con_sombra.png\",\"contentUrl\":\"https:\\\/\\\/www.callandplay.com\\\/wp-content\\\/uploads\\\/2021\\\/06\\\/cropped-cropped-logo-black_con_sombra.png\",\"width\":512,\"height\":512,\"caption\":\"Call&Play\"},\"image\":{\"@id\":\"https:\\\/\\\/www.callandplay.com\\\/#\\\/schema\\\/logo\\\/image\\\/\"},\"sameAs\":[\"https:\\\/\\\/www.facebook.com\\\/callandplay\",\"https:\\\/\\\/www.instagram.com\\\/call_and_play\\\/\"]}]}<\/script>\n<!-- \/ Yoast SEO plugin. -->","yoast_head_json":{"title":"MEINL AETLLI ARTISAN ED. TANGO LINE CAJ\u00d3N LIMBA - Call&amp;Play","robots":{"index":"index","follow":"follow","max-snippet":"max-snippet:-1","max-image-preview":"max-image-preview:large","max-video-preview":"max-video-preview:-1"},"canonical":"https:\/\/www.callandplay.com\/fr\/meinl-aetlli-artisan-ed-tango-line-cajon-limba\/","og_locale":"fr_FR","og_type":"article","og_title":"MEINL AETLLI ARTISAN ED. TANGO LINE CAJ\u00d3N LIMBA - Call&amp;Play","og_description":"La l\u00ednea Tango de cajones artesanales Meinl tiene dos grupos de tres cuerdas de caj\u00f3n demetal microenrolladas preafinadas que se extienden por el interior de la superficie que se toca para lograr un efecto de caja n\u00edtido. Estas cuerdas est\u00e1n entorchadas a mano al estilo del maestro cajonero Jos\u00e9 \"Pepote\" Hern\u00e1ndez D\u00edaz. Las esquinas redondeadas y las muescas para el pulgar en la parte superior de la placa frontal, as\u00ed como el cuerpo resonante optimizan la comodidad y el sonido al tocar. El cuerpo de abedul b\u00e1ltico de 7 capas y 9 mm de grosor desarrolla el sonido en un tono completo y contundente que se proyecta con claridad y calidez. Material: Limba y Abedul B\u00e1ltico (Betula-Pendula).","og_url":"https:\/\/www.callandplay.com\/fr\/meinl-aetlli-artisan-ed-tango-line-cajon-limba\/","og_site_name":"Call&amp;Play","article_publisher":"https:\/\/www.facebook.com\/callandplay","article_modified_time":"2026-04-15T20:54:13+00:00","twitter_card":"summary_large_image","twitter_misc":{"Dur\u00e9e de lecture estim\u00e9e":"1 minute"},"schema":{"@context":"https:\/\/schema.org","@graph":[{"@type":"WebPage","@id":"https:\/\/www.callandplay.com\/meinl-aetlli-artisan-ed-tango-line-cajon-limba\/","url":"https:\/\/www.callandplay.com\/meinl-aetlli-artisan-ed-tango-line-cajon-limba\/","name":"MEINL AETLLI ARTISAN ED. TANGO LINE CAJ\u00d3N LIMBA - Call&amp;Play","isPartOf":{"@id":"https:\/\/www.callandplay.com\/#website"},"datePublished":"2022-08-09T00:00:00+00:00","dateModified":"2026-04-15T20:54:13+00:00","breadcrumb":{"@id":"https:\/\/www.callandplay.com\/meinl-aetlli-artisan-ed-tango-line-cajon-limba\/#breadcrumb"},"inLanguage":"fr-FR","potentialAction":[{"@type":"ReadAction","target":["https:\/\/www.callandplay.com\/meinl-aetlli-artisan-ed-tango-line-cajon-limba\/"]}]},{"@type":"BreadcrumbList","@id":"https:\/\/www.callandplay.com\/meinl-aetlli-artisan-ed-tango-line-cajon-limba\/#breadcrumb","itemListElement":[{"@type":"ListItem","position":1,"name":"Portada","item":"https:\/\/www.callandplay.com\/"},{"@type":"ListItem","position":2,"name":"Tienda","item":"https:\/\/www.callandplay.com\/tienda\/"},{"@type":"ListItem","position":3,"name":"MEINL AETLLI ARTISAN ED. TANGO LINE CAJ\u00d3N LIMBA"}]},{"@type":"WebSite","@id":"https:\/\/www.callandplay.com\/#website","url":"https:\/\/www.callandplay.com\/","name":"Call&amp;Play","description":"Alquiler de backline e instrumentos musicales","publisher":{"@id":"https:\/\/www.callandplay.com\/#organization"},"potentialAction":[{"@type":"SearchAction","target":{"@type":"EntryPoint","urlTemplate":"https:\/\/www.callandplay.com\/?s={search_term_string}"},"query-input":{"@type":"PropertyValueSpecification","valueRequired":true,"valueName":"search_term_string"}}],"inLanguage":"fr-FR"},{"@type":"Organization","@id":"https:\/\/www.callandplay.com\/#organization","name":"Call&Play","url":"https:\/\/www.callandplay.com\/","logo":{"@type":"ImageObject","inLanguage":"fr-FR","@id":"https:\/\/www.callandplay.com\/#\/schema\/logo\/image\/","url":"https:\/\/www.callandplay.com\/wp-content\/uploads\/2021\/06\/cropped-cropped-logo-black_con_sombra.png","contentUrl":"https:\/\/www.callandplay.com\/wp-content\/uploads\/2021\/06\/cropped-cropped-logo-black_con_sombra.png","width":512,"height":512,"caption":"Call&Play"},"image":{"@id":"https:\/\/www.callandplay.com\/#\/schema\/logo\/image\/"},"sameAs":["https:\/\/www.facebook.com\/callandplay","https:\/\/www.instagram.com\/call_and_play\/"]}]}},"_links":{"self":[{"href":"https:\/\/www.callandplay.com\/fr\/wp-json\/wp\/v2\/product\/53103","targetHints":{"allow":["GET"]}}],"collection":[{"href":"https:\/\/www.callandplay.com\/fr\/wp-json\/wp\/v2\/product"}],"about":[{"href":"https:\/\/www.callandplay.com\/fr\/wp-json\/wp\/v2\/types\/product"}],"replies":[{"embeddable":true,"href":"https:\/\/www.callandplay.com\/fr\/wp-json\/wp\/v2\/comments?post=53103"}],"version-history":[{"count":1,"href":"https:\/\/www.callandplay.com\/fr\/wp-json\/wp\/v2\/product\/53103\/revisions"}],"predecessor-version":[{"id":55913,"href":"https:\/\/www.callandplay.com\/fr\/wp-json\/wp\/v2\/product\/53103\/revisions\/55913"}],"wp:attachment":[{"href":"https:\/\/www.callandplay.com\/fr\/wp-json\/wp\/v2\/media?parent=53103"}],"wp:term":[{"taxonomy":"product_brand","embeddable":true,"href":"https:\/\/www.callandplay.com\/fr\/wp-json\/wp\/v2\/product_brand?post=53103"},{"taxonomy":"product_cat","embeddable":true,"href":"https:\/\/www.callandplay.com\/fr\/wp-json\/wp\/v2\/product_cat?post=53103"},{"taxonomy":"product_tag","embeddable":true,"href":"https:\/\/www.callandplay.com\/fr\/wp-json\/wp\/v2\/product_tag?post=53103"}],"curies":[{"name":"wp","href":"https:\/\/api.w.org\/{rel}","templated":true}]}}