{"id":53144,"date":"2023-04-14T00:00:00","date_gmt":"2023-04-14T00:00:00","guid":{"rendered":"https:\/\/www.callandplay.com\/fender-jaguar-vintera-6os-pf-ocean-turquoise\/"},"modified":"2026-04-15T20:54:15","modified_gmt":"2026-04-15T20:54:15","slug":"fender-jaguar-vintera-6os-pf-ocean-turquoise","status":"publish","type":"product","link":"https:\/\/www.callandplay.com\/fr\/fender-jaguar-vintera-6os-pf-ocean-turquoise\/","title":{"rendered":"FENDER JAGUAR VINTERA 6O&#8217;S PF OCEAN TURQUOISE"},"content":{"rendered":"<p>La guitarra Vintera 60 Jaguar reproduce las caracter\u00edsticas que definieron la d\u00e9cada de los 60, incluido el perfil y la sensaci\u00f3n del m\u00e1stil, junto con las pastillas, y que hicieron de la Jaguar una leyenda. Destacamos el par de pastillas Jaguar de bobina simple para que se comporten m\u00e1s como las originales, por supuesto con la base de metal. La pastilla del m\u00e1stil c\u00e1lida y de sonido suave se equilibra con la pastilla del puente m\u00e1s n\u00edtida y agresiva. El m\u00e1stil en forma de C de \u00abmediados de los 60&#8243; tiene un diapas\u00f3n de arce de 7,25\u00bb de radio con 22 trastes de estilo vintage para una sensaci\u00f3n cl\u00e1sica. Un tr\u00e9molo flotante de estilo vintage y un puente Jaguar y un clavijero de estilo vintage brindan una est\u00e9tica original y s\u00f3lida, y estabilidad de afinaci\u00f3n. <\/p>","protected":false},"excerpt":{"rendered":"<p>La guitarra Vintera 60 Jaguar reproduce las caracter\u00edsticas que definieron la d\u00e9cada de los 60, incluido el perfil y la sensaci\u00f3n del m\u00e1stil, junto con las pastillas, y que hicieron de la Jaguar una leyenda. Destacamos el par de pastillas Jaguar de bobina simple para que se comporten m\u00e1s como las originales, por supuesto con la base de metal. La pastilla del m\u00e1stil c\u00e1lida y de sonido suave se equilibra con la pastilla del puente m\u00e1s n\u00edtida y agresiva. El m\u00e1stil en forma de C de \u00abmediados de los 60&#8243; tiene un diapas\u00f3n de arce de 7,25\u00bb de radio con 22 trastes de estilo vintage para una sensaci\u00f3n cl\u00e1sica. Un tr\u00e9molo flotante de estilo vintage y un puente Jaguar y un clavijero de estilo vintage brindan una est\u00e9tica original y s\u00f3lida, y estabilidad de afinaci\u00f3n. <\/p>","protected":false},"featured_media":0,"comment_status":"closed","ping_status":"closed","template":"","meta":{"_acf_changed":false,"om_disable_all_campaigns":false,"_monsterinsights_skip_tracking":false,"_monsterinsights_sitenote_active":false,"_monsterinsights_sitenote_note":"","_monsterinsights_sitenote_category":0},"product_brand":[],"product_cat":[1055],"product_tag":[],"class_list":{"0":"post-53144","1":"product","2":"type-product","3":"status-publish","5":"product_cat-guitarras-electricas-cuerpo-solido","7":"first","8":"instock","9":"shipping-taxable","10":"purchasable","11":"product-type-simple"},"acf":[],"yoast_head":"<!-- This site is optimized with the Yoast SEO plugin v27.4 - https:\/\/yoast.com\/product\/yoast-seo-wordpress\/ -->\n<title>FENDER JAGUAR VINTERA 6O&#039;S PF OCEAN TURQUOISE - Call&amp;Play<\/title>\n<meta name=\"robots\" content=\"index, follow, max-snippet:-1, max-image-preview:large, max-video-preview:-1\" \/>\n<link rel=\"canonical\" href=\"https:\/\/www.callandplay.com\/fr\/fender-jaguar-vintera-6os-pf-ocean-turquoise\/\" \/>\n<meta property=\"og:locale\" content=\"fr_FR\" \/>\n<meta property=\"og:type\" content=\"article\" \/>\n<meta property=\"og:title\" content=\"FENDER JAGUAR VINTERA 6O&#039;S PF OCEAN TURQUOISE - Call&amp;Play\" \/>\n<meta property=\"og:description\" content=\"La guitarra Vintera 60 Jaguar reproduce las caracter\u00edsticas que definieron la d\u00e9cada de los 60, incluido el perfil y la sensaci\u00f3n del m\u00e1stil, junto con las pastillas, y que hicieron de la Jaguar una leyenda. Destacamos el par de pastillas Jaguar de bobina simple para que se comporten m\u00e1s como las originales, por supuesto con la base de metal. La pastilla del m\u00e1stil c\u00e1lida y de sonido suave se equilibra con la pastilla del puente m\u00e1s n\u00edtida y agresiva. El m\u00e1stil en forma de C de &quot;mediados de los 60&quot; tiene un diapas\u00f3n de arce de 7,25&quot; de radio con 22 trastes de estilo vintage para una sensaci\u00f3n cl\u00e1sica. Un tr\u00e9molo flotante de estilo vintage y un puente Jaguar y un clavijero de estilo vintage brindan una est\u00e9tica original y s\u00f3lida, y estabilidad de afinaci\u00f3n.\" \/>\n<meta property=\"og:url\" content=\"https:\/\/www.callandplay.com\/fr\/fender-jaguar-vintera-6os-pf-ocean-turquoise\/\" \/>\n<meta property=\"og:site_name\" content=\"Call&amp;Play\" \/>\n<meta property=\"article:publisher\" content=\"https:\/\/www.facebook.com\/callandplay\" \/>\n<meta property=\"article:modified_time\" content=\"2026-04-15T20:54:15+00:00\" \/>\n<meta name=\"twitter:card\" content=\"summary_large_image\" \/>\n<meta name=\"twitter:label1\" content=\"Dur\u00e9e de lecture estim\u00e9e\" \/>\n\t<meta name=\"twitter:data1\" content=\"1 minute\" \/>\n<script type=\"application\/ld+json\" class=\"yoast-schema-graph\">{\"@context\":\"https:\\\/\\\/schema.org\",\"@graph\":[{\"@type\":\"WebPage\",\"@id\":\"https:\\\/\\\/www.callandplay.com\\\/fender-jaguar-vintera-6os-pf-ocean-turquoise\\\/\",\"url\":\"https:\\\/\\\/www.callandplay.com\\\/fender-jaguar-vintera-6os-pf-ocean-turquoise\\\/\",\"name\":\"FENDER JAGUAR VINTERA 6O'S PF OCEAN TURQUOISE - Call&amp;Play\",\"isPartOf\":{\"@id\":\"https:\\\/\\\/www.callandplay.com\\\/#website\"},\"datePublished\":\"2023-04-14T00:00:00+00:00\",\"dateModified\":\"2026-04-15T20:54:15+00:00\",\"breadcrumb\":{\"@id\":\"https:\\\/\\\/www.callandplay.com\\\/fender-jaguar-vintera-6os-pf-ocean-turquoise\\\/#breadcrumb\"},\"inLanguage\":\"fr-FR\",\"potentialAction\":[{\"@type\":\"ReadAction\",\"target\":[\"https:\\\/\\\/www.callandplay.com\\\/fender-jaguar-vintera-6os-pf-ocean-turquoise\\\/\"]}]},{\"@type\":\"BreadcrumbList\",\"@id\":\"https:\\\/\\\/www.callandplay.com\\\/fender-jaguar-vintera-6os-pf-ocean-turquoise\\\/#breadcrumb\",\"itemListElement\":[{\"@type\":\"ListItem\",\"position\":1,\"name\":\"Portada\",\"item\":\"https:\\\/\\\/www.callandplay.com\\\/\"},{\"@type\":\"ListItem\",\"position\":2,\"name\":\"Tienda\",\"item\":\"https:\\\/\\\/www.callandplay.com\\\/tienda\\\/\"},{\"@type\":\"ListItem\",\"position\":3,\"name\":\"FENDER JAGUAR VINTERA 6O&#8217;S PF OCEAN TURQUOISE\"}]},{\"@type\":\"WebSite\",\"@id\":\"https:\\\/\\\/www.callandplay.com\\\/#website\",\"url\":\"https:\\\/\\\/www.callandplay.com\\\/\",\"name\":\"Call&amp;Play\",\"description\":\"Alquiler de backline e instrumentos musicales\",\"publisher\":{\"@id\":\"https:\\\/\\\/www.callandplay.com\\\/#organization\"},\"potentialAction\":[{\"@type\":\"SearchAction\",\"target\":{\"@type\":\"EntryPoint\",\"urlTemplate\":\"https:\\\/\\\/www.callandplay.com\\\/?s={search_term_string}\"},\"query-input\":{\"@type\":\"PropertyValueSpecification\",\"valueRequired\":true,\"valueName\":\"search_term_string\"}}],\"inLanguage\":\"fr-FR\"},{\"@type\":\"Organization\",\"@id\":\"https:\\\/\\\/www.callandplay.com\\\/#organization\",\"name\":\"Call&Play\",\"url\":\"https:\\\/\\\/www.callandplay.com\\\/\",\"logo\":{\"@type\":\"ImageObject\",\"inLanguage\":\"fr-FR\",\"@id\":\"https:\\\/\\\/www.callandplay.com\\\/#\\\/schema\\\/logo\\\/image\\\/\",\"url\":\"https:\\\/\\\/www.callandplay.com\\\/wp-content\\\/uploads\\\/2021\\\/06\\\/cropped-cropped-logo-black_con_sombra.png\",\"contentUrl\":\"https:\\\/\\\/www.callandplay.com\\\/wp-content\\\/uploads\\\/2021\\\/06\\\/cropped-cropped-logo-black_con_sombra.png\",\"width\":512,\"height\":512,\"caption\":\"Call&Play\"},\"image\":{\"@id\":\"https:\\\/\\\/www.callandplay.com\\\/#\\\/schema\\\/logo\\\/image\\\/\"},\"sameAs\":[\"https:\\\/\\\/www.facebook.com\\\/callandplay\",\"https:\\\/\\\/www.instagram.com\\\/call_and_play\\\/\"]}]}<\/script>\n<!-- \/ Yoast SEO plugin. -->","yoast_head_json":{"title":"FENDER JAGUAR VINTERA 6O'S PF OCEAN TURQUOISE - Call&amp;Play","robots":{"index":"index","follow":"follow","max-snippet":"max-snippet:-1","max-image-preview":"max-image-preview:large","max-video-preview":"max-video-preview:-1"},"canonical":"https:\/\/www.callandplay.com\/fr\/fender-jaguar-vintera-6os-pf-ocean-turquoise\/","og_locale":"fr_FR","og_type":"article","og_title":"FENDER JAGUAR VINTERA 6O'S PF OCEAN TURQUOISE - Call&amp;Play","og_description":"La guitarra Vintera 60 Jaguar reproduce las caracter\u00edsticas que definieron la d\u00e9cada de los 60, incluido el perfil y la sensaci\u00f3n del m\u00e1stil, junto con las pastillas, y que hicieron de la Jaguar una leyenda. Destacamos el par de pastillas Jaguar de bobina simple para que se comporten m\u00e1s como las originales, por supuesto con la base de metal. La pastilla del m\u00e1stil c\u00e1lida y de sonido suave se equilibra con la pastilla del puente m\u00e1s n\u00edtida y agresiva. El m\u00e1stil en forma de C de \"mediados de los 60\" tiene un diapas\u00f3n de arce de 7,25\" de radio con 22 trastes de estilo vintage para una sensaci\u00f3n cl\u00e1sica. Un tr\u00e9molo flotante de estilo vintage y un puente Jaguar y un clavijero de estilo vintage brindan una est\u00e9tica original y s\u00f3lida, y estabilidad de afinaci\u00f3n.","og_url":"https:\/\/www.callandplay.com\/fr\/fender-jaguar-vintera-6os-pf-ocean-turquoise\/","og_site_name":"Call&amp;Play","article_publisher":"https:\/\/www.facebook.com\/callandplay","article_modified_time":"2026-04-15T20:54:15+00:00","twitter_card":"summary_large_image","twitter_misc":{"Dur\u00e9e de lecture estim\u00e9e":"1 minute"},"schema":{"@context":"https:\/\/schema.org","@graph":[{"@type":"WebPage","@id":"https:\/\/www.callandplay.com\/fender-jaguar-vintera-6os-pf-ocean-turquoise\/","url":"https:\/\/www.callandplay.com\/fender-jaguar-vintera-6os-pf-ocean-turquoise\/","name":"FENDER JAGUAR VINTERA 6O'S PF OCEAN TURQUOISE - Call&amp;Play","isPartOf":{"@id":"https:\/\/www.callandplay.com\/#website"},"datePublished":"2023-04-14T00:00:00+00:00","dateModified":"2026-04-15T20:54:15+00:00","breadcrumb":{"@id":"https:\/\/www.callandplay.com\/fender-jaguar-vintera-6os-pf-ocean-turquoise\/#breadcrumb"},"inLanguage":"fr-FR","potentialAction":[{"@type":"ReadAction","target":["https:\/\/www.callandplay.com\/fender-jaguar-vintera-6os-pf-ocean-turquoise\/"]}]},{"@type":"BreadcrumbList","@id":"https:\/\/www.callandplay.com\/fender-jaguar-vintera-6os-pf-ocean-turquoise\/#breadcrumb","itemListElement":[{"@type":"ListItem","position":1,"name":"Portada","item":"https:\/\/www.callandplay.com\/"},{"@type":"ListItem","position":2,"name":"Tienda","item":"https:\/\/www.callandplay.com\/tienda\/"},{"@type":"ListItem","position":3,"name":"FENDER JAGUAR VINTERA 6O&#8217;S PF OCEAN TURQUOISE"}]},{"@type":"WebSite","@id":"https:\/\/www.callandplay.com\/#website","url":"https:\/\/www.callandplay.com\/","name":"Call&amp;Play","description":"Alquiler de backline e instrumentos musicales","publisher":{"@id":"https:\/\/www.callandplay.com\/#organization"},"potentialAction":[{"@type":"SearchAction","target":{"@type":"EntryPoint","urlTemplate":"https:\/\/www.callandplay.com\/?s={search_term_string}"},"query-input":{"@type":"PropertyValueSpecification","valueRequired":true,"valueName":"search_term_string"}}],"inLanguage":"fr-FR"},{"@type":"Organization","@id":"https:\/\/www.callandplay.com\/#organization","name":"Call&Play","url":"https:\/\/www.callandplay.com\/","logo":{"@type":"ImageObject","inLanguage":"fr-FR","@id":"https:\/\/www.callandplay.com\/#\/schema\/logo\/image\/","url":"https:\/\/www.callandplay.com\/wp-content\/uploads\/2021\/06\/cropped-cropped-logo-black_con_sombra.png","contentUrl":"https:\/\/www.callandplay.com\/wp-content\/uploads\/2021\/06\/cropped-cropped-logo-black_con_sombra.png","width":512,"height":512,"caption":"Call&Play"},"image":{"@id":"https:\/\/www.callandplay.com\/#\/schema\/logo\/image\/"},"sameAs":["https:\/\/www.facebook.com\/callandplay","https:\/\/www.instagram.com\/call_and_play\/"]}]}},"_links":{"self":[{"href":"https:\/\/www.callandplay.com\/fr\/wp-json\/wp\/v2\/product\/53144","targetHints":{"allow":["GET"]}}],"collection":[{"href":"https:\/\/www.callandplay.com\/fr\/wp-json\/wp\/v2\/product"}],"about":[{"href":"https:\/\/www.callandplay.com\/fr\/wp-json\/wp\/v2\/types\/product"}],"replies":[{"embeddable":true,"href":"https:\/\/www.callandplay.com\/fr\/wp-json\/wp\/v2\/comments?post=53144"}],"version-history":[{"count":1,"href":"https:\/\/www.callandplay.com\/fr\/wp-json\/wp\/v2\/product\/53144\/revisions"}],"predecessor-version":[{"id":55954,"href":"https:\/\/www.callandplay.com\/fr\/wp-json\/wp\/v2\/product\/53144\/revisions\/55954"}],"wp:attachment":[{"href":"https:\/\/www.callandplay.com\/fr\/wp-json\/wp\/v2\/media?parent=53144"}],"wp:term":[{"taxonomy":"product_brand","embeddable":true,"href":"https:\/\/www.callandplay.com\/fr\/wp-json\/wp\/v2\/product_brand?post=53144"},{"taxonomy":"product_cat","embeddable":true,"href":"https:\/\/www.callandplay.com\/fr\/wp-json\/wp\/v2\/product_cat?post=53144"},{"taxonomy":"product_tag","embeddable":true,"href":"https:\/\/www.callandplay.com\/fr\/wp-json\/wp\/v2\/product_tag?post=53144"}],"curies":[{"name":"wp","href":"https:\/\/api.w.org\/{rel}","templated":true}]}}