{"id":53170,"date":"2024-05-18T00:00:00","date_gmt":"2024-05-18T00:00:00","guid":{"rendered":"https:\/\/www.callandplay.com\/yamaha-bb434-electric-bass-teal-blue\/"},"modified":"2026-04-02T21:02:31","modified_gmt":"2026-04-02T21:02:31","slug":"yamaha-bb434-electric-bass-teal-blue","status":"publish","type":"product","link":"https:\/\/www.callandplay.com\/fr\/yamaha-bb434-electric-bass-teal-blue\/","title":{"rendered":"YAMAHA BB434 ELECTRIC BASS TEAL BLUE"},"content":{"rendered":"<p>Bajo el\u00e9ctrico de cuatro cuerdas de la gama BB 400 que contin\u00faa la tradici\u00f3n de alta calidad de construcci\u00f3n y sonido con personalidad propia de la serie BB que tantos elogios ha cosechado a lo largo de sus cuarenta a\u00f1os de historia. Cuerpo de aliso. M\u00e1stil de 5 piezas de arce\/caoba. Diapas\u00f3n de palisandro (Dalbergia Latifolia). 21 trastes medium. Escala larga de 864 mm. 1 pastilla &#8216;Split&#8217; de bobina simple y 1 pastilla &#8216;Bar&#8217; de bobina simple. Las pastillas con imanes de alnico est\u00e1n bobinadas para entregar el cl\u00e1sico tono vintage BB, pero han sido ligeramente actualizadas para dotarlas de un punto de brillo extra pensando en que destaquen en la mezcla cuando se toca en directo.. Herrajes Yamaha de cromo. Color Teal Blue (azul turquesa).<\/p>","protected":false},"excerpt":{"rendered":"<p>Bajo el\u00e9ctrico de cuatro cuerdas de la gama BB 400 que contin\u00faa la tradici\u00f3n de alta calidad de construcci\u00f3n y sonido con personalidad propia de la serie BB que tantos elogios ha cosechado a lo largo de sus cuarenta a\u00f1os de historia. Cuerpo de aliso. M\u00e1stil de 5 piezas de arce\/caoba. Diapas\u00f3n de palisandro (Dalbergia Latifolia). 21 trastes medium. Escala larga de 864 mm. 1 pastilla &#8216;Split&#8217; de bobina simple y 1 pastilla &#8216;Bar&#8217; de bobina simple. Las pastillas con imanes de alnico est\u00e1n bobinadas para entregar el cl\u00e1sico tono vintage BB, pero han sido ligeramente actualizadas para dotarlas de un punto de brillo extra pensando en que destaquen en la mezcla cuando se toca en directo.. Herrajes Yamaha de cromo. Color Teal Blue (azul turquesa).<\/p>","protected":false},"featured_media":0,"comment_status":"closed","ping_status":"closed","template":"","meta":{"_acf_changed":false,"om_disable_all_campaigns":false,"_monsterinsights_skip_tracking":false,"_monsterinsights_sitenote_active":false,"_monsterinsights_sitenote_note":"","_monsterinsights_sitenote_category":0},"product_brand":[],"product_cat":[1065],"product_tag":[],"class_list":{"0":"post-53170","1":"product","2":"type-product","3":"status-publish","5":"product_cat-bajos-electricos-4-cuerdas","7":"first","8":"instock","9":"shipping-taxable","10":"purchasable","11":"product-type-simple"},"acf":[],"yoast_head":"<!-- This site is optimized with the Yoast SEO plugin v27.3 - https:\/\/yoast.com\/product\/yoast-seo-wordpress\/ -->\n<title>YAMAHA BB434 ELECTRIC BASS TEAL BLUE - Call&amp;Play<\/title>\n<meta name=\"robots\" content=\"index, follow, max-snippet:-1, max-image-preview:large, max-video-preview:-1\" \/>\n<link rel=\"canonical\" href=\"https:\/\/www.callandplay.com\/fr\/yamaha-bb434-electric-bass-teal-blue\/\" \/>\n<meta property=\"og:locale\" content=\"fr_FR\" \/>\n<meta property=\"og:type\" content=\"article\" \/>\n<meta property=\"og:title\" content=\"YAMAHA BB434 ELECTRIC BASS TEAL BLUE - Call&amp;Play\" \/>\n<meta property=\"og:description\" content=\"Bajo el\u00e9ctrico de cuatro cuerdas de la gama BB 400 que contin\u00faa la tradici\u00f3n de alta calidad de construcci\u00f3n y sonido con personalidad propia de la serie BB que tantos elogios ha cosechado a lo largo de sus cuarenta a\u00f1os de historia. Cuerpo de aliso. M\u00e1stil de 5 piezas de arce\/caoba. Diapas\u00f3n de palisandro (Dalbergia Latifolia). 21 trastes medium. Escala larga de 864 mm. 1 pastilla &#039;Split&#039; de bobina simple y 1 pastilla &#039;Bar&#039; de bobina simple. Las pastillas con imanes de alnico est\u00e1n bobinadas para entregar el cl\u00e1sico tono vintage BB, pero han sido ligeramente actualizadas para dotarlas de un punto de brillo extra pensando en que destaquen en la mezcla cuando se toca en directo.. Herrajes Yamaha de cromo. Color Teal Blue (azul turquesa).\" \/>\n<meta property=\"og:url\" content=\"https:\/\/www.callandplay.com\/fr\/yamaha-bb434-electric-bass-teal-blue\/\" \/>\n<meta property=\"og:site_name\" content=\"Call&amp;Play\" \/>\n<meta property=\"article:publisher\" content=\"https:\/\/www.facebook.com\/callandplay\" \/>\n<meta property=\"article:modified_time\" content=\"2026-04-02T21:02:31+00:00\" \/>\n<meta name=\"twitter:card\" content=\"summary_large_image\" \/>\n<meta name=\"twitter:label1\" content=\"Dur\u00e9e de lecture estim\u00e9e\" \/>\n\t<meta name=\"twitter:data1\" content=\"1 minute\" \/>\n<script type=\"application\/ld+json\" class=\"yoast-schema-graph\">{\"@context\":\"https:\\\/\\\/schema.org\",\"@graph\":[{\"@type\":\"WebPage\",\"@id\":\"https:\\\/\\\/www.callandplay.com\\\/yamaha-bb434-electric-bass-teal-blue\\\/\",\"url\":\"https:\\\/\\\/www.callandplay.com\\\/yamaha-bb434-electric-bass-teal-blue\\\/\",\"name\":\"YAMAHA BB434 ELECTRIC BASS TEAL BLUE - Call&amp;Play\",\"isPartOf\":{\"@id\":\"https:\\\/\\\/www.callandplay.com\\\/#website\"},\"datePublished\":\"2024-05-18T00:00:00+00:00\",\"dateModified\":\"2026-04-02T21:02:31+00:00\",\"breadcrumb\":{\"@id\":\"https:\\\/\\\/www.callandplay.com\\\/yamaha-bb434-electric-bass-teal-blue\\\/#breadcrumb\"},\"inLanguage\":\"fr-FR\",\"potentialAction\":[{\"@type\":\"ReadAction\",\"target\":[\"https:\\\/\\\/www.callandplay.com\\\/yamaha-bb434-electric-bass-teal-blue\\\/\"]}]},{\"@type\":\"BreadcrumbList\",\"@id\":\"https:\\\/\\\/www.callandplay.com\\\/yamaha-bb434-electric-bass-teal-blue\\\/#breadcrumb\",\"itemListElement\":[{\"@type\":\"ListItem\",\"position\":1,\"name\":\"Portada\",\"item\":\"https:\\\/\\\/www.callandplay.com\\\/\"},{\"@type\":\"ListItem\",\"position\":2,\"name\":\"Tienda\",\"item\":\"https:\\\/\\\/www.callandplay.com\\\/tienda\\\/\"},{\"@type\":\"ListItem\",\"position\":3,\"name\":\"YAMAHA BB434 ELECTRIC BASS TEAL BLUE\"}]},{\"@type\":\"WebSite\",\"@id\":\"https:\\\/\\\/www.callandplay.com\\\/#website\",\"url\":\"https:\\\/\\\/www.callandplay.com\\\/\",\"name\":\"Call&amp;Play\",\"description\":\"Alquiler de backline e instrumentos musicales\",\"publisher\":{\"@id\":\"https:\\\/\\\/www.callandplay.com\\\/#organization\"},\"potentialAction\":[{\"@type\":\"SearchAction\",\"target\":{\"@type\":\"EntryPoint\",\"urlTemplate\":\"https:\\\/\\\/www.callandplay.com\\\/?s={search_term_string}\"},\"query-input\":{\"@type\":\"PropertyValueSpecification\",\"valueRequired\":true,\"valueName\":\"search_term_string\"}}],\"inLanguage\":\"fr-FR\"},{\"@type\":\"Organization\",\"@id\":\"https:\\\/\\\/www.callandplay.com\\\/#organization\",\"name\":\"Call&Play\",\"url\":\"https:\\\/\\\/www.callandplay.com\\\/\",\"logo\":{\"@type\":\"ImageObject\",\"inLanguage\":\"fr-FR\",\"@id\":\"https:\\\/\\\/www.callandplay.com\\\/#\\\/schema\\\/logo\\\/image\\\/\",\"url\":\"https:\\\/\\\/www.callandplay.com\\\/wp-content\\\/uploads\\\/2021\\\/06\\\/cropped-cropped-logo-black_con_sombra.png\",\"contentUrl\":\"https:\\\/\\\/www.callandplay.com\\\/wp-content\\\/uploads\\\/2021\\\/06\\\/cropped-cropped-logo-black_con_sombra.png\",\"width\":512,\"height\":512,\"caption\":\"Call&Play\"},\"image\":{\"@id\":\"https:\\\/\\\/www.callandplay.com\\\/#\\\/schema\\\/logo\\\/image\\\/\"},\"sameAs\":[\"https:\\\/\\\/www.facebook.com\\\/callandplay\",\"https:\\\/\\\/www.instagram.com\\\/call_and_play\\\/\"]}]}<\/script>\n<!-- \/ Yoast SEO plugin. -->","yoast_head_json":{"title":"YAMAHA BB434 ELECTRIC BASS TEAL BLUE - Call&amp;Play","robots":{"index":"index","follow":"follow","max-snippet":"max-snippet:-1","max-image-preview":"max-image-preview:large","max-video-preview":"max-video-preview:-1"},"canonical":"https:\/\/www.callandplay.com\/fr\/yamaha-bb434-electric-bass-teal-blue\/","og_locale":"fr_FR","og_type":"article","og_title":"YAMAHA BB434 ELECTRIC BASS TEAL BLUE - Call&amp;Play","og_description":"Bajo el\u00e9ctrico de cuatro cuerdas de la gama BB 400 que contin\u00faa la tradici\u00f3n de alta calidad de construcci\u00f3n y sonido con personalidad propia de la serie BB que tantos elogios ha cosechado a lo largo de sus cuarenta a\u00f1os de historia. Cuerpo de aliso. M\u00e1stil de 5 piezas de arce\/caoba. Diapas\u00f3n de palisandro (Dalbergia Latifolia). 21 trastes medium. Escala larga de 864 mm. 1 pastilla 'Split' de bobina simple y 1 pastilla 'Bar' de bobina simple. Las pastillas con imanes de alnico est\u00e1n bobinadas para entregar el cl\u00e1sico tono vintage BB, pero han sido ligeramente actualizadas para dotarlas de un punto de brillo extra pensando en que destaquen en la mezcla cuando se toca en directo.. Herrajes Yamaha de cromo. Color Teal Blue (azul turquesa).","og_url":"https:\/\/www.callandplay.com\/fr\/yamaha-bb434-electric-bass-teal-blue\/","og_site_name":"Call&amp;Play","article_publisher":"https:\/\/www.facebook.com\/callandplay","article_modified_time":"2026-04-02T21:02:31+00:00","twitter_card":"summary_large_image","twitter_misc":{"Dur\u00e9e de lecture estim\u00e9e":"1 minute"},"schema":{"@context":"https:\/\/schema.org","@graph":[{"@type":"WebPage","@id":"https:\/\/www.callandplay.com\/yamaha-bb434-electric-bass-teal-blue\/","url":"https:\/\/www.callandplay.com\/yamaha-bb434-electric-bass-teal-blue\/","name":"YAMAHA BB434 ELECTRIC BASS TEAL BLUE - Call&amp;Play","isPartOf":{"@id":"https:\/\/www.callandplay.com\/#website"},"datePublished":"2024-05-18T00:00:00+00:00","dateModified":"2026-04-02T21:02:31+00:00","breadcrumb":{"@id":"https:\/\/www.callandplay.com\/yamaha-bb434-electric-bass-teal-blue\/#breadcrumb"},"inLanguage":"fr-FR","potentialAction":[{"@type":"ReadAction","target":["https:\/\/www.callandplay.com\/yamaha-bb434-electric-bass-teal-blue\/"]}]},{"@type":"BreadcrumbList","@id":"https:\/\/www.callandplay.com\/yamaha-bb434-electric-bass-teal-blue\/#breadcrumb","itemListElement":[{"@type":"ListItem","position":1,"name":"Portada","item":"https:\/\/www.callandplay.com\/"},{"@type":"ListItem","position":2,"name":"Tienda","item":"https:\/\/www.callandplay.com\/tienda\/"},{"@type":"ListItem","position":3,"name":"YAMAHA BB434 ELECTRIC BASS TEAL BLUE"}]},{"@type":"WebSite","@id":"https:\/\/www.callandplay.com\/#website","url":"https:\/\/www.callandplay.com\/","name":"Call&amp;Play","description":"Alquiler de backline e instrumentos musicales","publisher":{"@id":"https:\/\/www.callandplay.com\/#organization"},"potentialAction":[{"@type":"SearchAction","target":{"@type":"EntryPoint","urlTemplate":"https:\/\/www.callandplay.com\/?s={search_term_string}"},"query-input":{"@type":"PropertyValueSpecification","valueRequired":true,"valueName":"search_term_string"}}],"inLanguage":"fr-FR"},{"@type":"Organization","@id":"https:\/\/www.callandplay.com\/#organization","name":"Call&Play","url":"https:\/\/www.callandplay.com\/","logo":{"@type":"ImageObject","inLanguage":"fr-FR","@id":"https:\/\/www.callandplay.com\/#\/schema\/logo\/image\/","url":"https:\/\/www.callandplay.com\/wp-content\/uploads\/2021\/06\/cropped-cropped-logo-black_con_sombra.png","contentUrl":"https:\/\/www.callandplay.com\/wp-content\/uploads\/2021\/06\/cropped-cropped-logo-black_con_sombra.png","width":512,"height":512,"caption":"Call&Play"},"image":{"@id":"https:\/\/www.callandplay.com\/#\/schema\/logo\/image\/"},"sameAs":["https:\/\/www.facebook.com\/callandplay","https:\/\/www.instagram.com\/call_and_play\/"]}]}},"_links":{"self":[{"href":"https:\/\/www.callandplay.com\/fr\/wp-json\/wp\/v2\/product\/53170","targetHints":{"allow":["GET"]}}],"collection":[{"href":"https:\/\/www.callandplay.com\/fr\/wp-json\/wp\/v2\/product"}],"about":[{"href":"https:\/\/www.callandplay.com\/fr\/wp-json\/wp\/v2\/types\/product"}],"replies":[{"embeddable":true,"href":"https:\/\/www.callandplay.com\/fr\/wp-json\/wp\/v2\/comments?post=53170"}],"version-history":[{"count":1,"href":"https:\/\/www.callandplay.com\/fr\/wp-json\/wp\/v2\/product\/53170\/revisions"}],"predecessor-version":[{"id":55980,"href":"https:\/\/www.callandplay.com\/fr\/wp-json\/wp\/v2\/product\/53170\/revisions\/55980"}],"wp:attachment":[{"href":"https:\/\/www.callandplay.com\/fr\/wp-json\/wp\/v2\/media?parent=53170"}],"wp:term":[{"taxonomy":"product_brand","embeddable":true,"href":"https:\/\/www.callandplay.com\/fr\/wp-json\/wp\/v2\/product_brand?post=53170"},{"taxonomy":"product_cat","embeddable":true,"href":"https:\/\/www.callandplay.com\/fr\/wp-json\/wp\/v2\/product_cat?post=53170"},{"taxonomy":"product_tag","embeddable":true,"href":"https:\/\/www.callandplay.com\/fr\/wp-json\/wp\/v2\/product_tag?post=53170"}],"curies":[{"name":"wp","href":"https:\/\/api.w.org\/{rel}","templated":true}]}}