{"id":53299,"date":"2024-07-18T00:00:00","date_gmt":"2024-07-18T00:00:00","guid":{"rendered":"https:\/\/www.callandplay.com\/chauvet-gobo-zoom-usb\/"},"modified":"2026-04-16T20:46:06","modified_gmt":"2026-04-16T20:46:06","slug":"chauvet-gobo-zoom-usb","status":"publish","type":"product","link":"https:\/\/www.callandplay.com\/fr\/chauvet-gobo-zoom-usb\/","title":{"rendered":"CHAUVET GOBO ZOOM USB"},"content":{"rendered":"<p>Emociona a los invitados del evento con logotipos, \u00edconos y otros dise\u00f1os personalizados con Gobo Zoom 2, un proyector de gobos personalizado de alta potencia con un potente LED de 70 W. El posicionamiento adecuado de los gobos es f\u00e1cil con una innovadora perilla de rotaci\u00f3n manual que permite una indexaci\u00f3n r\u00e1pida sin quitar los gobos. Gobo Zoom 2 viene con 10 gobos de celebraciones populares y zoom manual para aplicaciones de corto o largo alcance, lo que lo hace vers\u00e1til y conveniente. La comodidad no se detiene ah\u00ed. Se puede acceder a la mayor\u00eda de las funciones con un control remoto IRC-6  y el tiempo de configuraci\u00f3n se puede reducir conectando varias unidades.<\/p>","protected":false},"excerpt":{"rendered":"<p>Emociona a los invitados del evento con logotipos, \u00edconos y otros dise\u00f1os personalizados con Gobo Zoom 2, un proyector de gobos personalizado de alta potencia con un potente LED de 70 W. El posicionamiento adecuado de los gobos es f\u00e1cil con una innovadora perilla de rotaci\u00f3n manual que permite una indexaci\u00f3n r\u00e1pida sin quitar los gobos. Gobo Zoom 2 viene con 10 gobos de celebraciones populares y zoom manual para aplicaciones de corto o largo alcance, lo que lo hace vers\u00e1til y conveniente. La comodidad no se detiene ah\u00ed. Se puede acceder a la mayor\u00eda de las funciones con un control remoto IRC-6  y el tiempo de configuraci\u00f3n se puede reducir conectando varias unidades.<\/p>","protected":false},"featured_media":0,"comment_status":"closed","ping_status":"closed","template":"","meta":{"_acf_changed":false,"om_disable_all_campaigns":false,"_monsterinsights_skip_tracking":false,"_monsterinsights_sitenote_active":false,"_monsterinsights_sitenote_note":"","_monsterinsights_sitenote_category":0},"product_brand":[],"product_cat":[990],"product_tag":[],"class_list":{"0":"post-53299","1":"product","2":"type-product","3":"status-publish","5":"product_cat-iluminacion-especial-y-efectos","7":"first","8":"instock","9":"shipping-taxable","10":"purchasable","11":"product-type-simple"},"acf":[],"yoast_head":"<!-- This site is optimized with the Yoast SEO plugin v27.4 - https:\/\/yoast.com\/product\/yoast-seo-wordpress\/ -->\n<title>CHAUVET GOBO ZOOM USB - Call&amp;Play<\/title>\n<meta name=\"robots\" content=\"index, follow, max-snippet:-1, max-image-preview:large, max-video-preview:-1\" \/>\n<link rel=\"canonical\" href=\"https:\/\/www.callandplay.com\/fr\/chauvet-gobo-zoom-usb\/\" \/>\n<meta property=\"og:locale\" content=\"fr_FR\" \/>\n<meta property=\"og:type\" content=\"article\" \/>\n<meta property=\"og:title\" content=\"CHAUVET GOBO ZOOM USB - Call&amp;Play\" \/>\n<meta property=\"og:description\" content=\"Emociona a los invitados del evento con logotipos, \u00edconos y otros dise\u00f1os personalizados con Gobo Zoom 2, un proyector de gobos personalizado de alta potencia con un potente LED de 70 W. El posicionamiento adecuado de los gobos es f\u00e1cil con una innovadora perilla de rotaci\u00f3n manual que permite una indexaci\u00f3n r\u00e1pida sin quitar los gobos. Gobo Zoom 2 viene con 10 gobos de celebraciones populares y zoom manual para aplicaciones de corto o largo alcance, lo que lo hace vers\u00e1til y conveniente. La comodidad no se detiene ah\u00ed. Se puede acceder a la mayor\u00eda de las funciones con un control remoto IRC-6 y el tiempo de configuraci\u00f3n se puede reducir conectando varias unidades.\" \/>\n<meta property=\"og:url\" content=\"https:\/\/www.callandplay.com\/fr\/chauvet-gobo-zoom-usb\/\" \/>\n<meta property=\"og:site_name\" content=\"Call&amp;Play\" \/>\n<meta property=\"article:publisher\" content=\"https:\/\/www.facebook.com\/callandplay\" \/>\n<meta property=\"article:modified_time\" content=\"2026-04-16T20:46:06+00:00\" \/>\n<meta name=\"twitter:card\" content=\"summary_large_image\" \/>\n<meta name=\"twitter:label1\" content=\"Dur\u00e9e de lecture estim\u00e9e\" \/>\n\t<meta name=\"twitter:data1\" content=\"1 minute\" \/>\n<script type=\"application\/ld+json\" class=\"yoast-schema-graph\">{\"@context\":\"https:\\\/\\\/schema.org\",\"@graph\":[{\"@type\":\"WebPage\",\"@id\":\"https:\\\/\\\/www.callandplay.com\\\/chauvet-gobo-zoom-usb\\\/\",\"url\":\"https:\\\/\\\/www.callandplay.com\\\/chauvet-gobo-zoom-usb\\\/\",\"name\":\"CHAUVET GOBO ZOOM USB - Call&amp;Play\",\"isPartOf\":{\"@id\":\"https:\\\/\\\/www.callandplay.com\\\/#website\"},\"datePublished\":\"2024-07-18T00:00:00+00:00\",\"dateModified\":\"2026-04-16T20:46:06+00:00\",\"breadcrumb\":{\"@id\":\"https:\\\/\\\/www.callandplay.com\\\/chauvet-gobo-zoom-usb\\\/#breadcrumb\"},\"inLanguage\":\"fr-FR\",\"potentialAction\":[{\"@type\":\"ReadAction\",\"target\":[\"https:\\\/\\\/www.callandplay.com\\\/chauvet-gobo-zoom-usb\\\/\"]}]},{\"@type\":\"BreadcrumbList\",\"@id\":\"https:\\\/\\\/www.callandplay.com\\\/chauvet-gobo-zoom-usb\\\/#breadcrumb\",\"itemListElement\":[{\"@type\":\"ListItem\",\"position\":1,\"name\":\"Portada\",\"item\":\"https:\\\/\\\/www.callandplay.com\\\/\"},{\"@type\":\"ListItem\",\"position\":2,\"name\":\"Tienda\",\"item\":\"https:\\\/\\\/www.callandplay.com\\\/tienda\\\/\"},{\"@type\":\"ListItem\",\"position\":3,\"name\":\"CHAUVET GOBO ZOOM USB\"}]},{\"@type\":\"WebSite\",\"@id\":\"https:\\\/\\\/www.callandplay.com\\\/#website\",\"url\":\"https:\\\/\\\/www.callandplay.com\\\/\",\"name\":\"Call&amp;Play\",\"description\":\"Alquiler de backline e instrumentos musicales\",\"publisher\":{\"@id\":\"https:\\\/\\\/www.callandplay.com\\\/#organization\"},\"potentialAction\":[{\"@type\":\"SearchAction\",\"target\":{\"@type\":\"EntryPoint\",\"urlTemplate\":\"https:\\\/\\\/www.callandplay.com\\\/?s={search_term_string}\"},\"query-input\":{\"@type\":\"PropertyValueSpecification\",\"valueRequired\":true,\"valueName\":\"search_term_string\"}}],\"inLanguage\":\"fr-FR\"},{\"@type\":\"Organization\",\"@id\":\"https:\\\/\\\/www.callandplay.com\\\/#organization\",\"name\":\"Call&Play\",\"url\":\"https:\\\/\\\/www.callandplay.com\\\/\",\"logo\":{\"@type\":\"ImageObject\",\"inLanguage\":\"fr-FR\",\"@id\":\"https:\\\/\\\/www.callandplay.com\\\/#\\\/schema\\\/logo\\\/image\\\/\",\"url\":\"https:\\\/\\\/www.callandplay.com\\\/wp-content\\\/uploads\\\/2021\\\/06\\\/cropped-cropped-logo-black_con_sombra.png\",\"contentUrl\":\"https:\\\/\\\/www.callandplay.com\\\/wp-content\\\/uploads\\\/2021\\\/06\\\/cropped-cropped-logo-black_con_sombra.png\",\"width\":512,\"height\":512,\"caption\":\"Call&Play\"},\"image\":{\"@id\":\"https:\\\/\\\/www.callandplay.com\\\/#\\\/schema\\\/logo\\\/image\\\/\"},\"sameAs\":[\"https:\\\/\\\/www.facebook.com\\\/callandplay\",\"https:\\\/\\\/www.instagram.com\\\/call_and_play\\\/\"]}]}<\/script>\n<!-- \/ Yoast SEO plugin. -->","yoast_head_json":{"title":"CHAUVET GOBO ZOOM USB - Call&amp;Play","robots":{"index":"index","follow":"follow","max-snippet":"max-snippet:-1","max-image-preview":"max-image-preview:large","max-video-preview":"max-video-preview:-1"},"canonical":"https:\/\/www.callandplay.com\/fr\/chauvet-gobo-zoom-usb\/","og_locale":"fr_FR","og_type":"article","og_title":"CHAUVET GOBO ZOOM USB - Call&amp;Play","og_description":"Emociona a los invitados del evento con logotipos, \u00edconos y otros dise\u00f1os personalizados con Gobo Zoom 2, un proyector de gobos personalizado de alta potencia con un potente LED de 70 W. El posicionamiento adecuado de los gobos es f\u00e1cil con una innovadora perilla de rotaci\u00f3n manual que permite una indexaci\u00f3n r\u00e1pida sin quitar los gobos. Gobo Zoom 2 viene con 10 gobos de celebraciones populares y zoom manual para aplicaciones de corto o largo alcance, lo que lo hace vers\u00e1til y conveniente. La comodidad no se detiene ah\u00ed. Se puede acceder a la mayor\u00eda de las funciones con un control remoto IRC-6 y el tiempo de configuraci\u00f3n se puede reducir conectando varias unidades.","og_url":"https:\/\/www.callandplay.com\/fr\/chauvet-gobo-zoom-usb\/","og_site_name":"Call&amp;Play","article_publisher":"https:\/\/www.facebook.com\/callandplay","article_modified_time":"2026-04-16T20:46:06+00:00","twitter_card":"summary_large_image","twitter_misc":{"Dur\u00e9e de lecture estim\u00e9e":"1 minute"},"schema":{"@context":"https:\/\/schema.org","@graph":[{"@type":"WebPage","@id":"https:\/\/www.callandplay.com\/chauvet-gobo-zoom-usb\/","url":"https:\/\/www.callandplay.com\/chauvet-gobo-zoom-usb\/","name":"CHAUVET GOBO ZOOM USB - Call&amp;Play","isPartOf":{"@id":"https:\/\/www.callandplay.com\/#website"},"datePublished":"2024-07-18T00:00:00+00:00","dateModified":"2026-04-16T20:46:06+00:00","breadcrumb":{"@id":"https:\/\/www.callandplay.com\/chauvet-gobo-zoom-usb\/#breadcrumb"},"inLanguage":"fr-FR","potentialAction":[{"@type":"ReadAction","target":["https:\/\/www.callandplay.com\/chauvet-gobo-zoom-usb\/"]}]},{"@type":"BreadcrumbList","@id":"https:\/\/www.callandplay.com\/chauvet-gobo-zoom-usb\/#breadcrumb","itemListElement":[{"@type":"ListItem","position":1,"name":"Portada","item":"https:\/\/www.callandplay.com\/"},{"@type":"ListItem","position":2,"name":"Tienda","item":"https:\/\/www.callandplay.com\/tienda\/"},{"@type":"ListItem","position":3,"name":"CHAUVET GOBO ZOOM USB"}]},{"@type":"WebSite","@id":"https:\/\/www.callandplay.com\/#website","url":"https:\/\/www.callandplay.com\/","name":"Call&amp;Play","description":"Alquiler de backline e instrumentos musicales","publisher":{"@id":"https:\/\/www.callandplay.com\/#organization"},"potentialAction":[{"@type":"SearchAction","target":{"@type":"EntryPoint","urlTemplate":"https:\/\/www.callandplay.com\/?s={search_term_string}"},"query-input":{"@type":"PropertyValueSpecification","valueRequired":true,"valueName":"search_term_string"}}],"inLanguage":"fr-FR"},{"@type":"Organization","@id":"https:\/\/www.callandplay.com\/#organization","name":"Call&Play","url":"https:\/\/www.callandplay.com\/","logo":{"@type":"ImageObject","inLanguage":"fr-FR","@id":"https:\/\/www.callandplay.com\/#\/schema\/logo\/image\/","url":"https:\/\/www.callandplay.com\/wp-content\/uploads\/2021\/06\/cropped-cropped-logo-black_con_sombra.png","contentUrl":"https:\/\/www.callandplay.com\/wp-content\/uploads\/2021\/06\/cropped-cropped-logo-black_con_sombra.png","width":512,"height":512,"caption":"Call&Play"},"image":{"@id":"https:\/\/www.callandplay.com\/#\/schema\/logo\/image\/"},"sameAs":["https:\/\/www.facebook.com\/callandplay","https:\/\/www.instagram.com\/call_and_play\/"]}]}},"_links":{"self":[{"href":"https:\/\/www.callandplay.com\/fr\/wp-json\/wp\/v2\/product\/53299","targetHints":{"allow":["GET"]}}],"collection":[{"href":"https:\/\/www.callandplay.com\/fr\/wp-json\/wp\/v2\/product"}],"about":[{"href":"https:\/\/www.callandplay.com\/fr\/wp-json\/wp\/v2\/types\/product"}],"replies":[{"embeddable":true,"href":"https:\/\/www.callandplay.com\/fr\/wp-json\/wp\/v2\/comments?post=53299"}],"version-history":[{"count":1,"href":"https:\/\/www.callandplay.com\/fr\/wp-json\/wp\/v2\/product\/53299\/revisions"}],"predecessor-version":[{"id":56109,"href":"https:\/\/www.callandplay.com\/fr\/wp-json\/wp\/v2\/product\/53299\/revisions\/56109"}],"wp:attachment":[{"href":"https:\/\/www.callandplay.com\/fr\/wp-json\/wp\/v2\/media?parent=53299"}],"wp:term":[{"taxonomy":"product_brand","embeddable":true,"href":"https:\/\/www.callandplay.com\/fr\/wp-json\/wp\/v2\/product_brand?post=53299"},{"taxonomy":"product_cat","embeddable":true,"href":"https:\/\/www.callandplay.com\/fr\/wp-json\/wp\/v2\/product_cat?post=53299"},{"taxonomy":"product_tag","embeddable":true,"href":"https:\/\/www.callandplay.com\/fr\/wp-json\/wp\/v2\/product_tag?post=53299"}],"curies":[{"name":"wp","href":"https:\/\/api.w.org\/{rel}","templated":true}]}}