{"id":53318,"date":"2024-07-17T00:00:00","date_gmt":"2024-07-17T00:00:00","guid":{"rendered":"https:\/\/www.callandplay.com\/meinl-sltri-bk-triple-bell-black\/"},"modified":"2026-04-02T21:02:33","modified_gmt":"2026-04-02T21:02:33","slug":"meinl-sltri-bk-triple-bell-black","status":"publish","type":"product","link":"https:\/\/www.callandplay.com\/fr\/meinl-sltri-bk-triple-bell-black\/","title":{"rendered":"MEINL SLTRI-BK TRIPLE BELL BLACK"},"content":{"rendered":"<p>Este cencerro triple con bocas de 2 1\/2\u00bb, 3 1\/2\u00bb y 5\u00bb est\u00e1 fabricado en aleaci\u00f3n de acero y su dise\u00f1o ligeramente abombado hacen que la resonancia sea m\u00e1s envolvente. Adem\u00e1s monta un sistema de sujeci\u00f3n que no permite al cencerro moverse una vez que lo hemos anclado en el lugar deseado. Color negro. Sonido asordinado.<\/p>","protected":false},"excerpt":{"rendered":"<p>Este cencerro triple con bocas de 2 1\/2\u00bb, 3 1\/2\u00bb y 5\u00bb est\u00e1 fabricado en aleaci\u00f3n de acero y su dise\u00f1o ligeramente abombado hacen que la resonancia sea m\u00e1s envolvente. Adem\u00e1s monta un sistema de sujeci\u00f3n que no permite al cencerro moverse una vez que lo hemos anclado en el lugar deseado. Color negro. Sonido asordinado.<\/p>","protected":false},"featured_media":0,"comment_status":"closed","ping_status":"closed","template":"","meta":{"_acf_changed":false,"om_disable_all_campaigns":false,"_monsterinsights_skip_tracking":false,"_monsterinsights_sitenote_active":false,"_monsterinsights_sitenote_note":"","_monsterinsights_sitenote_category":0},"product_brand":[],"product_cat":[1126],"product_tag":[],"class_list":{"0":"post-53318","1":"product","2":"type-product","3":"status-publish","5":"product_cat-bells","7":"first","8":"instock","9":"shipping-taxable","10":"purchasable","11":"product-type-simple"},"acf":[],"yoast_head":"<!-- This site is optimized with the Yoast SEO plugin v27.3 - https:\/\/yoast.com\/product\/yoast-seo-wordpress\/ -->\n<title>MEINL SLTRI-BK TRIPLE BELL BLACK - Call&amp;Play<\/title>\n<meta name=\"robots\" content=\"index, follow, max-snippet:-1, max-image-preview:large, max-video-preview:-1\" \/>\n<link rel=\"canonical\" href=\"https:\/\/www.callandplay.com\/fr\/meinl-sltri-bk-triple-bell-black\/\" \/>\n<meta property=\"og:locale\" content=\"fr_FR\" \/>\n<meta property=\"og:type\" content=\"article\" \/>\n<meta property=\"og:title\" content=\"MEINL SLTRI-BK TRIPLE BELL BLACK - Call&amp;Play\" \/>\n<meta property=\"og:description\" content=\"Este cencerro triple con bocas de 2 1\/2&#039;&#039;, 3 1\/2&#039;&#039; y 5&#039;&#039; est\u00e1 fabricado en aleaci\u00f3n de acero y su dise\u00f1o ligeramente abombado hacen que la resonancia sea m\u00e1s envolvente. Adem\u00e1s monta un sistema de sujeci\u00f3n que no permite al cencerro moverse una vez que lo hemos anclado en el lugar deseado. Color negro. Sonido asordinado.\" \/>\n<meta property=\"og:url\" content=\"https:\/\/www.callandplay.com\/fr\/meinl-sltri-bk-triple-bell-black\/\" \/>\n<meta property=\"og:site_name\" content=\"Call&amp;Play\" \/>\n<meta property=\"article:publisher\" content=\"https:\/\/www.facebook.com\/callandplay\" \/>\n<meta property=\"article:modified_time\" content=\"2026-04-02T21:02:33+00:00\" \/>\n<meta name=\"twitter:card\" content=\"summary_large_image\" \/>\n<script type=\"application\/ld+json\" class=\"yoast-schema-graph\">{\"@context\":\"https:\\\/\\\/schema.org\",\"@graph\":[{\"@type\":\"WebPage\",\"@id\":\"https:\\\/\\\/www.callandplay.com\\\/meinl-sltri-bk-triple-bell-black\\\/\",\"url\":\"https:\\\/\\\/www.callandplay.com\\\/meinl-sltri-bk-triple-bell-black\\\/\",\"name\":\"MEINL SLTRI-BK TRIPLE BELL BLACK - Call&amp;Play\",\"isPartOf\":{\"@id\":\"https:\\\/\\\/www.callandplay.com\\\/#website\"},\"datePublished\":\"2024-07-17T00:00:00+00:00\",\"dateModified\":\"2026-04-02T21:02:33+00:00\",\"breadcrumb\":{\"@id\":\"https:\\\/\\\/www.callandplay.com\\\/meinl-sltri-bk-triple-bell-black\\\/#breadcrumb\"},\"inLanguage\":\"fr-FR\",\"potentialAction\":[{\"@type\":\"ReadAction\",\"target\":[\"https:\\\/\\\/www.callandplay.com\\\/meinl-sltri-bk-triple-bell-black\\\/\"]}]},{\"@type\":\"BreadcrumbList\",\"@id\":\"https:\\\/\\\/www.callandplay.com\\\/meinl-sltri-bk-triple-bell-black\\\/#breadcrumb\",\"itemListElement\":[{\"@type\":\"ListItem\",\"position\":1,\"name\":\"Portada\",\"item\":\"https:\\\/\\\/www.callandplay.com\\\/\"},{\"@type\":\"ListItem\",\"position\":2,\"name\":\"Tienda\",\"item\":\"https:\\\/\\\/www.callandplay.com\\\/tienda\\\/\"},{\"@type\":\"ListItem\",\"position\":3,\"name\":\"MEINL SLTRI-BK TRIPLE BELL BLACK\"}]},{\"@type\":\"WebSite\",\"@id\":\"https:\\\/\\\/www.callandplay.com\\\/#website\",\"url\":\"https:\\\/\\\/www.callandplay.com\\\/\",\"name\":\"Call&amp;Play\",\"description\":\"Alquiler de backline e instrumentos musicales\",\"publisher\":{\"@id\":\"https:\\\/\\\/www.callandplay.com\\\/#organization\"},\"potentialAction\":[{\"@type\":\"SearchAction\",\"target\":{\"@type\":\"EntryPoint\",\"urlTemplate\":\"https:\\\/\\\/www.callandplay.com\\\/?s={search_term_string}\"},\"query-input\":{\"@type\":\"PropertyValueSpecification\",\"valueRequired\":true,\"valueName\":\"search_term_string\"}}],\"inLanguage\":\"fr-FR\"},{\"@type\":\"Organization\",\"@id\":\"https:\\\/\\\/www.callandplay.com\\\/#organization\",\"name\":\"Call&Play\",\"url\":\"https:\\\/\\\/www.callandplay.com\\\/\",\"logo\":{\"@type\":\"ImageObject\",\"inLanguage\":\"fr-FR\",\"@id\":\"https:\\\/\\\/www.callandplay.com\\\/#\\\/schema\\\/logo\\\/image\\\/\",\"url\":\"https:\\\/\\\/www.callandplay.com\\\/wp-content\\\/uploads\\\/2021\\\/06\\\/cropped-cropped-logo-black_con_sombra.png\",\"contentUrl\":\"https:\\\/\\\/www.callandplay.com\\\/wp-content\\\/uploads\\\/2021\\\/06\\\/cropped-cropped-logo-black_con_sombra.png\",\"width\":512,\"height\":512,\"caption\":\"Call&Play\"},\"image\":{\"@id\":\"https:\\\/\\\/www.callandplay.com\\\/#\\\/schema\\\/logo\\\/image\\\/\"},\"sameAs\":[\"https:\\\/\\\/www.facebook.com\\\/callandplay\",\"https:\\\/\\\/www.instagram.com\\\/call_and_play\\\/\"]}]}<\/script>\n<!-- \/ Yoast SEO plugin. -->","yoast_head_json":{"title":"MEINL SLTRI-BK TRIPLE BELL BLACK - Call&amp;Play","robots":{"index":"index","follow":"follow","max-snippet":"max-snippet:-1","max-image-preview":"max-image-preview:large","max-video-preview":"max-video-preview:-1"},"canonical":"https:\/\/www.callandplay.com\/fr\/meinl-sltri-bk-triple-bell-black\/","og_locale":"fr_FR","og_type":"article","og_title":"MEINL SLTRI-BK TRIPLE BELL BLACK - Call&amp;Play","og_description":"Este cencerro triple con bocas de 2 1\/2'', 3 1\/2'' y 5'' est\u00e1 fabricado en aleaci\u00f3n de acero y su dise\u00f1o ligeramente abombado hacen que la resonancia sea m\u00e1s envolvente. Adem\u00e1s monta un sistema de sujeci\u00f3n que no permite al cencerro moverse una vez que lo hemos anclado en el lugar deseado. Color negro. Sonido asordinado.","og_url":"https:\/\/www.callandplay.com\/fr\/meinl-sltri-bk-triple-bell-black\/","og_site_name":"Call&amp;Play","article_publisher":"https:\/\/www.facebook.com\/callandplay","article_modified_time":"2026-04-02T21:02:33+00:00","twitter_card":"summary_large_image","schema":{"@context":"https:\/\/schema.org","@graph":[{"@type":"WebPage","@id":"https:\/\/www.callandplay.com\/meinl-sltri-bk-triple-bell-black\/","url":"https:\/\/www.callandplay.com\/meinl-sltri-bk-triple-bell-black\/","name":"MEINL SLTRI-BK TRIPLE BELL BLACK - Call&amp;Play","isPartOf":{"@id":"https:\/\/www.callandplay.com\/#website"},"datePublished":"2024-07-17T00:00:00+00:00","dateModified":"2026-04-02T21:02:33+00:00","breadcrumb":{"@id":"https:\/\/www.callandplay.com\/meinl-sltri-bk-triple-bell-black\/#breadcrumb"},"inLanguage":"fr-FR","potentialAction":[{"@type":"ReadAction","target":["https:\/\/www.callandplay.com\/meinl-sltri-bk-triple-bell-black\/"]}]},{"@type":"BreadcrumbList","@id":"https:\/\/www.callandplay.com\/meinl-sltri-bk-triple-bell-black\/#breadcrumb","itemListElement":[{"@type":"ListItem","position":1,"name":"Portada","item":"https:\/\/www.callandplay.com\/"},{"@type":"ListItem","position":2,"name":"Tienda","item":"https:\/\/www.callandplay.com\/tienda\/"},{"@type":"ListItem","position":3,"name":"MEINL SLTRI-BK TRIPLE BELL BLACK"}]},{"@type":"WebSite","@id":"https:\/\/www.callandplay.com\/#website","url":"https:\/\/www.callandplay.com\/","name":"Call&amp;Play","description":"Alquiler de backline e instrumentos musicales","publisher":{"@id":"https:\/\/www.callandplay.com\/#organization"},"potentialAction":[{"@type":"SearchAction","target":{"@type":"EntryPoint","urlTemplate":"https:\/\/www.callandplay.com\/?s={search_term_string}"},"query-input":{"@type":"PropertyValueSpecification","valueRequired":true,"valueName":"search_term_string"}}],"inLanguage":"fr-FR"},{"@type":"Organization","@id":"https:\/\/www.callandplay.com\/#organization","name":"Call&Play","url":"https:\/\/www.callandplay.com\/","logo":{"@type":"ImageObject","inLanguage":"fr-FR","@id":"https:\/\/www.callandplay.com\/#\/schema\/logo\/image\/","url":"https:\/\/www.callandplay.com\/wp-content\/uploads\/2021\/06\/cropped-cropped-logo-black_con_sombra.png","contentUrl":"https:\/\/www.callandplay.com\/wp-content\/uploads\/2021\/06\/cropped-cropped-logo-black_con_sombra.png","width":512,"height":512,"caption":"Call&Play"},"image":{"@id":"https:\/\/www.callandplay.com\/#\/schema\/logo\/image\/"},"sameAs":["https:\/\/www.facebook.com\/callandplay","https:\/\/www.instagram.com\/call_and_play\/"]}]}},"_links":{"self":[{"href":"https:\/\/www.callandplay.com\/fr\/wp-json\/wp\/v2\/product\/53318","targetHints":{"allow":["GET"]}}],"collection":[{"href":"https:\/\/www.callandplay.com\/fr\/wp-json\/wp\/v2\/product"}],"about":[{"href":"https:\/\/www.callandplay.com\/fr\/wp-json\/wp\/v2\/types\/product"}],"replies":[{"embeddable":true,"href":"https:\/\/www.callandplay.com\/fr\/wp-json\/wp\/v2\/comments?post=53318"}],"version-history":[{"count":1,"href":"https:\/\/www.callandplay.com\/fr\/wp-json\/wp\/v2\/product\/53318\/revisions"}],"predecessor-version":[{"id":56128,"href":"https:\/\/www.callandplay.com\/fr\/wp-json\/wp\/v2\/product\/53318\/revisions\/56128"}],"wp:attachment":[{"href":"https:\/\/www.callandplay.com\/fr\/wp-json\/wp\/v2\/media?parent=53318"}],"wp:term":[{"taxonomy":"product_brand","embeddable":true,"href":"https:\/\/www.callandplay.com\/fr\/wp-json\/wp\/v2\/product_brand?post=53318"},{"taxonomy":"product_cat","embeddable":true,"href":"https:\/\/www.callandplay.com\/fr\/wp-json\/wp\/v2\/product_cat?post=53318"},{"taxonomy":"product_tag","embeddable":true,"href":"https:\/\/www.callandplay.com\/fr\/wp-json\/wp\/v2\/product_tag?post=53318"}],"curies":[{"name":"wp","href":"https:\/\/api.w.org\/{rel}","templated":true}]}}