{"id":53330,"date":"2025-04-07T00:00:00","date_gmt":"2025-04-07T00:00:00","guid":{"rendered":"https:\/\/www.callandplay.com\/guil-ecp-6-escalera-staircase-regulable-90-180cm\/"},"modified":"2026-04-15T20:54:21","modified_gmt":"2026-04-15T20:54:21","slug":"guil-ecp-6-escalera-staircase-regulable-90-180cm","status":"publish","type":"product","link":"https:\/\/www.callandplay.com\/fr\/guil-ecp-6-escalera-staircase-regulable-90-180cm\/","title":{"rendered":"GUIL ECP-6 ESCALERA-STAIRCASE REGULABLE (90-180cm)"},"content":{"rendered":"<p>La escalera ECP-6, compuesta por 6 pelda\u00f1os, es un elemento muy pr\u00e1ctico y polivalente con dise\u00f1o tipo bisagra que permite su uso en escenarios con alturas desde 900 a 1800 mm. Su dise\u00f1o plegable y su estructura de aluminio reforzado, hacen que sea muy resistente, a la vez que ligera y compacta, permitiendo un c\u00f3modo transporte y almacenaje. Las escaleras regulables ECP-6 est\u00e1n compuestas por seis pelda\u00f1os reforzados con huella de 300 x 800 mm, equipados con plancha de aluminio con superficie antideslizante. La escalera incluye un juego de pasamanos con perfil tubular de \u00d8 35 mm con refuerzo en cruz, fabricado en aluminio de gran resistencia con acabado en pintura en polvo de color negro. <\/p>","protected":false},"excerpt":{"rendered":"<p>La escalera ECP-6, compuesta por 6 pelda\u00f1os, es un elemento muy pr\u00e1ctico y polivalente con dise\u00f1o tipo bisagra que permite su uso en escenarios con alturas desde 900 a 1800 mm. Su dise\u00f1o plegable y su estructura de aluminio reforzado, hacen que sea muy resistente, a la vez que ligera y compacta, permitiendo un c\u00f3modo transporte y almacenaje. Las escaleras regulables ECP-6 est\u00e1n compuestas por seis pelda\u00f1os reforzados con huella de 300 x 800 mm, equipados con plancha de aluminio con superficie antideslizante. La escalera incluye un juego de pasamanos con perfil tubular de \u00d8 35 mm con refuerzo en cruz, fabricado en aluminio de gran resistencia con acabado en pintura en polvo de color negro. <\/p>","protected":false},"featured_media":0,"comment_status":"closed","ping_status":"closed","template":"","meta":{"_acf_changed":false,"om_disable_all_campaigns":false,"_monsterinsights_skip_tracking":false,"_monsterinsights_sitenote_active":false,"_monsterinsights_sitenote_note":"","_monsterinsights_sitenote_category":0},"product_brand":[],"product_cat":[1008],"product_tag":[],"class_list":{"0":"post-53330","1":"product","2":"type-product","3":"status-publish","5":"product_cat-accesorios-tarima","7":"first","8":"instock","9":"shipping-taxable","10":"purchasable","11":"product-type-simple"},"acf":[],"yoast_head":"<!-- This site is optimized with the Yoast SEO plugin v27.3 - https:\/\/yoast.com\/product\/yoast-seo-wordpress\/ -->\n<title>GUIL ECP-6 ESCALERA-STAIRCASE REGULABLE (90-180cm) - Call&amp;Play<\/title>\n<meta name=\"robots\" content=\"index, follow, max-snippet:-1, max-image-preview:large, max-video-preview:-1\" \/>\n<link rel=\"canonical\" href=\"https:\/\/www.callandplay.com\/fr\/guil-ecp-6-escalera-staircase-regulable-90-180cm\/\" \/>\n<meta property=\"og:locale\" content=\"fr_FR\" \/>\n<meta property=\"og:type\" content=\"article\" \/>\n<meta property=\"og:title\" content=\"GUIL ECP-6 ESCALERA-STAIRCASE REGULABLE (90-180cm) - Call&amp;Play\" \/>\n<meta property=\"og:description\" content=\"La escalera ECP-6, compuesta por 6 pelda\u00f1os, es un elemento muy pr\u00e1ctico y polivalente con dise\u00f1o tipo bisagra que permite su uso en escenarios con alturas desde 900 a 1800 mm. Su dise\u00f1o plegable y su estructura de aluminio reforzado, hacen que sea muy resistente, a la vez que ligera y compacta, permitiendo un c\u00f3modo transporte y almacenaje. Las escaleras regulables ECP-6 est\u00e1n compuestas por seis pelda\u00f1os reforzados con huella de 300 x 800 mm, equipados con plancha de aluminio con superficie antideslizante. La escalera incluye un juego de pasamanos con perfil tubular de \u00d8 35 mm con refuerzo en cruz, fabricado en aluminio de gran resistencia con acabado en pintura en polvo de color negro.\" \/>\n<meta property=\"og:url\" content=\"https:\/\/www.callandplay.com\/fr\/guil-ecp-6-escalera-staircase-regulable-90-180cm\/\" \/>\n<meta property=\"og:site_name\" content=\"Call&amp;Play\" \/>\n<meta property=\"article:publisher\" content=\"https:\/\/www.facebook.com\/callandplay\" \/>\n<meta property=\"article:modified_time\" content=\"2026-04-15T20:54:21+00:00\" \/>\n<meta name=\"twitter:card\" content=\"summary_large_image\" \/>\n<meta name=\"twitter:label1\" content=\"Dur\u00e9e de lecture estim\u00e9e\" \/>\n\t<meta name=\"twitter:data1\" content=\"1 minute\" \/>\n<script type=\"application\/ld+json\" class=\"yoast-schema-graph\">{\"@context\":\"https:\\\/\\\/schema.org\",\"@graph\":[{\"@type\":\"WebPage\",\"@id\":\"https:\\\/\\\/www.callandplay.com\\\/guil-ecp-6-escalera-staircase-regulable-90-180cm\\\/\",\"url\":\"https:\\\/\\\/www.callandplay.com\\\/guil-ecp-6-escalera-staircase-regulable-90-180cm\\\/\",\"name\":\"GUIL ECP-6 ESCALERA-STAIRCASE REGULABLE (90-180cm) - Call&amp;Play\",\"isPartOf\":{\"@id\":\"https:\\\/\\\/www.callandplay.com\\\/#website\"},\"datePublished\":\"2025-04-07T00:00:00+00:00\",\"dateModified\":\"2026-04-15T20:54:21+00:00\",\"breadcrumb\":{\"@id\":\"https:\\\/\\\/www.callandplay.com\\\/guil-ecp-6-escalera-staircase-regulable-90-180cm\\\/#breadcrumb\"},\"inLanguage\":\"fr-FR\",\"potentialAction\":[{\"@type\":\"ReadAction\",\"target\":[\"https:\\\/\\\/www.callandplay.com\\\/guil-ecp-6-escalera-staircase-regulable-90-180cm\\\/\"]}]},{\"@type\":\"BreadcrumbList\",\"@id\":\"https:\\\/\\\/www.callandplay.com\\\/guil-ecp-6-escalera-staircase-regulable-90-180cm\\\/#breadcrumb\",\"itemListElement\":[{\"@type\":\"ListItem\",\"position\":1,\"name\":\"Portada\",\"item\":\"https:\\\/\\\/www.callandplay.com\\\/\"},{\"@type\":\"ListItem\",\"position\":2,\"name\":\"Tienda\",\"item\":\"https:\\\/\\\/www.callandplay.com\\\/tienda\\\/\"},{\"@type\":\"ListItem\",\"position\":3,\"name\":\"GUIL ECP-6 ESCALERA-STAIRCASE REGULABLE (90-180cm)\"}]},{\"@type\":\"WebSite\",\"@id\":\"https:\\\/\\\/www.callandplay.com\\\/#website\",\"url\":\"https:\\\/\\\/www.callandplay.com\\\/\",\"name\":\"Call&amp;Play\",\"description\":\"Alquiler de backline e instrumentos musicales\",\"publisher\":{\"@id\":\"https:\\\/\\\/www.callandplay.com\\\/#organization\"},\"potentialAction\":[{\"@type\":\"SearchAction\",\"target\":{\"@type\":\"EntryPoint\",\"urlTemplate\":\"https:\\\/\\\/www.callandplay.com\\\/?s={search_term_string}\"},\"query-input\":{\"@type\":\"PropertyValueSpecification\",\"valueRequired\":true,\"valueName\":\"search_term_string\"}}],\"inLanguage\":\"fr-FR\"},{\"@type\":\"Organization\",\"@id\":\"https:\\\/\\\/www.callandplay.com\\\/#organization\",\"name\":\"Call&Play\",\"url\":\"https:\\\/\\\/www.callandplay.com\\\/\",\"logo\":{\"@type\":\"ImageObject\",\"inLanguage\":\"fr-FR\",\"@id\":\"https:\\\/\\\/www.callandplay.com\\\/#\\\/schema\\\/logo\\\/image\\\/\",\"url\":\"https:\\\/\\\/www.callandplay.com\\\/wp-content\\\/uploads\\\/2021\\\/06\\\/cropped-cropped-logo-black_con_sombra.png\",\"contentUrl\":\"https:\\\/\\\/www.callandplay.com\\\/wp-content\\\/uploads\\\/2021\\\/06\\\/cropped-cropped-logo-black_con_sombra.png\",\"width\":512,\"height\":512,\"caption\":\"Call&Play\"},\"image\":{\"@id\":\"https:\\\/\\\/www.callandplay.com\\\/#\\\/schema\\\/logo\\\/image\\\/\"},\"sameAs\":[\"https:\\\/\\\/www.facebook.com\\\/callandplay\",\"https:\\\/\\\/www.instagram.com\\\/call_and_play\\\/\"]}]}<\/script>\n<!-- \/ Yoast SEO plugin. -->","yoast_head_json":{"title":"GUIL ECP-6 ESCALERA-STAIRCASE REGULABLE (90-180cm) - Call&amp;Play","robots":{"index":"index","follow":"follow","max-snippet":"max-snippet:-1","max-image-preview":"max-image-preview:large","max-video-preview":"max-video-preview:-1"},"canonical":"https:\/\/www.callandplay.com\/fr\/guil-ecp-6-escalera-staircase-regulable-90-180cm\/","og_locale":"fr_FR","og_type":"article","og_title":"GUIL ECP-6 ESCALERA-STAIRCASE REGULABLE (90-180cm) - Call&amp;Play","og_description":"La escalera ECP-6, compuesta por 6 pelda\u00f1os, es un elemento muy pr\u00e1ctico y polivalente con dise\u00f1o tipo bisagra que permite su uso en escenarios con alturas desde 900 a 1800 mm. Su dise\u00f1o plegable y su estructura de aluminio reforzado, hacen que sea muy resistente, a la vez que ligera y compacta, permitiendo un c\u00f3modo transporte y almacenaje. Las escaleras regulables ECP-6 est\u00e1n compuestas por seis pelda\u00f1os reforzados con huella de 300 x 800 mm, equipados con plancha de aluminio con superficie antideslizante. La escalera incluye un juego de pasamanos con perfil tubular de \u00d8 35 mm con refuerzo en cruz, fabricado en aluminio de gran resistencia con acabado en pintura en polvo de color negro.","og_url":"https:\/\/www.callandplay.com\/fr\/guil-ecp-6-escalera-staircase-regulable-90-180cm\/","og_site_name":"Call&amp;Play","article_publisher":"https:\/\/www.facebook.com\/callandplay","article_modified_time":"2026-04-15T20:54:21+00:00","twitter_card":"summary_large_image","twitter_misc":{"Dur\u00e9e de lecture estim\u00e9e":"1 minute"},"schema":{"@context":"https:\/\/schema.org","@graph":[{"@type":"WebPage","@id":"https:\/\/www.callandplay.com\/guil-ecp-6-escalera-staircase-regulable-90-180cm\/","url":"https:\/\/www.callandplay.com\/guil-ecp-6-escalera-staircase-regulable-90-180cm\/","name":"GUIL ECP-6 ESCALERA-STAIRCASE REGULABLE (90-180cm) - Call&amp;Play","isPartOf":{"@id":"https:\/\/www.callandplay.com\/#website"},"datePublished":"2025-04-07T00:00:00+00:00","dateModified":"2026-04-15T20:54:21+00:00","breadcrumb":{"@id":"https:\/\/www.callandplay.com\/guil-ecp-6-escalera-staircase-regulable-90-180cm\/#breadcrumb"},"inLanguage":"fr-FR","potentialAction":[{"@type":"ReadAction","target":["https:\/\/www.callandplay.com\/guil-ecp-6-escalera-staircase-regulable-90-180cm\/"]}]},{"@type":"BreadcrumbList","@id":"https:\/\/www.callandplay.com\/guil-ecp-6-escalera-staircase-regulable-90-180cm\/#breadcrumb","itemListElement":[{"@type":"ListItem","position":1,"name":"Portada","item":"https:\/\/www.callandplay.com\/"},{"@type":"ListItem","position":2,"name":"Tienda","item":"https:\/\/www.callandplay.com\/tienda\/"},{"@type":"ListItem","position":3,"name":"GUIL ECP-6 ESCALERA-STAIRCASE REGULABLE (90-180cm)"}]},{"@type":"WebSite","@id":"https:\/\/www.callandplay.com\/#website","url":"https:\/\/www.callandplay.com\/","name":"Call&amp;Play","description":"Alquiler de backline e instrumentos musicales","publisher":{"@id":"https:\/\/www.callandplay.com\/#organization"},"potentialAction":[{"@type":"SearchAction","target":{"@type":"EntryPoint","urlTemplate":"https:\/\/www.callandplay.com\/?s={search_term_string}"},"query-input":{"@type":"PropertyValueSpecification","valueRequired":true,"valueName":"search_term_string"}}],"inLanguage":"fr-FR"},{"@type":"Organization","@id":"https:\/\/www.callandplay.com\/#organization","name":"Call&Play","url":"https:\/\/www.callandplay.com\/","logo":{"@type":"ImageObject","inLanguage":"fr-FR","@id":"https:\/\/www.callandplay.com\/#\/schema\/logo\/image\/","url":"https:\/\/www.callandplay.com\/wp-content\/uploads\/2021\/06\/cropped-cropped-logo-black_con_sombra.png","contentUrl":"https:\/\/www.callandplay.com\/wp-content\/uploads\/2021\/06\/cropped-cropped-logo-black_con_sombra.png","width":512,"height":512,"caption":"Call&Play"},"image":{"@id":"https:\/\/www.callandplay.com\/#\/schema\/logo\/image\/"},"sameAs":["https:\/\/www.facebook.com\/callandplay","https:\/\/www.instagram.com\/call_and_play\/"]}]}},"_links":{"self":[{"href":"https:\/\/www.callandplay.com\/fr\/wp-json\/wp\/v2\/product\/53330","targetHints":{"allow":["GET"]}}],"collection":[{"href":"https:\/\/www.callandplay.com\/fr\/wp-json\/wp\/v2\/product"}],"about":[{"href":"https:\/\/www.callandplay.com\/fr\/wp-json\/wp\/v2\/types\/product"}],"replies":[{"embeddable":true,"href":"https:\/\/www.callandplay.com\/fr\/wp-json\/wp\/v2\/comments?post=53330"}],"version-history":[{"count":1,"href":"https:\/\/www.callandplay.com\/fr\/wp-json\/wp\/v2\/product\/53330\/revisions"}],"predecessor-version":[{"id":56140,"href":"https:\/\/www.callandplay.com\/fr\/wp-json\/wp\/v2\/product\/53330\/revisions\/56140"}],"wp:attachment":[{"href":"https:\/\/www.callandplay.com\/fr\/wp-json\/wp\/v2\/media?parent=53330"}],"wp:term":[{"taxonomy":"product_brand","embeddable":true,"href":"https:\/\/www.callandplay.com\/fr\/wp-json\/wp\/v2\/product_brand?post=53330"},{"taxonomy":"product_cat","embeddable":true,"href":"https:\/\/www.callandplay.com\/fr\/wp-json\/wp\/v2\/product_cat?post=53330"},{"taxonomy":"product_tag","embeddable":true,"href":"https:\/\/www.callandplay.com\/fr\/wp-json\/wp\/v2\/product_tag?post=53330"}],"curies":[{"name":"wp","href":"https:\/\/api.w.org\/{rel}","templated":true}]}}