{"id":53374,"date":"2025-07-29T00:00:00","date_gmt":"2025-07-29T00:00:00","guid":{"rendered":"https:\/\/www.callandplay.com\/drum-baffle-30-4x-mega-bundle\/"},"modified":"2026-04-03T20:35:33","modified_gmt":"2026-04-03T20:35:33","slug":"drum-baffle-30-4x-mega-bundle","status":"publish","type":"product","link":"https:\/\/www.callandplay.com\/fr\/drum-baffle-30-4x-mega-bundle\/","title":{"rendered":"DRUM BAFFLE 30&#8243; (4x) MEGA BUNDLE"},"content":{"rendered":"<p>Los bafles para bater\u00eda MEGA Bundle de 30&#8243; (4 unidades) de Drumbaffles.com brindan una protecci\u00f3n de 180 grados contra el ruido de los platillos. Con todos los lados cubiertos, las voces se mantendr\u00e1n n\u00edtidas e intactas incluso en las presentaciones m\u00e1s intensas. Estos bafles tambi\u00e9n est\u00e1n dise\u00f1ados para proporcionar la mayor reflexi\u00f3n posible de los platillos, lo que le permite disfrutar de toda la gama sonora sin interferencias.<\/p>","protected":false},"excerpt":{"rendered":"<p>Los bafles para bater\u00eda MEGA Bundle de 30&#8243; (4 unidades) de Drumbaffles.com brindan una protecci\u00f3n de 180 grados contra el ruido de los platillos. Con todos los lados cubiertos, las voces se mantendr\u00e1n n\u00edtidas e intactas incluso en las presentaciones m\u00e1s intensas. Estos bafles tambi\u00e9n est\u00e1n dise\u00f1ados para proporcionar la mayor reflexi\u00f3n posible de los platillos, lo que le permite disfrutar de toda la gama sonora sin interferencias.<\/p>","protected":false},"featured_media":0,"comment_status":"closed","ping_status":"closed","template":"","meta":{"_acf_changed":false,"om_disable_all_campaigns":false,"_monsterinsights_skip_tracking":false,"_monsterinsights_sitenote_active":false,"_monsterinsights_sitenote_note":"","_monsterinsights_sitenote_category":0},"product_brand":[],"product_cat":[1012],"product_tag":[],"class_list":{"0":"post-53374","1":"product","2":"type-product","3":"status-publish","5":"product_cat-metacrilatos","7":"first","8":"instock","9":"shipping-taxable","10":"purchasable","11":"product-type-simple"},"acf":[],"yoast_head":"<!-- This site is optimized with the Yoast SEO plugin v27.3 - https:\/\/yoast.com\/product\/yoast-seo-wordpress\/ -->\n<title>DRUM BAFFLE 30&quot; (4x) MEGA BUNDLE - Call&amp;Play<\/title>\n<meta name=\"robots\" content=\"index, follow, max-snippet:-1, max-image-preview:large, max-video-preview:-1\" \/>\n<link rel=\"canonical\" href=\"https:\/\/www.callandplay.com\/fr\/drum-baffle-30-4x-mega-bundle\/\" \/>\n<meta property=\"og:locale\" content=\"fr_FR\" \/>\n<meta property=\"og:type\" content=\"article\" \/>\n<meta property=\"og:title\" content=\"DRUM BAFFLE 30&quot; (4x) MEGA BUNDLE - Call&amp;Play\" \/>\n<meta property=\"og:description\" content=\"Los bafles para bater\u00eda MEGA Bundle de 30&quot; (4 unidades) de Drumbaffles.com brindan una protecci\u00f3n de 180 grados contra el ruido de los platillos. Con todos los lados cubiertos, las voces se mantendr\u00e1n n\u00edtidas e intactas incluso en las presentaciones m\u00e1s intensas. Estos bafles tambi\u00e9n est\u00e1n dise\u00f1ados para proporcionar la mayor reflexi\u00f3n posible de los platillos, lo que le permite disfrutar de toda la gama sonora sin interferencias.\" \/>\n<meta property=\"og:url\" content=\"https:\/\/www.callandplay.com\/fr\/drum-baffle-30-4x-mega-bundle\/\" \/>\n<meta property=\"og:site_name\" content=\"Call&amp;Play\" \/>\n<meta property=\"article:publisher\" content=\"https:\/\/www.facebook.com\/callandplay\" \/>\n<meta property=\"article:modified_time\" content=\"2026-04-03T20:35:33+00:00\" \/>\n<meta name=\"twitter:card\" content=\"summary_large_image\" \/>\n<script type=\"application\/ld+json\" class=\"yoast-schema-graph\">{\"@context\":\"https:\\\/\\\/schema.org\",\"@graph\":[{\"@type\":\"WebPage\",\"@id\":\"https:\\\/\\\/www.callandplay.com\\\/drum-baffle-30-4x-mega-bundle\\\/\",\"url\":\"https:\\\/\\\/www.callandplay.com\\\/drum-baffle-30-4x-mega-bundle\\\/\",\"name\":\"DRUM BAFFLE 30\\\" (4x) MEGA BUNDLE - Call&amp;Play\",\"isPartOf\":{\"@id\":\"https:\\\/\\\/www.callandplay.com\\\/#website\"},\"datePublished\":\"2025-07-29T00:00:00+00:00\",\"dateModified\":\"2026-04-03T20:35:33+00:00\",\"breadcrumb\":{\"@id\":\"https:\\\/\\\/www.callandplay.com\\\/drum-baffle-30-4x-mega-bundle\\\/#breadcrumb\"},\"inLanguage\":\"fr-FR\",\"potentialAction\":[{\"@type\":\"ReadAction\",\"target\":[\"https:\\\/\\\/www.callandplay.com\\\/drum-baffle-30-4x-mega-bundle\\\/\"]}]},{\"@type\":\"BreadcrumbList\",\"@id\":\"https:\\\/\\\/www.callandplay.com\\\/drum-baffle-30-4x-mega-bundle\\\/#breadcrumb\",\"itemListElement\":[{\"@type\":\"ListItem\",\"position\":1,\"name\":\"Portada\",\"item\":\"https:\\\/\\\/www.callandplay.com\\\/\"},{\"@type\":\"ListItem\",\"position\":2,\"name\":\"Tienda\",\"item\":\"https:\\\/\\\/www.callandplay.com\\\/tienda\\\/\"},{\"@type\":\"ListItem\",\"position\":3,\"name\":\"DRUM BAFFLE 30&#8243; (4x) MEGA BUNDLE\"}]},{\"@type\":\"WebSite\",\"@id\":\"https:\\\/\\\/www.callandplay.com\\\/#website\",\"url\":\"https:\\\/\\\/www.callandplay.com\\\/\",\"name\":\"Call&amp;Play\",\"description\":\"Alquiler de backline e instrumentos musicales\",\"publisher\":{\"@id\":\"https:\\\/\\\/www.callandplay.com\\\/#organization\"},\"potentialAction\":[{\"@type\":\"SearchAction\",\"target\":{\"@type\":\"EntryPoint\",\"urlTemplate\":\"https:\\\/\\\/www.callandplay.com\\\/?s={search_term_string}\"},\"query-input\":{\"@type\":\"PropertyValueSpecification\",\"valueRequired\":true,\"valueName\":\"search_term_string\"}}],\"inLanguage\":\"fr-FR\"},{\"@type\":\"Organization\",\"@id\":\"https:\\\/\\\/www.callandplay.com\\\/#organization\",\"name\":\"Call&Play\",\"url\":\"https:\\\/\\\/www.callandplay.com\\\/\",\"logo\":{\"@type\":\"ImageObject\",\"inLanguage\":\"fr-FR\",\"@id\":\"https:\\\/\\\/www.callandplay.com\\\/#\\\/schema\\\/logo\\\/image\\\/\",\"url\":\"https:\\\/\\\/www.callandplay.com\\\/wp-content\\\/uploads\\\/2021\\\/06\\\/cropped-cropped-logo-black_con_sombra.png\",\"contentUrl\":\"https:\\\/\\\/www.callandplay.com\\\/wp-content\\\/uploads\\\/2021\\\/06\\\/cropped-cropped-logo-black_con_sombra.png\",\"width\":512,\"height\":512,\"caption\":\"Call&Play\"},\"image\":{\"@id\":\"https:\\\/\\\/www.callandplay.com\\\/#\\\/schema\\\/logo\\\/image\\\/\"},\"sameAs\":[\"https:\\\/\\\/www.facebook.com\\\/callandplay\",\"https:\\\/\\\/www.instagram.com\\\/call_and_play\\\/\"]}]}<\/script>\n<!-- \/ Yoast SEO plugin. -->","yoast_head_json":{"title":"DRUM BAFFLE 30\" (4x) MEGA BUNDLE - Call&amp;Play","robots":{"index":"index","follow":"follow","max-snippet":"max-snippet:-1","max-image-preview":"max-image-preview:large","max-video-preview":"max-video-preview:-1"},"canonical":"https:\/\/www.callandplay.com\/fr\/drum-baffle-30-4x-mega-bundle\/","og_locale":"fr_FR","og_type":"article","og_title":"DRUM BAFFLE 30\" (4x) MEGA BUNDLE - Call&amp;Play","og_description":"Los bafles para bater\u00eda MEGA Bundle de 30\" (4 unidades) de Drumbaffles.com brindan una protecci\u00f3n de 180 grados contra el ruido de los platillos. Con todos los lados cubiertos, las voces se mantendr\u00e1n n\u00edtidas e intactas incluso en las presentaciones m\u00e1s intensas. Estos bafles tambi\u00e9n est\u00e1n dise\u00f1ados para proporcionar la mayor reflexi\u00f3n posible de los platillos, lo que le permite disfrutar de toda la gama sonora sin interferencias.","og_url":"https:\/\/www.callandplay.com\/fr\/drum-baffle-30-4x-mega-bundle\/","og_site_name":"Call&amp;Play","article_publisher":"https:\/\/www.facebook.com\/callandplay","article_modified_time":"2026-04-03T20:35:33+00:00","twitter_card":"summary_large_image","schema":{"@context":"https:\/\/schema.org","@graph":[{"@type":"WebPage","@id":"https:\/\/www.callandplay.com\/drum-baffle-30-4x-mega-bundle\/","url":"https:\/\/www.callandplay.com\/drum-baffle-30-4x-mega-bundle\/","name":"DRUM BAFFLE 30\" (4x) MEGA BUNDLE - Call&amp;Play","isPartOf":{"@id":"https:\/\/www.callandplay.com\/#website"},"datePublished":"2025-07-29T00:00:00+00:00","dateModified":"2026-04-03T20:35:33+00:00","breadcrumb":{"@id":"https:\/\/www.callandplay.com\/drum-baffle-30-4x-mega-bundle\/#breadcrumb"},"inLanguage":"fr-FR","potentialAction":[{"@type":"ReadAction","target":["https:\/\/www.callandplay.com\/drum-baffle-30-4x-mega-bundle\/"]}]},{"@type":"BreadcrumbList","@id":"https:\/\/www.callandplay.com\/drum-baffle-30-4x-mega-bundle\/#breadcrumb","itemListElement":[{"@type":"ListItem","position":1,"name":"Portada","item":"https:\/\/www.callandplay.com\/"},{"@type":"ListItem","position":2,"name":"Tienda","item":"https:\/\/www.callandplay.com\/tienda\/"},{"@type":"ListItem","position":3,"name":"DRUM BAFFLE 30&#8243; (4x) MEGA BUNDLE"}]},{"@type":"WebSite","@id":"https:\/\/www.callandplay.com\/#website","url":"https:\/\/www.callandplay.com\/","name":"Call&amp;Play","description":"Alquiler de backline e instrumentos musicales","publisher":{"@id":"https:\/\/www.callandplay.com\/#organization"},"potentialAction":[{"@type":"SearchAction","target":{"@type":"EntryPoint","urlTemplate":"https:\/\/www.callandplay.com\/?s={search_term_string}"},"query-input":{"@type":"PropertyValueSpecification","valueRequired":true,"valueName":"search_term_string"}}],"inLanguage":"fr-FR"},{"@type":"Organization","@id":"https:\/\/www.callandplay.com\/#organization","name":"Call&Play","url":"https:\/\/www.callandplay.com\/","logo":{"@type":"ImageObject","inLanguage":"fr-FR","@id":"https:\/\/www.callandplay.com\/#\/schema\/logo\/image\/","url":"https:\/\/www.callandplay.com\/wp-content\/uploads\/2021\/06\/cropped-cropped-logo-black_con_sombra.png","contentUrl":"https:\/\/www.callandplay.com\/wp-content\/uploads\/2021\/06\/cropped-cropped-logo-black_con_sombra.png","width":512,"height":512,"caption":"Call&Play"},"image":{"@id":"https:\/\/www.callandplay.com\/#\/schema\/logo\/image\/"},"sameAs":["https:\/\/www.facebook.com\/callandplay","https:\/\/www.instagram.com\/call_and_play\/"]}]}},"_links":{"self":[{"href":"https:\/\/www.callandplay.com\/fr\/wp-json\/wp\/v2\/product\/53374","targetHints":{"allow":["GET"]}}],"collection":[{"href":"https:\/\/www.callandplay.com\/fr\/wp-json\/wp\/v2\/product"}],"about":[{"href":"https:\/\/www.callandplay.com\/fr\/wp-json\/wp\/v2\/types\/product"}],"replies":[{"embeddable":true,"href":"https:\/\/www.callandplay.com\/fr\/wp-json\/wp\/v2\/comments?post=53374"}],"version-history":[{"count":1,"href":"https:\/\/www.callandplay.com\/fr\/wp-json\/wp\/v2\/product\/53374\/revisions"}],"predecessor-version":[{"id":56184,"href":"https:\/\/www.callandplay.com\/fr\/wp-json\/wp\/v2\/product\/53374\/revisions\/56184"}],"wp:attachment":[{"href":"https:\/\/www.callandplay.com\/fr\/wp-json\/wp\/v2\/media?parent=53374"}],"wp:term":[{"taxonomy":"product_brand","embeddable":true,"href":"https:\/\/www.callandplay.com\/fr\/wp-json\/wp\/v2\/product_brand?post=53374"},{"taxonomy":"product_cat","embeddable":true,"href":"https:\/\/www.callandplay.com\/fr\/wp-json\/wp\/v2\/product_cat?post=53374"},{"taxonomy":"product_tag","embeddable":true,"href":"https:\/\/www.callandplay.com\/fr\/wp-json\/wp\/v2\/product_tag?post=53374"}],"curies":[{"name":"wp","href":"https:\/\/api.w.org\/{rel}","templated":true}]}}