{"id":53399,"date":"2025-08-18T00:00:00","date_gmt":"2025-08-18T00:00:00","guid":{"rendered":"https:\/\/www.callandplay.com\/fender-telecaster-classic-player-thinline-deluxe-mn-sb\/"},"modified":"2026-04-15T20:54:23","modified_gmt":"2026-04-15T20:54:23","slug":"fender-telecaster-classic-player-thinline-deluxe-mn-sb","status":"publish","type":"product","link":"https:\/\/www.callandplay.com\/fr\/fender-telecaster-classic-player-thinline-deluxe-mn-sb\/","title":{"rendered":"FENDER TELECASTER CLASSIC PLAYER THINLINE DELUXE MN SB"},"content":{"rendered":"<p>La Fender Telecaster Thinline es una guitarra semihueca fabricada por la compa\u00f1\u00eda Fender. Es una Telecaster con cavidades en el cuerpo. Dise\u00f1ada por el luthier alem\u00e1n Roger Rossmeisl en 1968, se present\u00f3 en 1969 y se actualiz\u00f3 en 1972, reemplazando las pastillas est\u00e1ndar de la Telecaster por un par de pastillas humbucker Fender Wide Range, tensor de bala y m\u00e1stil de 3 tornillos.<\/p>","protected":false},"excerpt":{"rendered":"<p>La Fender Telecaster Thinline es una guitarra semihueca fabricada por la compa\u00f1\u00eda Fender. Es una Telecaster con cavidades en el cuerpo. Dise\u00f1ada por el luthier alem\u00e1n Roger Rossmeisl en 1968, se present\u00f3 en 1969 y se actualiz\u00f3 en 1972, reemplazando las pastillas est\u00e1ndar de la Telecaster por un par de pastillas humbucker Fender Wide Range, tensor de bala y m\u00e1stil de 3 tornillos.<\/p>","protected":false},"featured_media":0,"comment_status":"closed","ping_status":"closed","template":"","meta":{"_acf_changed":false,"om_disable_all_campaigns":false,"_monsterinsights_skip_tracking":false,"_monsterinsights_sitenote_active":false,"_monsterinsights_sitenote_note":"","_monsterinsights_sitenote_category":0},"product_brand":[],"product_cat":[1056],"product_tag":[],"class_list":{"0":"post-53399","1":"product","2":"type-product","3":"status-publish","5":"product_cat-guitarras-electricas-caja-resonancia","7":"first","8":"instock","9":"shipping-taxable","10":"purchasable","11":"product-type-simple"},"acf":[],"yoast_head":"<!-- This site is optimized with the Yoast SEO plugin v27.4 - https:\/\/yoast.com\/product\/yoast-seo-wordpress\/ -->\n<title>FENDER TELECASTER CLASSIC PLAYER THINLINE DELUXE MN SB - Call&amp;Play<\/title>\n<meta name=\"robots\" content=\"index, follow, max-snippet:-1, max-image-preview:large, max-video-preview:-1\" \/>\n<link rel=\"canonical\" href=\"https:\/\/www.callandplay.com\/fr\/fender-telecaster-classic-player-thinline-deluxe-mn-sb\/\" \/>\n<meta property=\"og:locale\" content=\"fr_FR\" \/>\n<meta property=\"og:type\" content=\"article\" \/>\n<meta property=\"og:title\" content=\"FENDER TELECASTER CLASSIC PLAYER THINLINE DELUXE MN SB - Call&amp;Play\" \/>\n<meta property=\"og:description\" content=\"La Fender Telecaster Thinline es una guitarra semihueca fabricada por la compa\u00f1\u00eda Fender. Es una Telecaster con cavidades en el cuerpo. Dise\u00f1ada por el luthier alem\u00e1n Roger Rossmeisl en 1968, se present\u00f3 en 1969 y se actualiz\u00f3 en 1972, reemplazando las pastillas est\u00e1ndar de la Telecaster por un par de pastillas humbucker Fender Wide Range, tensor de bala y m\u00e1stil de 3 tornillos.\" \/>\n<meta property=\"og:url\" content=\"https:\/\/www.callandplay.com\/fr\/fender-telecaster-classic-player-thinline-deluxe-mn-sb\/\" \/>\n<meta property=\"og:site_name\" content=\"Call&amp;Play\" \/>\n<meta property=\"article:publisher\" content=\"https:\/\/www.facebook.com\/callandplay\" \/>\n<meta property=\"article:modified_time\" content=\"2026-04-15T20:54:23+00:00\" \/>\n<meta name=\"twitter:card\" content=\"summary_large_image\" \/>\n<script type=\"application\/ld+json\" class=\"yoast-schema-graph\">{\"@context\":\"https:\\\/\\\/schema.org\",\"@graph\":[{\"@type\":\"WebPage\",\"@id\":\"https:\\\/\\\/www.callandplay.com\\\/fender-telecaster-classic-player-thinline-deluxe-mn-sb\\\/\",\"url\":\"https:\\\/\\\/www.callandplay.com\\\/fender-telecaster-classic-player-thinline-deluxe-mn-sb\\\/\",\"name\":\"FENDER TELECASTER CLASSIC PLAYER THINLINE DELUXE MN SB - Call&amp;Play\",\"isPartOf\":{\"@id\":\"https:\\\/\\\/www.callandplay.com\\\/#website\"},\"datePublished\":\"2025-08-18T00:00:00+00:00\",\"dateModified\":\"2026-04-15T20:54:23+00:00\",\"breadcrumb\":{\"@id\":\"https:\\\/\\\/www.callandplay.com\\\/fender-telecaster-classic-player-thinline-deluxe-mn-sb\\\/#breadcrumb\"},\"inLanguage\":\"fr-FR\",\"potentialAction\":[{\"@type\":\"ReadAction\",\"target\":[\"https:\\\/\\\/www.callandplay.com\\\/fender-telecaster-classic-player-thinline-deluxe-mn-sb\\\/\"]}]},{\"@type\":\"BreadcrumbList\",\"@id\":\"https:\\\/\\\/www.callandplay.com\\\/fender-telecaster-classic-player-thinline-deluxe-mn-sb\\\/#breadcrumb\",\"itemListElement\":[{\"@type\":\"ListItem\",\"position\":1,\"name\":\"Portada\",\"item\":\"https:\\\/\\\/www.callandplay.com\\\/\"},{\"@type\":\"ListItem\",\"position\":2,\"name\":\"Tienda\",\"item\":\"https:\\\/\\\/www.callandplay.com\\\/tienda\\\/\"},{\"@type\":\"ListItem\",\"position\":3,\"name\":\"FENDER TELECASTER CLASSIC PLAYER THINLINE DELUXE MN SB\"}]},{\"@type\":\"WebSite\",\"@id\":\"https:\\\/\\\/www.callandplay.com\\\/#website\",\"url\":\"https:\\\/\\\/www.callandplay.com\\\/\",\"name\":\"Call&amp;Play\",\"description\":\"Alquiler de backline e instrumentos musicales\",\"publisher\":{\"@id\":\"https:\\\/\\\/www.callandplay.com\\\/#organization\"},\"potentialAction\":[{\"@type\":\"SearchAction\",\"target\":{\"@type\":\"EntryPoint\",\"urlTemplate\":\"https:\\\/\\\/www.callandplay.com\\\/?s={search_term_string}\"},\"query-input\":{\"@type\":\"PropertyValueSpecification\",\"valueRequired\":true,\"valueName\":\"search_term_string\"}}],\"inLanguage\":\"fr-FR\"},{\"@type\":\"Organization\",\"@id\":\"https:\\\/\\\/www.callandplay.com\\\/#organization\",\"name\":\"Call&Play\",\"url\":\"https:\\\/\\\/www.callandplay.com\\\/\",\"logo\":{\"@type\":\"ImageObject\",\"inLanguage\":\"fr-FR\",\"@id\":\"https:\\\/\\\/www.callandplay.com\\\/#\\\/schema\\\/logo\\\/image\\\/\",\"url\":\"https:\\\/\\\/www.callandplay.com\\\/wp-content\\\/uploads\\\/2021\\\/06\\\/cropped-cropped-logo-black_con_sombra.png\",\"contentUrl\":\"https:\\\/\\\/www.callandplay.com\\\/wp-content\\\/uploads\\\/2021\\\/06\\\/cropped-cropped-logo-black_con_sombra.png\",\"width\":512,\"height\":512,\"caption\":\"Call&Play\"},\"image\":{\"@id\":\"https:\\\/\\\/www.callandplay.com\\\/#\\\/schema\\\/logo\\\/image\\\/\"},\"sameAs\":[\"https:\\\/\\\/www.facebook.com\\\/callandplay\",\"https:\\\/\\\/www.instagram.com\\\/call_and_play\\\/\"]}]}<\/script>\n<!-- \/ Yoast SEO plugin. -->","yoast_head_json":{"title":"FENDER TELECASTER CLASSIC PLAYER THINLINE DELUXE MN SB - Call&amp;Play","robots":{"index":"index","follow":"follow","max-snippet":"max-snippet:-1","max-image-preview":"max-image-preview:large","max-video-preview":"max-video-preview:-1"},"canonical":"https:\/\/www.callandplay.com\/fr\/fender-telecaster-classic-player-thinline-deluxe-mn-sb\/","og_locale":"fr_FR","og_type":"article","og_title":"FENDER TELECASTER CLASSIC PLAYER THINLINE DELUXE MN SB - Call&amp;Play","og_description":"La Fender Telecaster Thinline es una guitarra semihueca fabricada por la compa\u00f1\u00eda Fender. Es una Telecaster con cavidades en el cuerpo. Dise\u00f1ada por el luthier alem\u00e1n Roger Rossmeisl en 1968, se present\u00f3 en 1969 y se actualiz\u00f3 en 1972, reemplazando las pastillas est\u00e1ndar de la Telecaster por un par de pastillas humbucker Fender Wide Range, tensor de bala y m\u00e1stil de 3 tornillos.","og_url":"https:\/\/www.callandplay.com\/fr\/fender-telecaster-classic-player-thinline-deluxe-mn-sb\/","og_site_name":"Call&amp;Play","article_publisher":"https:\/\/www.facebook.com\/callandplay","article_modified_time":"2026-04-15T20:54:23+00:00","twitter_card":"summary_large_image","schema":{"@context":"https:\/\/schema.org","@graph":[{"@type":"WebPage","@id":"https:\/\/www.callandplay.com\/fender-telecaster-classic-player-thinline-deluxe-mn-sb\/","url":"https:\/\/www.callandplay.com\/fender-telecaster-classic-player-thinline-deluxe-mn-sb\/","name":"FENDER TELECASTER CLASSIC PLAYER THINLINE DELUXE MN SB - Call&amp;Play","isPartOf":{"@id":"https:\/\/www.callandplay.com\/#website"},"datePublished":"2025-08-18T00:00:00+00:00","dateModified":"2026-04-15T20:54:23+00:00","breadcrumb":{"@id":"https:\/\/www.callandplay.com\/fender-telecaster-classic-player-thinline-deluxe-mn-sb\/#breadcrumb"},"inLanguage":"fr-FR","potentialAction":[{"@type":"ReadAction","target":["https:\/\/www.callandplay.com\/fender-telecaster-classic-player-thinline-deluxe-mn-sb\/"]}]},{"@type":"BreadcrumbList","@id":"https:\/\/www.callandplay.com\/fender-telecaster-classic-player-thinline-deluxe-mn-sb\/#breadcrumb","itemListElement":[{"@type":"ListItem","position":1,"name":"Portada","item":"https:\/\/www.callandplay.com\/"},{"@type":"ListItem","position":2,"name":"Tienda","item":"https:\/\/www.callandplay.com\/tienda\/"},{"@type":"ListItem","position":3,"name":"FENDER TELECASTER CLASSIC PLAYER THINLINE DELUXE MN SB"}]},{"@type":"WebSite","@id":"https:\/\/www.callandplay.com\/#website","url":"https:\/\/www.callandplay.com\/","name":"Call&amp;Play","description":"Alquiler de backline e instrumentos musicales","publisher":{"@id":"https:\/\/www.callandplay.com\/#organization"},"potentialAction":[{"@type":"SearchAction","target":{"@type":"EntryPoint","urlTemplate":"https:\/\/www.callandplay.com\/?s={search_term_string}"},"query-input":{"@type":"PropertyValueSpecification","valueRequired":true,"valueName":"search_term_string"}}],"inLanguage":"fr-FR"},{"@type":"Organization","@id":"https:\/\/www.callandplay.com\/#organization","name":"Call&Play","url":"https:\/\/www.callandplay.com\/","logo":{"@type":"ImageObject","inLanguage":"fr-FR","@id":"https:\/\/www.callandplay.com\/#\/schema\/logo\/image\/","url":"https:\/\/www.callandplay.com\/wp-content\/uploads\/2021\/06\/cropped-cropped-logo-black_con_sombra.png","contentUrl":"https:\/\/www.callandplay.com\/wp-content\/uploads\/2021\/06\/cropped-cropped-logo-black_con_sombra.png","width":512,"height":512,"caption":"Call&Play"},"image":{"@id":"https:\/\/www.callandplay.com\/#\/schema\/logo\/image\/"},"sameAs":["https:\/\/www.facebook.com\/callandplay","https:\/\/www.instagram.com\/call_and_play\/"]}]}},"_links":{"self":[{"href":"https:\/\/www.callandplay.com\/fr\/wp-json\/wp\/v2\/product\/53399","targetHints":{"allow":["GET"]}}],"collection":[{"href":"https:\/\/www.callandplay.com\/fr\/wp-json\/wp\/v2\/product"}],"about":[{"href":"https:\/\/www.callandplay.com\/fr\/wp-json\/wp\/v2\/types\/product"}],"replies":[{"embeddable":true,"href":"https:\/\/www.callandplay.com\/fr\/wp-json\/wp\/v2\/comments?post=53399"}],"version-history":[{"count":1,"href":"https:\/\/www.callandplay.com\/fr\/wp-json\/wp\/v2\/product\/53399\/revisions"}],"predecessor-version":[{"id":56209,"href":"https:\/\/www.callandplay.com\/fr\/wp-json\/wp\/v2\/product\/53399\/revisions\/56209"}],"wp:attachment":[{"href":"https:\/\/www.callandplay.com\/fr\/wp-json\/wp\/v2\/media?parent=53399"}],"wp:term":[{"taxonomy":"product_brand","embeddable":true,"href":"https:\/\/www.callandplay.com\/fr\/wp-json\/wp\/v2\/product_brand?post=53399"},{"taxonomy":"product_cat","embeddable":true,"href":"https:\/\/www.callandplay.com\/fr\/wp-json\/wp\/v2\/product_cat?post=53399"},{"taxonomy":"product_tag","embeddable":true,"href":"https:\/\/www.callandplay.com\/fr\/wp-json\/wp\/v2\/product_tag?post=53399"}],"curies":[{"name":"wp","href":"https:\/\/api.w.org\/{rel}","templated":true}]}}