{"id":53563,"date":"2026-02-27T00:00:00","date_gmt":"2026-02-27T00:00:00","guid":{"rendered":"https:\/\/www.callandplay.com\/musser-m-645-orchestra-bells-glockenspiel\/"},"modified":"2026-04-15T20:54:28","modified_gmt":"2026-04-15T20:54:28","slug":"musser-m-645-orchestra-bells-glockenspiel","status":"publish","type":"product","link":"https:\/\/www.callandplay.com\/fr\/musser-m-645-orchestra-bells-glockenspiel\/","title":{"rendered":"MUSSER M-645 ORCHESTRA BELLS \/ GLOCKENSPIEL"},"content":{"rendered":"<p>El M645 es un glockenspiel de 2,5 octavas con barras del mejor acero templado con alto contenido de carbono, cuidadosamente afinado a mano mediante un sistema de ensamblaje de barras especialmente dise\u00f1ado para proporcionar un tono, una claridad y una resonancia excepcionales. Las barras est\u00e1n niqueladas con un acabado satinado. Incluye un estuche de madera forrado de vinilo. Las liras del musser son de las m\u00e1s apreciadas por conservatorios, orquestas y bandas de todo el mundo. Sin interruptor. Rango de octavas de 2,5 octavas. Rango de notas de Sol5 a Do8. Afinaci\u00f3n de La=442.<\/p>","protected":false},"excerpt":{"rendered":"<p>El M645 es un glockenspiel de 2,5 octavas con barras del mejor acero templado con alto contenido de carbono, cuidadosamente afinado a mano mediante un sistema de ensamblaje de barras especialmente dise\u00f1ado para proporcionar un tono, una claridad y una resonancia excepcionales. Las barras est\u00e1n niqueladas con un acabado satinado. Incluye un estuche de madera forrado de vinilo. Las liras del musser son de las m\u00e1s apreciadas por conservatorios, orquestas y bandas de todo el mundo. Sin interruptor. Rango de octavas de 2,5 octavas. Rango de notas de Sol5 a Do8. Afinaci\u00f3n de La=442.<\/p>","protected":false},"featured_media":0,"comment_status":"closed","ping_status":"closed","template":"","meta":{"_acf_changed":false,"om_disable_all_campaigns":false,"_monsterinsights_skip_tracking":false,"_monsterinsights_sitenote_active":false,"_monsterinsights_sitenote_note":"","_monsterinsights_sitenote_category":0},"product_brand":[],"product_cat":[1160],"product_tag":[],"class_list":{"0":"post-53563","1":"product","2":"type-product","3":"status-publish","5":"product_cat-glockenspiels-carrillones","7":"first","8":"instock","9":"shipping-taxable","10":"purchasable","11":"product-type-simple"},"acf":[],"yoast_head":"<!-- This site is optimized with the Yoast SEO plugin v27.4 - https:\/\/yoast.com\/product\/yoast-seo-wordpress\/ -->\n<title>MUSSER M-645 ORCHESTRA BELLS \/ GLOCKENSPIEL - Call&amp;Play<\/title>\n<meta name=\"robots\" content=\"index, follow, max-snippet:-1, max-image-preview:large, max-video-preview:-1\" \/>\n<link rel=\"canonical\" href=\"https:\/\/www.callandplay.com\/fr\/musser-m-645-orchestra-bells-glockenspiel\/\" \/>\n<meta property=\"og:locale\" content=\"fr_FR\" \/>\n<meta property=\"og:type\" content=\"article\" \/>\n<meta property=\"og:title\" content=\"MUSSER M-645 ORCHESTRA BELLS \/ GLOCKENSPIEL - Call&amp;Play\" \/>\n<meta property=\"og:description\" content=\"El M645 es un glockenspiel de 2,5 octavas con barras del mejor acero templado con alto contenido de carbono, cuidadosamente afinado a mano mediante un sistema de ensamblaje de barras especialmente dise\u00f1ado para proporcionar un tono, una claridad y una resonancia excepcionales. Las barras est\u00e1n niqueladas con un acabado satinado. Incluye un estuche de madera forrado de vinilo. Las liras del musser son de las m\u00e1s apreciadas por conservatorios, orquestas y bandas de todo el mundo. Sin interruptor. Rango de octavas de 2,5 octavas. Rango de notas de Sol5 a Do8. Afinaci\u00f3n de La=442.\" \/>\n<meta property=\"og:url\" content=\"https:\/\/www.callandplay.com\/fr\/musser-m-645-orchestra-bells-glockenspiel\/\" \/>\n<meta property=\"og:site_name\" content=\"Call&amp;Play\" \/>\n<meta property=\"article:publisher\" content=\"https:\/\/www.facebook.com\/callandplay\" \/>\n<meta property=\"article:modified_time\" content=\"2026-04-15T20:54:28+00:00\" \/>\n<meta name=\"twitter:card\" content=\"summary_large_image\" \/>\n<script type=\"application\/ld+json\" class=\"yoast-schema-graph\">{\"@context\":\"https:\\\/\\\/schema.org\",\"@graph\":[{\"@type\":\"WebPage\",\"@id\":\"https:\\\/\\\/www.callandplay.com\\\/musser-m-645-orchestra-bells-glockenspiel\\\/\",\"url\":\"https:\\\/\\\/www.callandplay.com\\\/musser-m-645-orchestra-bells-glockenspiel\\\/\",\"name\":\"MUSSER M-645 ORCHESTRA BELLS \\\/ GLOCKENSPIEL - Call&amp;Play\",\"isPartOf\":{\"@id\":\"https:\\\/\\\/www.callandplay.com\\\/#website\"},\"datePublished\":\"2026-02-27T00:00:00+00:00\",\"dateModified\":\"2026-04-15T20:54:28+00:00\",\"breadcrumb\":{\"@id\":\"https:\\\/\\\/www.callandplay.com\\\/musser-m-645-orchestra-bells-glockenspiel\\\/#breadcrumb\"},\"inLanguage\":\"fr-FR\",\"potentialAction\":[{\"@type\":\"ReadAction\",\"target\":[\"https:\\\/\\\/www.callandplay.com\\\/musser-m-645-orchestra-bells-glockenspiel\\\/\"]}]},{\"@type\":\"BreadcrumbList\",\"@id\":\"https:\\\/\\\/www.callandplay.com\\\/musser-m-645-orchestra-bells-glockenspiel\\\/#breadcrumb\",\"itemListElement\":[{\"@type\":\"ListItem\",\"position\":1,\"name\":\"Portada\",\"item\":\"https:\\\/\\\/www.callandplay.com\\\/\"},{\"@type\":\"ListItem\",\"position\":2,\"name\":\"Tienda\",\"item\":\"https:\\\/\\\/www.callandplay.com\\\/tienda\\\/\"},{\"@type\":\"ListItem\",\"position\":3,\"name\":\"MUSSER M-645 ORCHESTRA BELLS \\\/ GLOCKENSPIEL\"}]},{\"@type\":\"WebSite\",\"@id\":\"https:\\\/\\\/www.callandplay.com\\\/#website\",\"url\":\"https:\\\/\\\/www.callandplay.com\\\/\",\"name\":\"Call&amp;Play\",\"description\":\"Alquiler de backline e instrumentos musicales\",\"publisher\":{\"@id\":\"https:\\\/\\\/www.callandplay.com\\\/#organization\"},\"potentialAction\":[{\"@type\":\"SearchAction\",\"target\":{\"@type\":\"EntryPoint\",\"urlTemplate\":\"https:\\\/\\\/www.callandplay.com\\\/?s={search_term_string}\"},\"query-input\":{\"@type\":\"PropertyValueSpecification\",\"valueRequired\":true,\"valueName\":\"search_term_string\"}}],\"inLanguage\":\"fr-FR\"},{\"@type\":\"Organization\",\"@id\":\"https:\\\/\\\/www.callandplay.com\\\/#organization\",\"name\":\"Call&Play\",\"url\":\"https:\\\/\\\/www.callandplay.com\\\/\",\"logo\":{\"@type\":\"ImageObject\",\"inLanguage\":\"fr-FR\",\"@id\":\"https:\\\/\\\/www.callandplay.com\\\/#\\\/schema\\\/logo\\\/image\\\/\",\"url\":\"https:\\\/\\\/www.callandplay.com\\\/wp-content\\\/uploads\\\/2021\\\/06\\\/cropped-cropped-logo-black_con_sombra.png\",\"contentUrl\":\"https:\\\/\\\/www.callandplay.com\\\/wp-content\\\/uploads\\\/2021\\\/06\\\/cropped-cropped-logo-black_con_sombra.png\",\"width\":512,\"height\":512,\"caption\":\"Call&Play\"},\"image\":{\"@id\":\"https:\\\/\\\/www.callandplay.com\\\/#\\\/schema\\\/logo\\\/image\\\/\"},\"sameAs\":[\"https:\\\/\\\/www.facebook.com\\\/callandplay\",\"https:\\\/\\\/www.instagram.com\\\/call_and_play\\\/\"]}]}<\/script>\n<!-- \/ Yoast SEO plugin. -->","yoast_head_json":{"title":"MUSSER M-645 ORCHESTRA BELLS \/ GLOCKENSPIEL - Call&amp;Play","robots":{"index":"index","follow":"follow","max-snippet":"max-snippet:-1","max-image-preview":"max-image-preview:large","max-video-preview":"max-video-preview:-1"},"canonical":"https:\/\/www.callandplay.com\/fr\/musser-m-645-orchestra-bells-glockenspiel\/","og_locale":"fr_FR","og_type":"article","og_title":"MUSSER M-645 ORCHESTRA BELLS \/ GLOCKENSPIEL - Call&amp;Play","og_description":"El M645 es un glockenspiel de 2,5 octavas con barras del mejor acero templado con alto contenido de carbono, cuidadosamente afinado a mano mediante un sistema de ensamblaje de barras especialmente dise\u00f1ado para proporcionar un tono, una claridad y una resonancia excepcionales. Las barras est\u00e1n niqueladas con un acabado satinado. Incluye un estuche de madera forrado de vinilo. Las liras del musser son de las m\u00e1s apreciadas por conservatorios, orquestas y bandas de todo el mundo. Sin interruptor. Rango de octavas de 2,5 octavas. Rango de notas de Sol5 a Do8. Afinaci\u00f3n de La=442.","og_url":"https:\/\/www.callandplay.com\/fr\/musser-m-645-orchestra-bells-glockenspiel\/","og_site_name":"Call&amp;Play","article_publisher":"https:\/\/www.facebook.com\/callandplay","article_modified_time":"2026-04-15T20:54:28+00:00","twitter_card":"summary_large_image","schema":{"@context":"https:\/\/schema.org","@graph":[{"@type":"WebPage","@id":"https:\/\/www.callandplay.com\/musser-m-645-orchestra-bells-glockenspiel\/","url":"https:\/\/www.callandplay.com\/musser-m-645-orchestra-bells-glockenspiel\/","name":"MUSSER M-645 ORCHESTRA BELLS \/ GLOCKENSPIEL - Call&amp;Play","isPartOf":{"@id":"https:\/\/www.callandplay.com\/#website"},"datePublished":"2026-02-27T00:00:00+00:00","dateModified":"2026-04-15T20:54:28+00:00","breadcrumb":{"@id":"https:\/\/www.callandplay.com\/musser-m-645-orchestra-bells-glockenspiel\/#breadcrumb"},"inLanguage":"fr-FR","potentialAction":[{"@type":"ReadAction","target":["https:\/\/www.callandplay.com\/musser-m-645-orchestra-bells-glockenspiel\/"]}]},{"@type":"BreadcrumbList","@id":"https:\/\/www.callandplay.com\/musser-m-645-orchestra-bells-glockenspiel\/#breadcrumb","itemListElement":[{"@type":"ListItem","position":1,"name":"Portada","item":"https:\/\/www.callandplay.com\/"},{"@type":"ListItem","position":2,"name":"Tienda","item":"https:\/\/www.callandplay.com\/tienda\/"},{"@type":"ListItem","position":3,"name":"MUSSER M-645 ORCHESTRA BELLS \/ GLOCKENSPIEL"}]},{"@type":"WebSite","@id":"https:\/\/www.callandplay.com\/#website","url":"https:\/\/www.callandplay.com\/","name":"Call&amp;Play","description":"Alquiler de backline e instrumentos musicales","publisher":{"@id":"https:\/\/www.callandplay.com\/#organization"},"potentialAction":[{"@type":"SearchAction","target":{"@type":"EntryPoint","urlTemplate":"https:\/\/www.callandplay.com\/?s={search_term_string}"},"query-input":{"@type":"PropertyValueSpecification","valueRequired":true,"valueName":"search_term_string"}}],"inLanguage":"fr-FR"},{"@type":"Organization","@id":"https:\/\/www.callandplay.com\/#organization","name":"Call&Play","url":"https:\/\/www.callandplay.com\/","logo":{"@type":"ImageObject","inLanguage":"fr-FR","@id":"https:\/\/www.callandplay.com\/#\/schema\/logo\/image\/","url":"https:\/\/www.callandplay.com\/wp-content\/uploads\/2021\/06\/cropped-cropped-logo-black_con_sombra.png","contentUrl":"https:\/\/www.callandplay.com\/wp-content\/uploads\/2021\/06\/cropped-cropped-logo-black_con_sombra.png","width":512,"height":512,"caption":"Call&Play"},"image":{"@id":"https:\/\/www.callandplay.com\/#\/schema\/logo\/image\/"},"sameAs":["https:\/\/www.facebook.com\/callandplay","https:\/\/www.instagram.com\/call_and_play\/"]}]}},"_links":{"self":[{"href":"https:\/\/www.callandplay.com\/fr\/wp-json\/wp\/v2\/product\/53563","targetHints":{"allow":["GET"]}}],"collection":[{"href":"https:\/\/www.callandplay.com\/fr\/wp-json\/wp\/v2\/product"}],"about":[{"href":"https:\/\/www.callandplay.com\/fr\/wp-json\/wp\/v2\/types\/product"}],"replies":[{"embeddable":true,"href":"https:\/\/www.callandplay.com\/fr\/wp-json\/wp\/v2\/comments?post=53563"}],"version-history":[{"count":1,"href":"https:\/\/www.callandplay.com\/fr\/wp-json\/wp\/v2\/product\/53563\/revisions"}],"predecessor-version":[{"id":56373,"href":"https:\/\/www.callandplay.com\/fr\/wp-json\/wp\/v2\/product\/53563\/revisions\/56373"}],"wp:attachment":[{"href":"https:\/\/www.callandplay.com\/fr\/wp-json\/wp\/v2\/media?parent=53563"}],"wp:term":[{"taxonomy":"product_brand","embeddable":true,"href":"https:\/\/www.callandplay.com\/fr\/wp-json\/wp\/v2\/product_brand?post=53563"},{"taxonomy":"product_cat","embeddable":true,"href":"https:\/\/www.callandplay.com\/fr\/wp-json\/wp\/v2\/product_cat?post=53563"},{"taxonomy":"product_tag","embeddable":true,"href":"https:\/\/www.callandplay.com\/fr\/wp-json\/wp\/v2\/product_tag?post=53563"}],"curies":[{"name":"wp","href":"https:\/\/api.w.org\/{rel}","templated":true}]}}