{"id":13470,"date":"2021-07-08T22:03:29","date_gmt":"2021-07-08T22:03:29","guid":{"rendered":"https:\/\/www.callandplay.com\/?page_id=13470"},"modified":"2025-11-17T11:42:56","modified_gmt":"2025-11-17T11:42:56","slug":"condiciones-de-alquiler","status":"publish","type":"page","link":"https:\/\/www.callandplay.com\/pt\/condiciones-de-alquiler\/","title":{"rendered":"Condi\u00e7\u00f5es de aluguer"},"content":{"rendered":"<div data-elementor-type=\"wp-page\" data-elementor-id=\"13470\" class=\"elementor elementor-13470\" data-elementor-post-type=\"page\">\n\t\t\t\t\t\t<section class=\"elementor-section elementor-top-section elementor-element elementor-element-726ecbb8 elementor-section-height-min-height elementor-section-boxed elementor-section-height-default elementor-section-items-middle\" data-id=\"726ecbb8\" data-element_type=\"section\" data-e-type=\"section\" data-settings=\"{&quot;background_background&quot;:&quot;classic&quot;}\">\n\t\t\t\t\t\t<div class=\"elementor-container elementor-column-gap-default\">\n\t\t\t\t\t<div class=\"elementor-column elementor-col-100 elementor-top-column elementor-element elementor-element-11070f1c\" data-id=\"11070f1c\" data-element_type=\"column\" data-e-type=\"column\">\n\t\t\t<div class=\"elementor-widget-wrap elementor-element-populated\">\n\t\t\t\t\t\t<div class=\"elementor-element elementor-element-0ff1633 elementor-widget elementor-widget-heading\" data-id=\"0ff1633\" data-element_type=\"widget\" data-e-type=\"widget\" data-widget_type=\"heading.default\">\n\t\t\t\t<div class=\"elementor-widget-container\">\n\t\t\t\t\t<h1 class=\"elementor-heading-title elementor-size-default\">Condi\u00e7\u00f5es de aluguer<\/h1>\t\t\t\t<\/div>\n\t\t\t\t<\/div>\n\t\t\t\t<div class=\"elementor-element elementor-element-6e4d825 elementor-widget elementor-widget-heading\" data-id=\"6e4d825\" data-element_type=\"widget\" data-e-type=\"widget\" data-widget_type=\"heading.default\">\n\t\t\t\t<div class=\"elementor-widget-container\">\n\t\t\t\t\t<h2 class=\"elementor-heading-title elementor-size-default\">Pre\u00e7os e descontos<\/h2>\t\t\t\t<\/div>\n\t\t\t\t<\/div>\n\t\t\t\t\t<\/div>\n\t\t<\/div>\n\t\t\t\t\t<\/div>\n\t\t<\/section>\n\t\t\t\t<section class=\"elementor-section elementor-top-section elementor-element elementor-element-563d8050 elementor-section-boxed elementor-section-height-default elementor-section-height-default\" data-id=\"563d8050\" data-element_type=\"section\" data-e-type=\"section\" data-settings=\"{&quot;background_background&quot;:&quot;classic&quot;}\">\n\t\t\t\t\t\t<div class=\"elementor-container elementor-column-gap-default\">\n\t\t\t\t\t<div class=\"elementor-column elementor-col-50 elementor-top-column elementor-element elementor-element-160f7057\" data-id=\"160f7057\" data-element_type=\"column\" data-e-type=\"column\">\n\t\t\t<div class=\"elementor-widget-wrap elementor-element-populated\">\n\t\t\t\t\t\t<div class=\"elementor-element elementor-element-472b326 elementor-widget elementor-widget-heading\" data-id=\"472b326\" data-element_type=\"widget\" data-e-type=\"widget\" data-widget_type=\"heading.default\">\n\t\t\t\t<div class=\"elementor-widget-container\">\n\t\t\t\t\t<h2 class=\"elementor-heading-title elementor-size-default\">Pre\u00e7os de cat\u00e1logo<\/h2>\t\t\t\t<\/div>\n\t\t\t\t<\/div>\n\t\t\t\t<div class=\"elementor-element elementor-element-35bce1d9 elementor-widget-divider--view-line elementor-widget elementor-widget-divider\" data-id=\"35bce1d9\" data-element_type=\"widget\" data-e-type=\"widget\" data-widget_type=\"divider.default\">\n\t\t\t\t<div class=\"elementor-widget-container\">\n\t\t\t\t\t\t\t<div class=\"elementor-divider\">\n\t\t\t<span class=\"elementor-divider-separator\">\n\t\t\t\t\t\t<\/span>\n\t\t<\/div>\n\t\t\t\t\t\t<\/div>\n\t\t\t\t<\/div>\n\t\t\t\t<div class=\"elementor-element elementor-element-a8d3e69 elementor-widget elementor-widget-text-editor\" data-id=\"a8d3e69\" data-element_type=\"widget\" data-e-type=\"widget\" data-widget_type=\"text-editor.default\">\n\t\t\t\t<div class=\"elementor-widget-container\">\n\t\t\t\t\t\t\t\t\t<p>Os pre\u00e7os de cat\u00e1logo s\u00e3o por dia de aluguer. O IVA (Uni\u00e3o Europeia) ou TVA (Marrocos) n\u00e3o est\u00e1 inclu\u00eddo. Os pre\u00e7os podem variar nos territ\u00f3rios insulares. Para alugueres com dura\u00e7\u00e3o superior a um dia, aplicam-se taxas ou coeficientes de desconto progressivos. Por exemplo:<\/p><ul><li>2 dias de uso: cobra-se o pre\u00e7o do cat\u00e1logo x 1.5<\/li><li>3 dias de uso: cobra-se o pre\u00e7o do cat\u00e1logo x 1.8<\/li><li>7 dias de uso: cobra-se o pre\u00e7o do cat\u00e1logo x 3<\/li><\/ul><p>\u00a0<\/p><p>Est\u00e3o dispon\u00edveis descontos significativos para alugueres de um m\u00eas ou mais. As tarifas s\u00e3o reduzidas para dias de ensaio, determinados eventos de caridade, etc.<\/p><p>Al\u00e9m disso, os clientes habituais beneficiam de descontos espec\u00edficos.<\/p>\t\t\t\t\t\t\t\t<\/div>\n\t\t\t\t<\/div>\n\t\t\t\t<div class=\"elementor-element elementor-element-c18f317 elementor-widget-divider--view-line elementor-widget elementor-widget-divider\" data-id=\"c18f317\" data-element_type=\"widget\" data-e-type=\"widget\" data-widget_type=\"divider.default\">\n\t\t\t\t<div class=\"elementor-widget-container\">\n\t\t\t\t\t\t\t<div class=\"elementor-divider\">\n\t\t\t<span class=\"elementor-divider-separator\">\n\t\t\t\t\t\t<\/span>\n\t\t<\/div>\n\t\t\t\t\t\t<\/div>\n\t\t\t\t<\/div>\n\t\t\t\t\t<\/div>\n\t\t<\/div>\n\t\t\t\t<div class=\"elementor-column elementor-col-50 elementor-top-column elementor-element elementor-element-f001301\" data-id=\"f001301\" data-element_type=\"column\" data-e-type=\"column\">\n\t\t\t<div class=\"elementor-widget-wrap elementor-element-populated\">\n\t\t\t\t\t\t<div class=\"elementor-element elementor-element-29d9ee6 elementor-widget elementor-widget-heading\" data-id=\"29d9ee6\" data-element_type=\"widget\" data-e-type=\"widget\" data-widget_type=\"heading.default\">\n\t\t\t\t<div class=\"elementor-widget-container\">\n\t\t\t\t\t<h2 class=\"elementor-heading-title elementor-size-default\">Condi\u00e7\u00f5es de Pagamento<\/h2>\t\t\t\t<\/div>\n\t\t\t\t<\/div>\n\t\t\t\t<div class=\"elementor-element elementor-element-69fd91c elementor-widget-divider--view-line elementor-widget elementor-widget-divider\" data-id=\"69fd91c\" data-element_type=\"widget\" data-e-type=\"widget\" data-widget_type=\"divider.default\">\n\t\t\t\t<div class=\"elementor-widget-container\">\n\t\t\t\t\t\t\t<div class=\"elementor-divider\">\n\t\t\t<span class=\"elementor-divider-separator\">\n\t\t\t\t\t\t<\/span>\n\t\t<\/div>\n\t\t\t\t\t\t<\/div>\n\t\t\t\t<\/div>\n\t\t\t\t<div class=\"elementor-element elementor-element-38be623 elementor-widget elementor-widget-text-editor\" data-id=\"38be623\" data-element_type=\"widget\" data-e-type=\"widget\" data-widget_type=\"text-editor.default\">\n\t\t\t\t<div class=\"elementor-widget-container\">\n\t\t\t\t\t\t\t\t\t<p>Os clientes com conta Call &amp; Play est\u00e3o sujeitos \u00e0s condi\u00e7\u00f5es de cr\u00e9dito acordadas. Os clientes sem conta devem efetuar o pagamento antes da entrega dos materiais.<\/p><p>Quando o servi\u00e7o contratado n\u00e3o incluir o pessoal t\u00e9cnico da Call&amp;Play respons\u00e1vel pelo equipamento, ser\u00e1 exigido um dep\u00f3sito m\u00ednimo de \u20ac 300,00 \/ 3.000 MAD (este valor pode variar consoante o valor do instrumento) em qualquer das tr\u00eas primeiras op\u00e7\u00f5es de presta\u00e7\u00e3o de servi\u00e7o. Este dep\u00f3sito ser\u00e1 reembolsado ap\u00f3s a devolu\u00e7\u00e3o do equipamento.<\/p><p>Ser\u00e1 tamb\u00e9m necess\u00e1rio apresentar um documento de identifica\u00e7\u00e3o v\u00e1lido, como um bilhete de identidade nacional\/bilhete de identidade nacional para estrangeiros ou passaporte, e efetuar o pagamento com cart\u00e3o de cr\u00e9dito.<\/p>\t\t\t\t\t\t\t\t<\/div>\n\t\t\t\t<\/div>\n\t\t\t\t<div class=\"elementor-element elementor-element-f77e764 elementor-widget-divider--view-line elementor-widget elementor-widget-divider\" data-id=\"f77e764\" data-element_type=\"widget\" data-e-type=\"widget\" data-widget_type=\"divider.default\">\n\t\t\t\t<div class=\"elementor-widget-container\">\n\t\t\t\t\t\t\t<div class=\"elementor-divider\">\n\t\t\t<span class=\"elementor-divider-separator\">\n\t\t\t\t\t\t<\/span>\n\t\t<\/div>\n\t\t\t\t\t\t<\/div>\n\t\t\t\t<\/div>\n\t\t\t\t<div class=\"elementor-element elementor-element-fd09dca elementor-widget elementor-widget-button\" data-id=\"fd09dca\" data-element_type=\"widget\" data-e-type=\"widget\" data-widget_type=\"button.default\">\n\t\t\t\t<div class=\"elementor-widget-container\">\n\t\t\t\t\t\t\t\t\t<div class=\"elementor-button-wrapper\">\n\t\t\t\t\t<a class=\"elementor-button elementor-button-link elementor-size-sm\" href=\"https:\/\/www.callandplay.com\/pt\/presupuesto-de-alquiler\/\">\n\t\t\t\t\t\t<span class=\"elementor-button-content-wrapper\">\n\t\t\t\t\t\t\t\t\t<span class=\"elementor-button-text\">Solicita um or\u00e7amento<\/span>\n\t\t\t\t\t<\/span>\n\t\t\t\t\t<\/a>\n\t\t\t\t<\/div>\n\t\t\t\t\t\t\t\t<\/div>\n\t\t\t\t<\/div>\n\t\t\t\t\t<\/div>\n\t\t<\/div>\n\t\t\t\t\t<\/div>\n\t\t<\/section>\n\t\t\t\t<\/div>","protected":false},"excerpt":{"rendered":"<p>Condiciones de alquiler Precios y descuentos Precios cat\u00e1logo Los precios del cat\u00e1logo son por d\u00eda de alquiler. El IVA (Uni\u00f3n Europea) o el TVA (Marruecos) no est\u00e1 incluido. Los precios pueden ser distintos en territorios insulares. En alquileres superiores a un d\u00eda, se aplican ratios o coeficientes de descuento progresivos. Por ejemplo: 2 d\u00edas de [&hellip;]<\/p>\n","protected":false},"author":3,"featured_media":0,"parent":0,"menu_order":0,"comment_status":"closed","ping_status":"closed","template":"","meta":{"_acf_changed":false,"om_disable_all_campaigns":false,"_monsterinsights_skip_tracking":false,"_monsterinsights_sitenote_active":false,"_monsterinsights_sitenote_note":"","_monsterinsights_sitenote_category":0,"footnotes":""},"class_list":["post-13470","page","type-page","status-publish","hentry"],"acf":[],"yoast_head":"<!-- This site is optimized with the Yoast SEO plugin v27.3 - https:\/\/yoast.com\/product\/yoast-seo-wordpress\/ -->\n<title>Alquiler de instrumentos: Condiciones, env\u00edo y precios - Call&amp;Play<\/title>\n<meta name=\"description\" content=\"Revisa el precio de los cat\u00e1logos de equipos de alquiler para profesionales y estudiantes. Inf\u00f3rmate de los descuentos disponibles y condiciones de env\u00edo.\" \/>\n<meta name=\"robots\" content=\"index, follow, max-snippet:-1, max-image-preview:large, max-video-preview:-1\" \/>\n<link rel=\"canonical\" href=\"https:\/\/www.callandplay.com\/pt\/condiciones-de-alquiler\/\" \/>\n<meta property=\"og:locale\" content=\"pt_PT\" \/>\n<meta property=\"og:type\" content=\"article\" \/>\n<meta property=\"og:title\" content=\"Alquiler de instrumentos: Condiciones, env\u00edo y precios - Call&amp;Play\" \/>\n<meta property=\"og:description\" content=\"Revisa el precio de los cat\u00e1logos de equipos de alquiler para profesionales y estudiantes. Inf\u00f3rmate de los descuentos disponibles y condiciones de env\u00edo.\" \/>\n<meta property=\"og:url\" content=\"https:\/\/www.callandplay.com\/pt\/condiciones-de-alquiler\/\" \/>\n<meta property=\"og:site_name\" content=\"Call&amp;Play\" \/>\n<meta property=\"article:publisher\" content=\"https:\/\/www.facebook.com\/callandplay\" \/>\n<meta property=\"article:modified_time\" content=\"2025-11-17T11:42:56+00:00\" \/>\n<meta name=\"twitter:card\" content=\"summary_large_image\" \/>\n<meta name=\"twitter:label1\" content=\"Tempo estimado de leitura\" \/>\n\t<meta name=\"twitter:data1\" content=\"2 minutos\" \/>\n<script type=\"application\/ld+json\" class=\"yoast-schema-graph\">{\"@context\":\"https:\\\/\\\/schema.org\",\"@graph\":[{\"@type\":\"WebPage\",\"@id\":\"https:\\\/\\\/www.callandplay.com\\\/condiciones-de-alquiler\\\/\",\"url\":\"https:\\\/\\\/www.callandplay.com\\\/condiciones-de-alquiler\\\/\",\"name\":\"Alquiler de instrumentos: Condiciones, env\u00edo y precios - Call&Play\",\"isPartOf\":{\"@id\":\"https:\\\/\\\/www.callandplay.com\\\/#website\"},\"datePublished\":\"2021-07-08T22:03:29+00:00\",\"dateModified\":\"2025-11-17T11:42:56+00:00\",\"description\":\"Revisa el precio de los cat\u00e1logos de equipos de alquiler para profesionales y estudiantes. Inf\u00f3rmate de los descuentos disponibles y condiciones de env\u00edo.\",\"breadcrumb\":{\"@id\":\"https:\\\/\\\/www.callandplay.com\\\/condiciones-de-alquiler\\\/#breadcrumb\"},\"inLanguage\":\"pt-PT\",\"potentialAction\":[{\"@type\":\"ReadAction\",\"target\":[\"https:\\\/\\\/www.callandplay.com\\\/condiciones-de-alquiler\\\/\"]}]},{\"@type\":\"BreadcrumbList\",\"@id\":\"https:\\\/\\\/www.callandplay.com\\\/condiciones-de-alquiler\\\/#breadcrumb\",\"itemListElement\":[{\"@type\":\"ListItem\",\"position\":1,\"name\":\"Portada\",\"item\":\"https:\\\/\\\/www.callandplay.com\\\/\"},{\"@type\":\"ListItem\",\"position\":2,\"name\":\"Condiciones de alquiler\"}]},{\"@type\":\"WebSite\",\"@id\":\"https:\\\/\\\/www.callandplay.com\\\/#website\",\"url\":\"https:\\\/\\\/www.callandplay.com\\\/\",\"name\":\"Call&amp;Play\",\"description\":\"Alquiler de backline e instrumentos musicales\",\"publisher\":{\"@id\":\"https:\\\/\\\/www.callandplay.com\\\/#organization\"},\"potentialAction\":[{\"@type\":\"SearchAction\",\"target\":{\"@type\":\"EntryPoint\",\"urlTemplate\":\"https:\\\/\\\/www.callandplay.com\\\/?s={search_term_string}\"},\"query-input\":{\"@type\":\"PropertyValueSpecification\",\"valueRequired\":true,\"valueName\":\"search_term_string\"}}],\"inLanguage\":\"pt-PT\"},{\"@type\":\"Organization\",\"@id\":\"https:\\\/\\\/www.callandplay.com\\\/#organization\",\"name\":\"Call&Play\",\"url\":\"https:\\\/\\\/www.callandplay.com\\\/\",\"logo\":{\"@type\":\"ImageObject\",\"inLanguage\":\"pt-PT\",\"@id\":\"https:\\\/\\\/www.callandplay.com\\\/#\\\/schema\\\/logo\\\/image\\\/\",\"url\":\"https:\\\/\\\/www.callandplay.com\\\/wp-content\\\/uploads\\\/2021\\\/06\\\/cropped-cropped-logo-black_con_sombra.png\",\"contentUrl\":\"https:\\\/\\\/www.callandplay.com\\\/wp-content\\\/uploads\\\/2021\\\/06\\\/cropped-cropped-logo-black_con_sombra.png\",\"width\":512,\"height\":512,\"caption\":\"Call&Play\"},\"image\":{\"@id\":\"https:\\\/\\\/www.callandplay.com\\\/#\\\/schema\\\/logo\\\/image\\\/\"},\"sameAs\":[\"https:\\\/\\\/www.facebook.com\\\/callandplay\",\"https:\\\/\\\/www.instagram.com\\\/call_and_play\\\/\"]}]}<\/script>\n<!-- \/ Yoast SEO plugin. -->","yoast_head_json":{"title":"Alquiler de instrumentos: Condiciones, env\u00edo y precios - Call&Play","description":"Revisa el precio de los cat\u00e1logos de equipos de alquiler para profesionales y estudiantes. Inf\u00f3rmate de los descuentos disponibles y condiciones de env\u00edo.","robots":{"index":"index","follow":"follow","max-snippet":"max-snippet:-1","max-image-preview":"max-image-preview:large","max-video-preview":"max-video-preview:-1"},"canonical":"https:\/\/www.callandplay.com\/pt\/condiciones-de-alquiler\/","og_locale":"pt_PT","og_type":"article","og_title":"Alquiler de instrumentos: Condiciones, env\u00edo y precios - Call&Play","og_description":"Revisa el precio de los cat\u00e1logos de equipos de alquiler para profesionales y estudiantes. Inf\u00f3rmate de los descuentos disponibles y condiciones de env\u00edo.","og_url":"https:\/\/www.callandplay.com\/pt\/condiciones-de-alquiler\/","og_site_name":"Call&amp;Play","article_publisher":"https:\/\/www.facebook.com\/callandplay","article_modified_time":"2025-11-17T11:42:56+00:00","twitter_card":"summary_large_image","twitter_misc":{"Tempo estimado de leitura":"2 minutos"},"schema":{"@context":"https:\/\/schema.org","@graph":[{"@type":"WebPage","@id":"https:\/\/www.callandplay.com\/condiciones-de-alquiler\/","url":"https:\/\/www.callandplay.com\/condiciones-de-alquiler\/","name":"Alquiler de instrumentos: Condiciones, env\u00edo y precios - Call&Play","isPartOf":{"@id":"https:\/\/www.callandplay.com\/#website"},"datePublished":"2021-07-08T22:03:29+00:00","dateModified":"2025-11-17T11:42:56+00:00","description":"Revisa el precio de los cat\u00e1logos de equipos de alquiler para profesionales y estudiantes. Inf\u00f3rmate de los descuentos disponibles y condiciones de env\u00edo.","breadcrumb":{"@id":"https:\/\/www.callandplay.com\/condiciones-de-alquiler\/#breadcrumb"},"inLanguage":"pt-PT","potentialAction":[{"@type":"ReadAction","target":["https:\/\/www.callandplay.com\/condiciones-de-alquiler\/"]}]},{"@type":"BreadcrumbList","@id":"https:\/\/www.callandplay.com\/condiciones-de-alquiler\/#breadcrumb","itemListElement":[{"@type":"ListItem","position":1,"name":"Portada","item":"https:\/\/www.callandplay.com\/"},{"@type":"ListItem","position":2,"name":"Condiciones de alquiler"}]},{"@type":"WebSite","@id":"https:\/\/www.callandplay.com\/#website","url":"https:\/\/www.callandplay.com\/","name":"Call&amp;Play","description":"Alquiler de backline e instrumentos musicales","publisher":{"@id":"https:\/\/www.callandplay.com\/#organization"},"potentialAction":[{"@type":"SearchAction","target":{"@type":"EntryPoint","urlTemplate":"https:\/\/www.callandplay.com\/?s={search_term_string}"},"query-input":{"@type":"PropertyValueSpecification","valueRequired":true,"valueName":"search_term_string"}}],"inLanguage":"pt-PT"},{"@type":"Organization","@id":"https:\/\/www.callandplay.com\/#organization","name":"Call&Play","url":"https:\/\/www.callandplay.com\/","logo":{"@type":"ImageObject","inLanguage":"pt-PT","@id":"https:\/\/www.callandplay.com\/#\/schema\/logo\/image\/","url":"https:\/\/www.callandplay.com\/wp-content\/uploads\/2021\/06\/cropped-cropped-logo-black_con_sombra.png","contentUrl":"https:\/\/www.callandplay.com\/wp-content\/uploads\/2021\/06\/cropped-cropped-logo-black_con_sombra.png","width":512,"height":512,"caption":"Call&Play"},"image":{"@id":"https:\/\/www.callandplay.com\/#\/schema\/logo\/image\/"},"sameAs":["https:\/\/www.facebook.com\/callandplay","https:\/\/www.instagram.com\/call_and_play\/"]}]}},"_links":{"self":[{"href":"https:\/\/www.callandplay.com\/pt\/wp-json\/wp\/v2\/pages\/13470","targetHints":{"allow":["GET"]}}],"collection":[{"href":"https:\/\/www.callandplay.com\/pt\/wp-json\/wp\/v2\/pages"}],"about":[{"href":"https:\/\/www.callandplay.com\/pt\/wp-json\/wp\/v2\/types\/page"}],"author":[{"embeddable":true,"href":"https:\/\/www.callandplay.com\/pt\/wp-json\/wp\/v2\/users\/3"}],"replies":[{"embeddable":true,"href":"https:\/\/www.callandplay.com\/pt\/wp-json\/wp\/v2\/comments?post=13470"}],"version-history":[{"count":55,"href":"https:\/\/www.callandplay.com\/pt\/wp-json\/wp\/v2\/pages\/13470\/revisions"}],"predecessor-version":[{"id":46503,"href":"https:\/\/www.callandplay.com\/pt\/wp-json\/wp\/v2\/pages\/13470\/revisions\/46503"}],"wp:attachment":[{"href":"https:\/\/www.callandplay.com\/pt\/wp-json\/wp\/v2\/media?parent=13470"}],"curies":[{"name":"wp","href":"https:\/\/api.w.org\/{rel}","templated":true}]}}