{"id":51073,"date":"2024-02-05T00:00:00","date_gmt":"2024-02-05T00:00:00","guid":{"rendered":"https:\/\/www.callandplay.com\/vox-ac30-6tb\/"},"modified":"2026-04-04T20:33:21","modified_gmt":"2026-04-04T20:33:21","slug":"vox-ac30-6tb","status":"publish","type":"product","link":"https:\/\/www.callandplay.com\/pt\/vox-ac30-6tb\/","title":{"rendered":"VOX AC30 6TB"},"content":{"rendered":"<p>VOX AC30 fabricado en Inglaterra. Tres canales, cada uno de ellos con dos entradas. Alrededor de 1961 el Top Boost (o \u00abBrillo\u00bb) fue una adici\u00f3n opcional en el circuito trasero que introduc\u00eda controles de extra gain stage y de tono para bajo y treble (en oposici\u00f3n al \u00fanico control de \u00abtono\u00bb de los AC30s anteriores. Esta unidad se volvi\u00f3 tan popular que sus caracter\u00edsticas se implementaron en los nuevos modelos de AC30\/6, y los controles se trasladaron del panel trasero al panel de control. Los AC30\/6 de alrededor del 1963 ya llevaban implementado el top boost, con 3 controles de tono. La gente empez\u00f3 a referirse a estos amplificadores como AC30TB.<\/p>","protected":false},"excerpt":{"rendered":"<p>VOX AC30 fabricado en Inglaterra. Tres canales, cada uno de ellos con dos entradas. Alrededor de 1961 el Top Boost (o \u00abBrillo\u00bb) fue una adici\u00f3n opcional en el circuito trasero que introduc\u00eda controles de extra gain stage y de tono para bajo y treble (en oposici\u00f3n al \u00fanico control de \u00abtono\u00bb de los AC30s anteriores. Esta unidad se volvi\u00f3 tan popular que sus caracter\u00edsticas se implementaron en los nuevos modelos de AC30\/6, y los controles se trasladaron del panel trasero al panel de control. Los AC30\/6 de alrededor del 1963 ya llevaban implementado el top boost, con 3 controles de tono. La gente empez\u00f3 a referirse a estos amplificadores como AC30TB.<\/p>","protected":false},"featured_media":0,"comment_status":"closed","ping_status":"closed","template":"","meta":{"_acf_changed":false,"om_disable_all_campaigns":false,"_monsterinsights_skip_tracking":false,"_monsterinsights_sitenote_active":false,"_monsterinsights_sitenote_note":"","_monsterinsights_sitenote_category":0},"product_brand":[],"product_cat":[1049],"product_tag":[],"class_list":{"0":"post-51073","1":"product","2":"type-product","3":"status-publish","5":"product_cat-combos-guitarra-electrica","7":"first","8":"instock","9":"shipping-taxable","10":"purchasable","11":"product-type-simple"},"acf":[],"yoast_head":"<!-- This site is optimized with the Yoast SEO plugin v27.3 - https:\/\/yoast.com\/product\/yoast-seo-wordpress\/ -->\n<title>VOX AC30 6TB - Call&amp;Play<\/title>\n<meta name=\"robots\" content=\"index, follow, max-snippet:-1, max-image-preview:large, max-video-preview:-1\" \/>\n<link rel=\"canonical\" href=\"https:\/\/www.callandplay.com\/pt\/vox-ac30-6tb\/\" \/>\n<meta property=\"og:locale\" content=\"pt_PT\" \/>\n<meta property=\"og:type\" content=\"article\" \/>\n<meta property=\"og:title\" content=\"VOX AC30 6TB - Call&amp;Play\" \/>\n<meta property=\"og:description\" content=\"VOX AC30 fabricado en Inglaterra. Tres canales, cada uno de ellos con dos entradas. Alrededor de 1961 el Top Boost (o &quot;Brillo&quot;) fue una adici\u00f3n opcional en el circuito trasero que introduc\u00eda controles de extra gain stage y de tono para bajo y treble (en oposici\u00f3n al \u00fanico control de &quot;tono&quot; de los AC30s anteriores. Esta unidad se volvi\u00f3 tan popular que sus caracter\u00edsticas se implementaron en los nuevos modelos de AC30\/6, y los controles se trasladaron del panel trasero al panel de control. Los AC30\/6 de alrededor del 1963 ya llevaban implementado el top boost, con 3 controles de tono. La gente empez\u00f3 a referirse a estos amplificadores como AC30TB.\" \/>\n<meta property=\"og:url\" content=\"https:\/\/www.callandplay.com\/pt\/vox-ac30-6tb\/\" \/>\n<meta property=\"og:site_name\" content=\"Call&amp;Play\" \/>\n<meta property=\"article:publisher\" content=\"https:\/\/www.facebook.com\/callandplay\" \/>\n<meta property=\"article:modified_time\" content=\"2026-04-04T20:33:21+00:00\" \/>\n<meta name=\"twitter:card\" content=\"summary_large_image\" \/>\n<meta name=\"twitter:label1\" content=\"Tempo estimado de leitura\" \/>\n\t<meta name=\"twitter:data1\" content=\"1 minuto\" \/>\n<script type=\"application\/ld+json\" class=\"yoast-schema-graph\">{\"@context\":\"https:\\\/\\\/schema.org\",\"@graph\":[{\"@type\":\"WebPage\",\"@id\":\"https:\\\/\\\/www.callandplay.com\\\/vox-ac30-6tb\\\/\",\"url\":\"https:\\\/\\\/www.callandplay.com\\\/vox-ac30-6tb\\\/\",\"name\":\"VOX AC30 6TB - Call&amp;Play\",\"isPartOf\":{\"@id\":\"https:\\\/\\\/www.callandplay.com\\\/#website\"},\"datePublished\":\"2024-02-05T00:00:00+00:00\",\"dateModified\":\"2026-04-04T20:33:21+00:00\",\"breadcrumb\":{\"@id\":\"https:\\\/\\\/www.callandplay.com\\\/vox-ac30-6tb\\\/#breadcrumb\"},\"inLanguage\":\"pt-PT\",\"potentialAction\":[{\"@type\":\"ReadAction\",\"target\":[\"https:\\\/\\\/www.callandplay.com\\\/vox-ac30-6tb\\\/\"]}]},{\"@type\":\"BreadcrumbList\",\"@id\":\"https:\\\/\\\/www.callandplay.com\\\/vox-ac30-6tb\\\/#breadcrumb\",\"itemListElement\":[{\"@type\":\"ListItem\",\"position\":1,\"name\":\"Portada\",\"item\":\"https:\\\/\\\/www.callandplay.com\\\/\"},{\"@type\":\"ListItem\",\"position\":2,\"name\":\"Tienda\",\"item\":\"https:\\\/\\\/www.callandplay.com\\\/tienda\\\/\"},{\"@type\":\"ListItem\",\"position\":3,\"name\":\"VOX AC30 6TB\"}]},{\"@type\":\"WebSite\",\"@id\":\"https:\\\/\\\/www.callandplay.com\\\/#website\",\"url\":\"https:\\\/\\\/www.callandplay.com\\\/\",\"name\":\"Call&amp;Play\",\"description\":\"Alquiler de backline e instrumentos musicales\",\"publisher\":{\"@id\":\"https:\\\/\\\/www.callandplay.com\\\/#organization\"},\"potentialAction\":[{\"@type\":\"SearchAction\",\"target\":{\"@type\":\"EntryPoint\",\"urlTemplate\":\"https:\\\/\\\/www.callandplay.com\\\/?s={search_term_string}\"},\"query-input\":{\"@type\":\"PropertyValueSpecification\",\"valueRequired\":true,\"valueName\":\"search_term_string\"}}],\"inLanguage\":\"pt-PT\"},{\"@type\":\"Organization\",\"@id\":\"https:\\\/\\\/www.callandplay.com\\\/#organization\",\"name\":\"Call&Play\",\"url\":\"https:\\\/\\\/www.callandplay.com\\\/\",\"logo\":{\"@type\":\"ImageObject\",\"inLanguage\":\"pt-PT\",\"@id\":\"https:\\\/\\\/www.callandplay.com\\\/#\\\/schema\\\/logo\\\/image\\\/\",\"url\":\"https:\\\/\\\/www.callandplay.com\\\/wp-content\\\/uploads\\\/2021\\\/06\\\/cropped-cropped-logo-black_con_sombra.png\",\"contentUrl\":\"https:\\\/\\\/www.callandplay.com\\\/wp-content\\\/uploads\\\/2021\\\/06\\\/cropped-cropped-logo-black_con_sombra.png\",\"width\":512,\"height\":512,\"caption\":\"Call&Play\"},\"image\":{\"@id\":\"https:\\\/\\\/www.callandplay.com\\\/#\\\/schema\\\/logo\\\/image\\\/\"},\"sameAs\":[\"https:\\\/\\\/www.facebook.com\\\/callandplay\",\"https:\\\/\\\/www.instagram.com\\\/call_and_play\\\/\"]}]}<\/script>\n<!-- \/ Yoast SEO plugin. -->","yoast_head_json":{"title":"VOX AC30 6TB - Call&amp;Play","robots":{"index":"index","follow":"follow","max-snippet":"max-snippet:-1","max-image-preview":"max-image-preview:large","max-video-preview":"max-video-preview:-1"},"canonical":"https:\/\/www.callandplay.com\/pt\/vox-ac30-6tb\/","og_locale":"pt_PT","og_type":"article","og_title":"VOX AC30 6TB - Call&amp;Play","og_description":"VOX AC30 fabricado en Inglaterra. Tres canales, cada uno de ellos con dos entradas. Alrededor de 1961 el Top Boost (o \"Brillo\") fue una adici\u00f3n opcional en el circuito trasero que introduc\u00eda controles de extra gain stage y de tono para bajo y treble (en oposici\u00f3n al \u00fanico control de \"tono\" de los AC30s anteriores. Esta unidad se volvi\u00f3 tan popular que sus caracter\u00edsticas se implementaron en los nuevos modelos de AC30\/6, y los controles se trasladaron del panel trasero al panel de control. Los AC30\/6 de alrededor del 1963 ya llevaban implementado el top boost, con 3 controles de tono. La gente empez\u00f3 a referirse a estos amplificadores como AC30TB.","og_url":"https:\/\/www.callandplay.com\/pt\/vox-ac30-6tb\/","og_site_name":"Call&amp;Play","article_publisher":"https:\/\/www.facebook.com\/callandplay","article_modified_time":"2026-04-04T20:33:21+00:00","twitter_card":"summary_large_image","twitter_misc":{"Tempo estimado de leitura":"1 minuto"},"schema":{"@context":"https:\/\/schema.org","@graph":[{"@type":"WebPage","@id":"https:\/\/www.callandplay.com\/vox-ac30-6tb\/","url":"https:\/\/www.callandplay.com\/vox-ac30-6tb\/","name":"VOX AC30 6TB - Call&amp;Play","isPartOf":{"@id":"https:\/\/www.callandplay.com\/#website"},"datePublished":"2024-02-05T00:00:00+00:00","dateModified":"2026-04-04T20:33:21+00:00","breadcrumb":{"@id":"https:\/\/www.callandplay.com\/vox-ac30-6tb\/#breadcrumb"},"inLanguage":"pt-PT","potentialAction":[{"@type":"ReadAction","target":["https:\/\/www.callandplay.com\/vox-ac30-6tb\/"]}]},{"@type":"BreadcrumbList","@id":"https:\/\/www.callandplay.com\/vox-ac30-6tb\/#breadcrumb","itemListElement":[{"@type":"ListItem","position":1,"name":"Portada","item":"https:\/\/www.callandplay.com\/"},{"@type":"ListItem","position":2,"name":"Tienda","item":"https:\/\/www.callandplay.com\/tienda\/"},{"@type":"ListItem","position":3,"name":"VOX AC30 6TB"}]},{"@type":"WebSite","@id":"https:\/\/www.callandplay.com\/#website","url":"https:\/\/www.callandplay.com\/","name":"Call&amp;Play","description":"Alquiler de backline e instrumentos musicales","publisher":{"@id":"https:\/\/www.callandplay.com\/#organization"},"potentialAction":[{"@type":"SearchAction","target":{"@type":"EntryPoint","urlTemplate":"https:\/\/www.callandplay.com\/?s={search_term_string}"},"query-input":{"@type":"PropertyValueSpecification","valueRequired":true,"valueName":"search_term_string"}}],"inLanguage":"pt-PT"},{"@type":"Organization","@id":"https:\/\/www.callandplay.com\/#organization","name":"Call&Play","url":"https:\/\/www.callandplay.com\/","logo":{"@type":"ImageObject","inLanguage":"pt-PT","@id":"https:\/\/www.callandplay.com\/#\/schema\/logo\/image\/","url":"https:\/\/www.callandplay.com\/wp-content\/uploads\/2021\/06\/cropped-cropped-logo-black_con_sombra.png","contentUrl":"https:\/\/www.callandplay.com\/wp-content\/uploads\/2021\/06\/cropped-cropped-logo-black_con_sombra.png","width":512,"height":512,"caption":"Call&Play"},"image":{"@id":"https:\/\/www.callandplay.com\/#\/schema\/logo\/image\/"},"sameAs":["https:\/\/www.facebook.com\/callandplay","https:\/\/www.instagram.com\/call_and_play\/"]}]}},"_links":{"self":[{"href":"https:\/\/www.callandplay.com\/pt\/wp-json\/wp\/v2\/product\/51073","targetHints":{"allow":["GET"]}}],"collection":[{"href":"https:\/\/www.callandplay.com\/pt\/wp-json\/wp\/v2\/product"}],"about":[{"href":"https:\/\/www.callandplay.com\/pt\/wp-json\/wp\/v2\/types\/product"}],"replies":[{"embeddable":true,"href":"https:\/\/www.callandplay.com\/pt\/wp-json\/wp\/v2\/comments?post=51073"}],"version-history":[{"count":1,"href":"https:\/\/www.callandplay.com\/pt\/wp-json\/wp\/v2\/product\/51073\/revisions"}],"predecessor-version":[{"id":53883,"href":"https:\/\/www.callandplay.com\/pt\/wp-json\/wp\/v2\/product\/51073\/revisions\/53883"}],"wp:attachment":[{"href":"https:\/\/www.callandplay.com\/pt\/wp-json\/wp\/v2\/media?parent=51073"}],"wp:term":[{"taxonomy":"product_brand","embeddable":true,"href":"https:\/\/www.callandplay.com\/pt\/wp-json\/wp\/v2\/product_brand?post=51073"},{"taxonomy":"product_cat","embeddable":true,"href":"https:\/\/www.callandplay.com\/pt\/wp-json\/wp\/v2\/product_cat?post=51073"},{"taxonomy":"product_tag","embeddable":true,"href":"https:\/\/www.callandplay.com\/pt\/wp-json\/wp\/v2\/product_tag?post=51073"}],"curies":[{"name":"wp","href":"https:\/\/api.w.org\/{rel}","templated":true}]}}