{"id":51233,"date":"2025-01-16T00:00:00","date_gmt":"2025-01-16T00:00:00","guid":{"rendered":"https:\/\/www.callandplay.com\/shure-beta-91a\/"},"modified":"2026-04-15T20:53:17","modified_gmt":"2026-04-15T20:53:17","slug":"shure-beta-91a","status":"publish","type":"product","link":"https:\/\/www.callandplay.com\/pt\/shure-beta-91a\/","title":{"rendered":"SHURE BETA 91A"},"content":{"rendered":"<p>Micr\u00f3fono semi-cardioide de superficie. El BETA\u00ae91A de Shure est\u00e1 dise\u00f1ado para utilizarse en bombos, as\u00ed como tambi\u00e9n para como para instrumentos m\u00e1s tradicionales como el piano. Posee una c\u00e1psula de micr\u00f3fono actualizada, un preamplificador integrado con salida XLR. El  Beta 91A tiene un excelente ataque y entrega un sonido de calidad para el estudio, aun con niveles de presi\u00f3n sonora extremadamente altos (SPL).<\/p>","protected":false},"excerpt":{"rendered":"<p>Micr\u00f3fono semi-cardioide de superficie. El BETA\u00ae91A de Shure est\u00e1 dise\u00f1ado para utilizarse en bombos, as\u00ed como tambi\u00e9n para como para instrumentos m\u00e1s tradicionales como el piano. Posee una c\u00e1psula de micr\u00f3fono actualizada, un preamplificador integrado con salida XLR. El  Beta 91A tiene un excelente ataque y entrega un sonido de calidad para el estudio, aun con niveles de presi\u00f3n sonora extremadamente altos (SPL).<\/p>","protected":false},"featured_media":0,"comment_status":"closed","ping_status":"closed","template":"","meta":{"_acf_changed":false,"om_disable_all_campaigns":false,"_monsterinsights_skip_tracking":false,"_monsterinsights_sitenote_active":false,"_monsterinsights_sitenote_note":"","_monsterinsights_sitenote_category":0},"product_brand":[],"product_cat":[1214],"product_tag":[],"class_list":{"0":"post-51233","1":"product","2":"type-product","3":"status-publish","5":"product_cat-microfonos-superficie","7":"first","8":"instock","9":"shipping-taxable","10":"purchasable","11":"product-type-simple"},"acf":[],"yoast_head":"<!-- This site is optimized with the Yoast SEO plugin v27.4 - https:\/\/yoast.com\/product\/yoast-seo-wordpress\/ -->\n<title>SHURE BETA 91A - Call&amp;Play<\/title>\n<meta name=\"robots\" content=\"index, follow, max-snippet:-1, max-image-preview:large, max-video-preview:-1\" \/>\n<link rel=\"canonical\" href=\"https:\/\/www.callandplay.com\/pt\/shure-beta-91a\/\" \/>\n<meta property=\"og:locale\" content=\"pt_PT\" \/>\n<meta property=\"og:type\" content=\"article\" \/>\n<meta property=\"og:title\" content=\"SHURE BETA 91A - Call&amp;Play\" \/>\n<meta property=\"og:description\" content=\"Micr\u00f3fono semi-cardioide de superficie. El BETA\u00ae91A de Shure est\u00e1 dise\u00f1ado para utilizarse en bombos, as\u00ed como tambi\u00e9n para como para instrumentos m\u00e1s tradicionales como el piano. Posee una c\u00e1psula de micr\u00f3fono actualizada, un preamplificador integrado con salida XLR. El Beta 91A tiene un excelente ataque y entrega un sonido de calidad para el estudio, aun con niveles de presi\u00f3n sonora extremadamente altos (SPL).\" \/>\n<meta property=\"og:url\" content=\"https:\/\/www.callandplay.com\/pt\/shure-beta-91a\/\" \/>\n<meta property=\"og:site_name\" content=\"Call&amp;Play\" \/>\n<meta property=\"article:publisher\" content=\"https:\/\/www.facebook.com\/callandplay\" \/>\n<meta property=\"article:modified_time\" content=\"2026-04-15T20:53:17+00:00\" \/>\n<meta name=\"twitter:card\" content=\"summary_large_image\" \/>\n<script type=\"application\/ld+json\" class=\"yoast-schema-graph\">{\"@context\":\"https:\\\/\\\/schema.org\",\"@graph\":[{\"@type\":\"WebPage\",\"@id\":\"https:\\\/\\\/www.callandplay.com\\\/shure-beta-91a\\\/\",\"url\":\"https:\\\/\\\/www.callandplay.com\\\/shure-beta-91a\\\/\",\"name\":\"SHURE BETA 91A - Call&amp;Play\",\"isPartOf\":{\"@id\":\"https:\\\/\\\/www.callandplay.com\\\/#website\"},\"datePublished\":\"2025-01-16T00:00:00+00:00\",\"dateModified\":\"2026-04-15T20:53:17+00:00\",\"breadcrumb\":{\"@id\":\"https:\\\/\\\/www.callandplay.com\\\/shure-beta-91a\\\/#breadcrumb\"},\"inLanguage\":\"pt-PT\",\"potentialAction\":[{\"@type\":\"ReadAction\",\"target\":[\"https:\\\/\\\/www.callandplay.com\\\/shure-beta-91a\\\/\"]}]},{\"@type\":\"BreadcrumbList\",\"@id\":\"https:\\\/\\\/www.callandplay.com\\\/shure-beta-91a\\\/#breadcrumb\",\"itemListElement\":[{\"@type\":\"ListItem\",\"position\":1,\"name\":\"Portada\",\"item\":\"https:\\\/\\\/www.callandplay.com\\\/\"},{\"@type\":\"ListItem\",\"position\":2,\"name\":\"Tienda\",\"item\":\"https:\\\/\\\/www.callandplay.com\\\/tienda\\\/\"},{\"@type\":\"ListItem\",\"position\":3,\"name\":\"SHURE BETA 91A\"}]},{\"@type\":\"WebSite\",\"@id\":\"https:\\\/\\\/www.callandplay.com\\\/#website\",\"url\":\"https:\\\/\\\/www.callandplay.com\\\/\",\"name\":\"Call&amp;Play\",\"description\":\"Alquiler de backline e instrumentos musicales\",\"publisher\":{\"@id\":\"https:\\\/\\\/www.callandplay.com\\\/#organization\"},\"potentialAction\":[{\"@type\":\"SearchAction\",\"target\":{\"@type\":\"EntryPoint\",\"urlTemplate\":\"https:\\\/\\\/www.callandplay.com\\\/?s={search_term_string}\"},\"query-input\":{\"@type\":\"PropertyValueSpecification\",\"valueRequired\":true,\"valueName\":\"search_term_string\"}}],\"inLanguage\":\"pt-PT\"},{\"@type\":\"Organization\",\"@id\":\"https:\\\/\\\/www.callandplay.com\\\/#organization\",\"name\":\"Call&Play\",\"url\":\"https:\\\/\\\/www.callandplay.com\\\/\",\"logo\":{\"@type\":\"ImageObject\",\"inLanguage\":\"pt-PT\",\"@id\":\"https:\\\/\\\/www.callandplay.com\\\/#\\\/schema\\\/logo\\\/image\\\/\",\"url\":\"https:\\\/\\\/www.callandplay.com\\\/wp-content\\\/uploads\\\/2021\\\/06\\\/cropped-cropped-logo-black_con_sombra.png\",\"contentUrl\":\"https:\\\/\\\/www.callandplay.com\\\/wp-content\\\/uploads\\\/2021\\\/06\\\/cropped-cropped-logo-black_con_sombra.png\",\"width\":512,\"height\":512,\"caption\":\"Call&Play\"},\"image\":{\"@id\":\"https:\\\/\\\/www.callandplay.com\\\/#\\\/schema\\\/logo\\\/image\\\/\"},\"sameAs\":[\"https:\\\/\\\/www.facebook.com\\\/callandplay\",\"https:\\\/\\\/www.instagram.com\\\/call_and_play\\\/\"]}]}<\/script>\n<!-- \/ Yoast SEO plugin. -->","yoast_head_json":{"title":"SHURE BETA 91A - Call&amp;Play","robots":{"index":"index","follow":"follow","max-snippet":"max-snippet:-1","max-image-preview":"max-image-preview:large","max-video-preview":"max-video-preview:-1"},"canonical":"https:\/\/www.callandplay.com\/pt\/shure-beta-91a\/","og_locale":"pt_PT","og_type":"article","og_title":"SHURE BETA 91A - Call&amp;Play","og_description":"Micr\u00f3fono semi-cardioide de superficie. El BETA\u00ae91A de Shure est\u00e1 dise\u00f1ado para utilizarse en bombos, as\u00ed como tambi\u00e9n para como para instrumentos m\u00e1s tradicionales como el piano. Posee una c\u00e1psula de micr\u00f3fono actualizada, un preamplificador integrado con salida XLR. El Beta 91A tiene un excelente ataque y entrega un sonido de calidad para el estudio, aun con niveles de presi\u00f3n sonora extremadamente altos (SPL).","og_url":"https:\/\/www.callandplay.com\/pt\/shure-beta-91a\/","og_site_name":"Call&amp;Play","article_publisher":"https:\/\/www.facebook.com\/callandplay","article_modified_time":"2026-04-15T20:53:17+00:00","twitter_card":"summary_large_image","schema":{"@context":"https:\/\/schema.org","@graph":[{"@type":"WebPage","@id":"https:\/\/www.callandplay.com\/shure-beta-91a\/","url":"https:\/\/www.callandplay.com\/shure-beta-91a\/","name":"SHURE BETA 91A - Call&amp;Play","isPartOf":{"@id":"https:\/\/www.callandplay.com\/#website"},"datePublished":"2025-01-16T00:00:00+00:00","dateModified":"2026-04-15T20:53:17+00:00","breadcrumb":{"@id":"https:\/\/www.callandplay.com\/shure-beta-91a\/#breadcrumb"},"inLanguage":"pt-PT","potentialAction":[{"@type":"ReadAction","target":["https:\/\/www.callandplay.com\/shure-beta-91a\/"]}]},{"@type":"BreadcrumbList","@id":"https:\/\/www.callandplay.com\/shure-beta-91a\/#breadcrumb","itemListElement":[{"@type":"ListItem","position":1,"name":"Portada","item":"https:\/\/www.callandplay.com\/"},{"@type":"ListItem","position":2,"name":"Tienda","item":"https:\/\/www.callandplay.com\/tienda\/"},{"@type":"ListItem","position":3,"name":"SHURE BETA 91A"}]},{"@type":"WebSite","@id":"https:\/\/www.callandplay.com\/#website","url":"https:\/\/www.callandplay.com\/","name":"Call&amp;Play","description":"Alquiler de backline e instrumentos musicales","publisher":{"@id":"https:\/\/www.callandplay.com\/#organization"},"potentialAction":[{"@type":"SearchAction","target":{"@type":"EntryPoint","urlTemplate":"https:\/\/www.callandplay.com\/?s={search_term_string}"},"query-input":{"@type":"PropertyValueSpecification","valueRequired":true,"valueName":"search_term_string"}}],"inLanguage":"pt-PT"},{"@type":"Organization","@id":"https:\/\/www.callandplay.com\/#organization","name":"Call&Play","url":"https:\/\/www.callandplay.com\/","logo":{"@type":"ImageObject","inLanguage":"pt-PT","@id":"https:\/\/www.callandplay.com\/#\/schema\/logo\/image\/","url":"https:\/\/www.callandplay.com\/wp-content\/uploads\/2021\/06\/cropped-cropped-logo-black_con_sombra.png","contentUrl":"https:\/\/www.callandplay.com\/wp-content\/uploads\/2021\/06\/cropped-cropped-logo-black_con_sombra.png","width":512,"height":512,"caption":"Call&Play"},"image":{"@id":"https:\/\/www.callandplay.com\/#\/schema\/logo\/image\/"},"sameAs":["https:\/\/www.facebook.com\/callandplay","https:\/\/www.instagram.com\/call_and_play\/"]}]}},"_links":{"self":[{"href":"https:\/\/www.callandplay.com\/pt\/wp-json\/wp\/v2\/product\/51233","targetHints":{"allow":["GET"]}}],"collection":[{"href":"https:\/\/www.callandplay.com\/pt\/wp-json\/wp\/v2\/product"}],"about":[{"href":"https:\/\/www.callandplay.com\/pt\/wp-json\/wp\/v2\/types\/product"}],"replies":[{"embeddable":true,"href":"https:\/\/www.callandplay.com\/pt\/wp-json\/wp\/v2\/comments?post=51233"}],"version-history":[{"count":1,"href":"https:\/\/www.callandplay.com\/pt\/wp-json\/wp\/v2\/product\/51233\/revisions"}],"predecessor-version":[{"id":54043,"href":"https:\/\/www.callandplay.com\/pt\/wp-json\/wp\/v2\/product\/51233\/revisions\/54043"}],"wp:attachment":[{"href":"https:\/\/www.callandplay.com\/pt\/wp-json\/wp\/v2\/media?parent=51233"}],"wp:term":[{"taxonomy":"product_brand","embeddable":true,"href":"https:\/\/www.callandplay.com\/pt\/wp-json\/wp\/v2\/product_brand?post=51233"},{"taxonomy":"product_cat","embeddable":true,"href":"https:\/\/www.callandplay.com\/pt\/wp-json\/wp\/v2\/product_cat?post=51233"},{"taxonomy":"product_tag","embeddable":true,"href":"https:\/\/www.callandplay.com\/pt\/wp-json\/wp\/v2\/product_tag?post=51233"}],"curies":[{"name":"wp","href":"https:\/\/api.w.org\/{rel}","templated":true}]}}