{"id":51772,"date":"2023-07-11T00:00:00","date_gmt":"2023-07-11T00:00:00","guid":{"rendered":"https:\/\/www.callandplay.com\/canopus-neo-vintage-gold-sparkle-sd-14-x-55\/"},"modified":"2026-04-15T20:53:32","modified_gmt":"2026-04-15T20:53:32","slug":"canopus-neo-vintage-gold-sparkle-sd-14-x-55","status":"publish","type":"product","link":"https:\/\/www.callandplay.com\/pt\/canopus-neo-vintage-gold-sparkle-sd-14-x-55\/","title":{"rendered":"CANOPUS NEO VINTAGE GOLD SPARKLE SD 14&#8243; x 5,5&#8243;"},"content":{"rendered":"<p>Caja de 14&#8243; x 5,5&#8243;. Arce + \u00e1lamo. Canopus ha conseguido el equilibrio perfecto entre el atractivo sonido vintage de los &#8217;60 y lo que se espera de un dise\u00f1o moderno de caja. Su sonido encaja con el amplio rango de g\u00e9neros musicales de hoy en d\u00eda. Otro atractivo de esta caja es su amplio rango de afinaci\u00f3n, que no us usual en bater\u00edas tipo Vintage. Acabado Gold Sparkle.<\/p>","protected":false},"excerpt":{"rendered":"<p>Caja de 14&#8243; x 5,5&#8243;. Arce + \u00e1lamo. Canopus ha conseguido el equilibrio perfecto entre el atractivo sonido vintage de los &#8217;60 y lo que se espera de un dise\u00f1o moderno de caja. Su sonido encaja con el amplio rango de g\u00e9neros musicales de hoy en d\u00eda. Otro atractivo de esta caja es su amplio rango de afinaci\u00f3n, que no us usual en bater\u00edas tipo Vintage. Acabado Gold Sparkle.<\/p>","protected":false},"featured_media":0,"comment_status":"closed","ping_status":"closed","template":"","meta":{"_acf_changed":false,"om_disable_all_campaigns":false,"_monsterinsights_skip_tracking":false,"_monsterinsights_sitenote_active":false,"_monsterinsights_sitenote_note":"","_monsterinsights_sitenote_category":0},"product_brand":[],"product_cat":[1019],"product_tag":[],"class_list":{"0":"post-51772","1":"product","2":"type-product","3":"status-publish","5":"product_cat-cajas-14","7":"first","8":"instock","9":"shipping-taxable","10":"purchasable","11":"product-type-simple"},"acf":[],"yoast_head":"<!-- This site is optimized with the Yoast SEO plugin v27.3 - https:\/\/yoast.com\/product\/yoast-seo-wordpress\/ -->\n<title>CANOPUS NEO VINTAGE GOLD SPARKLE SD 14&quot; x 5,5&quot; - Call&amp;Play<\/title>\n<meta name=\"robots\" content=\"index, follow, max-snippet:-1, max-image-preview:large, max-video-preview:-1\" \/>\n<link rel=\"canonical\" href=\"https:\/\/www.callandplay.com\/pt\/canopus-neo-vintage-gold-sparkle-sd-14-x-55\/\" \/>\n<meta property=\"og:locale\" content=\"pt_PT\" \/>\n<meta property=\"og:type\" content=\"article\" \/>\n<meta property=\"og:title\" content=\"CANOPUS NEO VINTAGE GOLD SPARKLE SD 14&quot; x 5,5&quot; - Call&amp;Play\" \/>\n<meta property=\"og:description\" content=\"Caja de 14&quot; x 5,5&quot;. Arce + \u00e1lamo. Canopus ha conseguido el equilibrio perfecto entre el atractivo sonido vintage de los &#039;60 y lo que se espera de un dise\u00f1o moderno de caja. Su sonido encaja con el amplio rango de g\u00e9neros musicales de hoy en d\u00eda. Otro atractivo de esta caja es su amplio rango de afinaci\u00f3n, que no us usual en bater\u00edas tipo Vintage. Acabado Gold Sparkle.\" \/>\n<meta property=\"og:url\" content=\"https:\/\/www.callandplay.com\/pt\/canopus-neo-vintage-gold-sparkle-sd-14-x-55\/\" \/>\n<meta property=\"og:site_name\" content=\"Call&amp;Play\" \/>\n<meta property=\"article:publisher\" content=\"https:\/\/www.facebook.com\/callandplay\" \/>\n<meta property=\"article:modified_time\" content=\"2026-04-15T20:53:32+00:00\" \/>\n<meta name=\"twitter:card\" content=\"summary_large_image\" \/>\n<script type=\"application\/ld+json\" class=\"yoast-schema-graph\">{\"@context\":\"https:\\\/\\\/schema.org\",\"@graph\":[{\"@type\":\"WebPage\",\"@id\":\"https:\\\/\\\/www.callandplay.com\\\/canopus-neo-vintage-gold-sparkle-sd-14-x-55\\\/\",\"url\":\"https:\\\/\\\/www.callandplay.com\\\/canopus-neo-vintage-gold-sparkle-sd-14-x-55\\\/\",\"name\":\"CANOPUS NEO VINTAGE GOLD SPARKLE SD 14\\\" x 5,5\\\" - Call&amp;Play\",\"isPartOf\":{\"@id\":\"https:\\\/\\\/www.callandplay.com\\\/#website\"},\"datePublished\":\"2023-07-11T00:00:00+00:00\",\"dateModified\":\"2026-04-15T20:53:32+00:00\",\"breadcrumb\":{\"@id\":\"https:\\\/\\\/www.callandplay.com\\\/canopus-neo-vintage-gold-sparkle-sd-14-x-55\\\/#breadcrumb\"},\"inLanguage\":\"pt-PT\",\"potentialAction\":[{\"@type\":\"ReadAction\",\"target\":[\"https:\\\/\\\/www.callandplay.com\\\/canopus-neo-vintage-gold-sparkle-sd-14-x-55\\\/\"]}]},{\"@type\":\"BreadcrumbList\",\"@id\":\"https:\\\/\\\/www.callandplay.com\\\/canopus-neo-vintage-gold-sparkle-sd-14-x-55\\\/#breadcrumb\",\"itemListElement\":[{\"@type\":\"ListItem\",\"position\":1,\"name\":\"Portada\",\"item\":\"https:\\\/\\\/www.callandplay.com\\\/\"},{\"@type\":\"ListItem\",\"position\":2,\"name\":\"Tienda\",\"item\":\"https:\\\/\\\/www.callandplay.com\\\/tienda\\\/\"},{\"@type\":\"ListItem\",\"position\":3,\"name\":\"CANOPUS NEO VINTAGE GOLD SPARKLE SD 14&#8243; x 5,5&#8243;\"}]},{\"@type\":\"WebSite\",\"@id\":\"https:\\\/\\\/www.callandplay.com\\\/#website\",\"url\":\"https:\\\/\\\/www.callandplay.com\\\/\",\"name\":\"Call&amp;Play\",\"description\":\"Alquiler de backline e instrumentos musicales\",\"publisher\":{\"@id\":\"https:\\\/\\\/www.callandplay.com\\\/#organization\"},\"potentialAction\":[{\"@type\":\"SearchAction\",\"target\":{\"@type\":\"EntryPoint\",\"urlTemplate\":\"https:\\\/\\\/www.callandplay.com\\\/?s={search_term_string}\"},\"query-input\":{\"@type\":\"PropertyValueSpecification\",\"valueRequired\":true,\"valueName\":\"search_term_string\"}}],\"inLanguage\":\"pt-PT\"},{\"@type\":\"Organization\",\"@id\":\"https:\\\/\\\/www.callandplay.com\\\/#organization\",\"name\":\"Call&Play\",\"url\":\"https:\\\/\\\/www.callandplay.com\\\/\",\"logo\":{\"@type\":\"ImageObject\",\"inLanguage\":\"pt-PT\",\"@id\":\"https:\\\/\\\/www.callandplay.com\\\/#\\\/schema\\\/logo\\\/image\\\/\",\"url\":\"https:\\\/\\\/www.callandplay.com\\\/wp-content\\\/uploads\\\/2021\\\/06\\\/cropped-cropped-logo-black_con_sombra.png\",\"contentUrl\":\"https:\\\/\\\/www.callandplay.com\\\/wp-content\\\/uploads\\\/2021\\\/06\\\/cropped-cropped-logo-black_con_sombra.png\",\"width\":512,\"height\":512,\"caption\":\"Call&Play\"},\"image\":{\"@id\":\"https:\\\/\\\/www.callandplay.com\\\/#\\\/schema\\\/logo\\\/image\\\/\"},\"sameAs\":[\"https:\\\/\\\/www.facebook.com\\\/callandplay\",\"https:\\\/\\\/www.instagram.com\\\/call_and_play\\\/\"]}]}<\/script>\n<!-- \/ Yoast SEO plugin. -->","yoast_head_json":{"title":"CANOPUS NEO VINTAGE GOLD SPARKLE SD 14\" x 5,5\" - Call&amp;Play","robots":{"index":"index","follow":"follow","max-snippet":"max-snippet:-1","max-image-preview":"max-image-preview:large","max-video-preview":"max-video-preview:-1"},"canonical":"https:\/\/www.callandplay.com\/pt\/canopus-neo-vintage-gold-sparkle-sd-14-x-55\/","og_locale":"pt_PT","og_type":"article","og_title":"CANOPUS NEO VINTAGE GOLD SPARKLE SD 14\" x 5,5\" - Call&amp;Play","og_description":"Caja de 14\" x 5,5\". Arce + \u00e1lamo. Canopus ha conseguido el equilibrio perfecto entre el atractivo sonido vintage de los '60 y lo que se espera de un dise\u00f1o moderno de caja. Su sonido encaja con el amplio rango de g\u00e9neros musicales de hoy en d\u00eda. Otro atractivo de esta caja es su amplio rango de afinaci\u00f3n, que no us usual en bater\u00edas tipo Vintage. Acabado Gold Sparkle.","og_url":"https:\/\/www.callandplay.com\/pt\/canopus-neo-vintage-gold-sparkle-sd-14-x-55\/","og_site_name":"Call&amp;Play","article_publisher":"https:\/\/www.facebook.com\/callandplay","article_modified_time":"2026-04-15T20:53:32+00:00","twitter_card":"summary_large_image","schema":{"@context":"https:\/\/schema.org","@graph":[{"@type":"WebPage","@id":"https:\/\/www.callandplay.com\/canopus-neo-vintage-gold-sparkle-sd-14-x-55\/","url":"https:\/\/www.callandplay.com\/canopus-neo-vintage-gold-sparkle-sd-14-x-55\/","name":"CANOPUS NEO VINTAGE GOLD SPARKLE SD 14\" x 5,5\" - Call&amp;Play","isPartOf":{"@id":"https:\/\/www.callandplay.com\/#website"},"datePublished":"2023-07-11T00:00:00+00:00","dateModified":"2026-04-15T20:53:32+00:00","breadcrumb":{"@id":"https:\/\/www.callandplay.com\/canopus-neo-vintage-gold-sparkle-sd-14-x-55\/#breadcrumb"},"inLanguage":"pt-PT","potentialAction":[{"@type":"ReadAction","target":["https:\/\/www.callandplay.com\/canopus-neo-vintage-gold-sparkle-sd-14-x-55\/"]}]},{"@type":"BreadcrumbList","@id":"https:\/\/www.callandplay.com\/canopus-neo-vintage-gold-sparkle-sd-14-x-55\/#breadcrumb","itemListElement":[{"@type":"ListItem","position":1,"name":"Portada","item":"https:\/\/www.callandplay.com\/"},{"@type":"ListItem","position":2,"name":"Tienda","item":"https:\/\/www.callandplay.com\/tienda\/"},{"@type":"ListItem","position":3,"name":"CANOPUS NEO VINTAGE GOLD SPARKLE SD 14&#8243; x 5,5&#8243;"}]},{"@type":"WebSite","@id":"https:\/\/www.callandplay.com\/#website","url":"https:\/\/www.callandplay.com\/","name":"Call&amp;Play","description":"Alquiler de backline e instrumentos musicales","publisher":{"@id":"https:\/\/www.callandplay.com\/#organization"},"potentialAction":[{"@type":"SearchAction","target":{"@type":"EntryPoint","urlTemplate":"https:\/\/www.callandplay.com\/?s={search_term_string}"},"query-input":{"@type":"PropertyValueSpecification","valueRequired":true,"valueName":"search_term_string"}}],"inLanguage":"pt-PT"},{"@type":"Organization","@id":"https:\/\/www.callandplay.com\/#organization","name":"Call&Play","url":"https:\/\/www.callandplay.com\/","logo":{"@type":"ImageObject","inLanguage":"pt-PT","@id":"https:\/\/www.callandplay.com\/#\/schema\/logo\/image\/","url":"https:\/\/www.callandplay.com\/wp-content\/uploads\/2021\/06\/cropped-cropped-logo-black_con_sombra.png","contentUrl":"https:\/\/www.callandplay.com\/wp-content\/uploads\/2021\/06\/cropped-cropped-logo-black_con_sombra.png","width":512,"height":512,"caption":"Call&Play"},"image":{"@id":"https:\/\/www.callandplay.com\/#\/schema\/logo\/image\/"},"sameAs":["https:\/\/www.facebook.com\/callandplay","https:\/\/www.instagram.com\/call_and_play\/"]}]}},"_links":{"self":[{"href":"https:\/\/www.callandplay.com\/pt\/wp-json\/wp\/v2\/product\/51772","targetHints":{"allow":["GET"]}}],"collection":[{"href":"https:\/\/www.callandplay.com\/pt\/wp-json\/wp\/v2\/product"}],"about":[{"href":"https:\/\/www.callandplay.com\/pt\/wp-json\/wp\/v2\/types\/product"}],"replies":[{"embeddable":true,"href":"https:\/\/www.callandplay.com\/pt\/wp-json\/wp\/v2\/comments?post=51772"}],"version-history":[{"count":1,"href":"https:\/\/www.callandplay.com\/pt\/wp-json\/wp\/v2\/product\/51772\/revisions"}],"predecessor-version":[{"id":54582,"href":"https:\/\/www.callandplay.com\/pt\/wp-json\/wp\/v2\/product\/51772\/revisions\/54582"}],"wp:attachment":[{"href":"https:\/\/www.callandplay.com\/pt\/wp-json\/wp\/v2\/media?parent=51772"}],"wp:term":[{"taxonomy":"product_brand","embeddable":true,"href":"https:\/\/www.callandplay.com\/pt\/wp-json\/wp\/v2\/product_brand?post=51772"},{"taxonomy":"product_cat","embeddable":true,"href":"https:\/\/www.callandplay.com\/pt\/wp-json\/wp\/v2\/product_cat?post=51772"},{"taxonomy":"product_tag","embeddable":true,"href":"https:\/\/www.callandplay.com\/pt\/wp-json\/wp\/v2\/product_tag?post=51772"}],"curies":[{"name":"wp","href":"https:\/\/api.w.org\/{rel}","templated":true}]}}