{"id":51837,"date":"2021-04-28T00:00:00","date_gmt":"2021-04-28T00:00:00","guid":{"rendered":"https:\/\/www.callandplay.com\/paiste-crotales-2-1-2-oct-c6-f8\/"},"modified":"2026-04-15T20:53:34","modified_gmt":"2026-04-15T20:53:34","slug":"paiste-crotales-2-1-2-oct-c6-f8","status":"publish","type":"product","link":"https:\/\/www.callandplay.com\/pt\/paiste-crotales-2-1-2-oct-c6-f8\/","title":{"rendered":"PAISTE CROTALES 2 1\/2 OCT C6-F8"},"content":{"rendered":"<p>Los cr\u00f3talos Paiste de 2 1\/2 octavas van de C6 a F8 y est\u00e1n afinados crom\u00e1ticamente a 442Hz. El sistema de afinaci\u00f3n de Paiste les asegura a estos instrumentos un tono perfecto. Para que sea f\u00e1cil tocar los sets crom\u00e1ticamente afinados, han desarrollado un sistema de amortiguaci\u00f3n para todos los soportes de sets de cr\u00f3talos. Los cr\u00f3talos (C6-F8) son platos antiguos tradicionales utilizados por compositores desde el siglo 19. Hechos de bronce CuSn20, producen un sonido limpio, puro y tambi\u00e9n tradicional. El set incluye el soporte.<\/p>","protected":false},"excerpt":{"rendered":"<p>Los cr\u00f3talos Paiste de 2 1\/2 octavas van de C6 a F8 y est\u00e1n afinados crom\u00e1ticamente a 442Hz. El sistema de afinaci\u00f3n de Paiste les asegura a estos instrumentos un tono perfecto. Para que sea f\u00e1cil tocar los sets crom\u00e1ticamente afinados, han desarrollado un sistema de amortiguaci\u00f3n para todos los soportes de sets de cr\u00f3talos. Los cr\u00f3talos (C6-F8) son platos antiguos tradicionales utilizados por compositores desde el siglo 19. Hechos de bronce CuSn20, producen un sonido limpio, puro y tambi\u00e9n tradicional. El set incluye el soporte.<\/p>","protected":false},"featured_media":0,"comment_status":"closed","ping_status":"closed","template":"","meta":{"_acf_changed":false,"om_disable_all_campaigns":false,"_monsterinsights_skip_tracking":false,"_monsterinsights_sitenote_active":false,"_monsterinsights_sitenote_note":"","_monsterinsights_sitenote_category":0},"product_brand":[],"product_cat":[1163],"product_tag":[],"class_list":{"0":"post-51837","1":"product","2":"type-product","3":"status-publish","5":"product_cat-metalofonos-crotalos","7":"first","8":"instock","9":"shipping-taxable","10":"purchasable","11":"product-type-simple"},"acf":[],"yoast_head":"<!-- This site is optimized with the Yoast SEO plugin v27.4 - https:\/\/yoast.com\/product\/yoast-seo-wordpress\/ -->\n<title>PAISTE CROTALES 2 1\/2 OCT C6-F8 - Call&amp;Play<\/title>\n<meta name=\"robots\" content=\"index, follow, max-snippet:-1, max-image-preview:large, max-video-preview:-1\" \/>\n<link rel=\"canonical\" href=\"https:\/\/www.callandplay.com\/pt\/paiste-crotales-2-1-2-oct-c6-f8\/\" \/>\n<meta property=\"og:locale\" content=\"pt_PT\" \/>\n<meta property=\"og:type\" content=\"article\" \/>\n<meta property=\"og:title\" content=\"PAISTE CROTALES 2 1\/2 OCT C6-F8 - Call&amp;Play\" \/>\n<meta property=\"og:description\" content=\"Los cr\u00f3talos Paiste de 2 1\/2 octavas van de C6 a F8 y est\u00e1n afinados crom\u00e1ticamente a 442Hz. El sistema de afinaci\u00f3n de Paiste les asegura a estos instrumentos un tono perfecto. Para que sea f\u00e1cil tocar los sets crom\u00e1ticamente afinados, han desarrollado un sistema de amortiguaci\u00f3n para todos los soportes de sets de cr\u00f3talos. Los cr\u00f3talos (C6-F8) son platos antiguos tradicionales utilizados por compositores desde el siglo 19. Hechos de bronce CuSn20, producen un sonido limpio, puro y tambi\u00e9n tradicional. El set incluye el soporte.\" \/>\n<meta property=\"og:url\" content=\"https:\/\/www.callandplay.com\/pt\/paiste-crotales-2-1-2-oct-c6-f8\/\" \/>\n<meta property=\"og:site_name\" content=\"Call&amp;Play\" \/>\n<meta property=\"article:publisher\" content=\"https:\/\/www.facebook.com\/callandplay\" \/>\n<meta property=\"article:modified_time\" content=\"2026-04-15T20:53:34+00:00\" \/>\n<meta name=\"twitter:card\" content=\"summary_large_image\" \/>\n<script type=\"application\/ld+json\" class=\"yoast-schema-graph\">{\"@context\":\"https:\\\/\\\/schema.org\",\"@graph\":[{\"@type\":\"WebPage\",\"@id\":\"https:\\\/\\\/www.callandplay.com\\\/paiste-crotales-2-1-2-oct-c6-f8\\\/\",\"url\":\"https:\\\/\\\/www.callandplay.com\\\/paiste-crotales-2-1-2-oct-c6-f8\\\/\",\"name\":\"PAISTE CROTALES 2 1\\\/2 OCT C6-F8 - Call&amp;Play\",\"isPartOf\":{\"@id\":\"https:\\\/\\\/www.callandplay.com\\\/#website\"},\"datePublished\":\"2021-04-28T00:00:00+00:00\",\"dateModified\":\"2026-04-15T20:53:34+00:00\",\"breadcrumb\":{\"@id\":\"https:\\\/\\\/www.callandplay.com\\\/paiste-crotales-2-1-2-oct-c6-f8\\\/#breadcrumb\"},\"inLanguage\":\"pt-PT\",\"potentialAction\":[{\"@type\":\"ReadAction\",\"target\":[\"https:\\\/\\\/www.callandplay.com\\\/paiste-crotales-2-1-2-oct-c6-f8\\\/\"]}]},{\"@type\":\"BreadcrumbList\",\"@id\":\"https:\\\/\\\/www.callandplay.com\\\/paiste-crotales-2-1-2-oct-c6-f8\\\/#breadcrumb\",\"itemListElement\":[{\"@type\":\"ListItem\",\"position\":1,\"name\":\"Portada\",\"item\":\"https:\\\/\\\/www.callandplay.com\\\/\"},{\"@type\":\"ListItem\",\"position\":2,\"name\":\"Tienda\",\"item\":\"https:\\\/\\\/www.callandplay.com\\\/tienda\\\/\"},{\"@type\":\"ListItem\",\"position\":3,\"name\":\"PAISTE CROTALES 2 1\\\/2 OCT C6-F8\"}]},{\"@type\":\"WebSite\",\"@id\":\"https:\\\/\\\/www.callandplay.com\\\/#website\",\"url\":\"https:\\\/\\\/www.callandplay.com\\\/\",\"name\":\"Call&amp;Play\",\"description\":\"Alquiler de backline e instrumentos musicales\",\"publisher\":{\"@id\":\"https:\\\/\\\/www.callandplay.com\\\/#organization\"},\"potentialAction\":[{\"@type\":\"SearchAction\",\"target\":{\"@type\":\"EntryPoint\",\"urlTemplate\":\"https:\\\/\\\/www.callandplay.com\\\/?s={search_term_string}\"},\"query-input\":{\"@type\":\"PropertyValueSpecification\",\"valueRequired\":true,\"valueName\":\"search_term_string\"}}],\"inLanguage\":\"pt-PT\"},{\"@type\":\"Organization\",\"@id\":\"https:\\\/\\\/www.callandplay.com\\\/#organization\",\"name\":\"Call&Play\",\"url\":\"https:\\\/\\\/www.callandplay.com\\\/\",\"logo\":{\"@type\":\"ImageObject\",\"inLanguage\":\"pt-PT\",\"@id\":\"https:\\\/\\\/www.callandplay.com\\\/#\\\/schema\\\/logo\\\/image\\\/\",\"url\":\"https:\\\/\\\/www.callandplay.com\\\/wp-content\\\/uploads\\\/2021\\\/06\\\/cropped-cropped-logo-black_con_sombra.png\",\"contentUrl\":\"https:\\\/\\\/www.callandplay.com\\\/wp-content\\\/uploads\\\/2021\\\/06\\\/cropped-cropped-logo-black_con_sombra.png\",\"width\":512,\"height\":512,\"caption\":\"Call&Play\"},\"image\":{\"@id\":\"https:\\\/\\\/www.callandplay.com\\\/#\\\/schema\\\/logo\\\/image\\\/\"},\"sameAs\":[\"https:\\\/\\\/www.facebook.com\\\/callandplay\",\"https:\\\/\\\/www.instagram.com\\\/call_and_play\\\/\"]}]}<\/script>\n<!-- \/ Yoast SEO plugin. -->","yoast_head_json":{"title":"PAISTE CROTALES 2 1\/2 OCT C6-F8 - Call&amp;Play","robots":{"index":"index","follow":"follow","max-snippet":"max-snippet:-1","max-image-preview":"max-image-preview:large","max-video-preview":"max-video-preview:-1"},"canonical":"https:\/\/www.callandplay.com\/pt\/paiste-crotales-2-1-2-oct-c6-f8\/","og_locale":"pt_PT","og_type":"article","og_title":"PAISTE CROTALES 2 1\/2 OCT C6-F8 - Call&amp;Play","og_description":"Los cr\u00f3talos Paiste de 2 1\/2 octavas van de C6 a F8 y est\u00e1n afinados crom\u00e1ticamente a 442Hz. El sistema de afinaci\u00f3n de Paiste les asegura a estos instrumentos un tono perfecto. Para que sea f\u00e1cil tocar los sets crom\u00e1ticamente afinados, han desarrollado un sistema de amortiguaci\u00f3n para todos los soportes de sets de cr\u00f3talos. Los cr\u00f3talos (C6-F8) son platos antiguos tradicionales utilizados por compositores desde el siglo 19. Hechos de bronce CuSn20, producen un sonido limpio, puro y tambi\u00e9n tradicional. El set incluye el soporte.","og_url":"https:\/\/www.callandplay.com\/pt\/paiste-crotales-2-1-2-oct-c6-f8\/","og_site_name":"Call&amp;Play","article_publisher":"https:\/\/www.facebook.com\/callandplay","article_modified_time":"2026-04-15T20:53:34+00:00","twitter_card":"summary_large_image","schema":{"@context":"https:\/\/schema.org","@graph":[{"@type":"WebPage","@id":"https:\/\/www.callandplay.com\/paiste-crotales-2-1-2-oct-c6-f8\/","url":"https:\/\/www.callandplay.com\/paiste-crotales-2-1-2-oct-c6-f8\/","name":"PAISTE CROTALES 2 1\/2 OCT C6-F8 - Call&amp;Play","isPartOf":{"@id":"https:\/\/www.callandplay.com\/#website"},"datePublished":"2021-04-28T00:00:00+00:00","dateModified":"2026-04-15T20:53:34+00:00","breadcrumb":{"@id":"https:\/\/www.callandplay.com\/paiste-crotales-2-1-2-oct-c6-f8\/#breadcrumb"},"inLanguage":"pt-PT","potentialAction":[{"@type":"ReadAction","target":["https:\/\/www.callandplay.com\/paiste-crotales-2-1-2-oct-c6-f8\/"]}]},{"@type":"BreadcrumbList","@id":"https:\/\/www.callandplay.com\/paiste-crotales-2-1-2-oct-c6-f8\/#breadcrumb","itemListElement":[{"@type":"ListItem","position":1,"name":"Portada","item":"https:\/\/www.callandplay.com\/"},{"@type":"ListItem","position":2,"name":"Tienda","item":"https:\/\/www.callandplay.com\/tienda\/"},{"@type":"ListItem","position":3,"name":"PAISTE CROTALES 2 1\/2 OCT C6-F8"}]},{"@type":"WebSite","@id":"https:\/\/www.callandplay.com\/#website","url":"https:\/\/www.callandplay.com\/","name":"Call&amp;Play","description":"Alquiler de backline e instrumentos musicales","publisher":{"@id":"https:\/\/www.callandplay.com\/#organization"},"potentialAction":[{"@type":"SearchAction","target":{"@type":"EntryPoint","urlTemplate":"https:\/\/www.callandplay.com\/?s={search_term_string}"},"query-input":{"@type":"PropertyValueSpecification","valueRequired":true,"valueName":"search_term_string"}}],"inLanguage":"pt-PT"},{"@type":"Organization","@id":"https:\/\/www.callandplay.com\/#organization","name":"Call&Play","url":"https:\/\/www.callandplay.com\/","logo":{"@type":"ImageObject","inLanguage":"pt-PT","@id":"https:\/\/www.callandplay.com\/#\/schema\/logo\/image\/","url":"https:\/\/www.callandplay.com\/wp-content\/uploads\/2021\/06\/cropped-cropped-logo-black_con_sombra.png","contentUrl":"https:\/\/www.callandplay.com\/wp-content\/uploads\/2021\/06\/cropped-cropped-logo-black_con_sombra.png","width":512,"height":512,"caption":"Call&Play"},"image":{"@id":"https:\/\/www.callandplay.com\/#\/schema\/logo\/image\/"},"sameAs":["https:\/\/www.facebook.com\/callandplay","https:\/\/www.instagram.com\/call_and_play\/"]}]}},"_links":{"self":[{"href":"https:\/\/www.callandplay.com\/pt\/wp-json\/wp\/v2\/product\/51837","targetHints":{"allow":["GET"]}}],"collection":[{"href":"https:\/\/www.callandplay.com\/pt\/wp-json\/wp\/v2\/product"}],"about":[{"href":"https:\/\/www.callandplay.com\/pt\/wp-json\/wp\/v2\/types\/product"}],"replies":[{"embeddable":true,"href":"https:\/\/www.callandplay.com\/pt\/wp-json\/wp\/v2\/comments?post=51837"}],"version-history":[{"count":1,"href":"https:\/\/www.callandplay.com\/pt\/wp-json\/wp\/v2\/product\/51837\/revisions"}],"predecessor-version":[{"id":54647,"href":"https:\/\/www.callandplay.com\/pt\/wp-json\/wp\/v2\/product\/51837\/revisions\/54647"}],"wp:attachment":[{"href":"https:\/\/www.callandplay.com\/pt\/wp-json\/wp\/v2\/media?parent=51837"}],"wp:term":[{"taxonomy":"product_brand","embeddable":true,"href":"https:\/\/www.callandplay.com\/pt\/wp-json\/wp\/v2\/product_brand?post=51837"},{"taxonomy":"product_cat","embeddable":true,"href":"https:\/\/www.callandplay.com\/pt\/wp-json\/wp\/v2\/product_cat?post=51837"},{"taxonomy":"product_tag","embeddable":true,"href":"https:\/\/www.callandplay.com\/pt\/wp-json\/wp\/v2\/product_tag?post=51837"}],"curies":[{"name":"wp","href":"https:\/\/api.w.org\/{rel}","templated":true}]}}