{"id":51874,"date":"2021-04-28T00:00:00","date_gmt":"2021-04-28T00:00:00","guid":{"rendered":"https:\/\/www.callandplay.com\/yamaha-sv120s-silent-violin\/"},"modified":"2026-04-15T20:53:36","modified_gmt":"2026-04-15T20:53:36","slug":"yamaha-sv120s-silent-violin","status":"publish","type":"product","link":"https:\/\/www.callandplay.com\/pt\/yamaha-sv120s-silent-violin\/","title":{"rendered":"YAMAHA SV120S SILENT VIOLIN"},"content":{"rendered":"<p>El violin SV-120 ofrece, a los viollinistas de cualquier nivel, la experiencia de tocar en el entorno virtual. s\u00f3nicamente rico, de una sala de conciertos, mientras que sus caracter\u00edsticas de viol\u00edn silent ofrecen las ventajas de poder tocar o practicar en cualquier sitio, en cualquier momento. Mejorado con un cuello de forma oval y una circuiter\u00eda avanzada, el SV-120 ofrece una gran facilidad para tocar y un sonido limpio con tono volumen con cuerpo. Reverb incorporada. Input de jack que permite conectar a CD o MD y tocar escuchando la m\u00fasica favorita. Adaptador que permite conectar. mediante jack, directamente a una P.A. o a un equipo de audio externo.<\/p>","protected":false},"excerpt":{"rendered":"<p>El violin SV-120 ofrece, a los viollinistas de cualquier nivel, la experiencia de tocar en el entorno virtual. s\u00f3nicamente rico, de una sala de conciertos, mientras que sus caracter\u00edsticas de viol\u00edn silent ofrecen las ventajas de poder tocar o practicar en cualquier sitio, en cualquier momento. Mejorado con un cuello de forma oval y una circuiter\u00eda avanzada, el SV-120 ofrece una gran facilidad para tocar y un sonido limpio con tono volumen con cuerpo. Reverb incorporada. Input de jack que permite conectar a CD o MD y tocar escuchando la m\u00fasica favorita. Adaptador que permite conectar. mediante jack, directamente a una P.A. o a un equipo de audio externo.<\/p>","protected":false},"featured_media":0,"comment_status":"closed","ping_status":"closed","template":"","meta":{"_acf_changed":false,"om_disable_all_campaigns":false,"_monsterinsights_skip_tracking":false,"_monsterinsights_sitenote_active":false,"_monsterinsights_sitenote_note":"","_monsterinsights_sitenote_category":0},"product_brand":[],"product_cat":[1170],"product_tag":[],"class_list":{"0":"post-51874","1":"product","2":"type-product","3":"status-publish","5":"product_cat-violines-electricos","7":"first","8":"instock","9":"shipping-taxable","10":"purchasable","11":"product-type-simple"},"acf":[],"yoast_head":"<!-- This site is optimized with the Yoast SEO plugin v27.3 - https:\/\/yoast.com\/product\/yoast-seo-wordpress\/ -->\n<title>YAMAHA SV120S SILENT VIOLIN - Call&amp;Play<\/title>\n<meta name=\"robots\" content=\"index, follow, max-snippet:-1, max-image-preview:large, max-video-preview:-1\" \/>\n<link rel=\"canonical\" href=\"https:\/\/www.callandplay.com\/pt\/yamaha-sv120s-silent-violin\/\" \/>\n<meta property=\"og:locale\" content=\"pt_PT\" \/>\n<meta property=\"og:type\" content=\"article\" \/>\n<meta property=\"og:title\" content=\"YAMAHA SV120S SILENT VIOLIN - Call&amp;Play\" \/>\n<meta property=\"og:description\" content=\"El violin SV-120 ofrece, a los viollinistas de cualquier nivel, la experiencia de tocar en el entorno virtual. s\u00f3nicamente rico, de una sala de conciertos, mientras que sus caracter\u00edsticas de viol\u00edn silent ofrecen las ventajas de poder tocar o practicar en cualquier sitio, en cualquier momento. Mejorado con un cuello de forma oval y una circuiter\u00eda avanzada, el SV-120 ofrece una gran facilidad para tocar y un sonido limpio con tono volumen con cuerpo. Reverb incorporada. Input de jack que permite conectar a CD o MD y tocar escuchando la m\u00fasica favorita. Adaptador que permite conectar. mediante jack, directamente a una P.A. o a un equipo de audio externo.\" \/>\n<meta property=\"og:url\" content=\"https:\/\/www.callandplay.com\/pt\/yamaha-sv120s-silent-violin\/\" \/>\n<meta property=\"og:site_name\" content=\"Call&amp;Play\" \/>\n<meta property=\"article:publisher\" content=\"https:\/\/www.facebook.com\/callandplay\" \/>\n<meta property=\"article:modified_time\" content=\"2026-04-15T20:53:36+00:00\" \/>\n<meta name=\"twitter:card\" content=\"summary_large_image\" \/>\n<meta name=\"twitter:label1\" content=\"Tempo estimado de leitura\" \/>\n\t<meta name=\"twitter:data1\" content=\"1 minuto\" \/>\n<script type=\"application\/ld+json\" class=\"yoast-schema-graph\">{\"@context\":\"https:\\\/\\\/schema.org\",\"@graph\":[{\"@type\":\"WebPage\",\"@id\":\"https:\\\/\\\/www.callandplay.com\\\/yamaha-sv120s-silent-violin\\\/\",\"url\":\"https:\\\/\\\/www.callandplay.com\\\/yamaha-sv120s-silent-violin\\\/\",\"name\":\"YAMAHA SV120S SILENT VIOLIN - Call&amp;Play\",\"isPartOf\":{\"@id\":\"https:\\\/\\\/www.callandplay.com\\\/#website\"},\"datePublished\":\"2021-04-28T00:00:00+00:00\",\"dateModified\":\"2026-04-15T20:53:36+00:00\",\"breadcrumb\":{\"@id\":\"https:\\\/\\\/www.callandplay.com\\\/yamaha-sv120s-silent-violin\\\/#breadcrumb\"},\"inLanguage\":\"pt-PT\",\"potentialAction\":[{\"@type\":\"ReadAction\",\"target\":[\"https:\\\/\\\/www.callandplay.com\\\/yamaha-sv120s-silent-violin\\\/\"]}]},{\"@type\":\"BreadcrumbList\",\"@id\":\"https:\\\/\\\/www.callandplay.com\\\/yamaha-sv120s-silent-violin\\\/#breadcrumb\",\"itemListElement\":[{\"@type\":\"ListItem\",\"position\":1,\"name\":\"Portada\",\"item\":\"https:\\\/\\\/www.callandplay.com\\\/\"},{\"@type\":\"ListItem\",\"position\":2,\"name\":\"Tienda\",\"item\":\"https:\\\/\\\/www.callandplay.com\\\/tienda\\\/\"},{\"@type\":\"ListItem\",\"position\":3,\"name\":\"YAMAHA SV120S SILENT VIOLIN\"}]},{\"@type\":\"WebSite\",\"@id\":\"https:\\\/\\\/www.callandplay.com\\\/#website\",\"url\":\"https:\\\/\\\/www.callandplay.com\\\/\",\"name\":\"Call&amp;Play\",\"description\":\"Alquiler de backline e instrumentos musicales\",\"publisher\":{\"@id\":\"https:\\\/\\\/www.callandplay.com\\\/#organization\"},\"potentialAction\":[{\"@type\":\"SearchAction\",\"target\":{\"@type\":\"EntryPoint\",\"urlTemplate\":\"https:\\\/\\\/www.callandplay.com\\\/?s={search_term_string}\"},\"query-input\":{\"@type\":\"PropertyValueSpecification\",\"valueRequired\":true,\"valueName\":\"search_term_string\"}}],\"inLanguage\":\"pt-PT\"},{\"@type\":\"Organization\",\"@id\":\"https:\\\/\\\/www.callandplay.com\\\/#organization\",\"name\":\"Call&Play\",\"url\":\"https:\\\/\\\/www.callandplay.com\\\/\",\"logo\":{\"@type\":\"ImageObject\",\"inLanguage\":\"pt-PT\",\"@id\":\"https:\\\/\\\/www.callandplay.com\\\/#\\\/schema\\\/logo\\\/image\\\/\",\"url\":\"https:\\\/\\\/www.callandplay.com\\\/wp-content\\\/uploads\\\/2021\\\/06\\\/cropped-cropped-logo-black_con_sombra.png\",\"contentUrl\":\"https:\\\/\\\/www.callandplay.com\\\/wp-content\\\/uploads\\\/2021\\\/06\\\/cropped-cropped-logo-black_con_sombra.png\",\"width\":512,\"height\":512,\"caption\":\"Call&Play\"},\"image\":{\"@id\":\"https:\\\/\\\/www.callandplay.com\\\/#\\\/schema\\\/logo\\\/image\\\/\"},\"sameAs\":[\"https:\\\/\\\/www.facebook.com\\\/callandplay\",\"https:\\\/\\\/www.instagram.com\\\/call_and_play\\\/\"]}]}<\/script>\n<!-- \/ Yoast SEO plugin. -->","yoast_head_json":{"title":"YAMAHA SV120S SILENT VIOLIN - Call&amp;Play","robots":{"index":"index","follow":"follow","max-snippet":"max-snippet:-1","max-image-preview":"max-image-preview:large","max-video-preview":"max-video-preview:-1"},"canonical":"https:\/\/www.callandplay.com\/pt\/yamaha-sv120s-silent-violin\/","og_locale":"pt_PT","og_type":"article","og_title":"YAMAHA SV120S SILENT VIOLIN - Call&amp;Play","og_description":"El violin SV-120 ofrece, a los viollinistas de cualquier nivel, la experiencia de tocar en el entorno virtual. s\u00f3nicamente rico, de una sala de conciertos, mientras que sus caracter\u00edsticas de viol\u00edn silent ofrecen las ventajas de poder tocar o practicar en cualquier sitio, en cualquier momento. Mejorado con un cuello de forma oval y una circuiter\u00eda avanzada, el SV-120 ofrece una gran facilidad para tocar y un sonido limpio con tono volumen con cuerpo. Reverb incorporada. Input de jack que permite conectar a CD o MD y tocar escuchando la m\u00fasica favorita. Adaptador que permite conectar. mediante jack, directamente a una P.A. o a un equipo de audio externo.","og_url":"https:\/\/www.callandplay.com\/pt\/yamaha-sv120s-silent-violin\/","og_site_name":"Call&amp;Play","article_publisher":"https:\/\/www.facebook.com\/callandplay","article_modified_time":"2026-04-15T20:53:36+00:00","twitter_card":"summary_large_image","twitter_misc":{"Tempo estimado de leitura":"1 minuto"},"schema":{"@context":"https:\/\/schema.org","@graph":[{"@type":"WebPage","@id":"https:\/\/www.callandplay.com\/yamaha-sv120s-silent-violin\/","url":"https:\/\/www.callandplay.com\/yamaha-sv120s-silent-violin\/","name":"YAMAHA SV120S SILENT VIOLIN - Call&amp;Play","isPartOf":{"@id":"https:\/\/www.callandplay.com\/#website"},"datePublished":"2021-04-28T00:00:00+00:00","dateModified":"2026-04-15T20:53:36+00:00","breadcrumb":{"@id":"https:\/\/www.callandplay.com\/yamaha-sv120s-silent-violin\/#breadcrumb"},"inLanguage":"pt-PT","potentialAction":[{"@type":"ReadAction","target":["https:\/\/www.callandplay.com\/yamaha-sv120s-silent-violin\/"]}]},{"@type":"BreadcrumbList","@id":"https:\/\/www.callandplay.com\/yamaha-sv120s-silent-violin\/#breadcrumb","itemListElement":[{"@type":"ListItem","position":1,"name":"Portada","item":"https:\/\/www.callandplay.com\/"},{"@type":"ListItem","position":2,"name":"Tienda","item":"https:\/\/www.callandplay.com\/tienda\/"},{"@type":"ListItem","position":3,"name":"YAMAHA SV120S SILENT VIOLIN"}]},{"@type":"WebSite","@id":"https:\/\/www.callandplay.com\/#website","url":"https:\/\/www.callandplay.com\/","name":"Call&amp;Play","description":"Alquiler de backline e instrumentos musicales","publisher":{"@id":"https:\/\/www.callandplay.com\/#organization"},"potentialAction":[{"@type":"SearchAction","target":{"@type":"EntryPoint","urlTemplate":"https:\/\/www.callandplay.com\/?s={search_term_string}"},"query-input":{"@type":"PropertyValueSpecification","valueRequired":true,"valueName":"search_term_string"}}],"inLanguage":"pt-PT"},{"@type":"Organization","@id":"https:\/\/www.callandplay.com\/#organization","name":"Call&Play","url":"https:\/\/www.callandplay.com\/","logo":{"@type":"ImageObject","inLanguage":"pt-PT","@id":"https:\/\/www.callandplay.com\/#\/schema\/logo\/image\/","url":"https:\/\/www.callandplay.com\/wp-content\/uploads\/2021\/06\/cropped-cropped-logo-black_con_sombra.png","contentUrl":"https:\/\/www.callandplay.com\/wp-content\/uploads\/2021\/06\/cropped-cropped-logo-black_con_sombra.png","width":512,"height":512,"caption":"Call&Play"},"image":{"@id":"https:\/\/www.callandplay.com\/#\/schema\/logo\/image\/"},"sameAs":["https:\/\/www.facebook.com\/callandplay","https:\/\/www.instagram.com\/call_and_play\/"]}]}},"_links":{"self":[{"href":"https:\/\/www.callandplay.com\/pt\/wp-json\/wp\/v2\/product\/51874","targetHints":{"allow":["GET"]}}],"collection":[{"href":"https:\/\/www.callandplay.com\/pt\/wp-json\/wp\/v2\/product"}],"about":[{"href":"https:\/\/www.callandplay.com\/pt\/wp-json\/wp\/v2\/types\/product"}],"replies":[{"embeddable":true,"href":"https:\/\/www.callandplay.com\/pt\/wp-json\/wp\/v2\/comments?post=51874"}],"version-history":[{"count":1,"href":"https:\/\/www.callandplay.com\/pt\/wp-json\/wp\/v2\/product\/51874\/revisions"}],"predecessor-version":[{"id":54684,"href":"https:\/\/www.callandplay.com\/pt\/wp-json\/wp\/v2\/product\/51874\/revisions\/54684"}],"wp:attachment":[{"href":"https:\/\/www.callandplay.com\/pt\/wp-json\/wp\/v2\/media?parent=51874"}],"wp:term":[{"taxonomy":"product_brand","embeddable":true,"href":"https:\/\/www.callandplay.com\/pt\/wp-json\/wp\/v2\/product_brand?post=51874"},{"taxonomy":"product_cat","embeddable":true,"href":"https:\/\/www.callandplay.com\/pt\/wp-json\/wp\/v2\/product_cat?post=51874"},{"taxonomy":"product_tag","embeddable":true,"href":"https:\/\/www.callandplay.com\/pt\/wp-json\/wp\/v2\/product_tag?post=51874"}],"curies":[{"name":"wp","href":"https:\/\/api.w.org\/{rel}","templated":true}]}}