{"id":51921,"date":"2025-07-31T00:00:00","date_gmt":"2025-07-31T00:00:00","guid":{"rendered":"https:\/\/www.callandplay.com\/konig-meyer-144-1-baritone-sax-stand\/"},"modified":"2026-04-15T20:53:37","modified_gmt":"2026-04-15T20:53:37","slug":"konig-meyer-144-1-baritone-sax-stand","status":"publish","type":"product","link":"https:\/\/www.callandplay.com\/pt\/konig-meyer-144-1-baritone-sax-stand\/","title":{"rendered":"K\u00d6NIG &amp; MEYER 144\/1 BARITONE SAX STAND"},"content":{"rendered":"<p>Gracias a la versi\u00f3n de tres patas, el soporte se mantiene erguido con puntales adicionales para una estabilidad y estabilidad especiales. El soporte de montaje inferior se puede ajustar individualmente. La combinaci\u00f3n de tubos extensibles est\u00e1 hecha de acero con recubrimiento en polvo. Los soportes superior e inferior est\u00e1n cubiertos con una capa protectora de pl\u00e1stico. La altura del soporte mide de 79 a 91,5 cm. Su peso es de 1,26 kg. El soporte s\u00f3lo es adecuado para saxofones bar\u00edtonos en Si bajo.<\/p>","protected":false},"excerpt":{"rendered":"<p>Gracias a la versi\u00f3n de tres patas, el soporte se mantiene erguido con puntales adicionales para una estabilidad y estabilidad especiales. El soporte de montaje inferior se puede ajustar individualmente. La combinaci\u00f3n de tubos extensibles est\u00e1 hecha de acero con recubrimiento en polvo. Los soportes superior e inferior est\u00e1n cubiertos con una capa protectora de pl\u00e1stico. La altura del soporte mide de 79 a 91,5 cm. Su peso es de 1,26 kg. El soporte s\u00f3lo es adecuado para saxofones bar\u00edtonos en Si bajo.<\/p>","protected":false},"featured_media":0,"comment_status":"closed","ping_status":"closed","template":"","meta":{"_acf_changed":false,"om_disable_all_campaigns":false,"_monsterinsights_skip_tracking":false,"_monsterinsights_sitenote_active":false,"_monsterinsights_sitenote_note":"","_monsterinsights_sitenote_category":0},"product_brand":[],"product_cat":[1185],"product_tag":[],"class_list":{"0":"post-51921","1":"product","2":"type-product","3":"status-publish","5":"product_cat-soportes-saxofon","7":"first","8":"instock","9":"shipping-taxable","10":"purchasable","11":"product-type-simple"},"acf":[],"yoast_head":"<!-- This site is optimized with the Yoast SEO plugin v27.3 - https:\/\/yoast.com\/product\/yoast-seo-wordpress\/ -->\n<title>K\u00d6NIG &amp; MEYER 144\/1 BARITONE SAX STAND - Call&amp;Play<\/title>\n<meta name=\"robots\" content=\"index, follow, max-snippet:-1, max-image-preview:large, max-video-preview:-1\" \/>\n<link rel=\"canonical\" href=\"https:\/\/www.callandplay.com\/pt\/konig-meyer-144-1-baritone-sax-stand\/\" \/>\n<meta property=\"og:locale\" content=\"pt_PT\" \/>\n<meta property=\"og:type\" content=\"article\" \/>\n<meta property=\"og:title\" content=\"K\u00d6NIG &amp; MEYER 144\/1 BARITONE SAX STAND - Call&amp;Play\" \/>\n<meta property=\"og:description\" content=\"Gracias a la versi\u00f3n de tres patas, el soporte se mantiene erguido con puntales adicionales para una estabilidad y estabilidad especiales. El soporte de montaje inferior se puede ajustar individualmente. La combinaci\u00f3n de tubos extensibles est\u00e1 hecha de acero con recubrimiento en polvo. Los soportes superior e inferior est\u00e1n cubiertos con una capa protectora de pl\u00e1stico. La altura del soporte mide de 79 a 91,5 cm. Su peso es de 1,26 kg. El soporte s\u00f3lo es adecuado para saxofones bar\u00edtonos en Si bajo.\" \/>\n<meta property=\"og:url\" content=\"https:\/\/www.callandplay.com\/pt\/konig-meyer-144-1-baritone-sax-stand\/\" \/>\n<meta property=\"og:site_name\" content=\"Call&amp;Play\" \/>\n<meta property=\"article:publisher\" content=\"https:\/\/www.facebook.com\/callandplay\" \/>\n<meta property=\"article:modified_time\" content=\"2026-04-15T20:53:37+00:00\" \/>\n<meta name=\"twitter:card\" content=\"summary_large_image\" \/>\n<script type=\"application\/ld+json\" class=\"yoast-schema-graph\">{\"@context\":\"https:\\\/\\\/schema.org\",\"@graph\":[{\"@type\":\"WebPage\",\"@id\":\"https:\\\/\\\/www.callandplay.com\\\/konig-meyer-144-1-baritone-sax-stand\\\/\",\"url\":\"https:\\\/\\\/www.callandplay.com\\\/konig-meyer-144-1-baritone-sax-stand\\\/\",\"name\":\"K\u00d6NIG &amp; MEYER 144\\\/1 BARITONE SAX STAND - Call&amp;Play\",\"isPartOf\":{\"@id\":\"https:\\\/\\\/www.callandplay.com\\\/#website\"},\"datePublished\":\"2025-07-31T00:00:00+00:00\",\"dateModified\":\"2026-04-15T20:53:37+00:00\",\"breadcrumb\":{\"@id\":\"https:\\\/\\\/www.callandplay.com\\\/konig-meyer-144-1-baritone-sax-stand\\\/#breadcrumb\"},\"inLanguage\":\"pt-PT\",\"potentialAction\":[{\"@type\":\"ReadAction\",\"target\":[\"https:\\\/\\\/www.callandplay.com\\\/konig-meyer-144-1-baritone-sax-stand\\\/\"]}]},{\"@type\":\"BreadcrumbList\",\"@id\":\"https:\\\/\\\/www.callandplay.com\\\/konig-meyer-144-1-baritone-sax-stand\\\/#breadcrumb\",\"itemListElement\":[{\"@type\":\"ListItem\",\"position\":1,\"name\":\"Portada\",\"item\":\"https:\\\/\\\/www.callandplay.com\\\/\"},{\"@type\":\"ListItem\",\"position\":2,\"name\":\"Tienda\",\"item\":\"https:\\\/\\\/www.callandplay.com\\\/tienda\\\/\"},{\"@type\":\"ListItem\",\"position\":3,\"name\":\"K\u00d6NIG &amp; MEYER 144\\\/1 BARITONE SAX STAND\"}]},{\"@type\":\"WebSite\",\"@id\":\"https:\\\/\\\/www.callandplay.com\\\/#website\",\"url\":\"https:\\\/\\\/www.callandplay.com\\\/\",\"name\":\"Call&amp;Play\",\"description\":\"Alquiler de backline e instrumentos musicales\",\"publisher\":{\"@id\":\"https:\\\/\\\/www.callandplay.com\\\/#organization\"},\"potentialAction\":[{\"@type\":\"SearchAction\",\"target\":{\"@type\":\"EntryPoint\",\"urlTemplate\":\"https:\\\/\\\/www.callandplay.com\\\/?s={search_term_string}\"},\"query-input\":{\"@type\":\"PropertyValueSpecification\",\"valueRequired\":true,\"valueName\":\"search_term_string\"}}],\"inLanguage\":\"pt-PT\"},{\"@type\":\"Organization\",\"@id\":\"https:\\\/\\\/www.callandplay.com\\\/#organization\",\"name\":\"Call&Play\",\"url\":\"https:\\\/\\\/www.callandplay.com\\\/\",\"logo\":{\"@type\":\"ImageObject\",\"inLanguage\":\"pt-PT\",\"@id\":\"https:\\\/\\\/www.callandplay.com\\\/#\\\/schema\\\/logo\\\/image\\\/\",\"url\":\"https:\\\/\\\/www.callandplay.com\\\/wp-content\\\/uploads\\\/2021\\\/06\\\/cropped-cropped-logo-black_con_sombra.png\",\"contentUrl\":\"https:\\\/\\\/www.callandplay.com\\\/wp-content\\\/uploads\\\/2021\\\/06\\\/cropped-cropped-logo-black_con_sombra.png\",\"width\":512,\"height\":512,\"caption\":\"Call&Play\"},\"image\":{\"@id\":\"https:\\\/\\\/www.callandplay.com\\\/#\\\/schema\\\/logo\\\/image\\\/\"},\"sameAs\":[\"https:\\\/\\\/www.facebook.com\\\/callandplay\",\"https:\\\/\\\/www.instagram.com\\\/call_and_play\\\/\"]}]}<\/script>\n<!-- \/ Yoast SEO plugin. -->","yoast_head_json":{"title":"K\u00d6NIG &amp; MEYER 144\/1 BARITONE SAX STAND - Call&amp;Play","robots":{"index":"index","follow":"follow","max-snippet":"max-snippet:-1","max-image-preview":"max-image-preview:large","max-video-preview":"max-video-preview:-1"},"canonical":"https:\/\/www.callandplay.com\/pt\/konig-meyer-144-1-baritone-sax-stand\/","og_locale":"pt_PT","og_type":"article","og_title":"K\u00d6NIG &amp; MEYER 144\/1 BARITONE SAX STAND - Call&amp;Play","og_description":"Gracias a la versi\u00f3n de tres patas, el soporte se mantiene erguido con puntales adicionales para una estabilidad y estabilidad especiales. El soporte de montaje inferior se puede ajustar individualmente. La combinaci\u00f3n de tubos extensibles est\u00e1 hecha de acero con recubrimiento en polvo. Los soportes superior e inferior est\u00e1n cubiertos con una capa protectora de pl\u00e1stico. La altura del soporte mide de 79 a 91,5 cm. Su peso es de 1,26 kg. El soporte s\u00f3lo es adecuado para saxofones bar\u00edtonos en Si bajo.","og_url":"https:\/\/www.callandplay.com\/pt\/konig-meyer-144-1-baritone-sax-stand\/","og_site_name":"Call&amp;Play","article_publisher":"https:\/\/www.facebook.com\/callandplay","article_modified_time":"2026-04-15T20:53:37+00:00","twitter_card":"summary_large_image","schema":{"@context":"https:\/\/schema.org","@graph":[{"@type":"WebPage","@id":"https:\/\/www.callandplay.com\/konig-meyer-144-1-baritone-sax-stand\/","url":"https:\/\/www.callandplay.com\/konig-meyer-144-1-baritone-sax-stand\/","name":"K\u00d6NIG &amp; MEYER 144\/1 BARITONE SAX STAND - Call&amp;Play","isPartOf":{"@id":"https:\/\/www.callandplay.com\/#website"},"datePublished":"2025-07-31T00:00:00+00:00","dateModified":"2026-04-15T20:53:37+00:00","breadcrumb":{"@id":"https:\/\/www.callandplay.com\/konig-meyer-144-1-baritone-sax-stand\/#breadcrumb"},"inLanguage":"pt-PT","potentialAction":[{"@type":"ReadAction","target":["https:\/\/www.callandplay.com\/konig-meyer-144-1-baritone-sax-stand\/"]}]},{"@type":"BreadcrumbList","@id":"https:\/\/www.callandplay.com\/konig-meyer-144-1-baritone-sax-stand\/#breadcrumb","itemListElement":[{"@type":"ListItem","position":1,"name":"Portada","item":"https:\/\/www.callandplay.com\/"},{"@type":"ListItem","position":2,"name":"Tienda","item":"https:\/\/www.callandplay.com\/tienda\/"},{"@type":"ListItem","position":3,"name":"K\u00d6NIG &amp; MEYER 144\/1 BARITONE SAX STAND"}]},{"@type":"WebSite","@id":"https:\/\/www.callandplay.com\/#website","url":"https:\/\/www.callandplay.com\/","name":"Call&amp;Play","description":"Alquiler de backline e instrumentos musicales","publisher":{"@id":"https:\/\/www.callandplay.com\/#organization"},"potentialAction":[{"@type":"SearchAction","target":{"@type":"EntryPoint","urlTemplate":"https:\/\/www.callandplay.com\/?s={search_term_string}"},"query-input":{"@type":"PropertyValueSpecification","valueRequired":true,"valueName":"search_term_string"}}],"inLanguage":"pt-PT"},{"@type":"Organization","@id":"https:\/\/www.callandplay.com\/#organization","name":"Call&Play","url":"https:\/\/www.callandplay.com\/","logo":{"@type":"ImageObject","inLanguage":"pt-PT","@id":"https:\/\/www.callandplay.com\/#\/schema\/logo\/image\/","url":"https:\/\/www.callandplay.com\/wp-content\/uploads\/2021\/06\/cropped-cropped-logo-black_con_sombra.png","contentUrl":"https:\/\/www.callandplay.com\/wp-content\/uploads\/2021\/06\/cropped-cropped-logo-black_con_sombra.png","width":512,"height":512,"caption":"Call&Play"},"image":{"@id":"https:\/\/www.callandplay.com\/#\/schema\/logo\/image\/"},"sameAs":["https:\/\/www.facebook.com\/callandplay","https:\/\/www.instagram.com\/call_and_play\/"]}]}},"_links":{"self":[{"href":"https:\/\/www.callandplay.com\/pt\/wp-json\/wp\/v2\/product\/51921","targetHints":{"allow":["GET"]}}],"collection":[{"href":"https:\/\/www.callandplay.com\/pt\/wp-json\/wp\/v2\/product"}],"about":[{"href":"https:\/\/www.callandplay.com\/pt\/wp-json\/wp\/v2\/types\/product"}],"replies":[{"embeddable":true,"href":"https:\/\/www.callandplay.com\/pt\/wp-json\/wp\/v2\/comments?post=51921"}],"version-history":[{"count":1,"href":"https:\/\/www.callandplay.com\/pt\/wp-json\/wp\/v2\/product\/51921\/revisions"}],"predecessor-version":[{"id":54731,"href":"https:\/\/www.callandplay.com\/pt\/wp-json\/wp\/v2\/product\/51921\/revisions\/54731"}],"wp:attachment":[{"href":"https:\/\/www.callandplay.com\/pt\/wp-json\/wp\/v2\/media?parent=51921"}],"wp:term":[{"taxonomy":"product_brand","embeddable":true,"href":"https:\/\/www.callandplay.com\/pt\/wp-json\/wp\/v2\/product_brand?post=51921"},{"taxonomy":"product_cat","embeddable":true,"href":"https:\/\/www.callandplay.com\/pt\/wp-json\/wp\/v2\/product_cat?post=51921"},{"taxonomy":"product_tag","embeddable":true,"href":"https:\/\/www.callandplay.com\/pt\/wp-json\/wp\/v2\/product_tag?post=51921"}],"curies":[{"name":"wp","href":"https:\/\/api.w.org\/{rel}","templated":true}]}}