{"id":51973,"date":"2020-08-29T00:00:00","date_gmt":"2020-08-29T00:00:00","guid":{"rendered":"https:\/\/www.callandplay.com\/fender-super-sonic-head-black\/"},"modified":"2026-04-15T20:53:38","modified_gmt":"2026-04-15T20:53:38","slug":"fender-super-sonic-head-black","status":"publish","type":"product","link":"https:\/\/www.callandplay.com\/pt\/fender-super-sonic-head-black\/","title":{"rendered":"FENDER SUPER-SONIC HEAD BLACK"},"content":{"rendered":"<p>El cabezal de amplificador de v\u00e1lvulas Super-Sonic 100 de Fender est\u00e1 dise\u00f1ado para guitarristas que desean el sonido inimitable de los tonos limpios de Fender, adem\u00e1s de sonidos expresivos de alta ganancia en un amplificador de 100W totalmente a v\u00e1lvulas. 7 &#8211; v\u00e1lvulas de preamplificador 12AX7 y 2 &#8211; 12AT7. 4 &#8211; Tubos de potencia 6L6. Canales Vintage y Burn. Voces conmutables en el canal Vintage para sonidos limpios de los amplificadores Twin Reverb y Showman antiguos, y el tono grueso y contundente de los amplificadores Bassman de los 60. Bucle de efectos profesional con control de nivel; tambi\u00e9n se puede utilizar como un impulso conmutador de pedal.<\/p>","protected":false},"excerpt":{"rendered":"<p>El cabezal de amplificador de v\u00e1lvulas Super-Sonic 100 de Fender est\u00e1 dise\u00f1ado para guitarristas que desean el sonido inimitable de los tonos limpios de Fender, adem\u00e1s de sonidos expresivos de alta ganancia en un amplificador de 100W totalmente a v\u00e1lvulas. 7 &#8211; v\u00e1lvulas de preamplificador 12AX7 y 2 &#8211; 12AT7. 4 &#8211; Tubos de potencia 6L6. Canales Vintage y Burn. Voces conmutables en el canal Vintage para sonidos limpios de los amplificadores Twin Reverb y Showman antiguos, y el tono grueso y contundente de los amplificadores Bassman de los 60. Bucle de efectos profesional con control de nivel; tambi\u00e9n se puede utilizar como un impulso conmutador de pedal.<\/p>","protected":false},"featured_media":0,"comment_status":"closed","ping_status":"closed","template":"","meta":{"_acf_changed":false,"om_disable_all_campaigns":false,"_monsterinsights_skip_tracking":false,"_monsterinsights_sitenote_active":false,"_monsterinsights_sitenote_note":"","_monsterinsights_sitenote_category":0},"product_brand":[],"product_cat":[1047],"product_tag":[],"class_list":{"0":"post-51973","1":"product","2":"type-product","3":"status-publish","5":"product_cat-cabezales-guitarra-electrica","7":"first","8":"instock","9":"shipping-taxable","10":"purchasable","11":"product-type-simple"},"acf":[],"yoast_head":"<!-- This site is optimized with the Yoast SEO plugin v27.4 - https:\/\/yoast.com\/product\/yoast-seo-wordpress\/ -->\n<title>FENDER SUPER-SONIC HEAD BLACK - Call&amp;Play<\/title>\n<meta name=\"robots\" content=\"index, follow, max-snippet:-1, max-image-preview:large, max-video-preview:-1\" \/>\n<link rel=\"canonical\" href=\"https:\/\/www.callandplay.com\/pt\/fender-super-sonic-head-black\/\" \/>\n<meta property=\"og:locale\" content=\"pt_PT\" \/>\n<meta property=\"og:type\" content=\"article\" \/>\n<meta property=\"og:title\" content=\"FENDER SUPER-SONIC HEAD BLACK - Call&amp;Play\" \/>\n<meta property=\"og:description\" content=\"El cabezal de amplificador de v\u00e1lvulas Super-Sonic 100 de Fender est\u00e1 dise\u00f1ado para guitarristas que desean el sonido inimitable de los tonos limpios de Fender, adem\u00e1s de sonidos expresivos de alta ganancia en un amplificador de 100W totalmente a v\u00e1lvulas. 7 - v\u00e1lvulas de preamplificador 12AX7 y 2 - 12AT7. 4 - Tubos de potencia 6L6. Canales Vintage y Burn. Voces conmutables en el canal Vintage para sonidos limpios de los amplificadores Twin Reverb y Showman antiguos, y el tono grueso y contundente de los amplificadores Bassman de los 60. Bucle de efectos profesional con control de nivel; tambi\u00e9n se puede utilizar como un impulso conmutador de pedal.\" \/>\n<meta property=\"og:url\" content=\"https:\/\/www.callandplay.com\/pt\/fender-super-sonic-head-black\/\" \/>\n<meta property=\"og:site_name\" content=\"Call&amp;Play\" \/>\n<meta property=\"article:publisher\" content=\"https:\/\/www.facebook.com\/callandplay\" \/>\n<meta property=\"article:modified_time\" content=\"2026-04-15T20:53:38+00:00\" \/>\n<meta name=\"twitter:card\" content=\"summary_large_image\" \/>\n<meta name=\"twitter:label1\" content=\"Tempo estimado de leitura\" \/>\n\t<meta name=\"twitter:data1\" content=\"1 minuto\" \/>\n<script type=\"application\/ld+json\" class=\"yoast-schema-graph\">{\"@context\":\"https:\\\/\\\/schema.org\",\"@graph\":[{\"@type\":\"WebPage\",\"@id\":\"https:\\\/\\\/www.callandplay.com\\\/fender-super-sonic-head-black\\\/\",\"url\":\"https:\\\/\\\/www.callandplay.com\\\/fender-super-sonic-head-black\\\/\",\"name\":\"FENDER SUPER-SONIC HEAD BLACK - Call&amp;Play\",\"isPartOf\":{\"@id\":\"https:\\\/\\\/www.callandplay.com\\\/#website\"},\"datePublished\":\"2020-08-29T00:00:00+00:00\",\"dateModified\":\"2026-04-15T20:53:38+00:00\",\"breadcrumb\":{\"@id\":\"https:\\\/\\\/www.callandplay.com\\\/fender-super-sonic-head-black\\\/#breadcrumb\"},\"inLanguage\":\"pt-PT\",\"potentialAction\":[{\"@type\":\"ReadAction\",\"target\":[\"https:\\\/\\\/www.callandplay.com\\\/fender-super-sonic-head-black\\\/\"]}]},{\"@type\":\"BreadcrumbList\",\"@id\":\"https:\\\/\\\/www.callandplay.com\\\/fender-super-sonic-head-black\\\/#breadcrumb\",\"itemListElement\":[{\"@type\":\"ListItem\",\"position\":1,\"name\":\"Portada\",\"item\":\"https:\\\/\\\/www.callandplay.com\\\/\"},{\"@type\":\"ListItem\",\"position\":2,\"name\":\"Tienda\",\"item\":\"https:\\\/\\\/www.callandplay.com\\\/tienda\\\/\"},{\"@type\":\"ListItem\",\"position\":3,\"name\":\"FENDER SUPER-SONIC HEAD BLACK\"}]},{\"@type\":\"WebSite\",\"@id\":\"https:\\\/\\\/www.callandplay.com\\\/#website\",\"url\":\"https:\\\/\\\/www.callandplay.com\\\/\",\"name\":\"Call&amp;Play\",\"description\":\"Alquiler de backline e instrumentos musicales\",\"publisher\":{\"@id\":\"https:\\\/\\\/www.callandplay.com\\\/#organization\"},\"potentialAction\":[{\"@type\":\"SearchAction\",\"target\":{\"@type\":\"EntryPoint\",\"urlTemplate\":\"https:\\\/\\\/www.callandplay.com\\\/?s={search_term_string}\"},\"query-input\":{\"@type\":\"PropertyValueSpecification\",\"valueRequired\":true,\"valueName\":\"search_term_string\"}}],\"inLanguage\":\"pt-PT\"},{\"@type\":\"Organization\",\"@id\":\"https:\\\/\\\/www.callandplay.com\\\/#organization\",\"name\":\"Call&Play\",\"url\":\"https:\\\/\\\/www.callandplay.com\\\/\",\"logo\":{\"@type\":\"ImageObject\",\"inLanguage\":\"pt-PT\",\"@id\":\"https:\\\/\\\/www.callandplay.com\\\/#\\\/schema\\\/logo\\\/image\\\/\",\"url\":\"https:\\\/\\\/www.callandplay.com\\\/wp-content\\\/uploads\\\/2021\\\/06\\\/cropped-cropped-logo-black_con_sombra.png\",\"contentUrl\":\"https:\\\/\\\/www.callandplay.com\\\/wp-content\\\/uploads\\\/2021\\\/06\\\/cropped-cropped-logo-black_con_sombra.png\",\"width\":512,\"height\":512,\"caption\":\"Call&Play\"},\"image\":{\"@id\":\"https:\\\/\\\/www.callandplay.com\\\/#\\\/schema\\\/logo\\\/image\\\/\"},\"sameAs\":[\"https:\\\/\\\/www.facebook.com\\\/callandplay\",\"https:\\\/\\\/www.instagram.com\\\/call_and_play\\\/\"]}]}<\/script>\n<!-- \/ Yoast SEO plugin. -->","yoast_head_json":{"title":"FENDER SUPER-SONIC HEAD BLACK - Call&amp;Play","robots":{"index":"index","follow":"follow","max-snippet":"max-snippet:-1","max-image-preview":"max-image-preview:large","max-video-preview":"max-video-preview:-1"},"canonical":"https:\/\/www.callandplay.com\/pt\/fender-super-sonic-head-black\/","og_locale":"pt_PT","og_type":"article","og_title":"FENDER SUPER-SONIC HEAD BLACK - Call&amp;Play","og_description":"El cabezal de amplificador de v\u00e1lvulas Super-Sonic 100 de Fender est\u00e1 dise\u00f1ado para guitarristas que desean el sonido inimitable de los tonos limpios de Fender, adem\u00e1s de sonidos expresivos de alta ganancia en un amplificador de 100W totalmente a v\u00e1lvulas. 7 - v\u00e1lvulas de preamplificador 12AX7 y 2 - 12AT7. 4 - Tubos de potencia 6L6. Canales Vintage y Burn. Voces conmutables en el canal Vintage para sonidos limpios de los amplificadores Twin Reverb y Showman antiguos, y el tono grueso y contundente de los amplificadores Bassman de los 60. Bucle de efectos profesional con control de nivel; tambi\u00e9n se puede utilizar como un impulso conmutador de pedal.","og_url":"https:\/\/www.callandplay.com\/pt\/fender-super-sonic-head-black\/","og_site_name":"Call&amp;Play","article_publisher":"https:\/\/www.facebook.com\/callandplay","article_modified_time":"2026-04-15T20:53:38+00:00","twitter_card":"summary_large_image","twitter_misc":{"Tempo estimado de leitura":"1 minuto"},"schema":{"@context":"https:\/\/schema.org","@graph":[{"@type":"WebPage","@id":"https:\/\/www.callandplay.com\/fender-super-sonic-head-black\/","url":"https:\/\/www.callandplay.com\/fender-super-sonic-head-black\/","name":"FENDER SUPER-SONIC HEAD BLACK - Call&amp;Play","isPartOf":{"@id":"https:\/\/www.callandplay.com\/#website"},"datePublished":"2020-08-29T00:00:00+00:00","dateModified":"2026-04-15T20:53:38+00:00","breadcrumb":{"@id":"https:\/\/www.callandplay.com\/fender-super-sonic-head-black\/#breadcrumb"},"inLanguage":"pt-PT","potentialAction":[{"@type":"ReadAction","target":["https:\/\/www.callandplay.com\/fender-super-sonic-head-black\/"]}]},{"@type":"BreadcrumbList","@id":"https:\/\/www.callandplay.com\/fender-super-sonic-head-black\/#breadcrumb","itemListElement":[{"@type":"ListItem","position":1,"name":"Portada","item":"https:\/\/www.callandplay.com\/"},{"@type":"ListItem","position":2,"name":"Tienda","item":"https:\/\/www.callandplay.com\/tienda\/"},{"@type":"ListItem","position":3,"name":"FENDER SUPER-SONIC HEAD BLACK"}]},{"@type":"WebSite","@id":"https:\/\/www.callandplay.com\/#website","url":"https:\/\/www.callandplay.com\/","name":"Call&amp;Play","description":"Alquiler de backline e instrumentos musicales","publisher":{"@id":"https:\/\/www.callandplay.com\/#organization"},"potentialAction":[{"@type":"SearchAction","target":{"@type":"EntryPoint","urlTemplate":"https:\/\/www.callandplay.com\/?s={search_term_string}"},"query-input":{"@type":"PropertyValueSpecification","valueRequired":true,"valueName":"search_term_string"}}],"inLanguage":"pt-PT"},{"@type":"Organization","@id":"https:\/\/www.callandplay.com\/#organization","name":"Call&Play","url":"https:\/\/www.callandplay.com\/","logo":{"@type":"ImageObject","inLanguage":"pt-PT","@id":"https:\/\/www.callandplay.com\/#\/schema\/logo\/image\/","url":"https:\/\/www.callandplay.com\/wp-content\/uploads\/2021\/06\/cropped-cropped-logo-black_con_sombra.png","contentUrl":"https:\/\/www.callandplay.com\/wp-content\/uploads\/2021\/06\/cropped-cropped-logo-black_con_sombra.png","width":512,"height":512,"caption":"Call&Play"},"image":{"@id":"https:\/\/www.callandplay.com\/#\/schema\/logo\/image\/"},"sameAs":["https:\/\/www.facebook.com\/callandplay","https:\/\/www.instagram.com\/call_and_play\/"]}]}},"_links":{"self":[{"href":"https:\/\/www.callandplay.com\/pt\/wp-json\/wp\/v2\/product\/51973","targetHints":{"allow":["GET"]}}],"collection":[{"href":"https:\/\/www.callandplay.com\/pt\/wp-json\/wp\/v2\/product"}],"about":[{"href":"https:\/\/www.callandplay.com\/pt\/wp-json\/wp\/v2\/types\/product"}],"replies":[{"embeddable":true,"href":"https:\/\/www.callandplay.com\/pt\/wp-json\/wp\/v2\/comments?post=51973"}],"version-history":[{"count":1,"href":"https:\/\/www.callandplay.com\/pt\/wp-json\/wp\/v2\/product\/51973\/revisions"}],"predecessor-version":[{"id":54783,"href":"https:\/\/www.callandplay.com\/pt\/wp-json\/wp\/v2\/product\/51973\/revisions\/54783"}],"wp:attachment":[{"href":"https:\/\/www.callandplay.com\/pt\/wp-json\/wp\/v2\/media?parent=51973"}],"wp:term":[{"taxonomy":"product_brand","embeddable":true,"href":"https:\/\/www.callandplay.com\/pt\/wp-json\/wp\/v2\/product_brand?post=51973"},{"taxonomy":"product_cat","embeddable":true,"href":"https:\/\/www.callandplay.com\/pt\/wp-json\/wp\/v2\/product_cat?post=51973"},{"taxonomy":"product_tag","embeddable":true,"href":"https:\/\/www.callandplay.com\/pt\/wp-json\/wp\/v2\/product_tag?post=51973"}],"curies":[{"name":"wp","href":"https:\/\/api.w.org\/{rel}","templated":true}]}}