{"id":52266,"date":"2024-02-05T00:00:00","date_gmt":"2024-02-05T00:00:00","guid":{"rendered":"https:\/\/www.callandplay.com\/aguilar-db-810-black\/"},"modified":"2026-04-15T20:53:47","modified_gmt":"2026-04-15T20:53:47","slug":"aguilar-db-810-black","status":"publish","type":"product","link":"https:\/\/www.callandplay.com\/pt\/aguilar-db-810-black\/","title":{"rendered":"AGUILAR DB 810 BLACK"},"content":{"rendered":"<p>Bafle Aguilar Db 810. Una combinaci\u00f3n atronadora de frecuencias medias agresivas con unos graves amplios para un feroz sonido de cuerda \u00abB\u00bb. Atenu\u00e9 el tweeter Custom Aguilar para un tono agresivo tipo bajo Precision tocado con p\u00faa. El DB 810 es uno de los baffles m\u00e1s potentes del mercado, proporcionando un SPL m\u00e1ximo de 136 dB. Potencia: 1400W RMS. Respuesta de frecuencias: 40 Hz &#8211; 16 kHz. Sensibilidad: 104 dB 1W 1M. Impedancia: 4 Ohm.<\/p>","protected":false},"excerpt":{"rendered":"<p>Bafle Aguilar Db 810. Una combinaci\u00f3n atronadora de frecuencias medias agresivas con unos graves amplios para un feroz sonido de cuerda \u00abB\u00bb. Atenu\u00e9 el tweeter Custom Aguilar para un tono agresivo tipo bajo Precision tocado con p\u00faa. El DB 810 es uno de los baffles m\u00e1s potentes del mercado, proporcionando un SPL m\u00e1ximo de 136 dB. Potencia: 1400W RMS. Respuesta de frecuencias: 40 Hz &#8211; 16 kHz. Sensibilidad: 104 dB 1W 1M. Impedancia: 4 Ohm.<\/p>","protected":false},"featured_media":0,"comment_status":"closed","ping_status":"closed","template":"","meta":{"_acf_changed":false,"om_disable_all_campaigns":false,"_monsterinsights_skip_tracking":false,"_monsterinsights_sitenote_active":false,"_monsterinsights_sitenote_note":"","_monsterinsights_sitenote_category":0},"product_brand":[],"product_cat":[1052],"product_tag":[],"class_list":{"0":"post-52266","1":"product","2":"type-product","3":"status-publish","5":"product_cat-cabinets-bajo","7":"first","8":"instock","9":"shipping-taxable","10":"purchasable","11":"product-type-simple"},"acf":[],"yoast_head":"<!-- This site is optimized with the Yoast SEO plugin v27.4 - https:\/\/yoast.com\/product\/yoast-seo-wordpress\/ -->\n<title>AGUILAR DB 810 BLACK - Call&amp;Play<\/title>\n<meta name=\"robots\" content=\"index, follow, max-snippet:-1, max-image-preview:large, max-video-preview:-1\" \/>\n<link rel=\"canonical\" href=\"https:\/\/www.callandplay.com\/pt\/aguilar-db-810-black\/\" \/>\n<meta property=\"og:locale\" content=\"pt_PT\" \/>\n<meta property=\"og:type\" content=\"article\" \/>\n<meta property=\"og:title\" content=\"AGUILAR DB 810 BLACK - Call&amp;Play\" \/>\n<meta property=\"og:description\" content=\"Bafle Aguilar Db 810. Una combinaci\u00f3n atronadora de frecuencias medias agresivas con unos graves amplios para un feroz sonido de cuerda &quot;B&quot;. Atenu\u00e9 el tweeter Custom Aguilar para un tono agresivo tipo bajo Precision tocado con p\u00faa. El DB 810 es uno de los baffles m\u00e1s potentes del mercado, proporcionando un SPL m\u00e1ximo de 136 dB. Potencia: 1400W RMS. Respuesta de frecuencias: 40 Hz - 16 kHz. Sensibilidad: 104 dB 1W 1M. Impedancia: 4 Ohm.\" \/>\n<meta property=\"og:url\" content=\"https:\/\/www.callandplay.com\/pt\/aguilar-db-810-black\/\" \/>\n<meta property=\"og:site_name\" content=\"Call&amp;Play\" \/>\n<meta property=\"article:publisher\" content=\"https:\/\/www.facebook.com\/callandplay\" \/>\n<meta property=\"article:modified_time\" content=\"2026-04-15T20:53:47+00:00\" \/>\n<meta name=\"twitter:card\" content=\"summary_large_image\" \/>\n<script type=\"application\/ld+json\" class=\"yoast-schema-graph\">{\"@context\":\"https:\\\/\\\/schema.org\",\"@graph\":[{\"@type\":\"WebPage\",\"@id\":\"https:\\\/\\\/www.callandplay.com\\\/aguilar-db-810-black\\\/\",\"url\":\"https:\\\/\\\/www.callandplay.com\\\/aguilar-db-810-black\\\/\",\"name\":\"AGUILAR DB 810 BLACK - Call&amp;Play\",\"isPartOf\":{\"@id\":\"https:\\\/\\\/www.callandplay.com\\\/#website\"},\"datePublished\":\"2024-02-05T00:00:00+00:00\",\"dateModified\":\"2026-04-15T20:53:47+00:00\",\"breadcrumb\":{\"@id\":\"https:\\\/\\\/www.callandplay.com\\\/aguilar-db-810-black\\\/#breadcrumb\"},\"inLanguage\":\"pt-PT\",\"potentialAction\":[{\"@type\":\"ReadAction\",\"target\":[\"https:\\\/\\\/www.callandplay.com\\\/aguilar-db-810-black\\\/\"]}]},{\"@type\":\"BreadcrumbList\",\"@id\":\"https:\\\/\\\/www.callandplay.com\\\/aguilar-db-810-black\\\/#breadcrumb\",\"itemListElement\":[{\"@type\":\"ListItem\",\"position\":1,\"name\":\"Portada\",\"item\":\"https:\\\/\\\/www.callandplay.com\\\/\"},{\"@type\":\"ListItem\",\"position\":2,\"name\":\"Tienda\",\"item\":\"https:\\\/\\\/www.callandplay.com\\\/tienda\\\/\"},{\"@type\":\"ListItem\",\"position\":3,\"name\":\"AGUILAR DB 810 BLACK\"}]},{\"@type\":\"WebSite\",\"@id\":\"https:\\\/\\\/www.callandplay.com\\\/#website\",\"url\":\"https:\\\/\\\/www.callandplay.com\\\/\",\"name\":\"Call&amp;Play\",\"description\":\"Alquiler de backline e instrumentos musicales\",\"publisher\":{\"@id\":\"https:\\\/\\\/www.callandplay.com\\\/#organization\"},\"potentialAction\":[{\"@type\":\"SearchAction\",\"target\":{\"@type\":\"EntryPoint\",\"urlTemplate\":\"https:\\\/\\\/www.callandplay.com\\\/?s={search_term_string}\"},\"query-input\":{\"@type\":\"PropertyValueSpecification\",\"valueRequired\":true,\"valueName\":\"search_term_string\"}}],\"inLanguage\":\"pt-PT\"},{\"@type\":\"Organization\",\"@id\":\"https:\\\/\\\/www.callandplay.com\\\/#organization\",\"name\":\"Call&Play\",\"url\":\"https:\\\/\\\/www.callandplay.com\\\/\",\"logo\":{\"@type\":\"ImageObject\",\"inLanguage\":\"pt-PT\",\"@id\":\"https:\\\/\\\/www.callandplay.com\\\/#\\\/schema\\\/logo\\\/image\\\/\",\"url\":\"https:\\\/\\\/www.callandplay.com\\\/wp-content\\\/uploads\\\/2021\\\/06\\\/cropped-cropped-logo-black_con_sombra.png\",\"contentUrl\":\"https:\\\/\\\/www.callandplay.com\\\/wp-content\\\/uploads\\\/2021\\\/06\\\/cropped-cropped-logo-black_con_sombra.png\",\"width\":512,\"height\":512,\"caption\":\"Call&Play\"},\"image\":{\"@id\":\"https:\\\/\\\/www.callandplay.com\\\/#\\\/schema\\\/logo\\\/image\\\/\"},\"sameAs\":[\"https:\\\/\\\/www.facebook.com\\\/callandplay\",\"https:\\\/\\\/www.instagram.com\\\/call_and_play\\\/\"]}]}<\/script>\n<!-- \/ Yoast SEO plugin. -->","yoast_head_json":{"title":"AGUILAR DB 810 BLACK - Call&amp;Play","robots":{"index":"index","follow":"follow","max-snippet":"max-snippet:-1","max-image-preview":"max-image-preview:large","max-video-preview":"max-video-preview:-1"},"canonical":"https:\/\/www.callandplay.com\/pt\/aguilar-db-810-black\/","og_locale":"pt_PT","og_type":"article","og_title":"AGUILAR DB 810 BLACK - Call&amp;Play","og_description":"Bafle Aguilar Db 810. Una combinaci\u00f3n atronadora de frecuencias medias agresivas con unos graves amplios para un feroz sonido de cuerda \"B\". Atenu\u00e9 el tweeter Custom Aguilar para un tono agresivo tipo bajo Precision tocado con p\u00faa. El DB 810 es uno de los baffles m\u00e1s potentes del mercado, proporcionando un SPL m\u00e1ximo de 136 dB. Potencia: 1400W RMS. Respuesta de frecuencias: 40 Hz - 16 kHz. Sensibilidad: 104 dB 1W 1M. Impedancia: 4 Ohm.","og_url":"https:\/\/www.callandplay.com\/pt\/aguilar-db-810-black\/","og_site_name":"Call&amp;Play","article_publisher":"https:\/\/www.facebook.com\/callandplay","article_modified_time":"2026-04-15T20:53:47+00:00","twitter_card":"summary_large_image","schema":{"@context":"https:\/\/schema.org","@graph":[{"@type":"WebPage","@id":"https:\/\/www.callandplay.com\/aguilar-db-810-black\/","url":"https:\/\/www.callandplay.com\/aguilar-db-810-black\/","name":"AGUILAR DB 810 BLACK - Call&amp;Play","isPartOf":{"@id":"https:\/\/www.callandplay.com\/#website"},"datePublished":"2024-02-05T00:00:00+00:00","dateModified":"2026-04-15T20:53:47+00:00","breadcrumb":{"@id":"https:\/\/www.callandplay.com\/aguilar-db-810-black\/#breadcrumb"},"inLanguage":"pt-PT","potentialAction":[{"@type":"ReadAction","target":["https:\/\/www.callandplay.com\/aguilar-db-810-black\/"]}]},{"@type":"BreadcrumbList","@id":"https:\/\/www.callandplay.com\/aguilar-db-810-black\/#breadcrumb","itemListElement":[{"@type":"ListItem","position":1,"name":"Portada","item":"https:\/\/www.callandplay.com\/"},{"@type":"ListItem","position":2,"name":"Tienda","item":"https:\/\/www.callandplay.com\/tienda\/"},{"@type":"ListItem","position":3,"name":"AGUILAR DB 810 BLACK"}]},{"@type":"WebSite","@id":"https:\/\/www.callandplay.com\/#website","url":"https:\/\/www.callandplay.com\/","name":"Call&amp;Play","description":"Alquiler de backline e instrumentos musicales","publisher":{"@id":"https:\/\/www.callandplay.com\/#organization"},"potentialAction":[{"@type":"SearchAction","target":{"@type":"EntryPoint","urlTemplate":"https:\/\/www.callandplay.com\/?s={search_term_string}"},"query-input":{"@type":"PropertyValueSpecification","valueRequired":true,"valueName":"search_term_string"}}],"inLanguage":"pt-PT"},{"@type":"Organization","@id":"https:\/\/www.callandplay.com\/#organization","name":"Call&Play","url":"https:\/\/www.callandplay.com\/","logo":{"@type":"ImageObject","inLanguage":"pt-PT","@id":"https:\/\/www.callandplay.com\/#\/schema\/logo\/image\/","url":"https:\/\/www.callandplay.com\/wp-content\/uploads\/2021\/06\/cropped-cropped-logo-black_con_sombra.png","contentUrl":"https:\/\/www.callandplay.com\/wp-content\/uploads\/2021\/06\/cropped-cropped-logo-black_con_sombra.png","width":512,"height":512,"caption":"Call&Play"},"image":{"@id":"https:\/\/www.callandplay.com\/#\/schema\/logo\/image\/"},"sameAs":["https:\/\/www.facebook.com\/callandplay","https:\/\/www.instagram.com\/call_and_play\/"]}]}},"_links":{"self":[{"href":"https:\/\/www.callandplay.com\/pt\/wp-json\/wp\/v2\/product\/52266","targetHints":{"allow":["GET"]}}],"collection":[{"href":"https:\/\/www.callandplay.com\/pt\/wp-json\/wp\/v2\/product"}],"about":[{"href":"https:\/\/www.callandplay.com\/pt\/wp-json\/wp\/v2\/types\/product"}],"replies":[{"embeddable":true,"href":"https:\/\/www.callandplay.com\/pt\/wp-json\/wp\/v2\/comments?post=52266"}],"version-history":[{"count":1,"href":"https:\/\/www.callandplay.com\/pt\/wp-json\/wp\/v2\/product\/52266\/revisions"}],"predecessor-version":[{"id":55076,"href":"https:\/\/www.callandplay.com\/pt\/wp-json\/wp\/v2\/product\/52266\/revisions\/55076"}],"wp:attachment":[{"href":"https:\/\/www.callandplay.com\/pt\/wp-json\/wp\/v2\/media?parent=52266"}],"wp:term":[{"taxonomy":"product_brand","embeddable":true,"href":"https:\/\/www.callandplay.com\/pt\/wp-json\/wp\/v2\/product_brand?post=52266"},{"taxonomy":"product_cat","embeddable":true,"href":"https:\/\/www.callandplay.com\/pt\/wp-json\/wp\/v2\/product_cat?post=52266"},{"taxonomy":"product_tag","embeddable":true,"href":"https:\/\/www.callandplay.com\/pt\/wp-json\/wp\/v2\/product_tag?post=52266"}],"curies":[{"name":"wp","href":"https:\/\/api.w.org\/{rel}","templated":true}]}}